{"id":1445004,"date":"2026-03-06T15:56:41","date_gmt":"2026-03-06T12:56:41","guid":{"rendered":"https:\/\/kruze.ee\/?post_type=product&#038;p=1445004"},"modified":"2026-03-23T19:18:25","modified_gmt":"2026-03-23T16:18:25","slug":"fliis-pleed","status":"publish","type":"product","link":"https:\/\/kruze.ee\/et\/toode\/fliis-pleed\/","title":{"rendered":"Fliispleed"},"content":{"rendered":"<p>240 g\/m\u00b2, 100% pol\u00fcester, antipilling-fliis.<br data-start=\"44\" data-end=\"47\" \/>Mitmeotstarbeline fliistekk, m\u00f5\u00f5t: 130 \u00d7 170 cm. Pestav 30\u00b0C juures \u00f5rnal pesul. Mitte triikida. Sobib trummelkuivatuseks madalal temperatuuril. Tarnitakse dekoratiivses kinkepakendis satiinpaelaga.<\/p>\n","protected":false},"excerpt":{"rendered":"<p>240 g\/m\u00b2, 100% pol\u00fcester, antipilling-fliis.Mitmeotstarbeline fliistekk, m\u00f5\u00f5t: 130 \u00d7 170 cm. Pestav 30\u00b0C juures \u00f5rnal pesul. Mitte triikida. Sobib trummelkuivatuseks<\/p>\n","protected":false},"featured_media":480228,"template":"","meta":[],"product_brand":[],"product_cat":[15076],"product_tag":[],"class_list":{"0":"post-1445004","1":"product","2":"type-product","3":"status-publish","4":"has-post-thumbnail","6":"product_cat-pleedid","7":"pa_brand-daiber","8":"pa_color-beez","9":"pa_color-bordoo","10":"pa_color-hobe","11":"pa_color-laimiroheline","12":"pa_color-looduslik-valge","13":"pa_color-black-2","14":"pa_color-navy-tumesinine","15":"pa_color-oranz","16":"pa_color-brown-2","17":"pa_color-pudeliroheline","18":"pa_color-punane","19":"pa_color-royalsinine","20":"pa_color-tumehall-2","21":"pa_color-turkiis","22":"pa_material-240g-m-100-polyester-antipilling-fleece-2","24":"first","25":"instock","26":"taxable","27":"shipping-taxable","28":"purchasable","29":"product-type-variable","30":"has-default-attributes"},"acf":[],"yoast_head":"<!-- This site is optimized with the Yoast SEO plugin v26.0 - https:\/\/yoast.com\/wordpress\/plugins\/seo\/ -->\n<title>Fliis pleed logoga | Soe ja kvaliteetne fliistekk | Kruze<\/title>\n<meta name=\"description\" content=\"Kvaliteetne 240 g\/m\u00b2 fliis pleed m\u00f5\u00f5dus 130 \u00d7 170 cm. Pehme antipilling fliistekk sobib ideaalselt reklaamkingituseks v\u00f5i ettev\u00f5tte logoga tooteks.\" \/>\n<meta name=\"robots\" content=\"index, follow, max-snippet:-1, max-image-preview:large, max-video-preview:-1\" \/>\n<link rel=\"canonical\" href=\"https:\/\/kruze.ee\/et\/toode\/fliis-pleed\/\" \/>\n<meta property=\"og:locale\" content=\"et_EE\" \/>\n<meta property=\"og:type\" content=\"article\" \/>\n<meta property=\"og:title\" content=\"Fliis pleed logoga | Soe ja kvaliteetne fliistekk | Kruze\" \/>\n<meta property=\"og:description\" content=\"Kvaliteetne 240 g\/m\u00b2 fliis pleed m\u00f5\u00f5dus 130 \u00d7 170 cm. Pehme antipilling fliistekk sobib ideaalselt reklaamkingituseks v\u00f5i ettev\u00f5tte logoga tooteks.\" \/>\n<meta property=\"og:url\" content=\"https:\/\/kruze.ee\/et\/toode\/fliis-pleed\/\" \/>\n<meta property=\"og:site_name\" content=\"Kruze.ee\" \/>\n<meta property=\"article:modified_time\" content=\"2026-03-23T16:18:25+00:00\" \/>\n<meta property=\"og:image\" content=\"https:\/\/kruze.ee\/wp-content\/uploads\/2021\/09\/JN950-orange.jpg\" \/>\n\t<meta property=\"og:image:width\" content=\"800\" \/>\n\t<meta property=\"og:image:height\" content=\"649\" \/>\n\t<meta property=\"og:image:type\" content=\"image\/jpeg\" \/>\n<meta name=\"twitter:card\" content=\"summary_large_image\" \/>\n<meta name=\"twitter:label1\" content=\"Est. reading time\" \/>\n\t<meta name=\"twitter:data1\" content=\"1 minut\" \/>\n<script type=\"application\/ld+json\" class=\"yoast-schema-graph\">{\"@context\":\"https:\/\/schema.org\",\"@graph\":[{\"@type\":\"WebPage\",\"@id\":\"https:\/\/kruze.ee\/et\/toode\/fliis-pleed\/\",\"url\":\"https:\/\/kruze.ee\/et\/toode\/fliis-pleed\/\",\"name\":\"Fliis pleed logoga | Soe ja kvaliteetne fliistekk | Kruze\",\"isPartOf\":{\"@id\":\"https:\/\/kruze.ee\/et\/#website\"},\"primaryImageOfPage\":{\"@id\":\"https:\/\/kruze.ee\/et\/toode\/fliis-pleed\/#primaryimage\"},\"image\":{\"@id\":\"https:\/\/kruze.ee\/et\/toode\/fliis-pleed\/#primaryimage\"},\"thumbnailUrl\":\"https:\/\/kruze.ee\/wp-content\/uploads\/2021\/09\/JN950-orange.jpg\",\"datePublished\":\"2026-03-06T12:56:41+00:00\",\"dateModified\":\"2026-03-23T16:18:25+00:00\",\"description\":\"Kvaliteetne 240 g\/m\u00b2 fliis pleed m\u00f5\u00f5dus 130 \u00d7 170 cm. Pehme antipilling fliistekk sobib ideaalselt reklaamkingituseks v\u00f5i ettev\u00f5tte logoga tooteks.\",\"breadcrumb\":{\"@id\":\"https:\/\/kruze.ee\/et\/toode\/fliis-pleed\/#breadcrumb\"},\"inLanguage\":\"et\",\"potentialAction\":[{\"@type\":\"ReadAction\",\"target\":[\"https:\/\/kruze.ee\/et\/toode\/fliis-pleed\/\"]}]},{\"@type\":\"ImageObject\",\"inLanguage\":\"et\",\"@id\":\"https:\/\/kruze.ee\/et\/toode\/fliis-pleed\/#primaryimage\",\"url\":\"https:\/\/kruze.ee\/wp-content\/uploads\/2021\/09\/JN950-orange.jpg\",\"contentUrl\":\"https:\/\/kruze.ee\/wp-content\/uploads\/2021\/09\/JN950-orange.jpg\",\"width\":800,\"height\":649},{\"@type\":\"BreadcrumbList\",\"@id\":\"https:\/\/kruze.ee\/et\/toode\/fliis-pleed\/#breadcrumb\",\"itemListElement\":[{\"@type\":\"ListItem\",\"position\":1,\"name\":\"Home\",\"item\":\"https:\/\/kruze.ee\/et\/\"},{\"@type\":\"ListItem\",\"position\":2,\"name\":\"Tooted\",\"item\":\"https:\/\/kruze.ee\/et\/tooted\/\"},{\"@type\":\"ListItem\",\"position\":3,\"name\":\"Fliispleed\"}]},{\"@type\":\"WebSite\",\"@id\":\"https:\/\/kruze.ee\/et\/#website\",\"url\":\"https:\/\/kruze.ee\/et\/\",\"name\":\"Kruze.ee\",\"description\":\"Reklaamkingitused, tr&uuml;kiga T-s&auml;rgid, fliisid, dressipluused, tekstiil, joped ja paljud teised logoga meened, &Auml;rikingitused sinu partnerile! Telli juba t&auml;na.\",\"potentialAction\":[{\"@type\":\"SearchAction\",\"target\":{\"@type\":\"EntryPoint\",\"urlTemplate\":\"https:\/\/kruze.ee\/et\/?s={search_term_string}\"},\"query-input\":{\"@type\":\"PropertyValueSpecification\",\"valueRequired\":true,\"valueName\":\"search_term_string\"}}],\"inLanguage\":\"et\"}]}<\/script>\n<!-- \/ Yoast SEO plugin. -->","yoast_head_json":{"title":"Fliis pleed logoga | Soe ja kvaliteetne fliistekk | Kruze","description":"Kvaliteetne 240 g\/m\u00b2 fliis pleed m\u00f5\u00f5dus 130 \u00d7 170 cm. Pehme antipilling fliistekk sobib ideaalselt reklaamkingituseks v\u00f5i ettev\u00f5tte logoga tooteks.","robots":{"index":"index","follow":"follow","max-snippet":"max-snippet:-1","max-image-preview":"max-image-preview:large","max-video-preview":"max-video-preview:-1"},"canonical":"https:\/\/kruze.ee\/et\/toode\/fliis-pleed\/","og_locale":"et_EE","og_type":"article","og_title":"Fliis pleed logoga | Soe ja kvaliteetne fliistekk | Kruze","og_description":"Kvaliteetne 240 g\/m\u00b2 fliis pleed m\u00f5\u00f5dus 130 \u00d7 170 cm. Pehme antipilling fliistekk sobib ideaalselt reklaamkingituseks v\u00f5i ettev\u00f5tte logoga tooteks.","og_url":"https:\/\/kruze.ee\/et\/toode\/fliis-pleed\/","og_site_name":"Kruze.ee","article_modified_time":"2026-03-23T16:18:25+00:00","og_image":[{"width":800,"height":649,"url":"https:\/\/kruze.ee\/wp-content\/uploads\/2021\/09\/JN950-orange.jpg","type":"image\/jpeg"}],"twitter_card":"summary_large_image","twitter_misc":{"Est. reading time":"1 minut"},"schema":{"@context":"https:\/\/schema.org","@graph":[{"@type":"WebPage","@id":"https:\/\/kruze.ee\/et\/toode\/fliis-pleed\/","url":"https:\/\/kruze.ee\/et\/toode\/fliis-pleed\/","name":"Fliis pleed logoga | Soe ja kvaliteetne fliistekk | Kruze","isPartOf":{"@id":"https:\/\/kruze.ee\/et\/#website"},"primaryImageOfPage":{"@id":"https:\/\/kruze.ee\/et\/toode\/fliis-pleed\/#primaryimage"},"image":{"@id":"https:\/\/kruze.ee\/et\/toode\/fliis-pleed\/#primaryimage"},"thumbnailUrl":"https:\/\/kruze.ee\/wp-content\/uploads\/2021\/09\/JN950-orange.jpg","datePublished":"2026-03-06T12:56:41+00:00","dateModified":"2026-03-23T16:18:25+00:00","description":"Kvaliteetne 240 g\/m\u00b2 fliis pleed m\u00f5\u00f5dus 130 \u00d7 170 cm. Pehme antipilling fliistekk sobib ideaalselt reklaamkingituseks v\u00f5i ettev\u00f5tte logoga tooteks.","breadcrumb":{"@id":"https:\/\/kruze.ee\/et\/toode\/fliis-pleed\/#breadcrumb"},"inLanguage":"et","potentialAction":[{"@type":"ReadAction","target":["https:\/\/kruze.ee\/et\/toode\/fliis-pleed\/"]}]},{"@type":"ImageObject","inLanguage":"et","@id":"https:\/\/kruze.ee\/et\/toode\/fliis-pleed\/#primaryimage","url":"https:\/\/kruze.ee\/wp-content\/uploads\/2021\/09\/JN950-orange.jpg","contentUrl":"https:\/\/kruze.ee\/wp-content\/uploads\/2021\/09\/JN950-orange.jpg","width":800,"height":649},{"@type":"BreadcrumbList","@id":"https:\/\/kruze.ee\/et\/toode\/fliis-pleed\/#breadcrumb","itemListElement":[{"@type":"ListItem","position":1,"name":"Home","item":"https:\/\/kruze.ee\/et\/"},{"@type":"ListItem","position":2,"name":"Tooted","item":"https:\/\/kruze.ee\/et\/tooted\/"},{"@type":"ListItem","position":3,"name":"Fliispleed"}]},{"@type":"WebSite","@id":"https:\/\/kruze.ee\/et\/#website","url":"https:\/\/kruze.ee\/et\/","name":"Kruze.ee","description":"Reklaamkingitused, tr&uuml;kiga T-s&auml;rgid, fliisid, dressipluused, tekstiil, joped ja paljud teised logoga meened, &Auml;rikingitused sinu partnerile! Telli juba t&auml;na.","potentialAction":[{"@type":"SearchAction","target":{"@type":"EntryPoint","urlTemplate":"https:\/\/kruze.ee\/et\/?s={search_term_string}"},"query-input":{"@type":"PropertyValueSpecification","valueRequired":true,"valueName":"search_term_string"}}],"inLanguage":"et"}]}},"_links":{"self":[{"href":"https:\/\/kruze.ee\/et\/wp-json\/wp\/v2\/product\/1445004","targetHints":{"allow":["GET"]}}],"collection":[{"href":"https:\/\/kruze.ee\/et\/wp-json\/wp\/v2\/product"}],"about":[{"href":"https:\/\/kruze.ee\/et\/wp-json\/wp\/v2\/types\/product"}],"wp:featuredmedia":[{"embeddable":true,"href":"https:\/\/kruze.ee\/et\/wp-json\/wp\/v2\/media\/480228"}],"wp:attachment":[{"href":"https:\/\/kruze.ee\/et\/wp-json\/wp\/v2\/media?parent=1445004"}],"wp:term":[{"taxonomy":"product_brand","embeddable":true,"href":"https:\/\/kruze.ee\/et\/wp-json\/wp\/v2\/product_brand?post=1445004"},{"taxonomy":"product_cat","embeddable":true,"href":"https:\/\/kruze.ee\/et\/wp-json\/wp\/v2\/product_cat?post=1445004"},{"taxonomy":"product_tag","embeddable":true,"href":"https:\/\/kruze.ee\/et\/wp-json\/wp\/v2\/product_tag?post=1445004"}],"curies":[{"name":"wp","href":"https:\/\/api.w.org\/{rel}","templated":true}]}}