{"id":1444868,"date":"2026-03-01T20:28:26","date_gmt":"2026-03-01T17:28:26","guid":{"rendered":"https:\/\/kruze.ee\/product\/easy-lock-korgiga-termos\/"},"modified":"2026-03-17T00:52:43","modified_gmt":"2026-03-16T21:52:43","slug":"easy-lock-korgiga-termos","status":"publish","type":"product","link":"https:\/\/kruze.ee\/et\/toode\/easy-lock-korgiga-termos\/","title":{"rendered":"Easy-lock korgiga termos."},"content":{"rendered":"<p>Kahekordse seinaga roostevabast terasest vaakumisolatsiooniga termos, mis hoiab joogi kuumana kuni 5 tundi ja k\u00fclmana kuni 15 tundi. Lukustatav kaas v\u00e4ldib lekkeid ja mahaloksumist. Kaant on lihtne puhastada optimaalse h\u00fcgieeni tagamiseks ning see on n\u00f5udepesumasinas pestav. Termose unikaalne disain v\u00f5imaldab mugavalt ja turvaliselt \u00fche k\u00e4ega otse termosest juua. Suurus sobib enamiku autode joogitopsihoidjatesse. Maht: 450 ml.<\/p>\n","protected":false},"excerpt":{"rendered":"<p>Kahekordse seinaga roostevabast terasest vaakumisolatsiooniga termos, mis hoiab joogi kuumana kuni 5 tundi ja k\u00fclmana kuni 15 tundi. Lukustatav kaas v\u00e4ldib&#8230;<\/p>\n","protected":false},"featured_media":0,"template":"","meta":[],"product_brand":[],"product_cat":[15071],"product_tag":[],"class_list":{"0":"post-1444868","1":"product","2":"type-product","3":"status-publish","5":"product_cat-termoskruusid","6":"pa_gender-uniseks","7":"pa_gender-unisex","11":"first","12":"instock","13":"purchasable","14":"product-type-simple"},"acf":[],"yoast_head":"<!-- This site is optimized with the Yoast SEO plugin v26.0 - https:\/\/yoast.com\/wordpress\/plugins\/seo\/ -->\n<title>Easy-lock korgiga termos. - Kruze.ee<\/title>\n<meta name=\"robots\" content=\"index, follow, max-snippet:-1, max-image-preview:large, max-video-preview:-1\" \/>\n<link rel=\"canonical\" href=\"https:\/\/kruze.ee\/et\/toode\/easy-lock-korgiga-termos\/\" \/>\n<meta property=\"og:locale\" content=\"et_EE\" \/>\n<meta property=\"og:type\" content=\"article\" \/>\n<meta property=\"og:title\" content=\"Easy-lock korgiga termos. - Kruze.ee\" \/>\n<meta property=\"og:description\" content=\"Kahekordse seinaga roostevabast terasest vaakumisolatsiooniga termos, mis hoiab joogi kuumana kuni 5 tundi ja k\u00fclmana kuni 15 tundi. Lukustatav kaas v\u00e4ldib...\" \/>\n<meta property=\"og:url\" content=\"https:\/\/kruze.ee\/et\/toode\/easy-lock-korgiga-termos\/\" \/>\n<meta property=\"og:site_name\" content=\"Kruze.ee\" \/>\n<meta property=\"article:modified_time\" content=\"2026-03-16T21:52:43+00:00\" \/>\n<meta name=\"twitter:card\" content=\"summary_large_image\" \/>\n<script type=\"application\/ld+json\" class=\"yoast-schema-graph\">{\"@context\":\"https:\/\/schema.org\",\"@graph\":[{\"@type\":\"WebPage\",\"@id\":\"https:\/\/kruze.ee\/et\/toode\/easy-lock-korgiga-termos\/\",\"url\":\"https:\/\/kruze.ee\/et\/toode\/easy-lock-korgiga-termos\/\",\"name\":\"Easy-lock korgiga termos. - Kruze.ee\",\"isPartOf\":{\"@id\":\"https:\/\/kruze.ee\/et\/#website\"},\"datePublished\":\"2026-03-01T17:28:26+00:00\",\"dateModified\":\"2026-03-16T21:52:43+00:00\",\"breadcrumb\":{\"@id\":\"https:\/\/kruze.ee\/et\/toode\/easy-lock-korgiga-termos\/#breadcrumb\"},\"inLanguage\":\"et\",\"potentialAction\":[{\"@type\":\"ReadAction\",\"target\":[\"https:\/\/kruze.ee\/et\/toode\/easy-lock-korgiga-termos\/\"]}]},{\"@type\":\"BreadcrumbList\",\"@id\":\"https:\/\/kruze.ee\/et\/toode\/easy-lock-korgiga-termos\/#breadcrumb\",\"itemListElement\":[{\"@type\":\"ListItem\",\"position\":1,\"name\":\"Home\",\"item\":\"https:\/\/kruze.ee\/et\/\"},{\"@type\":\"ListItem\",\"position\":2,\"name\":\"Tooted\",\"item\":\"https:\/\/kruze.ee\/et\/tooted\/\"},{\"@type\":\"ListItem\",\"position\":3,\"name\":\"Easy-lock korgiga termos.\"}]},{\"@type\":\"WebSite\",\"@id\":\"https:\/\/kruze.ee\/et\/#website\",\"url\":\"https:\/\/kruze.ee\/et\/\",\"name\":\"Kruze.ee\",\"description\":\"Reklaamkingitused, tr&uuml;kiga T-s&auml;rgid, fliisid, dressipluused, tekstiil, joped ja paljud teised logoga meened, &Auml;rikingitused sinu partnerile! Telli juba t&auml;na.\",\"potentialAction\":[{\"@type\":\"SearchAction\",\"target\":{\"@type\":\"EntryPoint\",\"urlTemplate\":\"https:\/\/kruze.ee\/et\/?s={search_term_string}\"},\"query-input\":{\"@type\":\"PropertyValueSpecification\",\"valueRequired\":true,\"valueName\":\"search_term_string\"}}],\"inLanguage\":\"et\"}]}<\/script>\n<!-- \/ Yoast SEO plugin. -->","yoast_head_json":{"title":"Easy-lock korgiga termos. - Kruze.ee","robots":{"index":"index","follow":"follow","max-snippet":"max-snippet:-1","max-image-preview":"max-image-preview:large","max-video-preview":"max-video-preview:-1"},"canonical":"https:\/\/kruze.ee\/et\/toode\/easy-lock-korgiga-termos\/","og_locale":"et_EE","og_type":"article","og_title":"Easy-lock korgiga termos. - Kruze.ee","og_description":"Kahekordse seinaga roostevabast terasest vaakumisolatsiooniga termos, mis hoiab joogi kuumana kuni 5 tundi ja k\u00fclmana kuni 15 tundi. Lukustatav kaas v\u00e4ldib...","og_url":"https:\/\/kruze.ee\/et\/toode\/easy-lock-korgiga-termos\/","og_site_name":"Kruze.ee","article_modified_time":"2026-03-16T21:52:43+00:00","twitter_card":"summary_large_image","schema":{"@context":"https:\/\/schema.org","@graph":[{"@type":"WebPage","@id":"https:\/\/kruze.ee\/et\/toode\/easy-lock-korgiga-termos\/","url":"https:\/\/kruze.ee\/et\/toode\/easy-lock-korgiga-termos\/","name":"Easy-lock korgiga termos. - Kruze.ee","isPartOf":{"@id":"https:\/\/kruze.ee\/et\/#website"},"datePublished":"2026-03-01T17:28:26+00:00","dateModified":"2026-03-16T21:52:43+00:00","breadcrumb":{"@id":"https:\/\/kruze.ee\/et\/toode\/easy-lock-korgiga-termos\/#breadcrumb"},"inLanguage":"et","potentialAction":[{"@type":"ReadAction","target":["https:\/\/kruze.ee\/et\/toode\/easy-lock-korgiga-termos\/"]}]},{"@type":"BreadcrumbList","@id":"https:\/\/kruze.ee\/et\/toode\/easy-lock-korgiga-termos\/#breadcrumb","itemListElement":[{"@type":"ListItem","position":1,"name":"Home","item":"https:\/\/kruze.ee\/et\/"},{"@type":"ListItem","position":2,"name":"Tooted","item":"https:\/\/kruze.ee\/et\/tooted\/"},{"@type":"ListItem","position":3,"name":"Easy-lock korgiga termos."}]},{"@type":"WebSite","@id":"https:\/\/kruze.ee\/et\/#website","url":"https:\/\/kruze.ee\/et\/","name":"Kruze.ee","description":"Reklaamkingitused, tr&uuml;kiga T-s&auml;rgid, fliisid, dressipluused, tekstiil, joped ja paljud teised logoga meened, &Auml;rikingitused sinu partnerile! Telli juba t&auml;na.","potentialAction":[{"@type":"SearchAction","target":{"@type":"EntryPoint","urlTemplate":"https:\/\/kruze.ee\/et\/?s={search_term_string}"},"query-input":{"@type":"PropertyValueSpecification","valueRequired":true,"valueName":"search_term_string"}}],"inLanguage":"et"}]}},"_links":{"self":[{"href":"https:\/\/kruze.ee\/et\/wp-json\/wp\/v2\/product\/1444868","targetHints":{"allow":["GET"]}}],"collection":[{"href":"https:\/\/kruze.ee\/et\/wp-json\/wp\/v2\/product"}],"about":[{"href":"https:\/\/kruze.ee\/et\/wp-json\/wp\/v2\/types\/product"}],"wp:attachment":[{"href":"https:\/\/kruze.ee\/et\/wp-json\/wp\/v2\/media?parent=1444868"}],"wp:term":[{"taxonomy":"product_brand","embeddable":true,"href":"https:\/\/kruze.ee\/et\/wp-json\/wp\/v2\/product_brand?post=1444868"},{"taxonomy":"product_cat","embeddable":true,"href":"https:\/\/kruze.ee\/et\/wp-json\/wp\/v2\/product_cat?post=1444868"},{"taxonomy":"product_tag","embeddable":true,"href":"https:\/\/kruze.ee\/et\/wp-json\/wp\/v2\/product_tag?post=1444868"}],"curies":[{"name":"wp","href":"https:\/\/api.w.org\/{rel}","templated":true}]}}