{"id":1444824,"date":"2026-03-01T20:28:02","date_gmt":"2026-03-01T17:28:02","guid":{"rendered":"https:\/\/kruze.ee\/product\/taaskasutatud-roostevabast-terasest-500-ml-vaakumisolatsiooniga-joogipudel\/"},"modified":"2026-03-17T00:52:31","modified_gmt":"2026-03-16T21:52:31","slug":"taaskasutatud-roostevabast-terasest-500-ml-vaakumisolatsiooniga-joogipudel","status":"publish","type":"product","link":"https:\/\/kruze.ee\/et\/toode\/taaskasutatud-roostevabast-terasest-500-ml-vaakumisolatsiooniga-joogipudel\/","title":{"rendered":"Taaskasutatud roostevabast terasest 500 ml vaakumisolatsiooniga joogipudel."},"content":{"rendered":"<p>See RCS-sertifikaadiga taaskasutatud roostevabast terasest vaakumisolatsiooniga joogipudel on loodud sinu lemmikjookide pikaajaliseks nautimiseks. Kahekordse seinaga taaskasutatud roostevabast terasest vaakumkonstruktsioon hoiab joogid k\u00fclmana kuni 15 tundi ja soojana kuni 5 tundi. Pudel sobib enamiku standardsete auto joogitopsihoidjatega, et saaksid selle mugavalt k\u00f5ikjale kaasa v\u00f5tta. Valmistatud RCS (Recycled Claim Standard) sertifitseeritud taaskasutatud materjalidest, mis tagab t\u00e4ielikult sertifitseeritud tarneahela. Taaskasutatud materjali osakaal on 90% toote kogukaalust. BPA-vaba. Maht: 500 ml. Komplektis FSC\u00ae-sertifikaadiga kraftpakend.<\/p>\n","protected":false},"excerpt":{"rendered":"<p>See RCS-sertifikaadiga taaskasutatud roostevabast terasest vaakumisolatsiooniga joogipudel on loodud sinu lemmikjookide pikaajaliseks nautimiseks. Kahekordse&#8230;<\/p>\n","protected":false},"featured_media":0,"template":"","meta":[],"product_brand":[],"product_cat":[5420],"product_tag":[],"class_list":{"0":"post-1444824","1":"product","2":"type-product","3":"status-publish","5":"product_cat-termosed","6":"pa_brand-xd-collection","7":"pa_color-hall","8":"pa_color-black-2","9":"pa_color-roheline","10":"pa_color-blue-2","11":"pa_color-valge","12":"pa_gender-uniseks","13":"pa_gender-unisex","16":"pa_material-recycled-stainless-steelrecycled-stainless-steel","18":"first","19":"instock","20":"taxable","21":"shipping-taxable","22":"purchasable","23":"product-type-variable"},"acf":[],"yoast_head":"<!-- This site is optimized with the Yoast SEO plugin v26.0 - https:\/\/yoast.com\/wordpress\/plugins\/seo\/ -->\n<title>Taaskasutatud roostevabast terasest 500 ml vaakumisolatsiooniga joogipudel. - Kruze.ee<\/title>\n<meta name=\"robots\" content=\"index, follow, max-snippet:-1, max-image-preview:large, max-video-preview:-1\" \/>\n<link rel=\"canonical\" href=\"https:\/\/kruze.ee\/et\/toode\/taaskasutatud-roostevabast-terasest-500-ml-vaakumisolatsiooniga-joogipudel\/\" \/>\n<meta property=\"og:locale\" content=\"et_EE\" \/>\n<meta property=\"og:type\" content=\"article\" \/>\n<meta property=\"og:title\" content=\"Taaskasutatud roostevabast terasest 500 ml vaakumisolatsiooniga joogipudel. - Kruze.ee\" \/>\n<meta property=\"og:description\" content=\"See RCS-sertifikaadiga taaskasutatud roostevabast terasest vaakumisolatsiooniga joogipudel on loodud sinu lemmikjookide pikaajaliseks nautimiseks. Kahekordse...\" \/>\n<meta property=\"og:url\" content=\"https:\/\/kruze.ee\/et\/toode\/taaskasutatud-roostevabast-terasest-500-ml-vaakumisolatsiooniga-joogipudel\/\" \/>\n<meta property=\"og:site_name\" content=\"Kruze.ee\" \/>\n<meta property=\"article:modified_time\" content=\"2026-03-16T21:52:31+00:00\" \/>\n<meta name=\"twitter:card\" content=\"summary_large_image\" \/>\n<script type=\"application\/ld+json\" class=\"yoast-schema-graph\">{\"@context\":\"https:\/\/schema.org\",\"@graph\":[{\"@type\":\"WebPage\",\"@id\":\"https:\/\/kruze.ee\/et\/toode\/taaskasutatud-roostevabast-terasest-500-ml-vaakumisolatsiooniga-joogipudel\/\",\"url\":\"https:\/\/kruze.ee\/et\/toode\/taaskasutatud-roostevabast-terasest-500-ml-vaakumisolatsiooniga-joogipudel\/\",\"name\":\"Taaskasutatud roostevabast terasest 500 ml vaakumisolatsiooniga joogipudel. - Kruze.ee\",\"isPartOf\":{\"@id\":\"https:\/\/kruze.ee\/et\/#website\"},\"datePublished\":\"2026-03-01T17:28:02+00:00\",\"dateModified\":\"2026-03-16T21:52:31+00:00\",\"breadcrumb\":{\"@id\":\"https:\/\/kruze.ee\/et\/toode\/taaskasutatud-roostevabast-terasest-500-ml-vaakumisolatsiooniga-joogipudel\/#breadcrumb\"},\"inLanguage\":\"et\",\"potentialAction\":[{\"@type\":\"ReadAction\",\"target\":[\"https:\/\/kruze.ee\/et\/toode\/taaskasutatud-roostevabast-terasest-500-ml-vaakumisolatsiooniga-joogipudel\/\"]}]},{\"@type\":\"BreadcrumbList\",\"@id\":\"https:\/\/kruze.ee\/et\/toode\/taaskasutatud-roostevabast-terasest-500-ml-vaakumisolatsiooniga-joogipudel\/#breadcrumb\",\"itemListElement\":[{\"@type\":\"ListItem\",\"position\":1,\"name\":\"Home\",\"item\":\"https:\/\/kruze.ee\/et\/\"},{\"@type\":\"ListItem\",\"position\":2,\"name\":\"Tooted\",\"item\":\"https:\/\/kruze.ee\/et\/tooted\/\"},{\"@type\":\"ListItem\",\"position\":3,\"name\":\"Taaskasutatud roostevabast terasest 500 ml vaakumisolatsiooniga joogipudel.\"}]},{\"@type\":\"WebSite\",\"@id\":\"https:\/\/kruze.ee\/et\/#website\",\"url\":\"https:\/\/kruze.ee\/et\/\",\"name\":\"Kruze.ee\",\"description\":\"Reklaamkingitused, tr&uuml;kiga T-s&auml;rgid, fliisid, dressipluused, tekstiil, joped ja paljud teised logoga meened, &Auml;rikingitused sinu partnerile! Telli juba t&auml;na.\",\"potentialAction\":[{\"@type\":\"SearchAction\",\"target\":{\"@type\":\"EntryPoint\",\"urlTemplate\":\"https:\/\/kruze.ee\/et\/?s={search_term_string}\"},\"query-input\":{\"@type\":\"PropertyValueSpecification\",\"valueRequired\":true,\"valueName\":\"search_term_string\"}}],\"inLanguage\":\"et\"}]}<\/script>\n<!-- \/ Yoast SEO plugin. -->","yoast_head_json":{"title":"Taaskasutatud roostevabast terasest 500 ml vaakumisolatsiooniga joogipudel. - Kruze.ee","robots":{"index":"index","follow":"follow","max-snippet":"max-snippet:-1","max-image-preview":"max-image-preview:large","max-video-preview":"max-video-preview:-1"},"canonical":"https:\/\/kruze.ee\/et\/toode\/taaskasutatud-roostevabast-terasest-500-ml-vaakumisolatsiooniga-joogipudel\/","og_locale":"et_EE","og_type":"article","og_title":"Taaskasutatud roostevabast terasest 500 ml vaakumisolatsiooniga joogipudel. - Kruze.ee","og_description":"See RCS-sertifikaadiga taaskasutatud roostevabast terasest vaakumisolatsiooniga joogipudel on loodud sinu lemmikjookide pikaajaliseks nautimiseks. Kahekordse...","og_url":"https:\/\/kruze.ee\/et\/toode\/taaskasutatud-roostevabast-terasest-500-ml-vaakumisolatsiooniga-joogipudel\/","og_site_name":"Kruze.ee","article_modified_time":"2026-03-16T21:52:31+00:00","twitter_card":"summary_large_image","schema":{"@context":"https:\/\/schema.org","@graph":[{"@type":"WebPage","@id":"https:\/\/kruze.ee\/et\/toode\/taaskasutatud-roostevabast-terasest-500-ml-vaakumisolatsiooniga-joogipudel\/","url":"https:\/\/kruze.ee\/et\/toode\/taaskasutatud-roostevabast-terasest-500-ml-vaakumisolatsiooniga-joogipudel\/","name":"Taaskasutatud roostevabast terasest 500 ml vaakumisolatsiooniga joogipudel. - Kruze.ee","isPartOf":{"@id":"https:\/\/kruze.ee\/et\/#website"},"datePublished":"2026-03-01T17:28:02+00:00","dateModified":"2026-03-16T21:52:31+00:00","breadcrumb":{"@id":"https:\/\/kruze.ee\/et\/toode\/taaskasutatud-roostevabast-terasest-500-ml-vaakumisolatsiooniga-joogipudel\/#breadcrumb"},"inLanguage":"et","potentialAction":[{"@type":"ReadAction","target":["https:\/\/kruze.ee\/et\/toode\/taaskasutatud-roostevabast-terasest-500-ml-vaakumisolatsiooniga-joogipudel\/"]}]},{"@type":"BreadcrumbList","@id":"https:\/\/kruze.ee\/et\/toode\/taaskasutatud-roostevabast-terasest-500-ml-vaakumisolatsiooniga-joogipudel\/#breadcrumb","itemListElement":[{"@type":"ListItem","position":1,"name":"Home","item":"https:\/\/kruze.ee\/et\/"},{"@type":"ListItem","position":2,"name":"Tooted","item":"https:\/\/kruze.ee\/et\/tooted\/"},{"@type":"ListItem","position":3,"name":"Taaskasutatud roostevabast terasest 500 ml vaakumisolatsiooniga joogipudel."}]},{"@type":"WebSite","@id":"https:\/\/kruze.ee\/et\/#website","url":"https:\/\/kruze.ee\/et\/","name":"Kruze.ee","description":"Reklaamkingitused, tr&uuml;kiga T-s&auml;rgid, fliisid, dressipluused, tekstiil, joped ja paljud teised logoga meened, &Auml;rikingitused sinu partnerile! Telli juba t&auml;na.","potentialAction":[{"@type":"SearchAction","target":{"@type":"EntryPoint","urlTemplate":"https:\/\/kruze.ee\/et\/?s={search_term_string}"},"query-input":{"@type":"PropertyValueSpecification","valueRequired":true,"valueName":"search_term_string"}}],"inLanguage":"et"}]}},"_links":{"self":[{"href":"https:\/\/kruze.ee\/et\/wp-json\/wp\/v2\/product\/1444824","targetHints":{"allow":["GET"]}}],"collection":[{"href":"https:\/\/kruze.ee\/et\/wp-json\/wp\/v2\/product"}],"about":[{"href":"https:\/\/kruze.ee\/et\/wp-json\/wp\/v2\/types\/product"}],"wp:attachment":[{"href":"https:\/\/kruze.ee\/et\/wp-json\/wp\/v2\/media?parent=1444824"}],"wp:term":[{"taxonomy":"product_brand","embeddable":true,"href":"https:\/\/kruze.ee\/et\/wp-json\/wp\/v2\/product_brand?post=1444824"},{"taxonomy":"product_cat","embeddable":true,"href":"https:\/\/kruze.ee\/et\/wp-json\/wp\/v2\/product_cat?post=1444824"},{"taxonomy":"product_tag","embeddable":true,"href":"https:\/\/kruze.ee\/et\/wp-json\/wp\/v2\/product_tag?post=1444824"}],"curies":[{"name":"wp","href":"https:\/\/api.w.org\/{rel}","templated":true}]}}