{"id":1444812,"date":"2026-03-01T20:27:53","date_gmt":"2026-03-01T17:27:53","guid":{"rendered":"https:\/\/kruze.ee\/product\/rcs-sertifikaadiga-taaskasutatud-roostevabast-terasest-suur-vaakumisolatsiooniga-joogipudel-15-l\/"},"modified":"2026-03-17T00:52:57","modified_gmt":"2026-03-16T21:52:57","slug":"rcs-sertifikaadiga-taaskasutatud-roostevabast-terasest-suur-vaakumisolatsiooniga-joogipudel-15-l","status":"publish","type":"product","link":"https:\/\/kruze.ee\/et\/toode\/rcs-sertifikaadiga-taaskasutatud-roostevabast-terasest-suur-vaakumisolatsiooniga-joogipudel-15-l\/","title":{"rendered":"RCS-sertifikaadiga taaskasutatud roostevabast terasest suur vaakumisolatsiooniga joogipudel 1,5 l."},"content":{"rendered":"<p>Suure 1,5-liitrise mahutavusega pudel tagab, et sul on alati piisavalt juua ning hoiab joogid kuumana kuni 5 tundi ja k\u00fclmana kuni 15 tundi. Kauni pulberv\u00e4rvitud viimistlusega pudelil on mugav k\u00e4epide lihtsaks kaasaskandmiseks. Valmistatud RCS (Recycled Claim Standard) sertifitseeritud taaskasutatud materjalidest, mis tagab t\u00e4ielikult sertifitseeritud tarneahela. Taaskasutatud materjali osakaal on 88% toote kogukaalust. Maht: 1500 ml. BPA-vaba. Komplektis FSC\u00ae-sertifikaadiga kraftpakend.<\/p>\n","protected":false},"excerpt":{"rendered":"<p>Suure 1,5-liitrise mahutavusega pudel tagab, et sul on alati piisavalt juua ning hoiab joogid kuumana kuni 5 tundi ja k\u00fclmana kuni 15 tundi. Kauni&#8230;<\/p>\n","protected":false},"featured_media":0,"template":"","meta":[],"product_brand":[],"product_cat":[5420],"product_tag":[],"class_list":{"0":"post-1444812","1":"product","2":"type-product","3":"status-publish","5":"product_cat-termosed","6":"pa_gender-uniseks","7":"pa_gender-unisex","11":"first","12":"instock","13":"purchasable","14":"product-type-simple"},"acf":[],"yoast_head":"<!-- This site is optimized with the Yoast SEO plugin v26.0 - https:\/\/yoast.com\/wordpress\/plugins\/seo\/ -->\n<title>RCS-sertifikaadiga taaskasutatud roostevabast terasest suur vaakumisolatsiooniga joogipudel 1,5 l. - Kruze.ee<\/title>\n<meta name=\"robots\" content=\"index, follow, max-snippet:-1, max-image-preview:large, max-video-preview:-1\" \/>\n<link rel=\"canonical\" href=\"https:\/\/kruze.ee\/et\/toode\/rcs-sertifikaadiga-taaskasutatud-roostevabast-terasest-suur-vaakumisolatsiooniga-joogipudel-15-l\/\" \/>\n<meta property=\"og:locale\" content=\"et_EE\" \/>\n<meta property=\"og:type\" content=\"article\" \/>\n<meta property=\"og:title\" content=\"RCS-sertifikaadiga taaskasutatud roostevabast terasest suur vaakumisolatsiooniga joogipudel 1,5 l. - Kruze.ee\" \/>\n<meta property=\"og:description\" content=\"Suure 1,5-liitrise mahutavusega pudel tagab, et sul on alati piisavalt juua ning hoiab joogid kuumana kuni 5 tundi ja k\u00fclmana kuni 15 tundi. Kauni...\" \/>\n<meta property=\"og:url\" content=\"https:\/\/kruze.ee\/et\/toode\/rcs-sertifikaadiga-taaskasutatud-roostevabast-terasest-suur-vaakumisolatsiooniga-joogipudel-15-l\/\" \/>\n<meta property=\"og:site_name\" content=\"Kruze.ee\" \/>\n<meta property=\"article:modified_time\" content=\"2026-03-16T21:52:57+00:00\" \/>\n<meta name=\"twitter:card\" content=\"summary_large_image\" \/>\n<script type=\"application\/ld+json\" class=\"yoast-schema-graph\">{\"@context\":\"https:\/\/schema.org\",\"@graph\":[{\"@type\":\"WebPage\",\"@id\":\"https:\/\/kruze.ee\/et\/toode\/rcs-sertifikaadiga-taaskasutatud-roostevabast-terasest-suur-vaakumisolatsiooniga-joogipudel-15-l\/\",\"url\":\"https:\/\/kruze.ee\/et\/toode\/rcs-sertifikaadiga-taaskasutatud-roostevabast-terasest-suur-vaakumisolatsiooniga-joogipudel-15-l\/\",\"name\":\"RCS-sertifikaadiga taaskasutatud roostevabast terasest suur vaakumisolatsiooniga joogipudel 1,5 l. - Kruze.ee\",\"isPartOf\":{\"@id\":\"https:\/\/kruze.ee\/et\/#website\"},\"datePublished\":\"2026-03-01T17:27:53+00:00\",\"dateModified\":\"2026-03-16T21:52:57+00:00\",\"breadcrumb\":{\"@id\":\"https:\/\/kruze.ee\/et\/toode\/rcs-sertifikaadiga-taaskasutatud-roostevabast-terasest-suur-vaakumisolatsiooniga-joogipudel-15-l\/#breadcrumb\"},\"inLanguage\":\"et\",\"potentialAction\":[{\"@type\":\"ReadAction\",\"target\":[\"https:\/\/kruze.ee\/et\/toode\/rcs-sertifikaadiga-taaskasutatud-roostevabast-terasest-suur-vaakumisolatsiooniga-joogipudel-15-l\/\"]}]},{\"@type\":\"BreadcrumbList\",\"@id\":\"https:\/\/kruze.ee\/et\/toode\/rcs-sertifikaadiga-taaskasutatud-roostevabast-terasest-suur-vaakumisolatsiooniga-joogipudel-15-l\/#breadcrumb\",\"itemListElement\":[{\"@type\":\"ListItem\",\"position\":1,\"name\":\"Home\",\"item\":\"https:\/\/kruze.ee\/et\/\"},{\"@type\":\"ListItem\",\"position\":2,\"name\":\"Tooted\",\"item\":\"https:\/\/kruze.ee\/et\/tooted\/\"},{\"@type\":\"ListItem\",\"position\":3,\"name\":\"RCS-sertifikaadiga taaskasutatud roostevabast terasest suur vaakumisolatsiooniga joogipudel 1,5 l.\"}]},{\"@type\":\"WebSite\",\"@id\":\"https:\/\/kruze.ee\/et\/#website\",\"url\":\"https:\/\/kruze.ee\/et\/\",\"name\":\"Kruze.ee\",\"description\":\"Reklaamkingitused, tr&uuml;kiga T-s&auml;rgid, fliisid, dressipluused, tekstiil, joped ja paljud teised logoga meened, &Auml;rikingitused sinu partnerile! Telli juba t&auml;na.\",\"potentialAction\":[{\"@type\":\"SearchAction\",\"target\":{\"@type\":\"EntryPoint\",\"urlTemplate\":\"https:\/\/kruze.ee\/et\/?s={search_term_string}\"},\"query-input\":{\"@type\":\"PropertyValueSpecification\",\"valueRequired\":true,\"valueName\":\"search_term_string\"}}],\"inLanguage\":\"et\"}]}<\/script>\n<!-- \/ Yoast SEO plugin. -->","yoast_head_json":{"title":"RCS-sertifikaadiga taaskasutatud roostevabast terasest suur vaakumisolatsiooniga joogipudel 1,5 l. - Kruze.ee","robots":{"index":"index","follow":"follow","max-snippet":"max-snippet:-1","max-image-preview":"max-image-preview:large","max-video-preview":"max-video-preview:-1"},"canonical":"https:\/\/kruze.ee\/et\/toode\/rcs-sertifikaadiga-taaskasutatud-roostevabast-terasest-suur-vaakumisolatsiooniga-joogipudel-15-l\/","og_locale":"et_EE","og_type":"article","og_title":"RCS-sertifikaadiga taaskasutatud roostevabast terasest suur vaakumisolatsiooniga joogipudel 1,5 l. - Kruze.ee","og_description":"Suure 1,5-liitrise mahutavusega pudel tagab, et sul on alati piisavalt juua ning hoiab joogid kuumana kuni 5 tundi ja k\u00fclmana kuni 15 tundi. Kauni...","og_url":"https:\/\/kruze.ee\/et\/toode\/rcs-sertifikaadiga-taaskasutatud-roostevabast-terasest-suur-vaakumisolatsiooniga-joogipudel-15-l\/","og_site_name":"Kruze.ee","article_modified_time":"2026-03-16T21:52:57+00:00","twitter_card":"summary_large_image","schema":{"@context":"https:\/\/schema.org","@graph":[{"@type":"WebPage","@id":"https:\/\/kruze.ee\/et\/toode\/rcs-sertifikaadiga-taaskasutatud-roostevabast-terasest-suur-vaakumisolatsiooniga-joogipudel-15-l\/","url":"https:\/\/kruze.ee\/et\/toode\/rcs-sertifikaadiga-taaskasutatud-roostevabast-terasest-suur-vaakumisolatsiooniga-joogipudel-15-l\/","name":"RCS-sertifikaadiga taaskasutatud roostevabast terasest suur vaakumisolatsiooniga joogipudel 1,5 l. - Kruze.ee","isPartOf":{"@id":"https:\/\/kruze.ee\/et\/#website"},"datePublished":"2026-03-01T17:27:53+00:00","dateModified":"2026-03-16T21:52:57+00:00","breadcrumb":{"@id":"https:\/\/kruze.ee\/et\/toode\/rcs-sertifikaadiga-taaskasutatud-roostevabast-terasest-suur-vaakumisolatsiooniga-joogipudel-15-l\/#breadcrumb"},"inLanguage":"et","potentialAction":[{"@type":"ReadAction","target":["https:\/\/kruze.ee\/et\/toode\/rcs-sertifikaadiga-taaskasutatud-roostevabast-terasest-suur-vaakumisolatsiooniga-joogipudel-15-l\/"]}]},{"@type":"BreadcrumbList","@id":"https:\/\/kruze.ee\/et\/toode\/rcs-sertifikaadiga-taaskasutatud-roostevabast-terasest-suur-vaakumisolatsiooniga-joogipudel-15-l\/#breadcrumb","itemListElement":[{"@type":"ListItem","position":1,"name":"Home","item":"https:\/\/kruze.ee\/et\/"},{"@type":"ListItem","position":2,"name":"Tooted","item":"https:\/\/kruze.ee\/et\/tooted\/"},{"@type":"ListItem","position":3,"name":"RCS-sertifikaadiga taaskasutatud roostevabast terasest suur vaakumisolatsiooniga joogipudel 1,5 l."}]},{"@type":"WebSite","@id":"https:\/\/kruze.ee\/et\/#website","url":"https:\/\/kruze.ee\/et\/","name":"Kruze.ee","description":"Reklaamkingitused, tr&uuml;kiga T-s&auml;rgid, fliisid, dressipluused, tekstiil, joped ja paljud teised logoga meened, &Auml;rikingitused sinu partnerile! Telli juba t&auml;na.","potentialAction":[{"@type":"SearchAction","target":{"@type":"EntryPoint","urlTemplate":"https:\/\/kruze.ee\/et\/?s={search_term_string}"},"query-input":{"@type":"PropertyValueSpecification","valueRequired":true,"valueName":"search_term_string"}}],"inLanguage":"et"}]}},"_links":{"self":[{"href":"https:\/\/kruze.ee\/et\/wp-json\/wp\/v2\/product\/1444812","targetHints":{"allow":["GET"]}}],"collection":[{"href":"https:\/\/kruze.ee\/et\/wp-json\/wp\/v2\/product"}],"about":[{"href":"https:\/\/kruze.ee\/et\/wp-json\/wp\/v2\/types\/product"}],"wp:attachment":[{"href":"https:\/\/kruze.ee\/et\/wp-json\/wp\/v2\/media?parent=1444812"}],"wp:term":[{"taxonomy":"product_brand","embeddable":true,"href":"https:\/\/kruze.ee\/et\/wp-json\/wp\/v2\/product_brand?post=1444812"},{"taxonomy":"product_cat","embeddable":true,"href":"https:\/\/kruze.ee\/et\/wp-json\/wp\/v2\/product_cat?post=1444812"},{"taxonomy":"product_tag","embeddable":true,"href":"https:\/\/kruze.ee\/et\/wp-json\/wp\/v2\/product_tag?post=1444812"}],"curies":[{"name":"wp","href":"https:\/\/api.w.org\/{rel}","templated":true}]}}