{"id":1444792,"date":"2026-03-01T20:27:45","date_gmt":"2026-03-01T17:27:45","guid":{"rendered":"https:\/\/kruze.ee\/product\/rcs-rss-kahekordse-seinaga-vaakumisolatsiooniga-lekkekindla-lukustuskorgiga-termoskruus\/"},"modified":"2026-03-17T00:52:55","modified_gmt":"2026-03-16T21:52:55","slug":"rcs-rss-kahekordse-seinaga-vaakumisolatsiooniga-lekkekindla-lukustuskorgiga-termoskruus","status":"publish","type":"product","link":"https:\/\/kruze.ee\/et\/toode\/rcs-rss-kahekordse-seinaga-vaakumisolatsiooniga-lekkekindla-lukustuskorgiga-termoskruus\/","title":{"rendered":"RCS RSS kahekordse seinaga vaakumisolatsiooniga lekkekindla lukustuskorgiga termoskruus."},"content":{"rendered":"<p>Kahekordse seinaga vaakumisolatsiooniga lekkekindla lukustatava kaanega termoskruus on ideaalne suurus sinu joogile. Hermeetiliselt suletav klappkaan on loodud mugavaks avamiseks ja sulgemiseks ning sobib h\u00e4sti liikvel olles kasutamiseks. Vaakumisolatsioon hoiab joogid kuumana kuni 5 tundi ja k\u00fclmana kuni 15 tundi. Valmistatud RCS (Recycled Claim Standard) sertifitseeritud taaskasutatud materjalidest, mis tagab t\u00e4ielikult sertifitseeritud tarneahela. Taaskasutatud materjali osakaal on 80% toote kogukaalust. Maht: 300 ml. BPA-vaba. Ainult k\u00e4sipesu.<\/p>\n","protected":false},"excerpt":{"rendered":"<p>Kahekordse seinaga vaakumisolatsiooniga lekkekindla lukustatava kaanega termoskruus on ideaalne suurus sinu joogile. Hermeetiliselt suletav klappkaan on loodud&#8230;<\/p>\n","protected":false},"featured_media":0,"template":"","meta":[],"product_brand":[],"product_cat":[15071],"product_tag":[],"class_list":{"0":"post-1444792","1":"product","2":"type-product","3":"status-publish","5":"product_cat-termoskruusid","6":"pa_brand-xd-collection","7":"pa_color-hall","8":"pa_color-black-2","9":"pa_color-roheline","10":"pa_color-blue-2","11":"pa_color-valge","12":"pa_gender-uniseks","13":"pa_gender-unisex","16":"pa_material-recycled-stainless-steel","18":"first","19":"instock","20":"taxable","21":"shipping-taxable","22":"purchasable","23":"product-type-variable"},"acf":[],"yoast_head":"<!-- This site is optimized with the Yoast SEO plugin v26.0 - https:\/\/yoast.com\/wordpress\/plugins\/seo\/ -->\n<title>RCS RSS kahekordse seinaga vaakumisolatsiooniga lekkekindla lukustuskorgiga termoskruus. - Kruze.ee<\/title>\n<meta name=\"robots\" content=\"index, follow, max-snippet:-1, max-image-preview:large, max-video-preview:-1\" \/>\n<link rel=\"canonical\" href=\"https:\/\/kruze.ee\/et\/toode\/rcs-rss-kahekordse-seinaga-vaakumisolatsiooniga-lekkekindla-lukustuskorgiga-termoskruus\/\" \/>\n<meta property=\"og:locale\" content=\"et_EE\" \/>\n<meta property=\"og:type\" content=\"article\" \/>\n<meta property=\"og:title\" content=\"RCS RSS kahekordse seinaga vaakumisolatsiooniga lekkekindla lukustuskorgiga termoskruus. - Kruze.ee\" \/>\n<meta property=\"og:description\" content=\"Kahekordse seinaga vaakumisolatsiooniga lekkekindla lukustatava kaanega termoskruus on ideaalne suurus sinu joogile. Hermeetiliselt suletav klappkaan on loodud...\" \/>\n<meta property=\"og:url\" content=\"https:\/\/kruze.ee\/et\/toode\/rcs-rss-kahekordse-seinaga-vaakumisolatsiooniga-lekkekindla-lukustuskorgiga-termoskruus\/\" \/>\n<meta property=\"og:site_name\" content=\"Kruze.ee\" \/>\n<meta property=\"article:modified_time\" content=\"2026-03-16T21:52:55+00:00\" \/>\n<meta name=\"twitter:card\" content=\"summary_large_image\" \/>\n<script type=\"application\/ld+json\" class=\"yoast-schema-graph\">{\"@context\":\"https:\/\/schema.org\",\"@graph\":[{\"@type\":\"WebPage\",\"@id\":\"https:\/\/kruze.ee\/et\/toode\/rcs-rss-kahekordse-seinaga-vaakumisolatsiooniga-lekkekindla-lukustuskorgiga-termoskruus\/\",\"url\":\"https:\/\/kruze.ee\/et\/toode\/rcs-rss-kahekordse-seinaga-vaakumisolatsiooniga-lekkekindla-lukustuskorgiga-termoskruus\/\",\"name\":\"RCS RSS kahekordse seinaga vaakumisolatsiooniga lekkekindla lukustuskorgiga termoskruus. - Kruze.ee\",\"isPartOf\":{\"@id\":\"https:\/\/kruze.ee\/et\/#website\"},\"datePublished\":\"2026-03-01T17:27:45+00:00\",\"dateModified\":\"2026-03-16T21:52:55+00:00\",\"breadcrumb\":{\"@id\":\"https:\/\/kruze.ee\/et\/toode\/rcs-rss-kahekordse-seinaga-vaakumisolatsiooniga-lekkekindla-lukustuskorgiga-termoskruus\/#breadcrumb\"},\"inLanguage\":\"et\",\"potentialAction\":[{\"@type\":\"ReadAction\",\"target\":[\"https:\/\/kruze.ee\/et\/toode\/rcs-rss-kahekordse-seinaga-vaakumisolatsiooniga-lekkekindla-lukustuskorgiga-termoskruus\/\"]}]},{\"@type\":\"BreadcrumbList\",\"@id\":\"https:\/\/kruze.ee\/et\/toode\/rcs-rss-kahekordse-seinaga-vaakumisolatsiooniga-lekkekindla-lukustuskorgiga-termoskruus\/#breadcrumb\",\"itemListElement\":[{\"@type\":\"ListItem\",\"position\":1,\"name\":\"Home\",\"item\":\"https:\/\/kruze.ee\/et\/\"},{\"@type\":\"ListItem\",\"position\":2,\"name\":\"Tooted\",\"item\":\"https:\/\/kruze.ee\/et\/tooted\/\"},{\"@type\":\"ListItem\",\"position\":3,\"name\":\"RCS RSS kahekordse seinaga vaakumisolatsiooniga lekkekindla lukustuskorgiga termoskruus.\"}]},{\"@type\":\"WebSite\",\"@id\":\"https:\/\/kruze.ee\/et\/#website\",\"url\":\"https:\/\/kruze.ee\/et\/\",\"name\":\"Kruze.ee\",\"description\":\"Reklaamkingitused, tr&uuml;kiga T-s&auml;rgid, fliisid, dressipluused, tekstiil, joped ja paljud teised logoga meened, &Auml;rikingitused sinu partnerile! Telli juba t&auml;na.\",\"potentialAction\":[{\"@type\":\"SearchAction\",\"target\":{\"@type\":\"EntryPoint\",\"urlTemplate\":\"https:\/\/kruze.ee\/et\/?s={search_term_string}\"},\"query-input\":{\"@type\":\"PropertyValueSpecification\",\"valueRequired\":true,\"valueName\":\"search_term_string\"}}],\"inLanguage\":\"et\"}]}<\/script>\n<!-- \/ Yoast SEO plugin. -->","yoast_head_json":{"title":"RCS RSS kahekordse seinaga vaakumisolatsiooniga lekkekindla lukustuskorgiga termoskruus. - Kruze.ee","robots":{"index":"index","follow":"follow","max-snippet":"max-snippet:-1","max-image-preview":"max-image-preview:large","max-video-preview":"max-video-preview:-1"},"canonical":"https:\/\/kruze.ee\/et\/toode\/rcs-rss-kahekordse-seinaga-vaakumisolatsiooniga-lekkekindla-lukustuskorgiga-termoskruus\/","og_locale":"et_EE","og_type":"article","og_title":"RCS RSS kahekordse seinaga vaakumisolatsiooniga lekkekindla lukustuskorgiga termoskruus. - Kruze.ee","og_description":"Kahekordse seinaga vaakumisolatsiooniga lekkekindla lukustatava kaanega termoskruus on ideaalne suurus sinu joogile. Hermeetiliselt suletav klappkaan on loodud...","og_url":"https:\/\/kruze.ee\/et\/toode\/rcs-rss-kahekordse-seinaga-vaakumisolatsiooniga-lekkekindla-lukustuskorgiga-termoskruus\/","og_site_name":"Kruze.ee","article_modified_time":"2026-03-16T21:52:55+00:00","twitter_card":"summary_large_image","schema":{"@context":"https:\/\/schema.org","@graph":[{"@type":"WebPage","@id":"https:\/\/kruze.ee\/et\/toode\/rcs-rss-kahekordse-seinaga-vaakumisolatsiooniga-lekkekindla-lukustuskorgiga-termoskruus\/","url":"https:\/\/kruze.ee\/et\/toode\/rcs-rss-kahekordse-seinaga-vaakumisolatsiooniga-lekkekindla-lukustuskorgiga-termoskruus\/","name":"RCS RSS kahekordse seinaga vaakumisolatsiooniga lekkekindla lukustuskorgiga termoskruus. - Kruze.ee","isPartOf":{"@id":"https:\/\/kruze.ee\/et\/#website"},"datePublished":"2026-03-01T17:27:45+00:00","dateModified":"2026-03-16T21:52:55+00:00","breadcrumb":{"@id":"https:\/\/kruze.ee\/et\/toode\/rcs-rss-kahekordse-seinaga-vaakumisolatsiooniga-lekkekindla-lukustuskorgiga-termoskruus\/#breadcrumb"},"inLanguage":"et","potentialAction":[{"@type":"ReadAction","target":["https:\/\/kruze.ee\/et\/toode\/rcs-rss-kahekordse-seinaga-vaakumisolatsiooniga-lekkekindla-lukustuskorgiga-termoskruus\/"]}]},{"@type":"BreadcrumbList","@id":"https:\/\/kruze.ee\/et\/toode\/rcs-rss-kahekordse-seinaga-vaakumisolatsiooniga-lekkekindla-lukustuskorgiga-termoskruus\/#breadcrumb","itemListElement":[{"@type":"ListItem","position":1,"name":"Home","item":"https:\/\/kruze.ee\/et\/"},{"@type":"ListItem","position":2,"name":"Tooted","item":"https:\/\/kruze.ee\/et\/tooted\/"},{"@type":"ListItem","position":3,"name":"RCS RSS kahekordse seinaga vaakumisolatsiooniga lekkekindla lukustuskorgiga termoskruus."}]},{"@type":"WebSite","@id":"https:\/\/kruze.ee\/et\/#website","url":"https:\/\/kruze.ee\/et\/","name":"Kruze.ee","description":"Reklaamkingitused, tr&uuml;kiga T-s&auml;rgid, fliisid, dressipluused, tekstiil, joped ja paljud teised logoga meened, &Auml;rikingitused sinu partnerile! Telli juba t&auml;na.","potentialAction":[{"@type":"SearchAction","target":{"@type":"EntryPoint","urlTemplate":"https:\/\/kruze.ee\/et\/?s={search_term_string}"},"query-input":{"@type":"PropertyValueSpecification","valueRequired":true,"valueName":"search_term_string"}}],"inLanguage":"et"}]}},"_links":{"self":[{"href":"https:\/\/kruze.ee\/et\/wp-json\/wp\/v2\/product\/1444792","targetHints":{"allow":["GET"]}}],"collection":[{"href":"https:\/\/kruze.ee\/et\/wp-json\/wp\/v2\/product"}],"about":[{"href":"https:\/\/kruze.ee\/et\/wp-json\/wp\/v2\/types\/product"}],"wp:attachment":[{"href":"https:\/\/kruze.ee\/et\/wp-json\/wp\/v2\/media?parent=1444792"}],"wp:term":[{"taxonomy":"product_brand","embeddable":true,"href":"https:\/\/kruze.ee\/et\/wp-json\/wp\/v2\/product_brand?post=1444792"},{"taxonomy":"product_cat","embeddable":true,"href":"https:\/\/kruze.ee\/et\/wp-json\/wp\/v2\/product_cat?post=1444792"},{"taxonomy":"product_tag","embeddable":true,"href":"https:\/\/kruze.ee\/et\/wp-json\/wp\/v2\/product_tag?post=1444792"}],"curies":[{"name":"wp","href":"https:\/\/api.w.org\/{rel}","templated":true}]}}