{"id":1444768,"date":"2026-03-01T20:27:20","date_gmt":"2026-03-01T17:27:20","guid":{"rendered":"https:\/\/kruze.ee\/product\/vaakumisolatsiooniga-roostevabast-terasest-joogipudel-spordikorgiga-550-ml\/"},"modified":"2026-03-17T00:53:07","modified_gmt":"2026-03-16T21:53:07","slug":"vaakumisolatsiooniga-roostevabast-terasest-joogipudel-spordikorgiga-550-ml","status":"publish","type":"product","link":"https:\/\/kruze.ee\/et\/toode\/vaakumisolatsiooniga-roostevabast-terasest-joogipudel-spordikorgiga-550-ml\/","title":{"rendered":"Vaakumisolatsiooniga roostevabast terasest joogipudel spordikorgiga, 550 ml."},"content":{"rendered":"<p>Naudi j\u00e4\u00e4k\u00fclma vett p\u00e4rast rasket treeningut v\u00f5i soojendavat jooki p\u00e4rast karget jalutusk\u00e4iku \u2013 see kaunis roostevabast terasest vaakumisolatsiooniga joogipudel v\u00f5imaldab sul stiilselt janu kustutada. Lekkekindel unikaalse disainiga kaas ja luksuslik matt viimistlus teevad sellest ideaalse kaaslase liikvel olles. Hoiab joogid kuumana kuni 5 tundi ja k\u00fclmana kuni 15 tundi. Maht: 550 ml. BPA-vaba.<\/p>\n","protected":false},"excerpt":{"rendered":"<p>Naudi j\u00e4\u00e4k\u00fclma vett p\u00e4rast rasket treeningut v\u00f5i soojendavat jooki p\u00e4rast karget jalutusk\u00e4iku \u2013 see kaunis roostevabast terasest vaakumisolatsiooniga&#8230;<\/p>\n","protected":false},"featured_media":0,"template":"","meta":[],"product_brand":[],"product_cat":[15071],"product_tag":[],"class_list":{"0":"post-1444768","1":"product","2":"type-product","3":"status-publish","5":"product_cat-termoskruusid","6":"pa_brand-xd-collection","7":"pa_color-blue-2","8":"pa_color-valge","9":"pa_gender-uniseks","10":"pa_gender-unisex","13":"pa_material-stainless-steelsilicone","15":"first","16":"instock","17":"taxable","18":"shipping-taxable","19":"purchasable","20":"product-type-variable"},"acf":[],"yoast_head":"<!-- This site is optimized with the Yoast SEO plugin v26.0 - https:\/\/yoast.com\/wordpress\/plugins\/seo\/ -->\n<title>Vaakumisolatsiooniga roostevabast terasest joogipudel spordikorgiga, 550 ml. - Kruze.ee<\/title>\n<meta name=\"robots\" content=\"index, follow, max-snippet:-1, max-image-preview:large, max-video-preview:-1\" \/>\n<link rel=\"canonical\" href=\"https:\/\/kruze.ee\/et\/toode\/vaakumisolatsiooniga-roostevabast-terasest-joogipudel-spordikorgiga-550-ml\/\" \/>\n<meta property=\"og:locale\" content=\"et_EE\" \/>\n<meta property=\"og:type\" content=\"article\" \/>\n<meta property=\"og:title\" content=\"Vaakumisolatsiooniga roostevabast terasest joogipudel spordikorgiga, 550 ml. - Kruze.ee\" \/>\n<meta property=\"og:description\" content=\"Naudi j\u00e4\u00e4k\u00fclma vett p\u00e4rast rasket treeningut v\u00f5i soojendavat jooki p\u00e4rast karget jalutusk\u00e4iku \u2013 see kaunis roostevabast terasest vaakumisolatsiooniga...\" \/>\n<meta property=\"og:url\" content=\"https:\/\/kruze.ee\/et\/toode\/vaakumisolatsiooniga-roostevabast-terasest-joogipudel-spordikorgiga-550-ml\/\" \/>\n<meta property=\"og:site_name\" content=\"Kruze.ee\" \/>\n<meta property=\"article:modified_time\" content=\"2026-03-16T21:53:07+00:00\" \/>\n<meta name=\"twitter:card\" content=\"summary_large_image\" \/>\n<script type=\"application\/ld+json\" class=\"yoast-schema-graph\">{\"@context\":\"https:\/\/schema.org\",\"@graph\":[{\"@type\":\"WebPage\",\"@id\":\"https:\/\/kruze.ee\/et\/toode\/vaakumisolatsiooniga-roostevabast-terasest-joogipudel-spordikorgiga-550-ml\/\",\"url\":\"https:\/\/kruze.ee\/et\/toode\/vaakumisolatsiooniga-roostevabast-terasest-joogipudel-spordikorgiga-550-ml\/\",\"name\":\"Vaakumisolatsiooniga roostevabast terasest joogipudel spordikorgiga, 550 ml. - Kruze.ee\",\"isPartOf\":{\"@id\":\"https:\/\/kruze.ee\/et\/#website\"},\"datePublished\":\"2026-03-01T17:27:20+00:00\",\"dateModified\":\"2026-03-16T21:53:07+00:00\",\"breadcrumb\":{\"@id\":\"https:\/\/kruze.ee\/et\/toode\/vaakumisolatsiooniga-roostevabast-terasest-joogipudel-spordikorgiga-550-ml\/#breadcrumb\"},\"inLanguage\":\"et\",\"potentialAction\":[{\"@type\":\"ReadAction\",\"target\":[\"https:\/\/kruze.ee\/et\/toode\/vaakumisolatsiooniga-roostevabast-terasest-joogipudel-spordikorgiga-550-ml\/\"]}]},{\"@type\":\"BreadcrumbList\",\"@id\":\"https:\/\/kruze.ee\/et\/toode\/vaakumisolatsiooniga-roostevabast-terasest-joogipudel-spordikorgiga-550-ml\/#breadcrumb\",\"itemListElement\":[{\"@type\":\"ListItem\",\"position\":1,\"name\":\"Home\",\"item\":\"https:\/\/kruze.ee\/et\/\"},{\"@type\":\"ListItem\",\"position\":2,\"name\":\"Tooted\",\"item\":\"https:\/\/kruze.ee\/et\/tooted\/\"},{\"@type\":\"ListItem\",\"position\":3,\"name\":\"Vaakumisolatsiooniga roostevabast terasest joogipudel spordikorgiga, 550 ml.\"}]},{\"@type\":\"WebSite\",\"@id\":\"https:\/\/kruze.ee\/et\/#website\",\"url\":\"https:\/\/kruze.ee\/et\/\",\"name\":\"Kruze.ee\",\"description\":\"Reklaamkingitused, tr&uuml;kiga T-s&auml;rgid, fliisid, dressipluused, tekstiil, joped ja paljud teised logoga meened, &Auml;rikingitused sinu partnerile! Telli juba t&auml;na.\",\"potentialAction\":[{\"@type\":\"SearchAction\",\"target\":{\"@type\":\"EntryPoint\",\"urlTemplate\":\"https:\/\/kruze.ee\/et\/?s={search_term_string}\"},\"query-input\":{\"@type\":\"PropertyValueSpecification\",\"valueRequired\":true,\"valueName\":\"search_term_string\"}}],\"inLanguage\":\"et\"}]}<\/script>\n<!-- \/ Yoast SEO plugin. -->","yoast_head_json":{"title":"Vaakumisolatsiooniga roostevabast terasest joogipudel spordikorgiga, 550 ml. - Kruze.ee","robots":{"index":"index","follow":"follow","max-snippet":"max-snippet:-1","max-image-preview":"max-image-preview:large","max-video-preview":"max-video-preview:-1"},"canonical":"https:\/\/kruze.ee\/et\/toode\/vaakumisolatsiooniga-roostevabast-terasest-joogipudel-spordikorgiga-550-ml\/","og_locale":"et_EE","og_type":"article","og_title":"Vaakumisolatsiooniga roostevabast terasest joogipudel spordikorgiga, 550 ml. - Kruze.ee","og_description":"Naudi j\u00e4\u00e4k\u00fclma vett p\u00e4rast rasket treeningut v\u00f5i soojendavat jooki p\u00e4rast karget jalutusk\u00e4iku \u2013 see kaunis roostevabast terasest vaakumisolatsiooniga...","og_url":"https:\/\/kruze.ee\/et\/toode\/vaakumisolatsiooniga-roostevabast-terasest-joogipudel-spordikorgiga-550-ml\/","og_site_name":"Kruze.ee","article_modified_time":"2026-03-16T21:53:07+00:00","twitter_card":"summary_large_image","schema":{"@context":"https:\/\/schema.org","@graph":[{"@type":"WebPage","@id":"https:\/\/kruze.ee\/et\/toode\/vaakumisolatsiooniga-roostevabast-terasest-joogipudel-spordikorgiga-550-ml\/","url":"https:\/\/kruze.ee\/et\/toode\/vaakumisolatsiooniga-roostevabast-terasest-joogipudel-spordikorgiga-550-ml\/","name":"Vaakumisolatsiooniga roostevabast terasest joogipudel spordikorgiga, 550 ml. - Kruze.ee","isPartOf":{"@id":"https:\/\/kruze.ee\/et\/#website"},"datePublished":"2026-03-01T17:27:20+00:00","dateModified":"2026-03-16T21:53:07+00:00","breadcrumb":{"@id":"https:\/\/kruze.ee\/et\/toode\/vaakumisolatsiooniga-roostevabast-terasest-joogipudel-spordikorgiga-550-ml\/#breadcrumb"},"inLanguage":"et","potentialAction":[{"@type":"ReadAction","target":["https:\/\/kruze.ee\/et\/toode\/vaakumisolatsiooniga-roostevabast-terasest-joogipudel-spordikorgiga-550-ml\/"]}]},{"@type":"BreadcrumbList","@id":"https:\/\/kruze.ee\/et\/toode\/vaakumisolatsiooniga-roostevabast-terasest-joogipudel-spordikorgiga-550-ml\/#breadcrumb","itemListElement":[{"@type":"ListItem","position":1,"name":"Home","item":"https:\/\/kruze.ee\/et\/"},{"@type":"ListItem","position":2,"name":"Tooted","item":"https:\/\/kruze.ee\/et\/tooted\/"},{"@type":"ListItem","position":3,"name":"Vaakumisolatsiooniga roostevabast terasest joogipudel spordikorgiga, 550 ml."}]},{"@type":"WebSite","@id":"https:\/\/kruze.ee\/et\/#website","url":"https:\/\/kruze.ee\/et\/","name":"Kruze.ee","description":"Reklaamkingitused, tr&uuml;kiga T-s&auml;rgid, fliisid, dressipluused, tekstiil, joped ja paljud teised logoga meened, &Auml;rikingitused sinu partnerile! Telli juba t&auml;na.","potentialAction":[{"@type":"SearchAction","target":{"@type":"EntryPoint","urlTemplate":"https:\/\/kruze.ee\/et\/?s={search_term_string}"},"query-input":{"@type":"PropertyValueSpecification","valueRequired":true,"valueName":"search_term_string"}}],"inLanguage":"et"}]}},"_links":{"self":[{"href":"https:\/\/kruze.ee\/et\/wp-json\/wp\/v2\/product\/1444768","targetHints":{"allow":["GET"]}}],"collection":[{"href":"https:\/\/kruze.ee\/et\/wp-json\/wp\/v2\/product"}],"about":[{"href":"https:\/\/kruze.ee\/et\/wp-json\/wp\/v2\/types\/product"}],"wp:attachment":[{"href":"https:\/\/kruze.ee\/et\/wp-json\/wp\/v2\/media?parent=1444768"}],"wp:term":[{"taxonomy":"product_brand","embeddable":true,"href":"https:\/\/kruze.ee\/et\/wp-json\/wp\/v2\/product_brand?post=1444768"},{"taxonomy":"product_cat","embeddable":true,"href":"https:\/\/kruze.ee\/et\/wp-json\/wp\/v2\/product_cat?post=1444768"},{"taxonomy":"product_tag","embeddable":true,"href":"https:\/\/kruze.ee\/et\/wp-json\/wp\/v2\/product_tag?post=1444768"}],"curies":[{"name":"wp","href":"https:\/\/api.w.org\/{rel}","templated":true}]}}