{"id":1444736,"date":"2026-03-01T20:27:04","date_gmt":"2026-03-01T17:27:04","guid":{"rendered":"https:\/\/kruze.ee\/product\/taaskasutatud-roostevabast-terasest-vaakumisolatsiooniga-joogipudel-2\/"},"modified":"2026-03-17T00:53:00","modified_gmt":"2026-03-16T21:53:00","slug":"taaskasutatud-roostevabast-terasest-vaakumisolatsiooniga-joogipudel-2","status":"publish","type":"product","link":"https:\/\/kruze.ee\/et\/toode\/taaskasutatud-roostevabast-terasest-vaakumisolatsiooniga-joogipudel-2\/","title":{"rendered":"Taaskasutatud roostevabast terasest vaakumisolatsiooniga joogipudel."},"content":{"rendered":"<p>Wood RCS roostevabast terasest kahekordse seinaga vaakumisolatsiooniga joogipudel hoiab sind v\u00e4rskena kogu p\u00e4eva v\u00e4ltel. Valmistatud vastupidavast taaskasutatud roostevabast terasest ning varustatud akaatsiapuidust kaanega. Hoiab joogid kuumana kuni 5 tundi ja k\u00fclmana kuni 15 tundi. Valmistatud RCS (Recycled Claim Standard) sertifitseeritud taaskasutatud materjalidest, mis tagab t\u00e4ielikult sertifitseeritud tarneahela.<\/p>\n","protected":false},"excerpt":{"rendered":"<p>Wood RCS roostevabast terasest kahekordse seinaga vaakumisolatsiooniga joogipudel hoiab sind v\u00e4rskena kogu p\u00e4eva v\u00e4ltel. Valmistatud vastupidavast&#8230;<\/p>\n","protected":false},"featured_media":0,"template":"","meta":[],"product_brand":[],"product_cat":[5420],"product_tag":[],"class_list":{"0":"post-1444736","1":"product","2":"type-product","3":"status-publish","5":"product_cat-termosed","6":"pa_brand-xd-collection","7":"pa_color-hall","8":"pa_color-hobe","9":"pa_color-black-2","10":"pa_color-valge","11":"pa_gender-uniseks","12":"pa_gender-unisex","15":"pa_material-recycled-stainless-steelpolypropylene","17":"first","18":"instock","19":"taxable","20":"shipping-taxable","21":"purchasable","22":"product-type-variable"},"acf":[],"yoast_head":"<!-- This site is optimized with the Yoast SEO plugin v26.0 - https:\/\/yoast.com\/wordpress\/plugins\/seo\/ -->\n<title>Taaskasutatud roostevabast terasest vaakumisolatsiooniga joogipudel. - Kruze.ee<\/title>\n<meta name=\"robots\" content=\"index, follow, max-snippet:-1, max-image-preview:large, max-video-preview:-1\" \/>\n<link rel=\"canonical\" href=\"https:\/\/kruze.ee\/et\/toode\/taaskasutatud-roostevabast-terasest-vaakumisolatsiooniga-joogipudel-2\/\" \/>\n<meta property=\"og:locale\" content=\"et_EE\" \/>\n<meta property=\"og:type\" content=\"article\" \/>\n<meta property=\"og:title\" content=\"Taaskasutatud roostevabast terasest vaakumisolatsiooniga joogipudel. - Kruze.ee\" \/>\n<meta property=\"og:description\" content=\"Wood RCS roostevabast terasest kahekordse seinaga vaakumisolatsiooniga joogipudel hoiab sind v\u00e4rskena kogu p\u00e4eva v\u00e4ltel. Valmistatud vastupidavast...\" \/>\n<meta property=\"og:url\" content=\"https:\/\/kruze.ee\/et\/toode\/taaskasutatud-roostevabast-terasest-vaakumisolatsiooniga-joogipudel-2\/\" \/>\n<meta property=\"og:site_name\" content=\"Kruze.ee\" \/>\n<meta property=\"article:modified_time\" content=\"2026-03-16T21:53:00+00:00\" \/>\n<meta name=\"twitter:card\" content=\"summary_large_image\" \/>\n<script type=\"application\/ld+json\" class=\"yoast-schema-graph\">{\"@context\":\"https:\/\/schema.org\",\"@graph\":[{\"@type\":\"WebPage\",\"@id\":\"https:\/\/kruze.ee\/et\/toode\/taaskasutatud-roostevabast-terasest-vaakumisolatsiooniga-joogipudel-2\/\",\"url\":\"https:\/\/kruze.ee\/et\/toode\/taaskasutatud-roostevabast-terasest-vaakumisolatsiooniga-joogipudel-2\/\",\"name\":\"Taaskasutatud roostevabast terasest vaakumisolatsiooniga joogipudel. - Kruze.ee\",\"isPartOf\":{\"@id\":\"https:\/\/kruze.ee\/et\/#website\"},\"datePublished\":\"2026-03-01T17:27:04+00:00\",\"dateModified\":\"2026-03-16T21:53:00+00:00\",\"breadcrumb\":{\"@id\":\"https:\/\/kruze.ee\/et\/toode\/taaskasutatud-roostevabast-terasest-vaakumisolatsiooniga-joogipudel-2\/#breadcrumb\"},\"inLanguage\":\"et\",\"potentialAction\":[{\"@type\":\"ReadAction\",\"target\":[\"https:\/\/kruze.ee\/et\/toode\/taaskasutatud-roostevabast-terasest-vaakumisolatsiooniga-joogipudel-2\/\"]}]},{\"@type\":\"BreadcrumbList\",\"@id\":\"https:\/\/kruze.ee\/et\/toode\/taaskasutatud-roostevabast-terasest-vaakumisolatsiooniga-joogipudel-2\/#breadcrumb\",\"itemListElement\":[{\"@type\":\"ListItem\",\"position\":1,\"name\":\"Home\",\"item\":\"https:\/\/kruze.ee\/et\/\"},{\"@type\":\"ListItem\",\"position\":2,\"name\":\"Tooted\",\"item\":\"https:\/\/kruze.ee\/et\/tooted\/\"},{\"@type\":\"ListItem\",\"position\":3,\"name\":\"Taaskasutatud roostevabast terasest vaakumisolatsiooniga joogipudel.\"}]},{\"@type\":\"WebSite\",\"@id\":\"https:\/\/kruze.ee\/et\/#website\",\"url\":\"https:\/\/kruze.ee\/et\/\",\"name\":\"Kruze.ee\",\"description\":\"Reklaamkingitused, tr&uuml;kiga T-s&auml;rgid, fliisid, dressipluused, tekstiil, joped ja paljud teised logoga meened, &Auml;rikingitused sinu partnerile! Telli juba t&auml;na.\",\"potentialAction\":[{\"@type\":\"SearchAction\",\"target\":{\"@type\":\"EntryPoint\",\"urlTemplate\":\"https:\/\/kruze.ee\/et\/?s={search_term_string}\"},\"query-input\":{\"@type\":\"PropertyValueSpecification\",\"valueRequired\":true,\"valueName\":\"search_term_string\"}}],\"inLanguage\":\"et\"}]}<\/script>\n<!-- \/ Yoast SEO plugin. -->","yoast_head_json":{"title":"Taaskasutatud roostevabast terasest vaakumisolatsiooniga joogipudel. - Kruze.ee","robots":{"index":"index","follow":"follow","max-snippet":"max-snippet:-1","max-image-preview":"max-image-preview:large","max-video-preview":"max-video-preview:-1"},"canonical":"https:\/\/kruze.ee\/et\/toode\/taaskasutatud-roostevabast-terasest-vaakumisolatsiooniga-joogipudel-2\/","og_locale":"et_EE","og_type":"article","og_title":"Taaskasutatud roostevabast terasest vaakumisolatsiooniga joogipudel. - Kruze.ee","og_description":"Wood RCS roostevabast terasest kahekordse seinaga vaakumisolatsiooniga joogipudel hoiab sind v\u00e4rskena kogu p\u00e4eva v\u00e4ltel. Valmistatud vastupidavast...","og_url":"https:\/\/kruze.ee\/et\/toode\/taaskasutatud-roostevabast-terasest-vaakumisolatsiooniga-joogipudel-2\/","og_site_name":"Kruze.ee","article_modified_time":"2026-03-16T21:53:00+00:00","twitter_card":"summary_large_image","schema":{"@context":"https:\/\/schema.org","@graph":[{"@type":"WebPage","@id":"https:\/\/kruze.ee\/et\/toode\/taaskasutatud-roostevabast-terasest-vaakumisolatsiooniga-joogipudel-2\/","url":"https:\/\/kruze.ee\/et\/toode\/taaskasutatud-roostevabast-terasest-vaakumisolatsiooniga-joogipudel-2\/","name":"Taaskasutatud roostevabast terasest vaakumisolatsiooniga joogipudel. - Kruze.ee","isPartOf":{"@id":"https:\/\/kruze.ee\/et\/#website"},"datePublished":"2026-03-01T17:27:04+00:00","dateModified":"2026-03-16T21:53:00+00:00","breadcrumb":{"@id":"https:\/\/kruze.ee\/et\/toode\/taaskasutatud-roostevabast-terasest-vaakumisolatsiooniga-joogipudel-2\/#breadcrumb"},"inLanguage":"et","potentialAction":[{"@type":"ReadAction","target":["https:\/\/kruze.ee\/et\/toode\/taaskasutatud-roostevabast-terasest-vaakumisolatsiooniga-joogipudel-2\/"]}]},{"@type":"BreadcrumbList","@id":"https:\/\/kruze.ee\/et\/toode\/taaskasutatud-roostevabast-terasest-vaakumisolatsiooniga-joogipudel-2\/#breadcrumb","itemListElement":[{"@type":"ListItem","position":1,"name":"Home","item":"https:\/\/kruze.ee\/et\/"},{"@type":"ListItem","position":2,"name":"Tooted","item":"https:\/\/kruze.ee\/et\/tooted\/"},{"@type":"ListItem","position":3,"name":"Taaskasutatud roostevabast terasest vaakumisolatsiooniga joogipudel."}]},{"@type":"WebSite","@id":"https:\/\/kruze.ee\/et\/#website","url":"https:\/\/kruze.ee\/et\/","name":"Kruze.ee","description":"Reklaamkingitused, tr&uuml;kiga T-s&auml;rgid, fliisid, dressipluused, tekstiil, joped ja paljud teised logoga meened, &Auml;rikingitused sinu partnerile! Telli juba t&auml;na.","potentialAction":[{"@type":"SearchAction","target":{"@type":"EntryPoint","urlTemplate":"https:\/\/kruze.ee\/et\/?s={search_term_string}"},"query-input":{"@type":"PropertyValueSpecification","valueRequired":true,"valueName":"search_term_string"}}],"inLanguage":"et"}]}},"_links":{"self":[{"href":"https:\/\/kruze.ee\/et\/wp-json\/wp\/v2\/product\/1444736","targetHints":{"allow":["GET"]}}],"collection":[{"href":"https:\/\/kruze.ee\/et\/wp-json\/wp\/v2\/product"}],"about":[{"href":"https:\/\/kruze.ee\/et\/wp-json\/wp\/v2\/types\/product"}],"wp:attachment":[{"href":"https:\/\/kruze.ee\/et\/wp-json\/wp\/v2\/media?parent=1444736"}],"wp:term":[{"taxonomy":"product_brand","embeddable":true,"href":"https:\/\/kruze.ee\/et\/wp-json\/wp\/v2\/product_brand?post=1444736"},{"taxonomy":"product_cat","embeddable":true,"href":"https:\/\/kruze.ee\/et\/wp-json\/wp\/v2\/product_cat?post=1444736"},{"taxonomy":"product_tag","embeddable":true,"href":"https:\/\/kruze.ee\/et\/wp-json\/wp\/v2\/product_tag?post=1444736"}],"curies":[{"name":"wp","href":"https:\/\/api.w.org\/{rel}","templated":true}]}}