{"id":1444718,"date":"2026-03-01T20:26:50","date_gmt":"2026-03-01T17:26:50","guid":{"rendered":"https:\/\/kruze.ee\/product\/vaakumisolatsiooniga-lekkekindel-joogipudel\/"},"modified":"2026-03-17T00:53:14","modified_gmt":"2026-03-16T21:53:14","slug":"vaakumisolatsiooniga-lekkekindel-joogipudel","status":"publish","type":"product","link":"https:\/\/kruze.ee\/et\/toode\/vaakumisolatsiooniga-lekkekindel-joogipudel\/","title":{"rendered":"Vaakumisolatsiooniga lekkekindel joogipudel."},"content":{"rendered":"<p>Pulberv\u00e4rvitud kahekordse seinaga vaakumisolatsiooniga joogipudel. 2-\u00fches kaanega filter sobib ideaalselt kuuma tee v\u00f5i maitsestatud vee valmistamiseks. Standardse suudmega ava on mugav nii joomiseks kui ka j\u00e4\u00e4kuubikute lisamiseks. Vastupidav ja praktiline pudel igaks aastaajaks. 304 roostevabast terasest sisesein ja 201 roostevabast terasest v\u00e4lissein hoiavad joogid kuumana kuni 5 tundi ja k\u00fclmana kuni 15 tundi. Maht: 600 ml.<\/p>\n","protected":false},"excerpt":{"rendered":"<p>Pulberv\u00e4rvitud kahekordse seinaga vaakumisolatsiooniga joogipudel. 2-\u00fches kaanega filter sobib ideaalselt kuuma tee v\u00f5i maitsestatud vee valmistamiseks&#8230;.<\/p>\n","protected":false},"featured_media":0,"template":"","meta":[],"product_brand":[],"product_cat":[5420],"product_tag":[],"class_list":{"0":"post-1444718","1":"product","2":"type-product","3":"status-publish","5":"product_cat-termosed","6":"pa_gender-uniseks","7":"pa_gender-unisex","11":"first","12":"instock","13":"purchasable","14":"product-type-simple"},"acf":[],"yoast_head":"<!-- This site is optimized with the Yoast SEO plugin v26.0 - https:\/\/yoast.com\/wordpress\/plugins\/seo\/ -->\n<title>Vaakumisolatsiooniga lekkekindel joogipudel. - Kruze.ee<\/title>\n<meta name=\"robots\" content=\"index, follow, max-snippet:-1, max-image-preview:large, max-video-preview:-1\" \/>\n<link rel=\"canonical\" href=\"https:\/\/kruze.ee\/et\/toode\/vaakumisolatsiooniga-lekkekindel-joogipudel\/\" \/>\n<meta property=\"og:locale\" content=\"et_EE\" \/>\n<meta property=\"og:type\" content=\"article\" \/>\n<meta property=\"og:title\" content=\"Vaakumisolatsiooniga lekkekindel joogipudel. - Kruze.ee\" \/>\n<meta property=\"og:description\" content=\"Pulberv\u00e4rvitud kahekordse seinaga vaakumisolatsiooniga joogipudel. 2-\u00fches kaanega filter sobib ideaalselt kuuma tee v\u00f5i maitsestatud vee valmistamiseks....\" \/>\n<meta property=\"og:url\" content=\"https:\/\/kruze.ee\/et\/toode\/vaakumisolatsiooniga-lekkekindel-joogipudel\/\" \/>\n<meta property=\"og:site_name\" content=\"Kruze.ee\" \/>\n<meta property=\"article:modified_time\" content=\"2026-03-16T21:53:14+00:00\" \/>\n<meta name=\"twitter:card\" content=\"summary_large_image\" \/>\n<script type=\"application\/ld+json\" class=\"yoast-schema-graph\">{\"@context\":\"https:\/\/schema.org\",\"@graph\":[{\"@type\":\"WebPage\",\"@id\":\"https:\/\/kruze.ee\/et\/toode\/vaakumisolatsiooniga-lekkekindel-joogipudel\/\",\"url\":\"https:\/\/kruze.ee\/et\/toode\/vaakumisolatsiooniga-lekkekindel-joogipudel\/\",\"name\":\"Vaakumisolatsiooniga lekkekindel joogipudel. - Kruze.ee\",\"isPartOf\":{\"@id\":\"https:\/\/kruze.ee\/et\/#website\"},\"datePublished\":\"2026-03-01T17:26:50+00:00\",\"dateModified\":\"2026-03-16T21:53:14+00:00\",\"breadcrumb\":{\"@id\":\"https:\/\/kruze.ee\/et\/toode\/vaakumisolatsiooniga-lekkekindel-joogipudel\/#breadcrumb\"},\"inLanguage\":\"et\",\"potentialAction\":[{\"@type\":\"ReadAction\",\"target\":[\"https:\/\/kruze.ee\/et\/toode\/vaakumisolatsiooniga-lekkekindel-joogipudel\/\"]}]},{\"@type\":\"BreadcrumbList\",\"@id\":\"https:\/\/kruze.ee\/et\/toode\/vaakumisolatsiooniga-lekkekindel-joogipudel\/#breadcrumb\",\"itemListElement\":[{\"@type\":\"ListItem\",\"position\":1,\"name\":\"Home\",\"item\":\"https:\/\/kruze.ee\/et\/\"},{\"@type\":\"ListItem\",\"position\":2,\"name\":\"Tooted\",\"item\":\"https:\/\/kruze.ee\/et\/tooted\/\"},{\"@type\":\"ListItem\",\"position\":3,\"name\":\"Vaakumisolatsiooniga lekkekindel joogipudel.\"}]},{\"@type\":\"WebSite\",\"@id\":\"https:\/\/kruze.ee\/et\/#website\",\"url\":\"https:\/\/kruze.ee\/et\/\",\"name\":\"Kruze.ee\",\"description\":\"Reklaamkingitused, tr&uuml;kiga T-s&auml;rgid, fliisid, dressipluused, tekstiil, joped ja paljud teised logoga meened, &Auml;rikingitused sinu partnerile! Telli juba t&auml;na.\",\"potentialAction\":[{\"@type\":\"SearchAction\",\"target\":{\"@type\":\"EntryPoint\",\"urlTemplate\":\"https:\/\/kruze.ee\/et\/?s={search_term_string}\"},\"query-input\":{\"@type\":\"PropertyValueSpecification\",\"valueRequired\":true,\"valueName\":\"search_term_string\"}}],\"inLanguage\":\"et\"}]}<\/script>\n<!-- \/ Yoast SEO plugin. -->","yoast_head_json":{"title":"Vaakumisolatsiooniga lekkekindel joogipudel. - Kruze.ee","robots":{"index":"index","follow":"follow","max-snippet":"max-snippet:-1","max-image-preview":"max-image-preview:large","max-video-preview":"max-video-preview:-1"},"canonical":"https:\/\/kruze.ee\/et\/toode\/vaakumisolatsiooniga-lekkekindel-joogipudel\/","og_locale":"et_EE","og_type":"article","og_title":"Vaakumisolatsiooniga lekkekindel joogipudel. - Kruze.ee","og_description":"Pulberv\u00e4rvitud kahekordse seinaga vaakumisolatsiooniga joogipudel. 2-\u00fches kaanega filter sobib ideaalselt kuuma tee v\u00f5i maitsestatud vee valmistamiseks....","og_url":"https:\/\/kruze.ee\/et\/toode\/vaakumisolatsiooniga-lekkekindel-joogipudel\/","og_site_name":"Kruze.ee","article_modified_time":"2026-03-16T21:53:14+00:00","twitter_card":"summary_large_image","schema":{"@context":"https:\/\/schema.org","@graph":[{"@type":"WebPage","@id":"https:\/\/kruze.ee\/et\/toode\/vaakumisolatsiooniga-lekkekindel-joogipudel\/","url":"https:\/\/kruze.ee\/et\/toode\/vaakumisolatsiooniga-lekkekindel-joogipudel\/","name":"Vaakumisolatsiooniga lekkekindel joogipudel. - Kruze.ee","isPartOf":{"@id":"https:\/\/kruze.ee\/et\/#website"},"datePublished":"2026-03-01T17:26:50+00:00","dateModified":"2026-03-16T21:53:14+00:00","breadcrumb":{"@id":"https:\/\/kruze.ee\/et\/toode\/vaakumisolatsiooniga-lekkekindel-joogipudel\/#breadcrumb"},"inLanguage":"et","potentialAction":[{"@type":"ReadAction","target":["https:\/\/kruze.ee\/et\/toode\/vaakumisolatsiooniga-lekkekindel-joogipudel\/"]}]},{"@type":"BreadcrumbList","@id":"https:\/\/kruze.ee\/et\/toode\/vaakumisolatsiooniga-lekkekindel-joogipudel\/#breadcrumb","itemListElement":[{"@type":"ListItem","position":1,"name":"Home","item":"https:\/\/kruze.ee\/et\/"},{"@type":"ListItem","position":2,"name":"Tooted","item":"https:\/\/kruze.ee\/et\/tooted\/"},{"@type":"ListItem","position":3,"name":"Vaakumisolatsiooniga lekkekindel joogipudel."}]},{"@type":"WebSite","@id":"https:\/\/kruze.ee\/et\/#website","url":"https:\/\/kruze.ee\/et\/","name":"Kruze.ee","description":"Reklaamkingitused, tr&uuml;kiga T-s&auml;rgid, fliisid, dressipluused, tekstiil, joped ja paljud teised logoga meened, &Auml;rikingitused sinu partnerile! Telli juba t&auml;na.","potentialAction":[{"@type":"SearchAction","target":{"@type":"EntryPoint","urlTemplate":"https:\/\/kruze.ee\/et\/?s={search_term_string}"},"query-input":{"@type":"PropertyValueSpecification","valueRequired":true,"valueName":"search_term_string"}}],"inLanguage":"et"}]}},"_links":{"self":[{"href":"https:\/\/kruze.ee\/et\/wp-json\/wp\/v2\/product\/1444718","targetHints":{"allow":["GET"]}}],"collection":[{"href":"https:\/\/kruze.ee\/et\/wp-json\/wp\/v2\/product"}],"about":[{"href":"https:\/\/kruze.ee\/et\/wp-json\/wp\/v2\/types\/product"}],"wp:attachment":[{"href":"https:\/\/kruze.ee\/et\/wp-json\/wp\/v2\/media?parent=1444718"}],"wp:term":[{"taxonomy":"product_brand","embeddable":true,"href":"https:\/\/kruze.ee\/et\/wp-json\/wp\/v2\/product_brand?post=1444718"},{"taxonomy":"product_cat","embeddable":true,"href":"https:\/\/kruze.ee\/et\/wp-json\/wp\/v2\/product_cat?post=1444718"},{"taxonomy":"product_tag","embeddable":true,"href":"https:\/\/kruze.ee\/et\/wp-json\/wp\/v2\/product_tag?post=1444718"}],"curies":[{"name":"wp","href":"https:\/\/api.w.org\/{rel}","templated":true}]}}