{"id":1444583,"date":"2026-02-27T17:18:51","date_gmt":"2026-02-27T14:18:51","guid":{"rendered":"https:\/\/kruze.ee\/product\/pedalfinder-jalgrattakell-votme-ja-rattaotsingu-funktsiooniga-ule-maailma\/"},"modified":"2026-03-17T00:50:12","modified_gmt":"2026-03-16T21:50:12","slug":"pedalfinder-jalgrattakell-votme-ja-rattaotsingu-funktsiooniga-ule-maailma","status":"publish","type":"product","link":"https:\/\/kruze.ee\/et\/toode\/pedalfinder-jalgrattakell-votme-ja-rattaotsingu-funktsiooniga-ule-maailma\/","title":{"rendered":"Pedalfinder jalgrattakell \u2014 v\u00f5tme- ja rattaotsingu funktsiooniga \u00fcle maailma"},"content":{"rendered":"<p>\u00c4ra kaota enam kunagi oma jalgratast Pedal Finderiga \u2013 see on rattakell, millel on integreeritud Find My tehnoloogia ja mis t\u00f6\u00f6tab sujuvalt Apple\u2019i Find My v\u00f5rguga. Pedal Finder saadab sulle kohese teavituse, kui oled oma ratta maha j\u00e4tnud, ning kadumise korral saad selle h\u00f5lpsasti tuvastada k\u00f5ikjal maailmas Apple\u2019i Find My v\u00f5rgu abil; l\u00e4heduses olles saad aktiveerida helisignaali t\u00e4pse asukoha leidmiseks. Seade t\u00f6\u00f6tab kauakestvate patareidega, mis tagavad kuni 12 kuud kasutusaega enne vahetamist, ning vastupidav ja IPX5 veekindel konstruktsioon v\u00f5imaldab seda kasutada igasugustes ilmastikutingimustes. \u00dchendades turvalisuse ja j\u00e4lgimisfunktsiooni, pakub Pedal Finder meelerahu igale s\u00f5itjale. Pakendatud FSC\u00ae Mix kinkekarpi.<\/p>\n","protected":false},"excerpt":{"rendered":"<p>\u00c4ra kaota enam kunagi oma jalgratast Pedal Finderiga \u2013 see on rattakell, millel on integreeritud Find My tehnoloogia ja mis t\u00f6\u00f6tab sujuvalt Apple\u2019i Find My&#8230;<\/p>\n","protected":false},"featured_media":0,"template":"","meta":[],"product_brand":[],"product_cat":[5428],"product_tag":[],"class_list":{"0":"post-1444583","1":"product","2":"type-product","3":"status-publish","5":"product_cat-jalgrattatarvikud","6":"pa_gender-uniseks","7":"pa_gender-unisex","11":"first","12":"instock","13":"purchasable","14":"product-type-simple"},"acf":[],"yoast_head":"<!-- This site is optimized with the Yoast SEO plugin v26.0 - https:\/\/yoast.com\/wordpress\/plugins\/seo\/ -->\n<title>Pedalfinder jalgrattakell \u2014 v\u00f5tme- ja rattaotsingu funktsiooniga \u00fcle maailma - Kruze.ee<\/title>\n<meta name=\"robots\" content=\"index, follow, max-snippet:-1, max-image-preview:large, max-video-preview:-1\" \/>\n<link rel=\"canonical\" href=\"https:\/\/kruze.ee\/et\/toode\/pedalfinder-jalgrattakell-votme-ja-rattaotsingu-funktsiooniga-ule-maailma\/\" \/>\n<meta property=\"og:locale\" content=\"et_EE\" \/>\n<meta property=\"og:type\" content=\"article\" \/>\n<meta property=\"og:title\" content=\"Pedalfinder jalgrattakell \u2014 v\u00f5tme- ja rattaotsingu funktsiooniga \u00fcle maailma - Kruze.ee\" \/>\n<meta property=\"og:description\" content=\"\u00c4ra kaota enam kunagi oma jalgratast Pedal Finderiga \u2013 see on rattakell, millel on integreeritud Find My tehnoloogia ja mis t\u00f6\u00f6tab sujuvalt Apple\u2019i Find My...\" \/>\n<meta property=\"og:url\" content=\"https:\/\/kruze.ee\/et\/toode\/pedalfinder-jalgrattakell-votme-ja-rattaotsingu-funktsiooniga-ule-maailma\/\" \/>\n<meta property=\"og:site_name\" content=\"Kruze.ee\" \/>\n<meta property=\"article:modified_time\" content=\"2026-03-16T21:50:12+00:00\" \/>\n<meta name=\"twitter:card\" content=\"summary_large_image\" \/>\n<meta name=\"twitter:label1\" content=\"Est. reading time\" \/>\n\t<meta name=\"twitter:data1\" content=\"1 minut\" \/>\n<script type=\"application\/ld+json\" class=\"yoast-schema-graph\">{\"@context\":\"https:\/\/schema.org\",\"@graph\":[{\"@type\":\"WebPage\",\"@id\":\"https:\/\/kruze.ee\/et\/toode\/pedalfinder-jalgrattakell-votme-ja-rattaotsingu-funktsiooniga-ule-maailma\/\",\"url\":\"https:\/\/kruze.ee\/et\/toode\/pedalfinder-jalgrattakell-votme-ja-rattaotsingu-funktsiooniga-ule-maailma\/\",\"name\":\"Pedalfinder jalgrattakell \u2014 v\u00f5tme- ja rattaotsingu funktsiooniga \u00fcle maailma - Kruze.ee\",\"isPartOf\":{\"@id\":\"https:\/\/kruze.ee\/et\/#website\"},\"datePublished\":\"2026-02-27T14:18:51+00:00\",\"dateModified\":\"2026-03-16T21:50:12+00:00\",\"breadcrumb\":{\"@id\":\"https:\/\/kruze.ee\/et\/toode\/pedalfinder-jalgrattakell-votme-ja-rattaotsingu-funktsiooniga-ule-maailma\/#breadcrumb\"},\"inLanguage\":\"et\",\"potentialAction\":[{\"@type\":\"ReadAction\",\"target\":[\"https:\/\/kruze.ee\/et\/toode\/pedalfinder-jalgrattakell-votme-ja-rattaotsingu-funktsiooniga-ule-maailma\/\"]}]},{\"@type\":\"BreadcrumbList\",\"@id\":\"https:\/\/kruze.ee\/et\/toode\/pedalfinder-jalgrattakell-votme-ja-rattaotsingu-funktsiooniga-ule-maailma\/#breadcrumb\",\"itemListElement\":[{\"@type\":\"ListItem\",\"position\":1,\"name\":\"Home\",\"item\":\"https:\/\/kruze.ee\/et\/\"},{\"@type\":\"ListItem\",\"position\":2,\"name\":\"Tooted\",\"item\":\"https:\/\/kruze.ee\/et\/tooted\/\"},{\"@type\":\"ListItem\",\"position\":3,\"name\":\"Pedalfinder jalgrattakell \u2014 v\u00f5tme- ja rattaotsingu funktsiooniga \u00fcle maailma\"}]},{\"@type\":\"WebSite\",\"@id\":\"https:\/\/kruze.ee\/et\/#website\",\"url\":\"https:\/\/kruze.ee\/et\/\",\"name\":\"Kruze.ee\",\"description\":\"Reklaamkingitused, tr&uuml;kiga T-s&auml;rgid, fliisid, dressipluused, tekstiil, joped ja paljud teised logoga meened, &Auml;rikingitused sinu partnerile! Telli juba t&auml;na.\",\"potentialAction\":[{\"@type\":\"SearchAction\",\"target\":{\"@type\":\"EntryPoint\",\"urlTemplate\":\"https:\/\/kruze.ee\/et\/?s={search_term_string}\"},\"query-input\":{\"@type\":\"PropertyValueSpecification\",\"valueRequired\":true,\"valueName\":\"search_term_string\"}}],\"inLanguage\":\"et\"}]}<\/script>\n<!-- \/ Yoast SEO plugin. -->","yoast_head_json":{"title":"Pedalfinder jalgrattakell \u2014 v\u00f5tme- ja rattaotsingu funktsiooniga \u00fcle maailma - Kruze.ee","robots":{"index":"index","follow":"follow","max-snippet":"max-snippet:-1","max-image-preview":"max-image-preview:large","max-video-preview":"max-video-preview:-1"},"canonical":"https:\/\/kruze.ee\/et\/toode\/pedalfinder-jalgrattakell-votme-ja-rattaotsingu-funktsiooniga-ule-maailma\/","og_locale":"et_EE","og_type":"article","og_title":"Pedalfinder jalgrattakell \u2014 v\u00f5tme- ja rattaotsingu funktsiooniga \u00fcle maailma - Kruze.ee","og_description":"\u00c4ra kaota enam kunagi oma jalgratast Pedal Finderiga \u2013 see on rattakell, millel on integreeritud Find My tehnoloogia ja mis t\u00f6\u00f6tab sujuvalt Apple\u2019i Find My...","og_url":"https:\/\/kruze.ee\/et\/toode\/pedalfinder-jalgrattakell-votme-ja-rattaotsingu-funktsiooniga-ule-maailma\/","og_site_name":"Kruze.ee","article_modified_time":"2026-03-16T21:50:12+00:00","twitter_card":"summary_large_image","twitter_misc":{"Est. reading time":"1 minut"},"schema":{"@context":"https:\/\/schema.org","@graph":[{"@type":"WebPage","@id":"https:\/\/kruze.ee\/et\/toode\/pedalfinder-jalgrattakell-votme-ja-rattaotsingu-funktsiooniga-ule-maailma\/","url":"https:\/\/kruze.ee\/et\/toode\/pedalfinder-jalgrattakell-votme-ja-rattaotsingu-funktsiooniga-ule-maailma\/","name":"Pedalfinder jalgrattakell \u2014 v\u00f5tme- ja rattaotsingu funktsiooniga \u00fcle maailma - Kruze.ee","isPartOf":{"@id":"https:\/\/kruze.ee\/et\/#website"},"datePublished":"2026-02-27T14:18:51+00:00","dateModified":"2026-03-16T21:50:12+00:00","breadcrumb":{"@id":"https:\/\/kruze.ee\/et\/toode\/pedalfinder-jalgrattakell-votme-ja-rattaotsingu-funktsiooniga-ule-maailma\/#breadcrumb"},"inLanguage":"et","potentialAction":[{"@type":"ReadAction","target":["https:\/\/kruze.ee\/et\/toode\/pedalfinder-jalgrattakell-votme-ja-rattaotsingu-funktsiooniga-ule-maailma\/"]}]},{"@type":"BreadcrumbList","@id":"https:\/\/kruze.ee\/et\/toode\/pedalfinder-jalgrattakell-votme-ja-rattaotsingu-funktsiooniga-ule-maailma\/#breadcrumb","itemListElement":[{"@type":"ListItem","position":1,"name":"Home","item":"https:\/\/kruze.ee\/et\/"},{"@type":"ListItem","position":2,"name":"Tooted","item":"https:\/\/kruze.ee\/et\/tooted\/"},{"@type":"ListItem","position":3,"name":"Pedalfinder jalgrattakell \u2014 v\u00f5tme- ja rattaotsingu funktsiooniga \u00fcle maailma"}]},{"@type":"WebSite","@id":"https:\/\/kruze.ee\/et\/#website","url":"https:\/\/kruze.ee\/et\/","name":"Kruze.ee","description":"Reklaamkingitused, tr&uuml;kiga T-s&auml;rgid, fliisid, dressipluused, tekstiil, joped ja paljud teised logoga meened, &Auml;rikingitused sinu partnerile! Telli juba t&auml;na.","potentialAction":[{"@type":"SearchAction","target":{"@type":"EntryPoint","urlTemplate":"https:\/\/kruze.ee\/et\/?s={search_term_string}"},"query-input":{"@type":"PropertyValueSpecification","valueRequired":true,"valueName":"search_term_string"}}],"inLanguage":"et"}]}},"_links":{"self":[{"href":"https:\/\/kruze.ee\/et\/wp-json\/wp\/v2\/product\/1444583","targetHints":{"allow":["GET"]}}],"collection":[{"href":"https:\/\/kruze.ee\/et\/wp-json\/wp\/v2\/product"}],"about":[{"href":"https:\/\/kruze.ee\/et\/wp-json\/wp\/v2\/types\/product"}],"wp:attachment":[{"href":"https:\/\/kruze.ee\/et\/wp-json\/wp\/v2\/media?parent=1444583"}],"wp:term":[{"taxonomy":"product_brand","embeddable":true,"href":"https:\/\/kruze.ee\/et\/wp-json\/wp\/v2\/product_brand?post=1444583"},{"taxonomy":"product_cat","embeddable":true,"href":"https:\/\/kruze.ee\/et\/wp-json\/wp\/v2\/product_cat?post=1444583"},{"taxonomy":"product_tag","embeddable":true,"href":"https:\/\/kruze.ee\/et\/wp-json\/wp\/v2\/product_tag?post=1444583"}],"curies":[{"name":"wp","href":"https:\/\/api.w.org\/{rel}","templated":true}]}}