{"id":1444579,"date":"2026-02-27T17:18:47","date_gmt":"2026-02-27T14:18:47","guid":{"rendered":"https:\/\/kruze.ee\/product\/xd-collection-globefind-rcs-taaskasutatud-poluestrist-pagasilipik-ulemaailmse-asukohatuvastusega\/"},"modified":"2026-03-17T00:50:10","modified_gmt":"2026-03-16T21:50:10","slug":"xd-collection-globefind-rcs-taaskasutatud-poluestrist-pagasilipik-ulemaailmse-asukohatuvastusega","status":"publish","type":"product","link":"https:\/\/kruze.ee\/et\/toode\/xd-collection-globefind-rcs-taaskasutatud-poluestrist-pagasilipik-ulemaailmse-asukohatuvastusega\/","title":{"rendered":"XD Collection Globefind RCS taaskasutatud pol\u00fcestrist pagasilipik \u00fclemaailmse asukohatuvastusega"},"content":{"rendered":"<p>\u00c4ra kaota enam kunagi oma pagasit! \u00dchenda pagasisilt lihtsalt Apple\u2019i Find My rakendusega ja oledki valmis teele asuma. Globetrack annab sulle kohese teavituse, kui oled oma kohvri v\u00f5i seljakoti maha j\u00e4tnud. Kui pagas peaks t\u00e4ielikult kaduma, saad selle h\u00f5lpsasti tuvastada k\u00f5ikjal maailmas Apple\u2019i Find My v\u00f5rgu abil. Kui oled esemele l\u00e4hedal, saad aktiveerida helisignaali, et leida selle t\u00e4pne asukoht. Globetrack on varustatud kauakestva taaslaetava akuga. Aseta Globetrack juhtmevabale laadijale ning lae seade mugavalt t\u00e4is.<\/p>\n","protected":false},"excerpt":{"rendered":"<p>\u00c4ra kaota enam kunagi oma pagasit! \u00dchenda pagasisilt lihtsalt Apple\u2019i Find My rakendusega ja oledki valmis teele asuma. Globetrack annab sulle kohese&#8230;<\/p>\n","protected":false},"featured_media":0,"template":"","meta":[],"product_brand":[],"product_cat":[5403],"product_tag":[],"class_list":{"0":"post-1444579","1":"product","2":"type-product","3":"status-publish","5":"product_cat-muud-reisitarbed-kotid","6":"pa_gender-uniseks","7":"pa_gender-unisex","11":"first","12":"instock","13":"purchasable","14":"product-type-simple"},"acf":[],"yoast_head":"<!-- This site is optimized with the Yoast SEO plugin v26.0 - https:\/\/yoast.com\/wordpress\/plugins\/seo\/ -->\n<title>XD Collection Globefind RCS taaskasutatud pol\u00fcestrist pagasilipik \u00fclemaailmse asukohatuvastusega - Kruze.ee<\/title>\n<meta name=\"robots\" content=\"index, follow, max-snippet:-1, max-image-preview:large, max-video-preview:-1\" \/>\n<link rel=\"canonical\" href=\"https:\/\/kruze.ee\/et\/toode\/xd-collection-globefind-rcs-taaskasutatud-poluestrist-pagasilipik-ulemaailmse-asukohatuvastusega\/\" \/>\n<meta property=\"og:locale\" content=\"et_EE\" \/>\n<meta property=\"og:type\" content=\"article\" \/>\n<meta property=\"og:title\" content=\"XD Collection Globefind RCS taaskasutatud pol\u00fcestrist pagasilipik \u00fclemaailmse asukohatuvastusega - Kruze.ee\" \/>\n<meta property=\"og:description\" content=\"\u00c4ra kaota enam kunagi oma pagasit! \u00dchenda pagasisilt lihtsalt Apple\u2019i Find My rakendusega ja oledki valmis teele asuma. Globetrack annab sulle kohese...\" \/>\n<meta property=\"og:url\" content=\"https:\/\/kruze.ee\/et\/toode\/xd-collection-globefind-rcs-taaskasutatud-poluestrist-pagasilipik-ulemaailmse-asukohatuvastusega\/\" \/>\n<meta property=\"og:site_name\" content=\"Kruze.ee\" \/>\n<meta property=\"article:modified_time\" content=\"2026-03-16T21:50:10+00:00\" \/>\n<meta name=\"twitter:card\" content=\"summary_large_image\" \/>\n<script type=\"application\/ld+json\" class=\"yoast-schema-graph\">{\"@context\":\"https:\/\/schema.org\",\"@graph\":[{\"@type\":\"WebPage\",\"@id\":\"https:\/\/kruze.ee\/et\/toode\/xd-collection-globefind-rcs-taaskasutatud-poluestrist-pagasilipik-ulemaailmse-asukohatuvastusega\/\",\"url\":\"https:\/\/kruze.ee\/et\/toode\/xd-collection-globefind-rcs-taaskasutatud-poluestrist-pagasilipik-ulemaailmse-asukohatuvastusega\/\",\"name\":\"XD Collection Globefind RCS taaskasutatud pol\u00fcestrist pagasilipik \u00fclemaailmse asukohatuvastusega - Kruze.ee\",\"isPartOf\":{\"@id\":\"https:\/\/kruze.ee\/et\/#website\"},\"datePublished\":\"2026-02-27T14:18:47+00:00\",\"dateModified\":\"2026-03-16T21:50:10+00:00\",\"breadcrumb\":{\"@id\":\"https:\/\/kruze.ee\/et\/toode\/xd-collection-globefind-rcs-taaskasutatud-poluestrist-pagasilipik-ulemaailmse-asukohatuvastusega\/#breadcrumb\"},\"inLanguage\":\"et\",\"potentialAction\":[{\"@type\":\"ReadAction\",\"target\":[\"https:\/\/kruze.ee\/et\/toode\/xd-collection-globefind-rcs-taaskasutatud-poluestrist-pagasilipik-ulemaailmse-asukohatuvastusega\/\"]}]},{\"@type\":\"BreadcrumbList\",\"@id\":\"https:\/\/kruze.ee\/et\/toode\/xd-collection-globefind-rcs-taaskasutatud-poluestrist-pagasilipik-ulemaailmse-asukohatuvastusega\/#breadcrumb\",\"itemListElement\":[{\"@type\":\"ListItem\",\"position\":1,\"name\":\"Home\",\"item\":\"https:\/\/kruze.ee\/et\/\"},{\"@type\":\"ListItem\",\"position\":2,\"name\":\"Tooted\",\"item\":\"https:\/\/kruze.ee\/et\/tooted\/\"},{\"@type\":\"ListItem\",\"position\":3,\"name\":\"XD Collection Globefind RCS taaskasutatud pol\u00fcestrist pagasilipik \u00fclemaailmse asukohatuvastusega\"}]},{\"@type\":\"WebSite\",\"@id\":\"https:\/\/kruze.ee\/et\/#website\",\"url\":\"https:\/\/kruze.ee\/et\/\",\"name\":\"Kruze.ee\",\"description\":\"Reklaamkingitused, tr&uuml;kiga T-s&auml;rgid, fliisid, dressipluused, tekstiil, joped ja paljud teised logoga meened, &Auml;rikingitused sinu partnerile! Telli juba t&auml;na.\",\"potentialAction\":[{\"@type\":\"SearchAction\",\"target\":{\"@type\":\"EntryPoint\",\"urlTemplate\":\"https:\/\/kruze.ee\/et\/?s={search_term_string}\"},\"query-input\":{\"@type\":\"PropertyValueSpecification\",\"valueRequired\":true,\"valueName\":\"search_term_string\"}}],\"inLanguage\":\"et\"}]}<\/script>\n<!-- \/ Yoast SEO plugin. -->","yoast_head_json":{"title":"XD Collection Globefind RCS taaskasutatud pol\u00fcestrist pagasilipik \u00fclemaailmse asukohatuvastusega - Kruze.ee","robots":{"index":"index","follow":"follow","max-snippet":"max-snippet:-1","max-image-preview":"max-image-preview:large","max-video-preview":"max-video-preview:-1"},"canonical":"https:\/\/kruze.ee\/et\/toode\/xd-collection-globefind-rcs-taaskasutatud-poluestrist-pagasilipik-ulemaailmse-asukohatuvastusega\/","og_locale":"et_EE","og_type":"article","og_title":"XD Collection Globefind RCS taaskasutatud pol\u00fcestrist pagasilipik \u00fclemaailmse asukohatuvastusega - Kruze.ee","og_description":"\u00c4ra kaota enam kunagi oma pagasit! \u00dchenda pagasisilt lihtsalt Apple\u2019i Find My rakendusega ja oledki valmis teele asuma. Globetrack annab sulle kohese...","og_url":"https:\/\/kruze.ee\/et\/toode\/xd-collection-globefind-rcs-taaskasutatud-poluestrist-pagasilipik-ulemaailmse-asukohatuvastusega\/","og_site_name":"Kruze.ee","article_modified_time":"2026-03-16T21:50:10+00:00","twitter_card":"summary_large_image","schema":{"@context":"https:\/\/schema.org","@graph":[{"@type":"WebPage","@id":"https:\/\/kruze.ee\/et\/toode\/xd-collection-globefind-rcs-taaskasutatud-poluestrist-pagasilipik-ulemaailmse-asukohatuvastusega\/","url":"https:\/\/kruze.ee\/et\/toode\/xd-collection-globefind-rcs-taaskasutatud-poluestrist-pagasilipik-ulemaailmse-asukohatuvastusega\/","name":"XD Collection Globefind RCS taaskasutatud pol\u00fcestrist pagasilipik \u00fclemaailmse asukohatuvastusega - Kruze.ee","isPartOf":{"@id":"https:\/\/kruze.ee\/et\/#website"},"datePublished":"2026-02-27T14:18:47+00:00","dateModified":"2026-03-16T21:50:10+00:00","breadcrumb":{"@id":"https:\/\/kruze.ee\/et\/toode\/xd-collection-globefind-rcs-taaskasutatud-poluestrist-pagasilipik-ulemaailmse-asukohatuvastusega\/#breadcrumb"},"inLanguage":"et","potentialAction":[{"@type":"ReadAction","target":["https:\/\/kruze.ee\/et\/toode\/xd-collection-globefind-rcs-taaskasutatud-poluestrist-pagasilipik-ulemaailmse-asukohatuvastusega\/"]}]},{"@type":"BreadcrumbList","@id":"https:\/\/kruze.ee\/et\/toode\/xd-collection-globefind-rcs-taaskasutatud-poluestrist-pagasilipik-ulemaailmse-asukohatuvastusega\/#breadcrumb","itemListElement":[{"@type":"ListItem","position":1,"name":"Home","item":"https:\/\/kruze.ee\/et\/"},{"@type":"ListItem","position":2,"name":"Tooted","item":"https:\/\/kruze.ee\/et\/tooted\/"},{"@type":"ListItem","position":3,"name":"XD Collection Globefind RCS taaskasutatud pol\u00fcestrist pagasilipik \u00fclemaailmse asukohatuvastusega"}]},{"@type":"WebSite","@id":"https:\/\/kruze.ee\/et\/#website","url":"https:\/\/kruze.ee\/et\/","name":"Kruze.ee","description":"Reklaamkingitused, tr&uuml;kiga T-s&auml;rgid, fliisid, dressipluused, tekstiil, joped ja paljud teised logoga meened, &Auml;rikingitused sinu partnerile! Telli juba t&auml;na.","potentialAction":[{"@type":"SearchAction","target":{"@type":"EntryPoint","urlTemplate":"https:\/\/kruze.ee\/et\/?s={search_term_string}"},"query-input":{"@type":"PropertyValueSpecification","valueRequired":true,"valueName":"search_term_string"}}],"inLanguage":"et"}]}},"_links":{"self":[{"href":"https:\/\/kruze.ee\/et\/wp-json\/wp\/v2\/product\/1444579","targetHints":{"allow":["GET"]}}],"collection":[{"href":"https:\/\/kruze.ee\/et\/wp-json\/wp\/v2\/product"}],"about":[{"href":"https:\/\/kruze.ee\/et\/wp-json\/wp\/v2\/types\/product"}],"wp:attachment":[{"href":"https:\/\/kruze.ee\/et\/wp-json\/wp\/v2\/media?parent=1444579"}],"wp:term":[{"taxonomy":"product_brand","embeddable":true,"href":"https:\/\/kruze.ee\/et\/wp-json\/wp\/v2\/product_brand?post=1444579"},{"taxonomy":"product_cat","embeddable":true,"href":"https:\/\/kruze.ee\/et\/wp-json\/wp\/v2\/product_cat?post=1444579"},{"taxonomy":"product_tag","embeddable":true,"href":"https:\/\/kruze.ee\/et\/wp-json\/wp\/v2\/product_tag?post=1444579"}],"curies":[{"name":"wp","href":"https:\/\/api.w.org\/{rel}","templated":true}]}}