{"id":1444557,"date":"2026-02-27T17:16:59","date_gmt":"2026-02-27T14:16:59","guid":{"rendered":"https:\/\/kruze.ee\/product\/urban-vitamin-eureka-hubriid-gan-laadija-10-000-mah-voimsusaku-powerbank-65-w\/"},"modified":"2026-03-17T00:50:18","modified_gmt":"2026-03-16T21:50:18","slug":"urban-vitamin-eureka-hubriid-gan-laadija-10-000-mah-voimsusaku-powerbank-65-w","status":"publish","type":"product","link":"https:\/\/kruze.ee\/et\/toode\/urban-vitamin-eureka-hubriid-gan-laadija-10-000-mah-voimsusaku-powerbank-65-w\/","title":{"rendered":"Urban Vitamin Eureka h\u00fcbriid GaN-laadija + 10 000 mAh v\u00f5imsusaku (powerbank), 65 W"},"content":{"rendered":"<p>H\u00fcbriidlaadimine on kohal \u2013 \u00fclim GaN-laadija, mis pakub \u00fclikiiret 65W laadimisv\u00f5imsust. Eureka toimib nii akupanga kui ka 65W GaN-seinalaadijana. \u00dchenda see kodus v\u00f5i reisil pistikupessa ja lae mis tahes seadet, isegi s\u00fclearvutit, muljetavaldava kiirusega. Seadmete laadimise ajal laeb samaaegselt ka akupank ise. Eemalda see pistikust ning saad kodust lahkuda t\u00e4ielikult laetud 10 000 mAh akupangaga. GaN on uudne laadimistehnoloogia, mis v\u00f5imaldab v\u00f5imsatel adapteritel olla m\u00e4rksa kompaktsemad.<\/p>\n","protected":false},"excerpt":{"rendered":"<p>H\u00fcbriidlaadimine on kohal \u2013 \u00fclim GaN-laadija, mis pakub \u00fclikiiret 65W laadimisv\u00f5imsust. Eureka toimib nii akupanga kui ka 65W GaN-seinalaadijana. \u00dchenda see&#8230;<\/p>\n","protected":false},"featured_media":0,"template":"","meta":[],"product_brand":[],"product_cat":[5409],"product_tag":[],"class_list":{"0":"post-1444557","1":"product","2":"type-product","3":"status-publish","5":"product_cat-akupangad","6":"pa_gender-uniseks","7":"pa_gender-unisex","11":"first","12":"instock","13":"purchasable","14":"product-type-simple"},"acf":[],"yoast_head":"<!-- This site is optimized with the Yoast SEO plugin v26.0 - https:\/\/yoast.com\/wordpress\/plugins\/seo\/ -->\n<title>Urban Vitamin Eureka h\u00fcbriid GaN-laadija + 10 000 mAh v\u00f5imsusaku (powerbank), 65 W - Kruze.ee<\/title>\n<meta name=\"robots\" content=\"index, follow, max-snippet:-1, max-image-preview:large, max-video-preview:-1\" \/>\n<link rel=\"canonical\" href=\"https:\/\/kruze.ee\/et\/toode\/urban-vitamin-eureka-hubriid-gan-laadija-10-000-mah-voimsusaku-powerbank-65-w\/\" \/>\n<meta property=\"og:locale\" content=\"et_EE\" \/>\n<meta property=\"og:type\" content=\"article\" \/>\n<meta property=\"og:title\" content=\"Urban Vitamin Eureka h\u00fcbriid GaN-laadija + 10 000 mAh v\u00f5imsusaku (powerbank), 65 W - Kruze.ee\" \/>\n<meta property=\"og:description\" content=\"H\u00fcbriidlaadimine on kohal \u2013 \u00fclim GaN-laadija, mis pakub \u00fclikiiret 65W laadimisv\u00f5imsust. Eureka toimib nii akupanga kui ka 65W GaN-seinalaadijana. \u00dchenda see...\" \/>\n<meta property=\"og:url\" content=\"https:\/\/kruze.ee\/et\/toode\/urban-vitamin-eureka-hubriid-gan-laadija-10-000-mah-voimsusaku-powerbank-65-w\/\" \/>\n<meta property=\"og:site_name\" content=\"Kruze.ee\" \/>\n<meta property=\"article:modified_time\" content=\"2026-03-16T21:50:18+00:00\" \/>\n<meta name=\"twitter:card\" content=\"summary_large_image\" \/>\n<script type=\"application\/ld+json\" class=\"yoast-schema-graph\">{\"@context\":\"https:\/\/schema.org\",\"@graph\":[{\"@type\":\"WebPage\",\"@id\":\"https:\/\/kruze.ee\/et\/toode\/urban-vitamin-eureka-hubriid-gan-laadija-10-000-mah-voimsusaku-powerbank-65-w\/\",\"url\":\"https:\/\/kruze.ee\/et\/toode\/urban-vitamin-eureka-hubriid-gan-laadija-10-000-mah-voimsusaku-powerbank-65-w\/\",\"name\":\"Urban Vitamin Eureka h\u00fcbriid GaN-laadija + 10 000 mAh v\u00f5imsusaku (powerbank), 65 W - Kruze.ee\",\"isPartOf\":{\"@id\":\"https:\/\/kruze.ee\/et\/#website\"},\"datePublished\":\"2026-02-27T14:16:59+00:00\",\"dateModified\":\"2026-03-16T21:50:18+00:00\",\"breadcrumb\":{\"@id\":\"https:\/\/kruze.ee\/et\/toode\/urban-vitamin-eureka-hubriid-gan-laadija-10-000-mah-voimsusaku-powerbank-65-w\/#breadcrumb\"},\"inLanguage\":\"et\",\"potentialAction\":[{\"@type\":\"ReadAction\",\"target\":[\"https:\/\/kruze.ee\/et\/toode\/urban-vitamin-eureka-hubriid-gan-laadija-10-000-mah-voimsusaku-powerbank-65-w\/\"]}]},{\"@type\":\"BreadcrumbList\",\"@id\":\"https:\/\/kruze.ee\/et\/toode\/urban-vitamin-eureka-hubriid-gan-laadija-10-000-mah-voimsusaku-powerbank-65-w\/#breadcrumb\",\"itemListElement\":[{\"@type\":\"ListItem\",\"position\":1,\"name\":\"Home\",\"item\":\"https:\/\/kruze.ee\/et\/\"},{\"@type\":\"ListItem\",\"position\":2,\"name\":\"Tooted\",\"item\":\"https:\/\/kruze.ee\/et\/tooted\/\"},{\"@type\":\"ListItem\",\"position\":3,\"name\":\"Urban Vitamin Eureka h\u00fcbriid GaN-laadija + 10 000 mAh v\u00f5imsusaku (powerbank), 65 W\"}]},{\"@type\":\"WebSite\",\"@id\":\"https:\/\/kruze.ee\/et\/#website\",\"url\":\"https:\/\/kruze.ee\/et\/\",\"name\":\"Kruze.ee\",\"description\":\"Reklaamkingitused, tr&uuml;kiga T-s&auml;rgid, fliisid, dressipluused, tekstiil, joped ja paljud teised logoga meened, &Auml;rikingitused sinu partnerile! Telli juba t&auml;na.\",\"potentialAction\":[{\"@type\":\"SearchAction\",\"target\":{\"@type\":\"EntryPoint\",\"urlTemplate\":\"https:\/\/kruze.ee\/et\/?s={search_term_string}\"},\"query-input\":{\"@type\":\"PropertyValueSpecification\",\"valueRequired\":true,\"valueName\":\"search_term_string\"}}],\"inLanguage\":\"et\"}]}<\/script>\n<!-- \/ Yoast SEO plugin. -->","yoast_head_json":{"title":"Urban Vitamin Eureka h\u00fcbriid GaN-laadija + 10 000 mAh v\u00f5imsusaku (powerbank), 65 W - Kruze.ee","robots":{"index":"index","follow":"follow","max-snippet":"max-snippet:-1","max-image-preview":"max-image-preview:large","max-video-preview":"max-video-preview:-1"},"canonical":"https:\/\/kruze.ee\/et\/toode\/urban-vitamin-eureka-hubriid-gan-laadija-10-000-mah-voimsusaku-powerbank-65-w\/","og_locale":"et_EE","og_type":"article","og_title":"Urban Vitamin Eureka h\u00fcbriid GaN-laadija + 10 000 mAh v\u00f5imsusaku (powerbank), 65 W - Kruze.ee","og_description":"H\u00fcbriidlaadimine on kohal \u2013 \u00fclim GaN-laadija, mis pakub \u00fclikiiret 65W laadimisv\u00f5imsust. Eureka toimib nii akupanga kui ka 65W GaN-seinalaadijana. \u00dchenda see...","og_url":"https:\/\/kruze.ee\/et\/toode\/urban-vitamin-eureka-hubriid-gan-laadija-10-000-mah-voimsusaku-powerbank-65-w\/","og_site_name":"Kruze.ee","article_modified_time":"2026-03-16T21:50:18+00:00","twitter_card":"summary_large_image","schema":{"@context":"https:\/\/schema.org","@graph":[{"@type":"WebPage","@id":"https:\/\/kruze.ee\/et\/toode\/urban-vitamin-eureka-hubriid-gan-laadija-10-000-mah-voimsusaku-powerbank-65-w\/","url":"https:\/\/kruze.ee\/et\/toode\/urban-vitamin-eureka-hubriid-gan-laadija-10-000-mah-voimsusaku-powerbank-65-w\/","name":"Urban Vitamin Eureka h\u00fcbriid GaN-laadija + 10 000 mAh v\u00f5imsusaku (powerbank), 65 W - Kruze.ee","isPartOf":{"@id":"https:\/\/kruze.ee\/et\/#website"},"datePublished":"2026-02-27T14:16:59+00:00","dateModified":"2026-03-16T21:50:18+00:00","breadcrumb":{"@id":"https:\/\/kruze.ee\/et\/toode\/urban-vitamin-eureka-hubriid-gan-laadija-10-000-mah-voimsusaku-powerbank-65-w\/#breadcrumb"},"inLanguage":"et","potentialAction":[{"@type":"ReadAction","target":["https:\/\/kruze.ee\/et\/toode\/urban-vitamin-eureka-hubriid-gan-laadija-10-000-mah-voimsusaku-powerbank-65-w\/"]}]},{"@type":"BreadcrumbList","@id":"https:\/\/kruze.ee\/et\/toode\/urban-vitamin-eureka-hubriid-gan-laadija-10-000-mah-voimsusaku-powerbank-65-w\/#breadcrumb","itemListElement":[{"@type":"ListItem","position":1,"name":"Home","item":"https:\/\/kruze.ee\/et\/"},{"@type":"ListItem","position":2,"name":"Tooted","item":"https:\/\/kruze.ee\/et\/tooted\/"},{"@type":"ListItem","position":3,"name":"Urban Vitamin Eureka h\u00fcbriid GaN-laadija + 10 000 mAh v\u00f5imsusaku (powerbank), 65 W"}]},{"@type":"WebSite","@id":"https:\/\/kruze.ee\/et\/#website","url":"https:\/\/kruze.ee\/et\/","name":"Kruze.ee","description":"Reklaamkingitused, tr&uuml;kiga T-s&auml;rgid, fliisid, dressipluused, tekstiil, joped ja paljud teised logoga meened, &Auml;rikingitused sinu partnerile! Telli juba t&auml;na.","potentialAction":[{"@type":"SearchAction","target":{"@type":"EntryPoint","urlTemplate":"https:\/\/kruze.ee\/et\/?s={search_term_string}"},"query-input":{"@type":"PropertyValueSpecification","valueRequired":true,"valueName":"search_term_string"}}],"inLanguage":"et"}]}},"_links":{"self":[{"href":"https:\/\/kruze.ee\/et\/wp-json\/wp\/v2\/product\/1444557","targetHints":{"allow":["GET"]}}],"collection":[{"href":"https:\/\/kruze.ee\/et\/wp-json\/wp\/v2\/product"}],"about":[{"href":"https:\/\/kruze.ee\/et\/wp-json\/wp\/v2\/types\/product"}],"wp:attachment":[{"href":"https:\/\/kruze.ee\/et\/wp-json\/wp\/v2\/media?parent=1444557"}],"wp:term":[{"taxonomy":"product_brand","embeddable":true,"href":"https:\/\/kruze.ee\/et\/wp-json\/wp\/v2\/product_brand?post=1444557"},{"taxonomy":"product_cat","embeddable":true,"href":"https:\/\/kruze.ee\/et\/wp-json\/wp\/v2\/product_cat?post=1444557"},{"taxonomy":"product_tag","embeddable":true,"href":"https:\/\/kruze.ee\/et\/wp-json\/wp\/v2\/product_tag?post=1444557"}],"curies":[{"name":"wp","href":"https:\/\/api.w.org\/{rel}","templated":true}]}}