{"id":1444555,"date":"2026-02-27T17:16:57","date_gmt":"2026-02-27T14:16:57","guid":{"rendered":"https:\/\/kruze.ee\/product\/urban-vitamin-santa-cruz-rcs-rplastikust-70-w-gan-laadija\/"},"modified":"2026-03-17T00:50:17","modified_gmt":"2026-03-16T21:50:17","slug":"urban-vitamin-santa-cruz-rcs-rplastikust-70-w-gan-laadija","status":"publish","type":"product","link":"https:\/\/kruze.ee\/et\/toode\/urban-vitamin-santa-cruz-rcs-rplastikust-70-w-gan-laadija\/","title":{"rendered":"Urban Vitamin Santa Cruz RCS rplastikust 70 W GaN-laadija"},"content":{"rendered":"<p>Tutvu \u00fche k\u00f5ige arenenuma 70W laadijaga, mida v\u00f5id soovida. Santa Cruz on 70W PD GaN-laadija, millel on vahetatavad EU, USA ja UK pistikud ning \u00fclikiire USB-C port koos lisaks USB-A pordiga maksimaalseks mitmek\u00fclgsuseks. GaN on uudne laadimistehnoloogia, mis v\u00f5imaldab v\u00f5imsatel adapteritel olla m\u00e4rksa kompaktsemad, toota v\u00e4hem soojust (turvalisem kasutus) ning saavutada k\u00f5rgem energiat\u00f5husus, v\u00e4hendades laadimisprotsessis energiakadu. Laeb t\u00e4iskiirusel k\u00f5iki seadmeid, sealhulgas s\u00fclearvuteid. Monterey on valmistatud RCS (Recycled Claim Standard) sertifitseeritud taaskasutatud tulekindlast PC-materjalist.<\/p>\n","protected":false},"excerpt":{"rendered":"<p>Tutvu \u00fche k\u00f5ige arenenuma 70W laadijaga, mida v\u00f5id soovida. Santa Cruz on 70W PD GaN-laadija, millel on vahetatavad EU, USA ja UK pistikud ning \u00fclikiire USB-C&#8230;<\/p>\n","protected":false},"featured_media":0,"template":"","meta":[],"product_brand":[],"product_cat":[5418],"product_tag":[],"class_list":{"0":"post-1444555","1":"product","2":"type-product","3":"status-publish","5":"product_cat-nutiseadmete-lisatarvikud","6":"pa_gender-uniseks","7":"pa_gender-unisex","11":"first","12":"instock","13":"purchasable","14":"product-type-simple"},"acf":[],"yoast_head":"<!-- This site is optimized with the Yoast SEO plugin v26.0 - https:\/\/yoast.com\/wordpress\/plugins\/seo\/ -->\n<title>Urban Vitamin Santa Cruz RCS rplastikust 70 W GaN-laadija - Kruze.ee<\/title>\n<meta name=\"robots\" content=\"index, follow, max-snippet:-1, max-image-preview:large, max-video-preview:-1\" \/>\n<link rel=\"canonical\" href=\"https:\/\/kruze.ee\/et\/toode\/urban-vitamin-santa-cruz-rcs-rplastikust-70-w-gan-laadija\/\" \/>\n<meta property=\"og:locale\" content=\"et_EE\" \/>\n<meta property=\"og:type\" content=\"article\" \/>\n<meta property=\"og:title\" content=\"Urban Vitamin Santa Cruz RCS rplastikust 70 W GaN-laadija - Kruze.ee\" \/>\n<meta property=\"og:description\" content=\"Tutvu \u00fche k\u00f5ige arenenuma 70W laadijaga, mida v\u00f5id soovida. Santa Cruz on 70W PD GaN-laadija, millel on vahetatavad EU, USA ja UK pistikud ning \u00fclikiire USB-C...\" \/>\n<meta property=\"og:url\" content=\"https:\/\/kruze.ee\/et\/toode\/urban-vitamin-santa-cruz-rcs-rplastikust-70-w-gan-laadija\/\" \/>\n<meta property=\"og:site_name\" content=\"Kruze.ee\" \/>\n<meta property=\"article:modified_time\" content=\"2026-03-16T21:50:17+00:00\" \/>\n<meta name=\"twitter:card\" content=\"summary_large_image\" \/>\n<script type=\"application\/ld+json\" class=\"yoast-schema-graph\">{\"@context\":\"https:\/\/schema.org\",\"@graph\":[{\"@type\":\"WebPage\",\"@id\":\"https:\/\/kruze.ee\/et\/toode\/urban-vitamin-santa-cruz-rcs-rplastikust-70-w-gan-laadija\/\",\"url\":\"https:\/\/kruze.ee\/et\/toode\/urban-vitamin-santa-cruz-rcs-rplastikust-70-w-gan-laadija\/\",\"name\":\"Urban Vitamin Santa Cruz RCS rplastikust 70 W GaN-laadija - Kruze.ee\",\"isPartOf\":{\"@id\":\"https:\/\/kruze.ee\/et\/#website\"},\"datePublished\":\"2026-02-27T14:16:57+00:00\",\"dateModified\":\"2026-03-16T21:50:17+00:00\",\"breadcrumb\":{\"@id\":\"https:\/\/kruze.ee\/et\/toode\/urban-vitamin-santa-cruz-rcs-rplastikust-70-w-gan-laadija\/#breadcrumb\"},\"inLanguage\":\"et\",\"potentialAction\":[{\"@type\":\"ReadAction\",\"target\":[\"https:\/\/kruze.ee\/et\/toode\/urban-vitamin-santa-cruz-rcs-rplastikust-70-w-gan-laadija\/\"]}]},{\"@type\":\"BreadcrumbList\",\"@id\":\"https:\/\/kruze.ee\/et\/toode\/urban-vitamin-santa-cruz-rcs-rplastikust-70-w-gan-laadija\/#breadcrumb\",\"itemListElement\":[{\"@type\":\"ListItem\",\"position\":1,\"name\":\"Home\",\"item\":\"https:\/\/kruze.ee\/et\/\"},{\"@type\":\"ListItem\",\"position\":2,\"name\":\"Tooted\",\"item\":\"https:\/\/kruze.ee\/et\/tooted\/\"},{\"@type\":\"ListItem\",\"position\":3,\"name\":\"Urban Vitamin Santa Cruz RCS rplastikust 70 W GaN-laadija\"}]},{\"@type\":\"WebSite\",\"@id\":\"https:\/\/kruze.ee\/et\/#website\",\"url\":\"https:\/\/kruze.ee\/et\/\",\"name\":\"Kruze.ee\",\"description\":\"Reklaamkingitused, tr&uuml;kiga T-s&auml;rgid, fliisid, dressipluused, tekstiil, joped ja paljud teised logoga meened, &Auml;rikingitused sinu partnerile! Telli juba t&auml;na.\",\"potentialAction\":[{\"@type\":\"SearchAction\",\"target\":{\"@type\":\"EntryPoint\",\"urlTemplate\":\"https:\/\/kruze.ee\/et\/?s={search_term_string}\"},\"query-input\":{\"@type\":\"PropertyValueSpecification\",\"valueRequired\":true,\"valueName\":\"search_term_string\"}}],\"inLanguage\":\"et\"}]}<\/script>\n<!-- \/ Yoast SEO plugin. -->","yoast_head_json":{"title":"Urban Vitamin Santa Cruz RCS rplastikust 70 W GaN-laadija - Kruze.ee","robots":{"index":"index","follow":"follow","max-snippet":"max-snippet:-1","max-image-preview":"max-image-preview:large","max-video-preview":"max-video-preview:-1"},"canonical":"https:\/\/kruze.ee\/et\/toode\/urban-vitamin-santa-cruz-rcs-rplastikust-70-w-gan-laadija\/","og_locale":"et_EE","og_type":"article","og_title":"Urban Vitamin Santa Cruz RCS rplastikust 70 W GaN-laadija - Kruze.ee","og_description":"Tutvu \u00fche k\u00f5ige arenenuma 70W laadijaga, mida v\u00f5id soovida. Santa Cruz on 70W PD GaN-laadija, millel on vahetatavad EU, USA ja UK pistikud ning \u00fclikiire USB-C...","og_url":"https:\/\/kruze.ee\/et\/toode\/urban-vitamin-santa-cruz-rcs-rplastikust-70-w-gan-laadija\/","og_site_name":"Kruze.ee","article_modified_time":"2026-03-16T21:50:17+00:00","twitter_card":"summary_large_image","schema":{"@context":"https:\/\/schema.org","@graph":[{"@type":"WebPage","@id":"https:\/\/kruze.ee\/et\/toode\/urban-vitamin-santa-cruz-rcs-rplastikust-70-w-gan-laadija\/","url":"https:\/\/kruze.ee\/et\/toode\/urban-vitamin-santa-cruz-rcs-rplastikust-70-w-gan-laadija\/","name":"Urban Vitamin Santa Cruz RCS rplastikust 70 W GaN-laadija - Kruze.ee","isPartOf":{"@id":"https:\/\/kruze.ee\/et\/#website"},"datePublished":"2026-02-27T14:16:57+00:00","dateModified":"2026-03-16T21:50:17+00:00","breadcrumb":{"@id":"https:\/\/kruze.ee\/et\/toode\/urban-vitamin-santa-cruz-rcs-rplastikust-70-w-gan-laadija\/#breadcrumb"},"inLanguage":"et","potentialAction":[{"@type":"ReadAction","target":["https:\/\/kruze.ee\/et\/toode\/urban-vitamin-santa-cruz-rcs-rplastikust-70-w-gan-laadija\/"]}]},{"@type":"BreadcrumbList","@id":"https:\/\/kruze.ee\/et\/toode\/urban-vitamin-santa-cruz-rcs-rplastikust-70-w-gan-laadija\/#breadcrumb","itemListElement":[{"@type":"ListItem","position":1,"name":"Home","item":"https:\/\/kruze.ee\/et\/"},{"@type":"ListItem","position":2,"name":"Tooted","item":"https:\/\/kruze.ee\/et\/tooted\/"},{"@type":"ListItem","position":3,"name":"Urban Vitamin Santa Cruz RCS rplastikust 70 W GaN-laadija"}]},{"@type":"WebSite","@id":"https:\/\/kruze.ee\/et\/#website","url":"https:\/\/kruze.ee\/et\/","name":"Kruze.ee","description":"Reklaamkingitused, tr&uuml;kiga T-s&auml;rgid, fliisid, dressipluused, tekstiil, joped ja paljud teised logoga meened, &Auml;rikingitused sinu partnerile! Telli juba t&auml;na.","potentialAction":[{"@type":"SearchAction","target":{"@type":"EntryPoint","urlTemplate":"https:\/\/kruze.ee\/et\/?s={search_term_string}"},"query-input":{"@type":"PropertyValueSpecification","valueRequired":true,"valueName":"search_term_string"}}],"inLanguage":"et"}]}},"_links":{"self":[{"href":"https:\/\/kruze.ee\/et\/wp-json\/wp\/v2\/product\/1444555","targetHints":{"allow":["GET"]}}],"collection":[{"href":"https:\/\/kruze.ee\/et\/wp-json\/wp\/v2\/product"}],"about":[{"href":"https:\/\/kruze.ee\/et\/wp-json\/wp\/v2\/types\/product"}],"wp:attachment":[{"href":"https:\/\/kruze.ee\/et\/wp-json\/wp\/v2\/media?parent=1444555"}],"wp:term":[{"taxonomy":"product_brand","embeddable":true,"href":"https:\/\/kruze.ee\/et\/wp-json\/wp\/v2\/product_brand?post=1444555"},{"taxonomy":"product_cat","embeddable":true,"href":"https:\/\/kruze.ee\/et\/wp-json\/wp\/v2\/product_cat?post=1444555"},{"taxonomy":"product_tag","embeddable":true,"href":"https:\/\/kruze.ee\/et\/wp-json\/wp\/v2\/product_tag?post=1444555"}],"curies":[{"name":"wp","href":"https:\/\/api.w.org\/{rel}","templated":true}]}}