{"id":1444372,"date":"2026-02-18T22:02:56","date_gmt":"2026-02-18T19:02:56","guid":{"rendered":"https:\/\/kruze.ee\/product\/cutter-buck-traverse-poollukuga-naiste-pusa\/"},"modified":"2026-03-17T01:47:37","modified_gmt":"2026-03-16T22:47:37","slug":"cutter-buck-traverse-poollukuga-naiste-pusa","status":"publish","type":"product","link":"https:\/\/kruze.ee\/et\/toode\/cutter-buck-traverse-poollukuga-naiste-pusa\/","title":{"rendered":"Cutter &amp; Buck Traverse poollukuga naiste pusa"},"content":{"rendered":"<p>Triibud lisavad stiilset ilmet, kuid selle poollukuga pluusi teeb t\u00f5eliselt eriliseks CB DryTec 50+ UPF kangas, millel on niiskust juhtivad ja p\u00e4ikesekaitse omadused. Kangas on pehme, veniv ja hingav. Disainilahenduste hulka kuuluvad ka p\u00fcstkrae YKK lukuga temperatuuri reguleerimiseks, flatlock-\u00f5mblused ning helkurdetailid parema n\u00e4htavuse tagamiseks h\u00e4maras. Traverse on ideaalne vahekiht sportlikuks seikluseks, kuid sobib suurep\u00e4raselt ka chino-p\u00fckstega kombineerimiseks, et luua vabaaja stiilne v\u00e4limus.<\/p>\n","protected":false},"excerpt":{"rendered":"<p>Triibud lisavad stiilset ilmet, kuid selle poollukuga pluusi teeb t\u00f5eliselt eriliseks CB DryTec 50+ UPF kangas, millel on niiskust juhtivad ja p\u00e4ikesekaitse&#8230;<\/p>\n","protected":false},"featured_media":0,"template":"","meta":[],"product_brand":[],"product_cat":[5378],"product_tag":[],"class_list":{"0":"post-1444372","1":"product","2":"type-product","3":"status-publish","5":"product_cat-pusad-logoga-reklaamroivad-ettevotetele","6":"pa_brand-cutter-buck","7":"pa_color-black-2","8":"pa_color-tumesinine","9":"pa_color-valge","10":"pa_gender-naised","11":"pa_gender-women","12":"pa_material-90-polyester-10-spandex","13":"pa_size-xs","14":"pa_size-s","15":"pa_size-m","16":"pa_size-l","17":"pa_size-xl","18":"pa_size-2xl","20":"first","21":"instock","22":"taxable","23":"shipping-taxable","24":"purchasable","25":"product-type-variable"},"acf":[],"yoast_head":"<!-- This site is optimized with the Yoast SEO plugin v26.0 - https:\/\/yoast.com\/wordpress\/plugins\/seo\/ -->\n<title>Cutter &amp; Buck Traverse poollukuga naiste pusa - Kruze.ee<\/title>\n<meta name=\"robots\" content=\"index, follow, max-snippet:-1, max-image-preview:large, max-video-preview:-1\" \/>\n<link rel=\"canonical\" href=\"https:\/\/kruze.ee\/et\/toode\/cutter-buck-traverse-poollukuga-naiste-pusa\/\" \/>\n<meta property=\"og:locale\" content=\"et_EE\" \/>\n<meta property=\"og:type\" content=\"article\" \/>\n<meta property=\"og:title\" content=\"Cutter &amp; Buck Traverse poollukuga naiste pusa - Kruze.ee\" \/>\n<meta property=\"og:description\" content=\"Triibud lisavad stiilset ilmet, kuid selle poollukuga pluusi teeb t\u00f5eliselt eriliseks CB DryTec 50+ UPF kangas, millel on niiskust juhtivad ja p\u00e4ikesekaitse...\" \/>\n<meta property=\"og:url\" content=\"https:\/\/kruze.ee\/et\/toode\/cutter-buck-traverse-poollukuga-naiste-pusa\/\" \/>\n<meta property=\"og:site_name\" content=\"Kruze.ee\" \/>\n<meta property=\"article:modified_time\" content=\"2026-03-16T22:47:37+00:00\" \/>\n<meta name=\"twitter:card\" content=\"summary_large_image\" \/>\n<script type=\"application\/ld+json\" class=\"yoast-schema-graph\">{\"@context\":\"https:\/\/schema.org\",\"@graph\":[{\"@type\":\"WebPage\",\"@id\":\"https:\/\/kruze.ee\/et\/toode\/cutter-buck-traverse-poollukuga-naiste-pusa\/\",\"url\":\"https:\/\/kruze.ee\/et\/toode\/cutter-buck-traverse-poollukuga-naiste-pusa\/\",\"name\":\"Cutter &amp; Buck Traverse poollukuga naiste pusa - Kruze.ee\",\"isPartOf\":{\"@id\":\"https:\/\/kruze.ee\/et\/#website\"},\"datePublished\":\"2026-02-18T19:02:56+00:00\",\"dateModified\":\"2026-03-16T22:47:37+00:00\",\"breadcrumb\":{\"@id\":\"https:\/\/kruze.ee\/et\/toode\/cutter-buck-traverse-poollukuga-naiste-pusa\/#breadcrumb\"},\"inLanguage\":\"et\",\"potentialAction\":[{\"@type\":\"ReadAction\",\"target\":[\"https:\/\/kruze.ee\/et\/toode\/cutter-buck-traverse-poollukuga-naiste-pusa\/\"]}]},{\"@type\":\"BreadcrumbList\",\"@id\":\"https:\/\/kruze.ee\/et\/toode\/cutter-buck-traverse-poollukuga-naiste-pusa\/#breadcrumb\",\"itemListElement\":[{\"@type\":\"ListItem\",\"position\":1,\"name\":\"Home\",\"item\":\"https:\/\/kruze.ee\/et\/\"},{\"@type\":\"ListItem\",\"position\":2,\"name\":\"Tooted\",\"item\":\"https:\/\/kruze.ee\/et\/tooted\/\"},{\"@type\":\"ListItem\",\"position\":3,\"name\":\"Cutter &amp; Buck Traverse poollukuga naiste pusa\"}]},{\"@type\":\"WebSite\",\"@id\":\"https:\/\/kruze.ee\/et\/#website\",\"url\":\"https:\/\/kruze.ee\/et\/\",\"name\":\"Kruze.ee\",\"description\":\"Reklaamkingitused, tr&uuml;kiga T-s&auml;rgid, fliisid, dressipluused, tekstiil, joped ja paljud teised logoga meened, &Auml;rikingitused sinu partnerile! Telli juba t&auml;na.\",\"potentialAction\":[{\"@type\":\"SearchAction\",\"target\":{\"@type\":\"EntryPoint\",\"urlTemplate\":\"https:\/\/kruze.ee\/et\/?s={search_term_string}\"},\"query-input\":{\"@type\":\"PropertyValueSpecification\",\"valueRequired\":true,\"valueName\":\"search_term_string\"}}],\"inLanguage\":\"et\"}]}<\/script>\n<!-- \/ Yoast SEO plugin. -->","yoast_head_json":{"title":"Cutter &amp; Buck Traverse poollukuga naiste pusa - Kruze.ee","robots":{"index":"index","follow":"follow","max-snippet":"max-snippet:-1","max-image-preview":"max-image-preview:large","max-video-preview":"max-video-preview:-1"},"canonical":"https:\/\/kruze.ee\/et\/toode\/cutter-buck-traverse-poollukuga-naiste-pusa\/","og_locale":"et_EE","og_type":"article","og_title":"Cutter &amp; Buck Traverse poollukuga naiste pusa - Kruze.ee","og_description":"Triibud lisavad stiilset ilmet, kuid selle poollukuga pluusi teeb t\u00f5eliselt eriliseks CB DryTec 50+ UPF kangas, millel on niiskust juhtivad ja p\u00e4ikesekaitse...","og_url":"https:\/\/kruze.ee\/et\/toode\/cutter-buck-traverse-poollukuga-naiste-pusa\/","og_site_name":"Kruze.ee","article_modified_time":"2026-03-16T22:47:37+00:00","twitter_card":"summary_large_image","schema":{"@context":"https:\/\/schema.org","@graph":[{"@type":"WebPage","@id":"https:\/\/kruze.ee\/et\/toode\/cutter-buck-traverse-poollukuga-naiste-pusa\/","url":"https:\/\/kruze.ee\/et\/toode\/cutter-buck-traverse-poollukuga-naiste-pusa\/","name":"Cutter &amp; Buck Traverse poollukuga naiste pusa - Kruze.ee","isPartOf":{"@id":"https:\/\/kruze.ee\/et\/#website"},"datePublished":"2026-02-18T19:02:56+00:00","dateModified":"2026-03-16T22:47:37+00:00","breadcrumb":{"@id":"https:\/\/kruze.ee\/et\/toode\/cutter-buck-traverse-poollukuga-naiste-pusa\/#breadcrumb"},"inLanguage":"et","potentialAction":[{"@type":"ReadAction","target":["https:\/\/kruze.ee\/et\/toode\/cutter-buck-traverse-poollukuga-naiste-pusa\/"]}]},{"@type":"BreadcrumbList","@id":"https:\/\/kruze.ee\/et\/toode\/cutter-buck-traverse-poollukuga-naiste-pusa\/#breadcrumb","itemListElement":[{"@type":"ListItem","position":1,"name":"Home","item":"https:\/\/kruze.ee\/et\/"},{"@type":"ListItem","position":2,"name":"Tooted","item":"https:\/\/kruze.ee\/et\/tooted\/"},{"@type":"ListItem","position":3,"name":"Cutter &amp; Buck Traverse poollukuga naiste pusa"}]},{"@type":"WebSite","@id":"https:\/\/kruze.ee\/et\/#website","url":"https:\/\/kruze.ee\/et\/","name":"Kruze.ee","description":"Reklaamkingitused, tr&uuml;kiga T-s&auml;rgid, fliisid, dressipluused, tekstiil, joped ja paljud teised logoga meened, &Auml;rikingitused sinu partnerile! Telli juba t&auml;na.","potentialAction":[{"@type":"SearchAction","target":{"@type":"EntryPoint","urlTemplate":"https:\/\/kruze.ee\/et\/?s={search_term_string}"},"query-input":{"@type":"PropertyValueSpecification","valueRequired":true,"valueName":"search_term_string"}}],"inLanguage":"et"}]}},"_links":{"self":[{"href":"https:\/\/kruze.ee\/et\/wp-json\/wp\/v2\/product\/1444372","targetHints":{"allow":["GET"]}}],"collection":[{"href":"https:\/\/kruze.ee\/et\/wp-json\/wp\/v2\/product"}],"about":[{"href":"https:\/\/kruze.ee\/et\/wp-json\/wp\/v2\/types\/product"}],"wp:attachment":[{"href":"https:\/\/kruze.ee\/et\/wp-json\/wp\/v2\/media?parent=1444372"}],"wp:term":[{"taxonomy":"product_brand","embeddable":true,"href":"https:\/\/kruze.ee\/et\/wp-json\/wp\/v2\/product_brand?post=1444372"},{"taxonomy":"product_cat","embeddable":true,"href":"https:\/\/kruze.ee\/et\/wp-json\/wp\/v2\/product_cat?post=1444372"},{"taxonomy":"product_tag","embeddable":true,"href":"https:\/\/kruze.ee\/et\/wp-json\/wp\/v2\/product_tag?post=1444372"}],"curies":[{"name":"wp","href":"https:\/\/api.w.org\/{rel}","templated":true}]}}