{"id":1444300,"date":"2026-02-18T22:02:37","date_gmt":"2026-02-18T19:02:37","guid":{"rendered":"https:\/\/kruze.ee\/product\/craft-naiste-alusriiete-komplekt\/"},"modified":"2026-03-17T01:48:11","modified_gmt":"2026-03-16T22:48:11","slug":"craft-naiste-alusriiete-komplekt","status":"publish","type":"product","link":"https:\/\/kruze.ee\/et\/toode\/craft-naiste-alusriiete-komplekt\/","title":{"rendered":"Craft naiste alusriiete komplekt"},"content":{"rendered":"<p>Pehme ja mugav aluskiht \u2013 s\u00e4rk ja p\u00fcksid \u2013 on valmistatud kanal-kootud kangast, mis tagab optimaalse niiskuse juhtimise ja kandmismugavuse. Toodetel on flatlock-\u00f5mblused, mis j\u00e4rgivad keha liikumist. Tavaline l\u00f5ige (regular fit).<\/p>\n","protected":false},"excerpt":{"rendered":"<p>Pehme ja mugav aluskiht \u2013 s\u00e4rk ja p\u00fcksid \u2013 on valmistatud kanal-kootud kangast, mis tagab optimaalse niiskuse juhtimise ja kandmismugavuse. Toodetel on&#8230;<\/p>\n","protected":false},"featured_media":0,"template":"","meta":[],"product_brand":[],"product_cat":[5377],"product_tag":[],"class_list":{"0":"post-1444300","1":"product","2":"type-product","3":"status-publish","5":"product_cat-spordiriided-logoga","6":"pa_brand-craft","7":"pa_color-astro-dk-astro","8":"pa_color-machine-fame","9":"pa_color-orion-arona","10":"pa_color-peak-hint","11":"pa_color-plasterraw","12":"pa_color-saphire-vaavel","13":"pa_color-savi-graniit","14":"pa_gender-naised","15":"pa_gender-women","16":"pa_material-100-polyester-recycled","17":"pa_size-xs","18":"pa_size-s","19":"pa_size-m","20":"pa_size-l","21":"pa_size-xl","22":"pa_size-2xl","24":"first","25":"instock","26":"taxable","27":"shipping-taxable","28":"purchasable","29":"product-type-variable"},"acf":[],"yoast_head":"<!-- This site is optimized with the Yoast SEO plugin v26.0 - https:\/\/yoast.com\/wordpress\/plugins\/seo\/ -->\n<title>Craft naiste alusriiete komplekt - Kruze.ee<\/title>\n<meta name=\"robots\" content=\"index, follow, max-snippet:-1, max-image-preview:large, max-video-preview:-1\" \/>\n<link rel=\"canonical\" href=\"https:\/\/kruze.ee\/et\/toode\/craft-naiste-alusriiete-komplekt\/\" \/>\n<meta property=\"og:locale\" content=\"et_EE\" \/>\n<meta property=\"og:type\" content=\"article\" \/>\n<meta property=\"og:title\" content=\"Craft naiste alusriiete komplekt - Kruze.ee\" \/>\n<meta property=\"og:description\" content=\"Pehme ja mugav aluskiht \u2013 s\u00e4rk ja p\u00fcksid \u2013 on valmistatud kanal-kootud kangast, mis tagab optimaalse niiskuse juhtimise ja kandmismugavuse. Toodetel on...\" \/>\n<meta property=\"og:url\" content=\"https:\/\/kruze.ee\/et\/toode\/craft-naiste-alusriiete-komplekt\/\" \/>\n<meta property=\"og:site_name\" content=\"Kruze.ee\" \/>\n<meta property=\"article:modified_time\" content=\"2026-03-16T22:48:11+00:00\" \/>\n<meta name=\"twitter:card\" content=\"summary_large_image\" \/>\n<script type=\"application\/ld+json\" class=\"yoast-schema-graph\">{\"@context\":\"https:\/\/schema.org\",\"@graph\":[{\"@type\":\"WebPage\",\"@id\":\"https:\/\/kruze.ee\/et\/toode\/craft-naiste-alusriiete-komplekt\/\",\"url\":\"https:\/\/kruze.ee\/et\/toode\/craft-naiste-alusriiete-komplekt\/\",\"name\":\"Craft naiste alusriiete komplekt - Kruze.ee\",\"isPartOf\":{\"@id\":\"https:\/\/kruze.ee\/et\/#website\"},\"datePublished\":\"2026-02-18T19:02:37+00:00\",\"dateModified\":\"2026-03-16T22:48:11+00:00\",\"breadcrumb\":{\"@id\":\"https:\/\/kruze.ee\/et\/toode\/craft-naiste-alusriiete-komplekt\/#breadcrumb\"},\"inLanguage\":\"et\",\"potentialAction\":[{\"@type\":\"ReadAction\",\"target\":[\"https:\/\/kruze.ee\/et\/toode\/craft-naiste-alusriiete-komplekt\/\"]}]},{\"@type\":\"BreadcrumbList\",\"@id\":\"https:\/\/kruze.ee\/et\/toode\/craft-naiste-alusriiete-komplekt\/#breadcrumb\",\"itemListElement\":[{\"@type\":\"ListItem\",\"position\":1,\"name\":\"Home\",\"item\":\"https:\/\/kruze.ee\/et\/\"},{\"@type\":\"ListItem\",\"position\":2,\"name\":\"Tooted\",\"item\":\"https:\/\/kruze.ee\/et\/tooted\/\"},{\"@type\":\"ListItem\",\"position\":3,\"name\":\"Craft naiste alusriiete komplekt\"}]},{\"@type\":\"WebSite\",\"@id\":\"https:\/\/kruze.ee\/et\/#website\",\"url\":\"https:\/\/kruze.ee\/et\/\",\"name\":\"Kruze.ee\",\"description\":\"Reklaamkingitused, tr&uuml;kiga T-s&auml;rgid, fliisid, dressipluused, tekstiil, joped ja paljud teised logoga meened, &Auml;rikingitused sinu partnerile! Telli juba t&auml;na.\",\"potentialAction\":[{\"@type\":\"SearchAction\",\"target\":{\"@type\":\"EntryPoint\",\"urlTemplate\":\"https:\/\/kruze.ee\/et\/?s={search_term_string}\"},\"query-input\":{\"@type\":\"PropertyValueSpecification\",\"valueRequired\":true,\"valueName\":\"search_term_string\"}}],\"inLanguage\":\"et\"}]}<\/script>\n<!-- \/ Yoast SEO plugin. -->","yoast_head_json":{"title":"Craft naiste alusriiete komplekt - Kruze.ee","robots":{"index":"index","follow":"follow","max-snippet":"max-snippet:-1","max-image-preview":"max-image-preview:large","max-video-preview":"max-video-preview:-1"},"canonical":"https:\/\/kruze.ee\/et\/toode\/craft-naiste-alusriiete-komplekt\/","og_locale":"et_EE","og_type":"article","og_title":"Craft naiste alusriiete komplekt - Kruze.ee","og_description":"Pehme ja mugav aluskiht \u2013 s\u00e4rk ja p\u00fcksid \u2013 on valmistatud kanal-kootud kangast, mis tagab optimaalse niiskuse juhtimise ja kandmismugavuse. Toodetel on...","og_url":"https:\/\/kruze.ee\/et\/toode\/craft-naiste-alusriiete-komplekt\/","og_site_name":"Kruze.ee","article_modified_time":"2026-03-16T22:48:11+00:00","twitter_card":"summary_large_image","schema":{"@context":"https:\/\/schema.org","@graph":[{"@type":"WebPage","@id":"https:\/\/kruze.ee\/et\/toode\/craft-naiste-alusriiete-komplekt\/","url":"https:\/\/kruze.ee\/et\/toode\/craft-naiste-alusriiete-komplekt\/","name":"Craft naiste alusriiete komplekt - Kruze.ee","isPartOf":{"@id":"https:\/\/kruze.ee\/et\/#website"},"datePublished":"2026-02-18T19:02:37+00:00","dateModified":"2026-03-16T22:48:11+00:00","breadcrumb":{"@id":"https:\/\/kruze.ee\/et\/toode\/craft-naiste-alusriiete-komplekt\/#breadcrumb"},"inLanguage":"et","potentialAction":[{"@type":"ReadAction","target":["https:\/\/kruze.ee\/et\/toode\/craft-naiste-alusriiete-komplekt\/"]}]},{"@type":"BreadcrumbList","@id":"https:\/\/kruze.ee\/et\/toode\/craft-naiste-alusriiete-komplekt\/#breadcrumb","itemListElement":[{"@type":"ListItem","position":1,"name":"Home","item":"https:\/\/kruze.ee\/et\/"},{"@type":"ListItem","position":2,"name":"Tooted","item":"https:\/\/kruze.ee\/et\/tooted\/"},{"@type":"ListItem","position":3,"name":"Craft naiste alusriiete komplekt"}]},{"@type":"WebSite","@id":"https:\/\/kruze.ee\/et\/#website","url":"https:\/\/kruze.ee\/et\/","name":"Kruze.ee","description":"Reklaamkingitused, tr&uuml;kiga T-s&auml;rgid, fliisid, dressipluused, tekstiil, joped ja paljud teised logoga meened, &Auml;rikingitused sinu partnerile! Telli juba t&auml;na.","potentialAction":[{"@type":"SearchAction","target":{"@type":"EntryPoint","urlTemplate":"https:\/\/kruze.ee\/et\/?s={search_term_string}"},"query-input":{"@type":"PropertyValueSpecification","valueRequired":true,"valueName":"search_term_string"}}],"inLanguage":"et"}]}},"_links":{"self":[{"href":"https:\/\/kruze.ee\/et\/wp-json\/wp\/v2\/product\/1444300","targetHints":{"allow":["GET"]}}],"collection":[{"href":"https:\/\/kruze.ee\/et\/wp-json\/wp\/v2\/product"}],"about":[{"href":"https:\/\/kruze.ee\/et\/wp-json\/wp\/v2\/types\/product"}],"wp:attachment":[{"href":"https:\/\/kruze.ee\/et\/wp-json\/wp\/v2\/media?parent=1444300"}],"wp:term":[{"taxonomy":"product_brand","embeddable":true,"href":"https:\/\/kruze.ee\/et\/wp-json\/wp\/v2\/product_brand?post=1444300"},{"taxonomy":"product_cat","embeddable":true,"href":"https:\/\/kruze.ee\/et\/wp-json\/wp\/v2\/product_cat?post=1444300"},{"taxonomy":"product_tag","embeddable":true,"href":"https:\/\/kruze.ee\/et\/wp-json\/wp\/v2\/product_tag?post=1444300"}],"curies":[{"name":"wp","href":"https:\/\/api.w.org\/{rel}","templated":true}]}}