{"id":1444232,"date":"2026-02-18T22:02:23","date_gmt":"2026-02-18T19:02:23","guid":{"rendered":"https:\/\/kruze.ee\/product\/craft-meeste-alusriiete-komplekt\/"},"modified":"2026-03-17T01:48:00","modified_gmt":"2026-03-16T22:48:00","slug":"craft-meeste-alusriiete-komplekt","status":"publish","type":"product","link":"https:\/\/kruze.ee\/et\/toode\/craft-meeste-alusriiete-komplekt\/","title":{"rendered":"Craft meeste alusriiete komplekt"},"content":{"rendered":"<p>Baselayer-komplekt sisaldab funktsionaalset pikkade varrukatega s\u00e4rki ja pikki alusp\u00fckse, mis on loodud igasugusteks talvisteks tegevusteks. Aluskiht on valmistatud pehmest kanal-kootud kangast, mis tagab t\u00f5husa niiskuse juhtimise ja suurep\u00e4rase kehatemperatuuri reguleerimise ka intensiivse treeningu ajal. Flatlock-\u00f5mblused j\u00e4rgivad keha liikumist ja pakuvad suurep\u00e4rast mugavust. Komplekti kuuluvad pikkade varrukatega s\u00e4rk ja pikad alusp\u00fcksid, v\u00e4rviplokkidega disain ning tavaline l\u00f5ige (regular fit). Niiskuse juhtivus on 3\/5, aktiivsuse tase 2\/5 ning soovituslik temperatuurivahemik on -5 \u00baC kuni +5 \u00baC.<\/p>\n","protected":false},"excerpt":{"rendered":"<p>Baselayer-komplekt sisaldab funktsionaalset pikkade varrukatega s\u00e4rki ja pikki alusp\u00fckse, mis on loodud igasugusteks talvisteks tegevusteks. Aluskiht on&#8230;<\/p>\n","protected":false},"featured_media":0,"template":"","meta":[],"product_brand":[],"product_cat":[15067],"product_tag":[],"class_list":{"0":"post-1444232","1":"product","2":"type-product","3":"status-publish","5":"product_cat-aluspesu-ettevotetele","6":"pa_brand-craft","7":"pa_color-algae-granite","8":"pa_color-blaze-tumesinine","9":"pa_color-graniteasphalt","10":"pa_color-black-2","11":"pa_gender-mehed","12":"pa_gender-men","13":"pa_material-100-polyester-recycled","14":"pa_size-xs","15":"pa_size-s","16":"pa_size-m","17":"pa_size-l","18":"pa_size-xl","19":"pa_size-2xl","20":"pa_size-3xl","22":"first","23":"instock","24":"taxable","25":"shipping-taxable","26":"purchasable","27":"product-type-variable"},"acf":[],"yoast_head":"<!-- This site is optimized with the Yoast SEO plugin v26.0 - https:\/\/yoast.com\/wordpress\/plugins\/seo\/ -->\n<title>Craft meeste alusriiete komplekt - Kruze.ee<\/title>\n<meta name=\"robots\" content=\"index, follow, max-snippet:-1, max-image-preview:large, max-video-preview:-1\" \/>\n<link rel=\"canonical\" href=\"https:\/\/kruze.ee\/et\/toode\/craft-meeste-alusriiete-komplekt\/\" \/>\n<meta property=\"og:locale\" content=\"et_EE\" \/>\n<meta property=\"og:type\" content=\"article\" \/>\n<meta property=\"og:title\" content=\"Craft meeste alusriiete komplekt - Kruze.ee\" \/>\n<meta property=\"og:description\" content=\"Baselayer-komplekt sisaldab funktsionaalset pikkade varrukatega s\u00e4rki ja pikki alusp\u00fckse, mis on loodud igasugusteks talvisteks tegevusteks. Aluskiht on...\" \/>\n<meta property=\"og:url\" content=\"https:\/\/kruze.ee\/et\/toode\/craft-meeste-alusriiete-komplekt\/\" \/>\n<meta property=\"og:site_name\" content=\"Kruze.ee\" \/>\n<meta property=\"article:modified_time\" content=\"2026-03-16T22:48:00+00:00\" \/>\n<meta name=\"twitter:card\" content=\"summary_large_image\" \/>\n<script type=\"application\/ld+json\" class=\"yoast-schema-graph\">{\"@context\":\"https:\/\/schema.org\",\"@graph\":[{\"@type\":\"WebPage\",\"@id\":\"https:\/\/kruze.ee\/et\/toode\/craft-meeste-alusriiete-komplekt\/\",\"url\":\"https:\/\/kruze.ee\/et\/toode\/craft-meeste-alusriiete-komplekt\/\",\"name\":\"Craft meeste alusriiete komplekt - Kruze.ee\",\"isPartOf\":{\"@id\":\"https:\/\/kruze.ee\/et\/#website\"},\"datePublished\":\"2026-02-18T19:02:23+00:00\",\"dateModified\":\"2026-03-16T22:48:00+00:00\",\"breadcrumb\":{\"@id\":\"https:\/\/kruze.ee\/et\/toode\/craft-meeste-alusriiete-komplekt\/#breadcrumb\"},\"inLanguage\":\"et\",\"potentialAction\":[{\"@type\":\"ReadAction\",\"target\":[\"https:\/\/kruze.ee\/et\/toode\/craft-meeste-alusriiete-komplekt\/\"]}]},{\"@type\":\"BreadcrumbList\",\"@id\":\"https:\/\/kruze.ee\/et\/toode\/craft-meeste-alusriiete-komplekt\/#breadcrumb\",\"itemListElement\":[{\"@type\":\"ListItem\",\"position\":1,\"name\":\"Home\",\"item\":\"https:\/\/kruze.ee\/et\/\"},{\"@type\":\"ListItem\",\"position\":2,\"name\":\"Tooted\",\"item\":\"https:\/\/kruze.ee\/et\/tooted\/\"},{\"@type\":\"ListItem\",\"position\":3,\"name\":\"Craft meeste alusriiete komplekt\"}]},{\"@type\":\"WebSite\",\"@id\":\"https:\/\/kruze.ee\/et\/#website\",\"url\":\"https:\/\/kruze.ee\/et\/\",\"name\":\"Kruze.ee\",\"description\":\"Reklaamkingitused, tr&uuml;kiga T-s&auml;rgid, fliisid, dressipluused, tekstiil, joped ja paljud teised logoga meened, &Auml;rikingitused sinu partnerile! Telli juba t&auml;na.\",\"potentialAction\":[{\"@type\":\"SearchAction\",\"target\":{\"@type\":\"EntryPoint\",\"urlTemplate\":\"https:\/\/kruze.ee\/et\/?s={search_term_string}\"},\"query-input\":{\"@type\":\"PropertyValueSpecification\",\"valueRequired\":true,\"valueName\":\"search_term_string\"}}],\"inLanguage\":\"et\"}]}<\/script>\n<!-- \/ Yoast SEO plugin. -->","yoast_head_json":{"title":"Craft meeste alusriiete komplekt - Kruze.ee","robots":{"index":"index","follow":"follow","max-snippet":"max-snippet:-1","max-image-preview":"max-image-preview:large","max-video-preview":"max-video-preview:-1"},"canonical":"https:\/\/kruze.ee\/et\/toode\/craft-meeste-alusriiete-komplekt\/","og_locale":"et_EE","og_type":"article","og_title":"Craft meeste alusriiete komplekt - Kruze.ee","og_description":"Baselayer-komplekt sisaldab funktsionaalset pikkade varrukatega s\u00e4rki ja pikki alusp\u00fckse, mis on loodud igasugusteks talvisteks tegevusteks. Aluskiht on...","og_url":"https:\/\/kruze.ee\/et\/toode\/craft-meeste-alusriiete-komplekt\/","og_site_name":"Kruze.ee","article_modified_time":"2026-03-16T22:48:00+00:00","twitter_card":"summary_large_image","schema":{"@context":"https:\/\/schema.org","@graph":[{"@type":"WebPage","@id":"https:\/\/kruze.ee\/et\/toode\/craft-meeste-alusriiete-komplekt\/","url":"https:\/\/kruze.ee\/et\/toode\/craft-meeste-alusriiete-komplekt\/","name":"Craft meeste alusriiete komplekt - Kruze.ee","isPartOf":{"@id":"https:\/\/kruze.ee\/et\/#website"},"datePublished":"2026-02-18T19:02:23+00:00","dateModified":"2026-03-16T22:48:00+00:00","breadcrumb":{"@id":"https:\/\/kruze.ee\/et\/toode\/craft-meeste-alusriiete-komplekt\/#breadcrumb"},"inLanguage":"et","potentialAction":[{"@type":"ReadAction","target":["https:\/\/kruze.ee\/et\/toode\/craft-meeste-alusriiete-komplekt\/"]}]},{"@type":"BreadcrumbList","@id":"https:\/\/kruze.ee\/et\/toode\/craft-meeste-alusriiete-komplekt\/#breadcrumb","itemListElement":[{"@type":"ListItem","position":1,"name":"Home","item":"https:\/\/kruze.ee\/et\/"},{"@type":"ListItem","position":2,"name":"Tooted","item":"https:\/\/kruze.ee\/et\/tooted\/"},{"@type":"ListItem","position":3,"name":"Craft meeste alusriiete komplekt"}]},{"@type":"WebSite","@id":"https:\/\/kruze.ee\/et\/#website","url":"https:\/\/kruze.ee\/et\/","name":"Kruze.ee","description":"Reklaamkingitused, tr&uuml;kiga T-s&auml;rgid, fliisid, dressipluused, tekstiil, joped ja paljud teised logoga meened, &Auml;rikingitused sinu partnerile! Telli juba t&auml;na.","potentialAction":[{"@type":"SearchAction","target":{"@type":"EntryPoint","urlTemplate":"https:\/\/kruze.ee\/et\/?s={search_term_string}"},"query-input":{"@type":"PropertyValueSpecification","valueRequired":true,"valueName":"search_term_string"}}],"inLanguage":"et"}]}},"_links":{"self":[{"href":"https:\/\/kruze.ee\/et\/wp-json\/wp\/v2\/product\/1444232","targetHints":{"allow":["GET"]}}],"collection":[{"href":"https:\/\/kruze.ee\/et\/wp-json\/wp\/v2\/product"}],"about":[{"href":"https:\/\/kruze.ee\/et\/wp-json\/wp\/v2\/types\/product"}],"wp:attachment":[{"href":"https:\/\/kruze.ee\/et\/wp-json\/wp\/v2\/media?parent=1444232"}],"wp:term":[{"taxonomy":"product_brand","embeddable":true,"href":"https:\/\/kruze.ee\/et\/wp-json\/wp\/v2\/product_brand?post=1444232"},{"taxonomy":"product_cat","embeddable":true,"href":"https:\/\/kruze.ee\/et\/wp-json\/wp\/v2\/product_cat?post=1444232"},{"taxonomy":"product_tag","embeddable":true,"href":"https:\/\/kruze.ee\/et\/wp-json\/wp\/v2\/product_tag?post=1444232"}],"curies":[{"name":"wp","href":"https:\/\/api.w.org\/{rel}","templated":true}]}}