{"id":1444014,"date":"2026-02-18T21:58:55","date_gmt":"2026-02-18T18:58:55","guid":{"rendered":"https:\/\/kruze.ee\/product\/craft-rush-treeningsark-naistele\/"},"modified":"2026-03-17T01:48:44","modified_gmt":"2026-03-16T22:48:44","slug":"craft-rush-treeningsark-naistele","status":"publish","type":"product","link":"https:\/\/kruze.ee\/et\/toode\/craft-rush-treeningsark-naistele\/","title":{"rendered":"Craft Rush treenings\u00e4rk naistele"},"content":{"rendered":"<p>Rush Top on kerge sporditopp, mis on valmistatud funktsionaalsest kangast, pakkudes head toestust ning t\u00f5husat niiskuse juhtimist ja jahutust. Sisek\u00fcljel on jersey-vooder, mis tagab optimaalse mugavuse. Ideaalne br\u00e4ndimiseks klubi-, sponsori- v\u00f5i ettev\u00f5tte logodega.<\/p>\n","protected":false},"excerpt":{"rendered":"<p>Rush Top on kerge sporditopp, mis on valmistatud funktsionaalsest kangast, pakkudes head toestust ning t\u00f5husat niiskuse juhtimist ja jahutust. Sisek\u00fcljel on&#8230;<\/p>\n","protected":false},"featured_media":0,"template":"","meta":[],"product_brand":[],"product_cat":[5377],"product_tag":[],"class_list":{"0":"post-1444014","1":"product","2":"type-product","3":"status-publish","5":"product_cat-spordiriided-logoga","6":"pa_brand-craft","7":"pa_color-erkpunane","8":"pa_color-koobaltsinine","9":"pa_color-black-2","10":"pa_color-roheline","11":"pa_color-tumesinine","12":"pa_color-valge","13":"pa_gender-naised","14":"pa_gender-women","15":"pa_material-86-polyester-14-elastane","16":"pa_size-xs","17":"pa_size-s","18":"pa_size-m","19":"pa_size-l","20":"pa_size-xl","21":"pa_size-2xl","23":"first","24":"instock","25":"taxable","26":"shipping-taxable","27":"purchasable","28":"product-type-variable"},"acf":[],"yoast_head":"<!-- This site is optimized with the Yoast SEO plugin v26.0 - https:\/\/yoast.com\/wordpress\/plugins\/seo\/ -->\n<title>Craft Rush treenings\u00e4rk naistele - Kruze.ee<\/title>\n<meta name=\"robots\" content=\"index, follow, max-snippet:-1, max-image-preview:large, max-video-preview:-1\" \/>\n<link rel=\"canonical\" href=\"https:\/\/kruze.ee\/et\/toode\/craft-rush-treeningsark-naistele\/\" \/>\n<meta property=\"og:locale\" content=\"et_EE\" \/>\n<meta property=\"og:type\" content=\"article\" \/>\n<meta property=\"og:title\" content=\"Craft Rush treenings\u00e4rk naistele - Kruze.ee\" \/>\n<meta property=\"og:description\" content=\"Rush Top on kerge sporditopp, mis on valmistatud funktsionaalsest kangast, pakkudes head toestust ning t\u00f5husat niiskuse juhtimist ja jahutust. Sisek\u00fcljel on...\" \/>\n<meta property=\"og:url\" content=\"https:\/\/kruze.ee\/et\/toode\/craft-rush-treeningsark-naistele\/\" \/>\n<meta property=\"og:site_name\" content=\"Kruze.ee\" \/>\n<meta property=\"article:modified_time\" content=\"2026-03-16T22:48:44+00:00\" \/>\n<meta name=\"twitter:card\" content=\"summary_large_image\" \/>\n<script type=\"application\/ld+json\" class=\"yoast-schema-graph\">{\"@context\":\"https:\/\/schema.org\",\"@graph\":[{\"@type\":\"WebPage\",\"@id\":\"https:\/\/kruze.ee\/et\/toode\/craft-rush-treeningsark-naistele\/\",\"url\":\"https:\/\/kruze.ee\/et\/toode\/craft-rush-treeningsark-naistele\/\",\"name\":\"Craft Rush treenings\u00e4rk naistele - Kruze.ee\",\"isPartOf\":{\"@id\":\"https:\/\/kruze.ee\/et\/#website\"},\"datePublished\":\"2026-02-18T18:58:55+00:00\",\"dateModified\":\"2026-03-16T22:48:44+00:00\",\"breadcrumb\":{\"@id\":\"https:\/\/kruze.ee\/et\/toode\/craft-rush-treeningsark-naistele\/#breadcrumb\"},\"inLanguage\":\"et\",\"potentialAction\":[{\"@type\":\"ReadAction\",\"target\":[\"https:\/\/kruze.ee\/et\/toode\/craft-rush-treeningsark-naistele\/\"]}]},{\"@type\":\"BreadcrumbList\",\"@id\":\"https:\/\/kruze.ee\/et\/toode\/craft-rush-treeningsark-naistele\/#breadcrumb\",\"itemListElement\":[{\"@type\":\"ListItem\",\"position\":1,\"name\":\"Home\",\"item\":\"https:\/\/kruze.ee\/et\/\"},{\"@type\":\"ListItem\",\"position\":2,\"name\":\"Tooted\",\"item\":\"https:\/\/kruze.ee\/et\/tooted\/\"},{\"@type\":\"ListItem\",\"position\":3,\"name\":\"Craft Rush treenings\u00e4rk naistele\"}]},{\"@type\":\"WebSite\",\"@id\":\"https:\/\/kruze.ee\/et\/#website\",\"url\":\"https:\/\/kruze.ee\/et\/\",\"name\":\"Kruze.ee\",\"description\":\"Reklaamkingitused, tr&uuml;kiga T-s&auml;rgid, fliisid, dressipluused, tekstiil, joped ja paljud teised logoga meened, &Auml;rikingitused sinu partnerile! Telli juba t&auml;na.\",\"potentialAction\":[{\"@type\":\"SearchAction\",\"target\":{\"@type\":\"EntryPoint\",\"urlTemplate\":\"https:\/\/kruze.ee\/et\/?s={search_term_string}\"},\"query-input\":{\"@type\":\"PropertyValueSpecification\",\"valueRequired\":true,\"valueName\":\"search_term_string\"}}],\"inLanguage\":\"et\"}]}<\/script>\n<!-- \/ Yoast SEO plugin. -->","yoast_head_json":{"title":"Craft Rush treenings\u00e4rk naistele - Kruze.ee","robots":{"index":"index","follow":"follow","max-snippet":"max-snippet:-1","max-image-preview":"max-image-preview:large","max-video-preview":"max-video-preview:-1"},"canonical":"https:\/\/kruze.ee\/et\/toode\/craft-rush-treeningsark-naistele\/","og_locale":"et_EE","og_type":"article","og_title":"Craft Rush treenings\u00e4rk naistele - Kruze.ee","og_description":"Rush Top on kerge sporditopp, mis on valmistatud funktsionaalsest kangast, pakkudes head toestust ning t\u00f5husat niiskuse juhtimist ja jahutust. Sisek\u00fcljel on...","og_url":"https:\/\/kruze.ee\/et\/toode\/craft-rush-treeningsark-naistele\/","og_site_name":"Kruze.ee","article_modified_time":"2026-03-16T22:48:44+00:00","twitter_card":"summary_large_image","schema":{"@context":"https:\/\/schema.org","@graph":[{"@type":"WebPage","@id":"https:\/\/kruze.ee\/et\/toode\/craft-rush-treeningsark-naistele\/","url":"https:\/\/kruze.ee\/et\/toode\/craft-rush-treeningsark-naistele\/","name":"Craft Rush treenings\u00e4rk naistele - Kruze.ee","isPartOf":{"@id":"https:\/\/kruze.ee\/et\/#website"},"datePublished":"2026-02-18T18:58:55+00:00","dateModified":"2026-03-16T22:48:44+00:00","breadcrumb":{"@id":"https:\/\/kruze.ee\/et\/toode\/craft-rush-treeningsark-naistele\/#breadcrumb"},"inLanguage":"et","potentialAction":[{"@type":"ReadAction","target":["https:\/\/kruze.ee\/et\/toode\/craft-rush-treeningsark-naistele\/"]}]},{"@type":"BreadcrumbList","@id":"https:\/\/kruze.ee\/et\/toode\/craft-rush-treeningsark-naistele\/#breadcrumb","itemListElement":[{"@type":"ListItem","position":1,"name":"Home","item":"https:\/\/kruze.ee\/et\/"},{"@type":"ListItem","position":2,"name":"Tooted","item":"https:\/\/kruze.ee\/et\/tooted\/"},{"@type":"ListItem","position":3,"name":"Craft Rush treenings\u00e4rk naistele"}]},{"@type":"WebSite","@id":"https:\/\/kruze.ee\/et\/#website","url":"https:\/\/kruze.ee\/et\/","name":"Kruze.ee","description":"Reklaamkingitused, tr&uuml;kiga T-s&auml;rgid, fliisid, dressipluused, tekstiil, joped ja paljud teised logoga meened, &Auml;rikingitused sinu partnerile! Telli juba t&auml;na.","potentialAction":[{"@type":"SearchAction","target":{"@type":"EntryPoint","urlTemplate":"https:\/\/kruze.ee\/et\/?s={search_term_string}"},"query-input":{"@type":"PropertyValueSpecification","valueRequired":true,"valueName":"search_term_string"}}],"inLanguage":"et"}]}},"_links":{"self":[{"href":"https:\/\/kruze.ee\/et\/wp-json\/wp\/v2\/product\/1444014","targetHints":{"allow":["GET"]}}],"collection":[{"href":"https:\/\/kruze.ee\/et\/wp-json\/wp\/v2\/product"}],"about":[{"href":"https:\/\/kruze.ee\/et\/wp-json\/wp\/v2\/types\/product"}],"wp:attachment":[{"href":"https:\/\/kruze.ee\/et\/wp-json\/wp\/v2\/media?parent=1444014"}],"wp:term":[{"taxonomy":"product_brand","embeddable":true,"href":"https:\/\/kruze.ee\/et\/wp-json\/wp\/v2\/product_brand?post=1444014"},{"taxonomy":"product_cat","embeddable":true,"href":"https:\/\/kruze.ee\/et\/wp-json\/wp\/v2\/product_cat?post=1444014"},{"taxonomy":"product_tag","embeddable":true,"href":"https:\/\/kruze.ee\/et\/wp-json\/wp\/v2\/product_tag?post=1444014"}],"curies":[{"name":"wp","href":"https:\/\/api.w.org\/{rel}","templated":true}]}}