{"id":1444006,"date":"2026-02-18T16:19:59","date_gmt":"2026-02-18T13:19:59","guid":{"rendered":"https:\/\/kruze.ee\/product\/seasons-doveron-500-ml-taaskasutatud-roostevabast-terasest-toidutermos\/"},"modified":"2026-03-17T01:49:04","modified_gmt":"2026-03-16T22:49:04","slug":"seasons-doveron-500-ml-taaskasutatud-roostevabast-terasest-toidutermos","status":"publish","type":"product","link":"https:\/\/kruze.ee\/et\/toode\/seasons-doveron-500-ml-taaskasutatud-roostevabast-terasest-toidutermos\/","title":{"rendered":"Seasons Doveron 500 ml taaskasutatud roostevabast terasest toidutermos"},"content":{"rendered":"<p>Doveron toidutermos on valmistatud taaskasutatud roostevabast terasest, muutes selle plastist ja \u00fchekordsetest l\u00f5unakarpidest keskkonnas\u00f5bralikumaks valikuks. Hoiab toitu soojana umbes 8 tundi v\u00f5i k\u00fclmana umbes 24 tundi. Iga termos on pakendatud taaskasutatud pol\u00fckotti ning seej\u00e4rel asetatud taaskasutatud j\u00f5upaberist karpi. Toode ei sobi kasutamiseks n\u00f5udepesumasinas ega mikrolaineahjus. Mahutavus: 500 ml.<\/p>\n","protected":false},"excerpt":{"rendered":"<p>Doveron toidutermos on valmistatud taaskasutatud roostevabast terasest, muutes selle plastist ja \u00fchekordsetest l\u00f5unakarpidest keskkonnas\u00f5bralikumaks valikuks&#8230;.<\/p>\n","protected":false},"featured_media":0,"template":"","meta":[],"product_brand":[],"product_cat":[5420,5436],"product_tag":[],"class_list":{"0":"post-1444006","1":"product","2":"type-product","3":"status-publish","5":"product_cat-termosed","6":"product_cat-koogitarbed","7":"pa_brand-seasons","8":"pa_color-jaasinine","9":"pa_color-meleeritud-roheline","10":"pa_color-black-2","11":"pa_color-valge","12":"pa_gender-uniseks","13":"pa_gender-unisex","16":"pa_material-80-recycled-stainless-steel-20-pp-plastic","18":"first","19":"instock","20":"taxable","21":"shipping-taxable","22":"purchasable","23":"product-type-variable"},"acf":[],"yoast_head":"<!-- This site is optimized with the Yoast SEO plugin v26.0 - https:\/\/yoast.com\/wordpress\/plugins\/seo\/ -->\n<title>Seasons Doveron 500 ml taaskasutatud roostevabast terasest toidutermos - Kruze.ee<\/title>\n<meta name=\"robots\" content=\"index, follow, max-snippet:-1, max-image-preview:large, max-video-preview:-1\" \/>\n<link rel=\"canonical\" href=\"https:\/\/kruze.ee\/et\/toode\/seasons-doveron-500-ml-taaskasutatud-roostevabast-terasest-toidutermos\/\" \/>\n<meta property=\"og:locale\" content=\"et_EE\" \/>\n<meta property=\"og:type\" content=\"article\" \/>\n<meta property=\"og:title\" content=\"Seasons Doveron 500 ml taaskasutatud roostevabast terasest toidutermos - Kruze.ee\" \/>\n<meta property=\"og:description\" content=\"Doveron toidutermos on valmistatud taaskasutatud roostevabast terasest, muutes selle plastist ja \u00fchekordsetest l\u00f5unakarpidest keskkonnas\u00f5bralikumaks valikuks....\" \/>\n<meta property=\"og:url\" content=\"https:\/\/kruze.ee\/et\/toode\/seasons-doveron-500-ml-taaskasutatud-roostevabast-terasest-toidutermos\/\" \/>\n<meta property=\"og:site_name\" content=\"Kruze.ee\" \/>\n<meta property=\"article:modified_time\" content=\"2026-03-16T22:49:04+00:00\" \/>\n<meta name=\"twitter:card\" content=\"summary_large_image\" \/>\n<meta name=\"twitter:label1\" content=\"Est. reading time\" \/>\n\t<meta name=\"twitter:data1\" content=\"1 minut\" \/>\n<script type=\"application\/ld+json\" class=\"yoast-schema-graph\">{\"@context\":\"https:\/\/schema.org\",\"@graph\":[{\"@type\":\"WebPage\",\"@id\":\"https:\/\/kruze.ee\/et\/toode\/seasons-doveron-500-ml-taaskasutatud-roostevabast-terasest-toidutermos\/\",\"url\":\"https:\/\/kruze.ee\/et\/toode\/seasons-doveron-500-ml-taaskasutatud-roostevabast-terasest-toidutermos\/\",\"name\":\"Seasons Doveron 500 ml taaskasutatud roostevabast terasest toidutermos - Kruze.ee\",\"isPartOf\":{\"@id\":\"https:\/\/kruze.ee\/et\/#website\"},\"datePublished\":\"2026-02-18T13:19:59+00:00\",\"dateModified\":\"2026-03-16T22:49:04+00:00\",\"breadcrumb\":{\"@id\":\"https:\/\/kruze.ee\/et\/toode\/seasons-doveron-500-ml-taaskasutatud-roostevabast-terasest-toidutermos\/#breadcrumb\"},\"inLanguage\":\"et\",\"potentialAction\":[{\"@type\":\"ReadAction\",\"target\":[\"https:\/\/kruze.ee\/et\/toode\/seasons-doveron-500-ml-taaskasutatud-roostevabast-terasest-toidutermos\/\"]}]},{\"@type\":\"BreadcrumbList\",\"@id\":\"https:\/\/kruze.ee\/et\/toode\/seasons-doveron-500-ml-taaskasutatud-roostevabast-terasest-toidutermos\/#breadcrumb\",\"itemListElement\":[{\"@type\":\"ListItem\",\"position\":1,\"name\":\"Home\",\"item\":\"https:\/\/kruze.ee\/et\/\"},{\"@type\":\"ListItem\",\"position\":2,\"name\":\"Tooted\",\"item\":\"https:\/\/kruze.ee\/et\/tooted\/\"},{\"@type\":\"ListItem\",\"position\":3,\"name\":\"Seasons Doveron 500 ml taaskasutatud roostevabast terasest toidutermos\"}]},{\"@type\":\"WebSite\",\"@id\":\"https:\/\/kruze.ee\/et\/#website\",\"url\":\"https:\/\/kruze.ee\/et\/\",\"name\":\"Kruze.ee\",\"description\":\"Reklaamkingitused, tr&uuml;kiga T-s&auml;rgid, fliisid, dressipluused, tekstiil, joped ja paljud teised logoga meened, &Auml;rikingitused sinu partnerile! Telli juba t&auml;na.\",\"potentialAction\":[{\"@type\":\"SearchAction\",\"target\":{\"@type\":\"EntryPoint\",\"urlTemplate\":\"https:\/\/kruze.ee\/et\/?s={search_term_string}\"},\"query-input\":{\"@type\":\"PropertyValueSpecification\",\"valueRequired\":true,\"valueName\":\"search_term_string\"}}],\"inLanguage\":\"et\"}]}<\/script>\n<!-- \/ Yoast SEO plugin. -->","yoast_head_json":{"title":"Seasons Doveron 500 ml taaskasutatud roostevabast terasest toidutermos - Kruze.ee","robots":{"index":"index","follow":"follow","max-snippet":"max-snippet:-1","max-image-preview":"max-image-preview:large","max-video-preview":"max-video-preview:-1"},"canonical":"https:\/\/kruze.ee\/et\/toode\/seasons-doveron-500-ml-taaskasutatud-roostevabast-terasest-toidutermos\/","og_locale":"et_EE","og_type":"article","og_title":"Seasons Doveron 500 ml taaskasutatud roostevabast terasest toidutermos - Kruze.ee","og_description":"Doveron toidutermos on valmistatud taaskasutatud roostevabast terasest, muutes selle plastist ja \u00fchekordsetest l\u00f5unakarpidest keskkonnas\u00f5bralikumaks valikuks....","og_url":"https:\/\/kruze.ee\/et\/toode\/seasons-doveron-500-ml-taaskasutatud-roostevabast-terasest-toidutermos\/","og_site_name":"Kruze.ee","article_modified_time":"2026-03-16T22:49:04+00:00","twitter_card":"summary_large_image","twitter_misc":{"Est. reading time":"1 minut"},"schema":{"@context":"https:\/\/schema.org","@graph":[{"@type":"WebPage","@id":"https:\/\/kruze.ee\/et\/toode\/seasons-doveron-500-ml-taaskasutatud-roostevabast-terasest-toidutermos\/","url":"https:\/\/kruze.ee\/et\/toode\/seasons-doveron-500-ml-taaskasutatud-roostevabast-terasest-toidutermos\/","name":"Seasons Doveron 500 ml taaskasutatud roostevabast terasest toidutermos - Kruze.ee","isPartOf":{"@id":"https:\/\/kruze.ee\/et\/#website"},"datePublished":"2026-02-18T13:19:59+00:00","dateModified":"2026-03-16T22:49:04+00:00","breadcrumb":{"@id":"https:\/\/kruze.ee\/et\/toode\/seasons-doveron-500-ml-taaskasutatud-roostevabast-terasest-toidutermos\/#breadcrumb"},"inLanguage":"et","potentialAction":[{"@type":"ReadAction","target":["https:\/\/kruze.ee\/et\/toode\/seasons-doveron-500-ml-taaskasutatud-roostevabast-terasest-toidutermos\/"]}]},{"@type":"BreadcrumbList","@id":"https:\/\/kruze.ee\/et\/toode\/seasons-doveron-500-ml-taaskasutatud-roostevabast-terasest-toidutermos\/#breadcrumb","itemListElement":[{"@type":"ListItem","position":1,"name":"Home","item":"https:\/\/kruze.ee\/et\/"},{"@type":"ListItem","position":2,"name":"Tooted","item":"https:\/\/kruze.ee\/et\/tooted\/"},{"@type":"ListItem","position":3,"name":"Seasons Doveron 500 ml taaskasutatud roostevabast terasest toidutermos"}]},{"@type":"WebSite","@id":"https:\/\/kruze.ee\/et\/#website","url":"https:\/\/kruze.ee\/et\/","name":"Kruze.ee","description":"Reklaamkingitused, tr&uuml;kiga T-s&auml;rgid, fliisid, dressipluused, tekstiil, joped ja paljud teised logoga meened, &Auml;rikingitused sinu partnerile! Telli juba t&auml;na.","potentialAction":[{"@type":"SearchAction","target":{"@type":"EntryPoint","urlTemplate":"https:\/\/kruze.ee\/et\/?s={search_term_string}"},"query-input":{"@type":"PropertyValueSpecification","valueRequired":true,"valueName":"search_term_string"}}],"inLanguage":"et"}]}},"_links":{"self":[{"href":"https:\/\/kruze.ee\/et\/wp-json\/wp\/v2\/product\/1444006","targetHints":{"allow":["GET"]}}],"collection":[{"href":"https:\/\/kruze.ee\/et\/wp-json\/wp\/v2\/product"}],"about":[{"href":"https:\/\/kruze.ee\/et\/wp-json\/wp\/v2\/types\/product"}],"wp:attachment":[{"href":"https:\/\/kruze.ee\/et\/wp-json\/wp\/v2\/media?parent=1444006"}],"wp:term":[{"taxonomy":"product_brand","embeddable":true,"href":"https:\/\/kruze.ee\/et\/wp-json\/wp\/v2\/product_brand?post=1444006"},{"taxonomy":"product_cat","embeddable":true,"href":"https:\/\/kruze.ee\/et\/wp-json\/wp\/v2\/product_cat?post=1444006"},{"taxonomy":"product_tag","embeddable":true,"href":"https:\/\/kruze.ee\/et\/wp-json\/wp\/v2\/product_tag?post=1444006"}],"curies":[{"name":"wp","href":"https:\/\/api.w.org\/{rel}","templated":true}]}}