{"id":1443866,"date":"2026-02-09T18:24:44","date_gmt":"2026-02-09T15:24:44","guid":{"rendered":"https:\/\/kruze.ee\/product\/kazu-aware-rpet-vabaaja-spordikott\/"},"modified":"2026-03-17T00:56:16","modified_gmt":"2026-03-16T21:56:16","slug":"kazu-aware-rpet-vabaaja-spordikott","status":"publish","type":"product","link":"https:\/\/kruze.ee\/et\/toode\/kazu-aware-rpet-vabaaja-spordikott\/","title":{"rendered":"Kazu AWARE\u2122 RPET vabaaja\/ spordikott"},"content":{"rendered":"<p>Ideaalne nii j\u00f5usaali kui ka l\u00fchikeseks v\u00e4ljas\u00f5iduks \u2013 see spordikott pakub maksimaalset mugavust. Ruumikas disain tagab lihtsa ligip\u00e4\u00e4su k\u00f5igele vajalikule ning lukuga esitasku aitab hoida asjad paremini organiseerituna. T\u00e4nu mitmek\u00fclgsetele kanderihmadele saad kotti kanda just endale sobival viisil. Valmistatud 100% taaskasutatud pol\u00fcestrist<\/p>\n","protected":false},"excerpt":{"rendered":"<p>Ideaalne nii j\u00f5usaali kui ka l\u00fchikeseks v\u00e4ljas\u00f5iduks \u2013 see spordikott pakub maksimaalset mugavust. Ruumikas disain tagab lihtsa ligip\u00e4\u00e4su k\u00f5igele vajalikule&#8230;<\/p>\n","protected":false},"featured_media":0,"template":"","meta":[],"product_brand":[],"product_cat":[5393],"product_tag":[],"class_list":{"0":"post-1443866","1":"product","2":"type-product","3":"status-publish","5":"product_cat-spordi-ja-reisikotid","6":"pa_brand-xd-collection","7":"pa_color-hall","8":"pa_color-black-2","9":"pa_color-roheline","10":"pa_color-blue-2","11":"pa_color-valge","12":"pa_gender-uniseks","13":"pa_gender-unisex","16":"pa_material-rpetrpet","18":"first","19":"instock","20":"taxable","21":"shipping-taxable","22":"purchasable","23":"product-type-variable"},"acf":[],"yoast_head":"<!-- This site is optimized with the Yoast SEO plugin v26.0 - https:\/\/yoast.com\/wordpress\/plugins\/seo\/ -->\n<title>Kazu AWARE\u2122 RPET vabaaja\/ spordikott - Kruze.ee<\/title>\n<meta name=\"robots\" content=\"index, follow, max-snippet:-1, max-image-preview:large, max-video-preview:-1\" \/>\n<link rel=\"canonical\" href=\"https:\/\/kruze.ee\/et\/toode\/kazu-aware-rpet-vabaaja-spordikott\/\" \/>\n<meta property=\"og:locale\" content=\"et_EE\" \/>\n<meta property=\"og:type\" content=\"article\" \/>\n<meta property=\"og:title\" content=\"Kazu AWARE\u2122 RPET vabaaja\/ spordikott - Kruze.ee\" \/>\n<meta property=\"og:description\" content=\"Ideaalne nii j\u00f5usaali kui ka l\u00fchikeseks v\u00e4ljas\u00f5iduks \u2013 see spordikott pakub maksimaalset mugavust. Ruumikas disain tagab lihtsa ligip\u00e4\u00e4su k\u00f5igele vajalikule...\" \/>\n<meta property=\"og:url\" content=\"https:\/\/kruze.ee\/et\/toode\/kazu-aware-rpet-vabaaja-spordikott\/\" \/>\n<meta property=\"og:site_name\" content=\"Kruze.ee\" \/>\n<meta property=\"article:modified_time\" content=\"2026-03-16T21:56:16+00:00\" \/>\n<meta name=\"twitter:card\" content=\"summary_large_image\" \/>\n<script type=\"application\/ld+json\" class=\"yoast-schema-graph\">{\"@context\":\"https:\/\/schema.org\",\"@graph\":[{\"@type\":\"WebPage\",\"@id\":\"https:\/\/kruze.ee\/et\/toode\/kazu-aware-rpet-vabaaja-spordikott\/\",\"url\":\"https:\/\/kruze.ee\/et\/toode\/kazu-aware-rpet-vabaaja-spordikott\/\",\"name\":\"Kazu AWARE\u2122 RPET vabaaja\/ spordikott - Kruze.ee\",\"isPartOf\":{\"@id\":\"https:\/\/kruze.ee\/et\/#website\"},\"datePublished\":\"2026-02-09T15:24:44+00:00\",\"dateModified\":\"2026-03-16T21:56:16+00:00\",\"breadcrumb\":{\"@id\":\"https:\/\/kruze.ee\/et\/toode\/kazu-aware-rpet-vabaaja-spordikott\/#breadcrumb\"},\"inLanguage\":\"et\",\"potentialAction\":[{\"@type\":\"ReadAction\",\"target\":[\"https:\/\/kruze.ee\/et\/toode\/kazu-aware-rpet-vabaaja-spordikott\/\"]}]},{\"@type\":\"BreadcrumbList\",\"@id\":\"https:\/\/kruze.ee\/et\/toode\/kazu-aware-rpet-vabaaja-spordikott\/#breadcrumb\",\"itemListElement\":[{\"@type\":\"ListItem\",\"position\":1,\"name\":\"Home\",\"item\":\"https:\/\/kruze.ee\/et\/\"},{\"@type\":\"ListItem\",\"position\":2,\"name\":\"Tooted\",\"item\":\"https:\/\/kruze.ee\/et\/tooted\/\"},{\"@type\":\"ListItem\",\"position\":3,\"name\":\"Kazu AWARE\u2122 RPET vabaaja\/ spordikott\"}]},{\"@type\":\"WebSite\",\"@id\":\"https:\/\/kruze.ee\/et\/#website\",\"url\":\"https:\/\/kruze.ee\/et\/\",\"name\":\"Kruze.ee\",\"description\":\"Reklaamkingitused, tr&uuml;kiga T-s&auml;rgid, fliisid, dressipluused, tekstiil, joped ja paljud teised logoga meened, &Auml;rikingitused sinu partnerile! Telli juba t&auml;na.\",\"potentialAction\":[{\"@type\":\"SearchAction\",\"target\":{\"@type\":\"EntryPoint\",\"urlTemplate\":\"https:\/\/kruze.ee\/et\/?s={search_term_string}\"},\"query-input\":{\"@type\":\"PropertyValueSpecification\",\"valueRequired\":true,\"valueName\":\"search_term_string\"}}],\"inLanguage\":\"et\"}]}<\/script>\n<!-- \/ Yoast SEO plugin. -->","yoast_head_json":{"title":"Kazu AWARE\u2122 RPET vabaaja\/ spordikott - Kruze.ee","robots":{"index":"index","follow":"follow","max-snippet":"max-snippet:-1","max-image-preview":"max-image-preview:large","max-video-preview":"max-video-preview:-1"},"canonical":"https:\/\/kruze.ee\/et\/toode\/kazu-aware-rpet-vabaaja-spordikott\/","og_locale":"et_EE","og_type":"article","og_title":"Kazu AWARE\u2122 RPET vabaaja\/ spordikott - Kruze.ee","og_description":"Ideaalne nii j\u00f5usaali kui ka l\u00fchikeseks v\u00e4ljas\u00f5iduks \u2013 see spordikott pakub maksimaalset mugavust. Ruumikas disain tagab lihtsa ligip\u00e4\u00e4su k\u00f5igele vajalikule...","og_url":"https:\/\/kruze.ee\/et\/toode\/kazu-aware-rpet-vabaaja-spordikott\/","og_site_name":"Kruze.ee","article_modified_time":"2026-03-16T21:56:16+00:00","twitter_card":"summary_large_image","schema":{"@context":"https:\/\/schema.org","@graph":[{"@type":"WebPage","@id":"https:\/\/kruze.ee\/et\/toode\/kazu-aware-rpet-vabaaja-spordikott\/","url":"https:\/\/kruze.ee\/et\/toode\/kazu-aware-rpet-vabaaja-spordikott\/","name":"Kazu AWARE\u2122 RPET vabaaja\/ spordikott - Kruze.ee","isPartOf":{"@id":"https:\/\/kruze.ee\/et\/#website"},"datePublished":"2026-02-09T15:24:44+00:00","dateModified":"2026-03-16T21:56:16+00:00","breadcrumb":{"@id":"https:\/\/kruze.ee\/et\/toode\/kazu-aware-rpet-vabaaja-spordikott\/#breadcrumb"},"inLanguage":"et","potentialAction":[{"@type":"ReadAction","target":["https:\/\/kruze.ee\/et\/toode\/kazu-aware-rpet-vabaaja-spordikott\/"]}]},{"@type":"BreadcrumbList","@id":"https:\/\/kruze.ee\/et\/toode\/kazu-aware-rpet-vabaaja-spordikott\/#breadcrumb","itemListElement":[{"@type":"ListItem","position":1,"name":"Home","item":"https:\/\/kruze.ee\/et\/"},{"@type":"ListItem","position":2,"name":"Tooted","item":"https:\/\/kruze.ee\/et\/tooted\/"},{"@type":"ListItem","position":3,"name":"Kazu AWARE\u2122 RPET vabaaja\/ spordikott"}]},{"@type":"WebSite","@id":"https:\/\/kruze.ee\/et\/#website","url":"https:\/\/kruze.ee\/et\/","name":"Kruze.ee","description":"Reklaamkingitused, tr&uuml;kiga T-s&auml;rgid, fliisid, dressipluused, tekstiil, joped ja paljud teised logoga meened, &Auml;rikingitused sinu partnerile! Telli juba t&auml;na.","potentialAction":[{"@type":"SearchAction","target":{"@type":"EntryPoint","urlTemplate":"https:\/\/kruze.ee\/et\/?s={search_term_string}"},"query-input":{"@type":"PropertyValueSpecification","valueRequired":true,"valueName":"search_term_string"}}],"inLanguage":"et"}]}},"_links":{"self":[{"href":"https:\/\/kruze.ee\/et\/wp-json\/wp\/v2\/product\/1443866","targetHints":{"allow":["GET"]}}],"collection":[{"href":"https:\/\/kruze.ee\/et\/wp-json\/wp\/v2\/product"}],"about":[{"href":"https:\/\/kruze.ee\/et\/wp-json\/wp\/v2\/types\/product"}],"wp:attachment":[{"href":"https:\/\/kruze.ee\/et\/wp-json\/wp\/v2\/media?parent=1443866"}],"wp:term":[{"taxonomy":"product_brand","embeddable":true,"href":"https:\/\/kruze.ee\/et\/wp-json\/wp\/v2\/product_brand?post=1443866"},{"taxonomy":"product_cat","embeddable":true,"href":"https:\/\/kruze.ee\/et\/wp-json\/wp\/v2\/product_cat?post=1443866"},{"taxonomy":"product_tag","embeddable":true,"href":"https:\/\/kruze.ee\/et\/wp-json\/wp\/v2\/product_tag?post=1443866"}],"curies":[{"name":"wp","href":"https:\/\/api.w.org\/{rel}","templated":true}]}}