{"id":1443852,"date":"2026-02-09T18:24:36","date_gmt":"2026-02-09T15:24:36","guid":{"rendered":"https:\/\/kruze.ee\/product\/smooth-pukott\/"},"modified":"2026-03-17T00:56:09","modified_gmt":"2026-03-16T21:56:09","slug":"smooth-pukott","status":"publish","type":"product","link":"https:\/\/kruze.ee\/et\/toode\/smooth-pukott\/","title":{"rendered":"Smooth PUkott"},"content":{"rendered":"<p>Siledast PU-materjalist spordikott sobib nii igap\u00e4evasteks j\u00f5usaalik\u00fclastusteks kui ka l\u00fchikeseks n\u00e4dalal\u00f5pureisiks. Karbikujuline minimalistlik disain annab kotile modernse ja puhta ilme. Kotil on v\u00e4line esitasku, sisetasku ning mahukas p\u00f5hisahtel. K\u00fcljel asub mugav eraldi jalan\u00f5ude sahtel. Kotti saab kanda \u00f5lal v\u00f5i risti \u00fcle keha reguleeritava kangast \u00f5larihmaga v\u00f5i k\u00e4es tugevate sangade abil. V\u00e4lismaterjal 100% PU, sisematerjal 100% 210D pol\u00fcester. PVC-vaba.<\/p>\n","protected":false},"excerpt":{"rendered":"<p>Siledast PU-materjalist spordikott sobib nii igap\u00e4evasteks j\u00f5usaalik\u00fclastusteks kui ka l\u00fchikeseks n\u00e4dalal\u00f5pureisiks. Karbikujuline minimalistlik disain annab&#8230;<\/p>\n","protected":false},"featured_media":0,"template":"","meta":[],"product_brand":[],"product_cat":[5393],"product_tag":[],"class_list":{"0":"post-1443852","1":"product","2":"type-product","3":"status-publish","5":"product_cat-spordi-ja-reisikotid","6":"pa_brand-xd-collection","7":"pa_color-black-2","8":"pa_color-blue-2","9":"pa_gender-uniseks","10":"pa_gender-unisex","13":"pa_material-polyurethanepolyester","15":"first","16":"instock","17":"taxable","18":"shipping-taxable","19":"purchasable","20":"product-type-variable"},"acf":[],"yoast_head":"<!-- This site is optimized with the Yoast SEO plugin v26.0 - https:\/\/yoast.com\/wordpress\/plugins\/seo\/ -->\n<title>Smooth PUkott - Kruze.ee<\/title>\n<meta name=\"robots\" content=\"index, follow, max-snippet:-1, max-image-preview:large, max-video-preview:-1\" \/>\n<link rel=\"canonical\" href=\"https:\/\/kruze.ee\/et\/toode\/smooth-pukott\/\" \/>\n<meta property=\"og:locale\" content=\"et_EE\" \/>\n<meta property=\"og:type\" content=\"article\" \/>\n<meta property=\"og:title\" content=\"Smooth PUkott - Kruze.ee\" \/>\n<meta property=\"og:description\" content=\"Siledast PU-materjalist spordikott sobib nii igap\u00e4evasteks j\u00f5usaalik\u00fclastusteks kui ka l\u00fchikeseks n\u00e4dalal\u00f5pureisiks. Karbikujuline minimalistlik disain annab...\" \/>\n<meta property=\"og:url\" content=\"https:\/\/kruze.ee\/et\/toode\/smooth-pukott\/\" \/>\n<meta property=\"og:site_name\" content=\"Kruze.ee\" \/>\n<meta property=\"article:modified_time\" content=\"2026-03-16T21:56:09+00:00\" \/>\n<meta name=\"twitter:card\" content=\"summary_large_image\" \/>\n<script type=\"application\/ld+json\" class=\"yoast-schema-graph\">{\"@context\":\"https:\/\/schema.org\",\"@graph\":[{\"@type\":\"WebPage\",\"@id\":\"https:\/\/kruze.ee\/et\/toode\/smooth-pukott\/\",\"url\":\"https:\/\/kruze.ee\/et\/toode\/smooth-pukott\/\",\"name\":\"Smooth PUkott - Kruze.ee\",\"isPartOf\":{\"@id\":\"https:\/\/kruze.ee\/et\/#website\"},\"datePublished\":\"2026-02-09T15:24:36+00:00\",\"dateModified\":\"2026-03-16T21:56:09+00:00\",\"breadcrumb\":{\"@id\":\"https:\/\/kruze.ee\/et\/toode\/smooth-pukott\/#breadcrumb\"},\"inLanguage\":\"et\",\"potentialAction\":[{\"@type\":\"ReadAction\",\"target\":[\"https:\/\/kruze.ee\/et\/toode\/smooth-pukott\/\"]}]},{\"@type\":\"BreadcrumbList\",\"@id\":\"https:\/\/kruze.ee\/et\/toode\/smooth-pukott\/#breadcrumb\",\"itemListElement\":[{\"@type\":\"ListItem\",\"position\":1,\"name\":\"Home\",\"item\":\"https:\/\/kruze.ee\/et\/\"},{\"@type\":\"ListItem\",\"position\":2,\"name\":\"Tooted\",\"item\":\"https:\/\/kruze.ee\/et\/tooted\/\"},{\"@type\":\"ListItem\",\"position\":3,\"name\":\"Smooth PUkott\"}]},{\"@type\":\"WebSite\",\"@id\":\"https:\/\/kruze.ee\/et\/#website\",\"url\":\"https:\/\/kruze.ee\/et\/\",\"name\":\"Kruze.ee\",\"description\":\"Reklaamkingitused, tr&uuml;kiga T-s&auml;rgid, fliisid, dressipluused, tekstiil, joped ja paljud teised logoga meened, &Auml;rikingitused sinu partnerile! Telli juba t&auml;na.\",\"potentialAction\":[{\"@type\":\"SearchAction\",\"target\":{\"@type\":\"EntryPoint\",\"urlTemplate\":\"https:\/\/kruze.ee\/et\/?s={search_term_string}\"},\"query-input\":{\"@type\":\"PropertyValueSpecification\",\"valueRequired\":true,\"valueName\":\"search_term_string\"}}],\"inLanguage\":\"et\"}]}<\/script>\n<!-- \/ Yoast SEO plugin. -->","yoast_head_json":{"title":"Smooth PUkott - Kruze.ee","robots":{"index":"index","follow":"follow","max-snippet":"max-snippet:-1","max-image-preview":"max-image-preview:large","max-video-preview":"max-video-preview:-1"},"canonical":"https:\/\/kruze.ee\/et\/toode\/smooth-pukott\/","og_locale":"et_EE","og_type":"article","og_title":"Smooth PUkott - Kruze.ee","og_description":"Siledast PU-materjalist spordikott sobib nii igap\u00e4evasteks j\u00f5usaalik\u00fclastusteks kui ka l\u00fchikeseks n\u00e4dalal\u00f5pureisiks. Karbikujuline minimalistlik disain annab...","og_url":"https:\/\/kruze.ee\/et\/toode\/smooth-pukott\/","og_site_name":"Kruze.ee","article_modified_time":"2026-03-16T21:56:09+00:00","twitter_card":"summary_large_image","schema":{"@context":"https:\/\/schema.org","@graph":[{"@type":"WebPage","@id":"https:\/\/kruze.ee\/et\/toode\/smooth-pukott\/","url":"https:\/\/kruze.ee\/et\/toode\/smooth-pukott\/","name":"Smooth PUkott - Kruze.ee","isPartOf":{"@id":"https:\/\/kruze.ee\/et\/#website"},"datePublished":"2026-02-09T15:24:36+00:00","dateModified":"2026-03-16T21:56:09+00:00","breadcrumb":{"@id":"https:\/\/kruze.ee\/et\/toode\/smooth-pukott\/#breadcrumb"},"inLanguage":"et","potentialAction":[{"@type":"ReadAction","target":["https:\/\/kruze.ee\/et\/toode\/smooth-pukott\/"]}]},{"@type":"BreadcrumbList","@id":"https:\/\/kruze.ee\/et\/toode\/smooth-pukott\/#breadcrumb","itemListElement":[{"@type":"ListItem","position":1,"name":"Home","item":"https:\/\/kruze.ee\/et\/"},{"@type":"ListItem","position":2,"name":"Tooted","item":"https:\/\/kruze.ee\/et\/tooted\/"},{"@type":"ListItem","position":3,"name":"Smooth PUkott"}]},{"@type":"WebSite","@id":"https:\/\/kruze.ee\/et\/#website","url":"https:\/\/kruze.ee\/et\/","name":"Kruze.ee","description":"Reklaamkingitused, tr&uuml;kiga T-s&auml;rgid, fliisid, dressipluused, tekstiil, joped ja paljud teised logoga meened, &Auml;rikingitused sinu partnerile! Telli juba t&auml;na.","potentialAction":[{"@type":"SearchAction","target":{"@type":"EntryPoint","urlTemplate":"https:\/\/kruze.ee\/et\/?s={search_term_string}"},"query-input":{"@type":"PropertyValueSpecification","valueRequired":true,"valueName":"search_term_string"}}],"inLanguage":"et"}]}},"_links":{"self":[{"href":"https:\/\/kruze.ee\/et\/wp-json\/wp\/v2\/product\/1443852","targetHints":{"allow":["GET"]}}],"collection":[{"href":"https:\/\/kruze.ee\/et\/wp-json\/wp\/v2\/product"}],"about":[{"href":"https:\/\/kruze.ee\/et\/wp-json\/wp\/v2\/types\/product"}],"wp:attachment":[{"href":"https:\/\/kruze.ee\/et\/wp-json\/wp\/v2\/media?parent=1443852"}],"wp:term":[{"taxonomy":"product_brand","embeddable":true,"href":"https:\/\/kruze.ee\/et\/wp-json\/wp\/v2\/product_brand?post=1443852"},{"taxonomy":"product_cat","embeddable":true,"href":"https:\/\/kruze.ee\/et\/wp-json\/wp\/v2\/product_cat?post=1443852"},{"taxonomy":"product_tag","embeddable":true,"href":"https:\/\/kruze.ee\/et\/wp-json\/wp\/v2\/product_tag?post=1443852"}],"curies":[{"name":"wp","href":"https:\/\/api.w.org\/{rel}","templated":true}]}}