{"id":1443724,"date":"2026-02-09T17:30:49","date_gmt":"2026-02-09T14:30:49","guid":{"rendered":"https:\/\/kruze.ee\/product\/avira-avior-rcs-re-steel-bottle-1-l-eesti-keelesavira-avior-rcs-taaskasutatud-roostevabast-terasest-pudel-1-l\/"},"modified":"2026-03-17T00:54:07","modified_gmt":"2026-03-16T21:54:07","slug":"avira-avior-rcs-re-steel-bottle-1-l-eesti-keelesavira-avior-rcs-taaskasutatud-roostevabast-terasest-pudel-1-l","status":"publish","type":"product","link":"https:\/\/kruze.ee\/et\/toode\/avira-avior-rcs-re-steel-bottle-1-l-eesti-keelesavira-avior-rcs-taaskasutatud-roostevabast-terasest-pudel-1-l\/","title":{"rendered":"Avira Avior RCS Re-steel bottle 1 L eesti keeles:\n\nAvira Avior RCS taaskasutatud roostevabast terasest pudel 1 L"},"content":{"rendered":"<p>Avior RCS taaskasutatud roostevabast terasest vaakumpudel on loodud selleks, et saaksid oma jooke nautida v\u00f5imalikult kaua. Topeltseinaga taaskasutatud roostevabast terasest vaakumkonstruktsioon hoiab joogi k\u00fclmana kuni 20 tundi v\u00f5i soojana kuni 10 tundi. Pudel sobib enamiku standardsete auto topsihoidjatega, et saaksid selle k\u00f5ikjale kaasa v\u00f5tta. Valmistatud RCS (Recycled Claim Standard) sertifikaadiga taaskasutatud materjalidest. RCS-sertifikaat tagab t\u00e4ielikult sertifitseeritud tarneahela taaskasutatud materjalidele. Taaskasutatud materjali osakaal: 86% toote kogukaalust. BPA-vaba. Mahutavus 1000 ml. Komplektis FSC\u00ae-sertifikaadiga kraftpakend. Karbi saab taaskasutada n\u00e4iteks telefonihoidja v\u00f5i pliiatsitopsina.<\/p>\n","protected":false},"excerpt":{"rendered":"<p>Avior RCS taaskasutatud roostevabast terasest vaakumpudel on loodud selleks, et saaksid oma jooke nautida v\u00f5imalikult kaua. Topeltseinaga taaskasutatud&#8230;<\/p>\n","protected":false},"featured_media":0,"template":"","meta":[],"product_brand":[],"product_cat":[5419],"product_tag":[],"class_list":{"0":"post-1443724","1":"product","2":"type-product","3":"status-publish","5":"product_cat-joogipudelid","6":"pa_brand-avira-2","7":"pa_color-hobe","8":"pa_color-purple-2","9":"pa_color-black-2","10":"pa_color-blue-2","11":"pa_color-valge","12":"pa_gender-uniseks","13":"pa_gender-unisex","16":"pa_material-recycled-stainless-steelrecycled-polypropylene","18":"first","19":"instock","20":"taxable","21":"shipping-taxable","22":"purchasable","23":"product-type-variable"},"acf":[],"yoast_head":"<!-- This site is optimized with the Yoast SEO plugin v26.0 - https:\/\/yoast.com\/wordpress\/plugins\/seo\/ -->\n<title>Avira Avior RCS Re-steel bottle 1 L eesti keeles: Avira Avior RCS taaskasutatud roostevabast terasest pudel 1 L - Kruze.ee<\/title>\n<meta name=\"robots\" content=\"index, follow, max-snippet:-1, max-image-preview:large, max-video-preview:-1\" \/>\n<link rel=\"canonical\" href=\"https:\/\/kruze.ee\/et\/toode\/avira-avior-rcs-re-steel-bottle-1-l-eesti-keelesavira-avior-rcs-taaskasutatud-roostevabast-terasest-pudel-1-l\/\" \/>\n<meta property=\"og:locale\" content=\"et_EE\" \/>\n<meta property=\"og:type\" content=\"article\" \/>\n<meta property=\"og:title\" content=\"Avira Avior RCS Re-steel bottle 1 L eesti keeles: Avira Avior RCS taaskasutatud roostevabast terasest pudel 1 L - Kruze.ee\" \/>\n<meta property=\"og:description\" content=\"Avior RCS taaskasutatud roostevabast terasest vaakumpudel on loodud selleks, et saaksid oma jooke nautida v\u00f5imalikult kaua. Topeltseinaga taaskasutatud...\" \/>\n<meta property=\"og:url\" content=\"https:\/\/kruze.ee\/et\/toode\/avira-avior-rcs-re-steel-bottle-1-l-eesti-keelesavira-avior-rcs-taaskasutatud-roostevabast-terasest-pudel-1-l\/\" \/>\n<meta property=\"og:site_name\" content=\"Kruze.ee\" \/>\n<meta property=\"article:modified_time\" content=\"2026-03-16T21:54:07+00:00\" \/>\n<meta name=\"twitter:card\" content=\"summary_large_image\" \/>\n<script type=\"application\/ld+json\" class=\"yoast-schema-graph\">{\"@context\":\"https:\/\/schema.org\",\"@graph\":[{\"@type\":\"WebPage\",\"@id\":\"https:\/\/kruze.ee\/et\/toode\/avira-avior-rcs-re-steel-bottle-1-l-eesti-keelesavira-avior-rcs-taaskasutatud-roostevabast-terasest-pudel-1-l\/\",\"url\":\"https:\/\/kruze.ee\/et\/toode\/avira-avior-rcs-re-steel-bottle-1-l-eesti-keelesavira-avior-rcs-taaskasutatud-roostevabast-terasest-pudel-1-l\/\",\"name\":\"Avira Avior RCS Re-steel bottle 1 L eesti keeles: Avira Avior RCS taaskasutatud roostevabast terasest pudel 1 L - Kruze.ee\",\"isPartOf\":{\"@id\":\"https:\/\/kruze.ee\/et\/#website\"},\"datePublished\":\"2026-02-09T14:30:49+00:00\",\"dateModified\":\"2026-03-16T21:54:07+00:00\",\"breadcrumb\":{\"@id\":\"https:\/\/kruze.ee\/et\/toode\/avira-avior-rcs-re-steel-bottle-1-l-eesti-keelesavira-avior-rcs-taaskasutatud-roostevabast-terasest-pudel-1-l\/#breadcrumb\"},\"inLanguage\":\"et\",\"potentialAction\":[{\"@type\":\"ReadAction\",\"target\":[\"https:\/\/kruze.ee\/et\/toode\/avira-avior-rcs-re-steel-bottle-1-l-eesti-keelesavira-avior-rcs-taaskasutatud-roostevabast-terasest-pudel-1-l\/\"]}]},{\"@type\":\"BreadcrumbList\",\"@id\":\"https:\/\/kruze.ee\/et\/toode\/avira-avior-rcs-re-steel-bottle-1-l-eesti-keelesavira-avior-rcs-taaskasutatud-roostevabast-terasest-pudel-1-l\/#breadcrumb\",\"itemListElement\":[{\"@type\":\"ListItem\",\"position\":1,\"name\":\"Home\",\"item\":\"https:\/\/kruze.ee\/et\/\"},{\"@type\":\"ListItem\",\"position\":2,\"name\":\"Tooted\",\"item\":\"https:\/\/kruze.ee\/et\/tooted\/\"},{\"@type\":\"ListItem\",\"position\":3,\"name\":\"Avira Avior RCS Re-steel bottle 1 L eesti keeles: Avira Avior RCS taaskasutatud roostevabast terasest pudel 1 L\"}]},{\"@type\":\"WebSite\",\"@id\":\"https:\/\/kruze.ee\/et\/#website\",\"url\":\"https:\/\/kruze.ee\/et\/\",\"name\":\"Kruze.ee\",\"description\":\"Reklaamkingitused, tr&uuml;kiga T-s&auml;rgid, fliisid, dressipluused, tekstiil, joped ja paljud teised logoga meened, &Auml;rikingitused sinu partnerile! Telli juba t&auml;na.\",\"potentialAction\":[{\"@type\":\"SearchAction\",\"target\":{\"@type\":\"EntryPoint\",\"urlTemplate\":\"https:\/\/kruze.ee\/et\/?s={search_term_string}\"},\"query-input\":{\"@type\":\"PropertyValueSpecification\",\"valueRequired\":true,\"valueName\":\"search_term_string\"}}],\"inLanguage\":\"et\"}]}<\/script>\n<!-- \/ Yoast SEO plugin. -->","yoast_head_json":{"title":"Avira Avior RCS Re-steel bottle 1 L eesti keeles: Avira Avior RCS taaskasutatud roostevabast terasest pudel 1 L - Kruze.ee","robots":{"index":"index","follow":"follow","max-snippet":"max-snippet:-1","max-image-preview":"max-image-preview:large","max-video-preview":"max-video-preview:-1"},"canonical":"https:\/\/kruze.ee\/et\/toode\/avira-avior-rcs-re-steel-bottle-1-l-eesti-keelesavira-avior-rcs-taaskasutatud-roostevabast-terasest-pudel-1-l\/","og_locale":"et_EE","og_type":"article","og_title":"Avira Avior RCS Re-steel bottle 1 L eesti keeles: Avira Avior RCS taaskasutatud roostevabast terasest pudel 1 L - Kruze.ee","og_description":"Avior RCS taaskasutatud roostevabast terasest vaakumpudel on loodud selleks, et saaksid oma jooke nautida v\u00f5imalikult kaua. Topeltseinaga taaskasutatud...","og_url":"https:\/\/kruze.ee\/et\/toode\/avira-avior-rcs-re-steel-bottle-1-l-eesti-keelesavira-avior-rcs-taaskasutatud-roostevabast-terasest-pudel-1-l\/","og_site_name":"Kruze.ee","article_modified_time":"2026-03-16T21:54:07+00:00","twitter_card":"summary_large_image","schema":{"@context":"https:\/\/schema.org","@graph":[{"@type":"WebPage","@id":"https:\/\/kruze.ee\/et\/toode\/avira-avior-rcs-re-steel-bottle-1-l-eesti-keelesavira-avior-rcs-taaskasutatud-roostevabast-terasest-pudel-1-l\/","url":"https:\/\/kruze.ee\/et\/toode\/avira-avior-rcs-re-steel-bottle-1-l-eesti-keelesavira-avior-rcs-taaskasutatud-roostevabast-terasest-pudel-1-l\/","name":"Avira Avior RCS Re-steel bottle 1 L eesti keeles: Avira Avior RCS taaskasutatud roostevabast terasest pudel 1 L - Kruze.ee","isPartOf":{"@id":"https:\/\/kruze.ee\/et\/#website"},"datePublished":"2026-02-09T14:30:49+00:00","dateModified":"2026-03-16T21:54:07+00:00","breadcrumb":{"@id":"https:\/\/kruze.ee\/et\/toode\/avira-avior-rcs-re-steel-bottle-1-l-eesti-keelesavira-avior-rcs-taaskasutatud-roostevabast-terasest-pudel-1-l\/#breadcrumb"},"inLanguage":"et","potentialAction":[{"@type":"ReadAction","target":["https:\/\/kruze.ee\/et\/toode\/avira-avior-rcs-re-steel-bottle-1-l-eesti-keelesavira-avior-rcs-taaskasutatud-roostevabast-terasest-pudel-1-l\/"]}]},{"@type":"BreadcrumbList","@id":"https:\/\/kruze.ee\/et\/toode\/avira-avior-rcs-re-steel-bottle-1-l-eesti-keelesavira-avior-rcs-taaskasutatud-roostevabast-terasest-pudel-1-l\/#breadcrumb","itemListElement":[{"@type":"ListItem","position":1,"name":"Home","item":"https:\/\/kruze.ee\/et\/"},{"@type":"ListItem","position":2,"name":"Tooted","item":"https:\/\/kruze.ee\/et\/tooted\/"},{"@type":"ListItem","position":3,"name":"Avira Avior RCS Re-steel bottle 1 L eesti keeles: Avira Avior RCS taaskasutatud roostevabast terasest pudel 1 L"}]},{"@type":"WebSite","@id":"https:\/\/kruze.ee\/et\/#website","url":"https:\/\/kruze.ee\/et\/","name":"Kruze.ee","description":"Reklaamkingitused, tr&uuml;kiga T-s&auml;rgid, fliisid, dressipluused, tekstiil, joped ja paljud teised logoga meened, &Auml;rikingitused sinu partnerile! Telli juba t&auml;na.","potentialAction":[{"@type":"SearchAction","target":{"@type":"EntryPoint","urlTemplate":"https:\/\/kruze.ee\/et\/?s={search_term_string}"},"query-input":{"@type":"PropertyValueSpecification","valueRequired":true,"valueName":"search_term_string"}}],"inLanguage":"et"}]}},"_links":{"self":[{"href":"https:\/\/kruze.ee\/et\/wp-json\/wp\/v2\/product\/1443724","targetHints":{"allow":["GET"]}}],"collection":[{"href":"https:\/\/kruze.ee\/et\/wp-json\/wp\/v2\/product"}],"about":[{"href":"https:\/\/kruze.ee\/et\/wp-json\/wp\/v2\/types\/product"}],"wp:attachment":[{"href":"https:\/\/kruze.ee\/et\/wp-json\/wp\/v2\/media?parent=1443724"}],"wp:term":[{"taxonomy":"product_brand","embeddable":true,"href":"https:\/\/kruze.ee\/et\/wp-json\/wp\/v2\/product_brand?post=1443724"},{"taxonomy":"product_cat","embeddable":true,"href":"https:\/\/kruze.ee\/et\/wp-json\/wp\/v2\/product_cat?post=1443724"},{"taxonomy":"product_tag","embeddable":true,"href":"https:\/\/kruze.ee\/et\/wp-json\/wp\/v2\/product_tag?post=1443724"}],"curies":[{"name":"wp","href":"https:\/\/api.w.org\/{rel}","templated":true}]}}