{"id":1443706,"date":"2026-02-09T17:30:43","date_gmt":"2026-02-09T14:30:43","guid":{"rendered":"https:\/\/kruze.ee\/product\/avira-avior-rcs-taaskasutatud-roostevabast-terasest-pudel-500-ml\/"},"modified":"2026-03-17T00:54:05","modified_gmt":"2026-03-16T21:54:05","slug":"avira-avior-rcs-taaskasutatud-roostevabast-terasest-pudel-500-ml","status":"publish","type":"product","link":"https:\/\/kruze.ee\/et\/toode\/avira-avior-rcs-taaskasutatud-roostevabast-terasest-pudel-500-ml\/","title":{"rendered":"Avira Avior RCS taaskasutatud roostevabast terasest pudel 500 ml"},"content":{"rendered":"<p>Avior RCS taaskasutatud roostevabast terasest vaakumpudel on loodud selleks, et saaksid oma jooke nautida v\u00f5imalikult kaua. Topeltseinaga taaskasutatud roostevabast terasest vaakumkonstruktsioon hoiab joogi k\u00fclmana kuni 20 tundi v\u00f5i soojana kuni 10 tundi. Pudel sobitub enamiku standardsete auto topsihoidjatega, et saaksid selle k\u00f5ikjale kaasa v\u00f5tta. Valmistatud RCS (Recycled Claim Standard) sertifikaadiga taaskasutatud materjalidest. RCS-sertifikaat tagab t\u00e4ielikult sertifitseeritud tarneahela taaskasutatud materjalidele. Taaskasutatud materjali osakaal: 82% toote kogukaalust. BPA-vaba. Mahutavus 500 ml.<\/p>\n","protected":false},"excerpt":{"rendered":"<p>Avior RCS taaskasutatud roostevabast terasest vaakumpudel on loodud selleks, et saaksid oma jooke nautida v\u00f5imalikult kaua. Topeltseinaga taaskasutatud&#8230;<\/p>\n","protected":false},"featured_media":0,"template":"","meta":[],"product_brand":[],"product_cat":[5419],"product_tag":[],"class_list":{"0":"post-1443706","1":"product","2":"type-product","3":"status-publish","5":"product_cat-joogipudelid","6":"pa_brand-avira-2","7":"pa_color-hobe","8":"pa_color-purple-2","9":"pa_color-black-2","10":"pa_color-roheline","11":"pa_color-blue-2","12":"pa_color-valge","13":"pa_gender-uniseks","14":"pa_gender-unisex","17":"pa_material-recycled-stainless-steelrecycled-polypropylene","19":"first","20":"instock","21":"taxable","22":"shipping-taxable","23":"purchasable","24":"product-type-variable"},"acf":[],"yoast_head":"<!-- This site is optimized with the Yoast SEO plugin v26.0 - https:\/\/yoast.com\/wordpress\/plugins\/seo\/ -->\n<title>Avira Avior RCS taaskasutatud roostevabast terasest pudel 500 ml - Kruze.ee<\/title>\n<meta name=\"robots\" content=\"index, follow, max-snippet:-1, max-image-preview:large, max-video-preview:-1\" \/>\n<link rel=\"canonical\" href=\"https:\/\/kruze.ee\/et\/toode\/avira-avior-rcs-taaskasutatud-roostevabast-terasest-pudel-500-ml\/\" \/>\n<meta property=\"og:locale\" content=\"et_EE\" \/>\n<meta property=\"og:type\" content=\"article\" \/>\n<meta property=\"og:title\" content=\"Avira Avior RCS taaskasutatud roostevabast terasest pudel 500 ml - Kruze.ee\" \/>\n<meta property=\"og:description\" content=\"Avior RCS taaskasutatud roostevabast terasest vaakumpudel on loodud selleks, et saaksid oma jooke nautida v\u00f5imalikult kaua. Topeltseinaga taaskasutatud...\" \/>\n<meta property=\"og:url\" content=\"https:\/\/kruze.ee\/et\/toode\/avira-avior-rcs-taaskasutatud-roostevabast-terasest-pudel-500-ml\/\" \/>\n<meta property=\"og:site_name\" content=\"Kruze.ee\" \/>\n<meta property=\"article:modified_time\" content=\"2026-03-16T21:54:05+00:00\" \/>\n<meta name=\"twitter:card\" content=\"summary_large_image\" \/>\n<script type=\"application\/ld+json\" class=\"yoast-schema-graph\">{\"@context\":\"https:\/\/schema.org\",\"@graph\":[{\"@type\":\"WebPage\",\"@id\":\"https:\/\/kruze.ee\/et\/toode\/avira-avior-rcs-taaskasutatud-roostevabast-terasest-pudel-500-ml\/\",\"url\":\"https:\/\/kruze.ee\/et\/toode\/avira-avior-rcs-taaskasutatud-roostevabast-terasest-pudel-500-ml\/\",\"name\":\"Avira Avior RCS taaskasutatud roostevabast terasest pudel 500 ml - Kruze.ee\",\"isPartOf\":{\"@id\":\"https:\/\/kruze.ee\/et\/#website\"},\"datePublished\":\"2026-02-09T14:30:43+00:00\",\"dateModified\":\"2026-03-16T21:54:05+00:00\",\"breadcrumb\":{\"@id\":\"https:\/\/kruze.ee\/et\/toode\/avira-avior-rcs-taaskasutatud-roostevabast-terasest-pudel-500-ml\/#breadcrumb\"},\"inLanguage\":\"et\",\"potentialAction\":[{\"@type\":\"ReadAction\",\"target\":[\"https:\/\/kruze.ee\/et\/toode\/avira-avior-rcs-taaskasutatud-roostevabast-terasest-pudel-500-ml\/\"]}]},{\"@type\":\"BreadcrumbList\",\"@id\":\"https:\/\/kruze.ee\/et\/toode\/avira-avior-rcs-taaskasutatud-roostevabast-terasest-pudel-500-ml\/#breadcrumb\",\"itemListElement\":[{\"@type\":\"ListItem\",\"position\":1,\"name\":\"Home\",\"item\":\"https:\/\/kruze.ee\/et\/\"},{\"@type\":\"ListItem\",\"position\":2,\"name\":\"Tooted\",\"item\":\"https:\/\/kruze.ee\/et\/tooted\/\"},{\"@type\":\"ListItem\",\"position\":3,\"name\":\"Avira Avior RCS taaskasutatud roostevabast terasest pudel 500 ml\"}]},{\"@type\":\"WebSite\",\"@id\":\"https:\/\/kruze.ee\/et\/#website\",\"url\":\"https:\/\/kruze.ee\/et\/\",\"name\":\"Kruze.ee\",\"description\":\"Reklaamkingitused, tr&uuml;kiga T-s&auml;rgid, fliisid, dressipluused, tekstiil, joped ja paljud teised logoga meened, &Auml;rikingitused sinu partnerile! Telli juba t&auml;na.\",\"potentialAction\":[{\"@type\":\"SearchAction\",\"target\":{\"@type\":\"EntryPoint\",\"urlTemplate\":\"https:\/\/kruze.ee\/et\/?s={search_term_string}\"},\"query-input\":{\"@type\":\"PropertyValueSpecification\",\"valueRequired\":true,\"valueName\":\"search_term_string\"}}],\"inLanguage\":\"et\"}]}<\/script>\n<!-- \/ Yoast SEO plugin. -->","yoast_head_json":{"title":"Avira Avior RCS taaskasutatud roostevabast terasest pudel 500 ml - Kruze.ee","robots":{"index":"index","follow":"follow","max-snippet":"max-snippet:-1","max-image-preview":"max-image-preview:large","max-video-preview":"max-video-preview:-1"},"canonical":"https:\/\/kruze.ee\/et\/toode\/avira-avior-rcs-taaskasutatud-roostevabast-terasest-pudel-500-ml\/","og_locale":"et_EE","og_type":"article","og_title":"Avira Avior RCS taaskasutatud roostevabast terasest pudel 500 ml - Kruze.ee","og_description":"Avior RCS taaskasutatud roostevabast terasest vaakumpudel on loodud selleks, et saaksid oma jooke nautida v\u00f5imalikult kaua. Topeltseinaga taaskasutatud...","og_url":"https:\/\/kruze.ee\/et\/toode\/avira-avior-rcs-taaskasutatud-roostevabast-terasest-pudel-500-ml\/","og_site_name":"Kruze.ee","article_modified_time":"2026-03-16T21:54:05+00:00","twitter_card":"summary_large_image","schema":{"@context":"https:\/\/schema.org","@graph":[{"@type":"WebPage","@id":"https:\/\/kruze.ee\/et\/toode\/avira-avior-rcs-taaskasutatud-roostevabast-terasest-pudel-500-ml\/","url":"https:\/\/kruze.ee\/et\/toode\/avira-avior-rcs-taaskasutatud-roostevabast-terasest-pudel-500-ml\/","name":"Avira Avior RCS taaskasutatud roostevabast terasest pudel 500 ml - Kruze.ee","isPartOf":{"@id":"https:\/\/kruze.ee\/et\/#website"},"datePublished":"2026-02-09T14:30:43+00:00","dateModified":"2026-03-16T21:54:05+00:00","breadcrumb":{"@id":"https:\/\/kruze.ee\/et\/toode\/avira-avior-rcs-taaskasutatud-roostevabast-terasest-pudel-500-ml\/#breadcrumb"},"inLanguage":"et","potentialAction":[{"@type":"ReadAction","target":["https:\/\/kruze.ee\/et\/toode\/avira-avior-rcs-taaskasutatud-roostevabast-terasest-pudel-500-ml\/"]}]},{"@type":"BreadcrumbList","@id":"https:\/\/kruze.ee\/et\/toode\/avira-avior-rcs-taaskasutatud-roostevabast-terasest-pudel-500-ml\/#breadcrumb","itemListElement":[{"@type":"ListItem","position":1,"name":"Home","item":"https:\/\/kruze.ee\/et\/"},{"@type":"ListItem","position":2,"name":"Tooted","item":"https:\/\/kruze.ee\/et\/tooted\/"},{"@type":"ListItem","position":3,"name":"Avira Avior RCS taaskasutatud roostevabast terasest pudel 500 ml"}]},{"@type":"WebSite","@id":"https:\/\/kruze.ee\/et\/#website","url":"https:\/\/kruze.ee\/et\/","name":"Kruze.ee","description":"Reklaamkingitused, tr&uuml;kiga T-s&auml;rgid, fliisid, dressipluused, tekstiil, joped ja paljud teised logoga meened, &Auml;rikingitused sinu partnerile! Telli juba t&auml;na.","potentialAction":[{"@type":"SearchAction","target":{"@type":"EntryPoint","urlTemplate":"https:\/\/kruze.ee\/et\/?s={search_term_string}"},"query-input":{"@type":"PropertyValueSpecification","valueRequired":true,"valueName":"search_term_string"}}],"inLanguage":"et"}]}},"_links":{"self":[{"href":"https:\/\/kruze.ee\/et\/wp-json\/wp\/v2\/product\/1443706","targetHints":{"allow":["GET"]}}],"collection":[{"href":"https:\/\/kruze.ee\/et\/wp-json\/wp\/v2\/product"}],"about":[{"href":"https:\/\/kruze.ee\/et\/wp-json\/wp\/v2\/types\/product"}],"wp:attachment":[{"href":"https:\/\/kruze.ee\/et\/wp-json\/wp\/v2\/media?parent=1443706"}],"wp:term":[{"taxonomy":"product_brand","embeddable":true,"href":"https:\/\/kruze.ee\/et\/wp-json\/wp\/v2\/product_brand?post=1443706"},{"taxonomy":"product_cat","embeddable":true,"href":"https:\/\/kruze.ee\/et\/wp-json\/wp\/v2\/product_cat?post=1443706"},{"taxonomy":"product_tag","embeddable":true,"href":"https:\/\/kruze.ee\/et\/wp-json\/wp\/v2\/product_tag?post=1443706"}],"curies":[{"name":"wp","href":"https:\/\/api.w.org\/{rel}","templated":true}]}}