{"id":1443682,"date":"2026-02-09T17:30:29","date_gmt":"2026-02-09T14:30:29","guid":{"rendered":"https:\/\/kruze.ee\/product\/xd-collection-lekkekindel-veepudel-roostevabast-terasest-korgiga\/"},"modified":"2026-03-17T00:53:17","modified_gmt":"2026-03-16T21:53:17","slug":"xd-collection-lekkekindel-veepudel-roostevabast-terasest-korgiga","status":"publish","type":"product","link":"https:\/\/kruze.ee\/et\/toode\/xd-collection-lekkekindel-veepudel-roostevabast-terasest-korgiga\/","title":{"rendered":"XD Collection lekkekindel veepudel roostevabast terasest korgiga"},"content":{"rendered":"<p>Lekkekindel veepudeliga, millel on roostevabast terasest kork ja p\u00f5hi ning l\u00e4bipaistev korpus. Enamikesse topsihoidjatesse sobiva p\u00f5hjaga elegantne pudel aitab sul liikvel olles igal pool h\u00fcdreeritud p\u00fcsida. Mahutavus 500 ml. BPA-vaba.<\/p>\n","protected":false},"excerpt":{"rendered":"<p>Lekkekindel veepudeliga, millel on roostevabast terasest kork ja p\u00f5hi ning l\u00e4bipaistev korpus. Enamikesse topsihoidjatesse sobiva p\u00f5hjaga elegantne pudel aitab&#8230;<\/p>\n","protected":false},"featured_media":0,"template":"","meta":[],"product_brand":[],"product_cat":[5419],"product_tag":[],"class_list":{"0":"post-1443682","1":"product","2":"type-product","3":"status-publish","5":"product_cat-joogipudelid","6":"pa_brand-xd-collection","7":"pa_color-labipaistev","8":"pa_color-black-2","9":"pa_gender-uniseks","10":"pa_gender-unisex","13":"pa_material-polyethylene-terephthalate-glycolstainless-steel","15":"first","16":"instock","17":"taxable","18":"shipping-taxable","19":"purchasable","20":"product-type-variable"},"acf":[],"yoast_head":"<!-- This site is optimized with the Yoast SEO plugin v26.0 - https:\/\/yoast.com\/wordpress\/plugins\/seo\/ -->\n<title>XD Collection lekkekindel veepudel roostevabast terasest korgiga - Kruze.ee<\/title>\n<meta name=\"robots\" content=\"index, follow, max-snippet:-1, max-image-preview:large, max-video-preview:-1\" \/>\n<link rel=\"canonical\" href=\"https:\/\/kruze.ee\/et\/toode\/xd-collection-lekkekindel-veepudel-roostevabast-terasest-korgiga\/\" \/>\n<meta property=\"og:locale\" content=\"et_EE\" \/>\n<meta property=\"og:type\" content=\"article\" \/>\n<meta property=\"og:title\" content=\"XD Collection lekkekindel veepudel roostevabast terasest korgiga - Kruze.ee\" \/>\n<meta property=\"og:description\" content=\"Lekkekindel veepudeliga, millel on roostevabast terasest kork ja p\u00f5hi ning l\u00e4bipaistev korpus. Enamikesse topsihoidjatesse sobiva p\u00f5hjaga elegantne pudel aitab...\" \/>\n<meta property=\"og:url\" content=\"https:\/\/kruze.ee\/et\/toode\/xd-collection-lekkekindel-veepudel-roostevabast-terasest-korgiga\/\" \/>\n<meta property=\"og:site_name\" content=\"Kruze.ee\" \/>\n<meta property=\"article:modified_time\" content=\"2026-03-16T21:53:17+00:00\" \/>\n<meta name=\"twitter:card\" content=\"summary_large_image\" \/>\n<script type=\"application\/ld+json\" class=\"yoast-schema-graph\">{\"@context\":\"https:\/\/schema.org\",\"@graph\":[{\"@type\":\"WebPage\",\"@id\":\"https:\/\/kruze.ee\/et\/toode\/xd-collection-lekkekindel-veepudel-roostevabast-terasest-korgiga\/\",\"url\":\"https:\/\/kruze.ee\/et\/toode\/xd-collection-lekkekindel-veepudel-roostevabast-terasest-korgiga\/\",\"name\":\"XD Collection lekkekindel veepudel roostevabast terasest korgiga - Kruze.ee\",\"isPartOf\":{\"@id\":\"https:\/\/kruze.ee\/et\/#website\"},\"datePublished\":\"2026-02-09T14:30:29+00:00\",\"dateModified\":\"2026-03-16T21:53:17+00:00\",\"breadcrumb\":{\"@id\":\"https:\/\/kruze.ee\/et\/toode\/xd-collection-lekkekindel-veepudel-roostevabast-terasest-korgiga\/#breadcrumb\"},\"inLanguage\":\"et\",\"potentialAction\":[{\"@type\":\"ReadAction\",\"target\":[\"https:\/\/kruze.ee\/et\/toode\/xd-collection-lekkekindel-veepudel-roostevabast-terasest-korgiga\/\"]}]},{\"@type\":\"BreadcrumbList\",\"@id\":\"https:\/\/kruze.ee\/et\/toode\/xd-collection-lekkekindel-veepudel-roostevabast-terasest-korgiga\/#breadcrumb\",\"itemListElement\":[{\"@type\":\"ListItem\",\"position\":1,\"name\":\"Home\",\"item\":\"https:\/\/kruze.ee\/et\/\"},{\"@type\":\"ListItem\",\"position\":2,\"name\":\"Tooted\",\"item\":\"https:\/\/kruze.ee\/et\/tooted\/\"},{\"@type\":\"ListItem\",\"position\":3,\"name\":\"XD Collection lekkekindel veepudel roostevabast terasest korgiga\"}]},{\"@type\":\"WebSite\",\"@id\":\"https:\/\/kruze.ee\/et\/#website\",\"url\":\"https:\/\/kruze.ee\/et\/\",\"name\":\"Kruze.ee\",\"description\":\"Reklaamkingitused, tr&uuml;kiga T-s&auml;rgid, fliisid, dressipluused, tekstiil, joped ja paljud teised logoga meened, &Auml;rikingitused sinu partnerile! Telli juba t&auml;na.\",\"potentialAction\":[{\"@type\":\"SearchAction\",\"target\":{\"@type\":\"EntryPoint\",\"urlTemplate\":\"https:\/\/kruze.ee\/et\/?s={search_term_string}\"},\"query-input\":{\"@type\":\"PropertyValueSpecification\",\"valueRequired\":true,\"valueName\":\"search_term_string\"}}],\"inLanguage\":\"et\"}]}<\/script>\n<!-- \/ Yoast SEO plugin. -->","yoast_head_json":{"title":"XD Collection lekkekindel veepudel roostevabast terasest korgiga - Kruze.ee","robots":{"index":"index","follow":"follow","max-snippet":"max-snippet:-1","max-image-preview":"max-image-preview:large","max-video-preview":"max-video-preview:-1"},"canonical":"https:\/\/kruze.ee\/et\/toode\/xd-collection-lekkekindel-veepudel-roostevabast-terasest-korgiga\/","og_locale":"et_EE","og_type":"article","og_title":"XD Collection lekkekindel veepudel roostevabast terasest korgiga - Kruze.ee","og_description":"Lekkekindel veepudeliga, millel on roostevabast terasest kork ja p\u00f5hi ning l\u00e4bipaistev korpus. Enamikesse topsihoidjatesse sobiva p\u00f5hjaga elegantne pudel aitab...","og_url":"https:\/\/kruze.ee\/et\/toode\/xd-collection-lekkekindel-veepudel-roostevabast-terasest-korgiga\/","og_site_name":"Kruze.ee","article_modified_time":"2026-03-16T21:53:17+00:00","twitter_card":"summary_large_image","schema":{"@context":"https:\/\/schema.org","@graph":[{"@type":"WebPage","@id":"https:\/\/kruze.ee\/et\/toode\/xd-collection-lekkekindel-veepudel-roostevabast-terasest-korgiga\/","url":"https:\/\/kruze.ee\/et\/toode\/xd-collection-lekkekindel-veepudel-roostevabast-terasest-korgiga\/","name":"XD Collection lekkekindel veepudel roostevabast terasest korgiga - Kruze.ee","isPartOf":{"@id":"https:\/\/kruze.ee\/et\/#website"},"datePublished":"2026-02-09T14:30:29+00:00","dateModified":"2026-03-16T21:53:17+00:00","breadcrumb":{"@id":"https:\/\/kruze.ee\/et\/toode\/xd-collection-lekkekindel-veepudel-roostevabast-terasest-korgiga\/#breadcrumb"},"inLanguage":"et","potentialAction":[{"@type":"ReadAction","target":["https:\/\/kruze.ee\/et\/toode\/xd-collection-lekkekindel-veepudel-roostevabast-terasest-korgiga\/"]}]},{"@type":"BreadcrumbList","@id":"https:\/\/kruze.ee\/et\/toode\/xd-collection-lekkekindel-veepudel-roostevabast-terasest-korgiga\/#breadcrumb","itemListElement":[{"@type":"ListItem","position":1,"name":"Home","item":"https:\/\/kruze.ee\/et\/"},{"@type":"ListItem","position":2,"name":"Tooted","item":"https:\/\/kruze.ee\/et\/tooted\/"},{"@type":"ListItem","position":3,"name":"XD Collection lekkekindel veepudel roostevabast terasest korgiga"}]},{"@type":"WebSite","@id":"https:\/\/kruze.ee\/et\/#website","url":"https:\/\/kruze.ee\/et\/","name":"Kruze.ee","description":"Reklaamkingitused, tr&uuml;kiga T-s&auml;rgid, fliisid, dressipluused, tekstiil, joped ja paljud teised logoga meened, &Auml;rikingitused sinu partnerile! Telli juba t&auml;na.","potentialAction":[{"@type":"SearchAction","target":{"@type":"EntryPoint","urlTemplate":"https:\/\/kruze.ee\/et\/?s={search_term_string}"},"query-input":{"@type":"PropertyValueSpecification","valueRequired":true,"valueName":"search_term_string"}}],"inLanguage":"et"}]}},"_links":{"self":[{"href":"https:\/\/kruze.ee\/et\/wp-json\/wp\/v2\/product\/1443682","targetHints":{"allow":["GET"]}}],"collection":[{"href":"https:\/\/kruze.ee\/et\/wp-json\/wp\/v2\/product"}],"about":[{"href":"https:\/\/kruze.ee\/et\/wp-json\/wp\/v2\/types\/product"}],"wp:attachment":[{"href":"https:\/\/kruze.ee\/et\/wp-json\/wp\/v2\/media?parent=1443682"}],"wp:term":[{"taxonomy":"product_brand","embeddable":true,"href":"https:\/\/kruze.ee\/et\/wp-json\/wp\/v2\/product_brand?post=1443682"},{"taxonomy":"product_cat","embeddable":true,"href":"https:\/\/kruze.ee\/et\/wp-json\/wp\/v2\/product_cat?post=1443682"},{"taxonomy":"product_tag","embeddable":true,"href":"https:\/\/kruze.ee\/et\/wp-json\/wp\/v2\/product_tag?post=1443682"}],"curies":[{"name":"wp","href":"https:\/\/api.w.org\/{rel}","templated":true}]}}