{"id":1443680,"date":"2026-02-09T17:30:25","date_gmt":"2026-02-09T14:30:25","guid":{"rendered":"https:\/\/kruze.ee\/product\/ukiyo-klaasist-joogipudel-koos-umbrisega-ja-veetarbimise-jalgimise-funktsiooniga\/"},"modified":"2026-03-17T00:53:16","modified_gmt":"2026-03-16T21:53:16","slug":"ukiyo-klaasist-joogipudel-koos-umbrisega-ja-veetarbimise-jalgimise-funktsiooniga","status":"publish","type":"product","link":"https:\/\/kruze.ee\/et\/toode\/ukiyo-klaasist-joogipudel-koos-umbrisega-ja-veetarbimise-jalgimise-funktsiooniga\/","title":{"rendered":"Ukiyo klaasist joogipudel koos \u00fcmbrisega ja veetarbimise j\u00e4lgimise funktsiooniga"},"content":{"rendered":"<p>J\u00e4lgi oma igap\u00e4evaseid veetarbimise eesm\u00e4rke selle nutikalt disainitud 600 ml Ukiyo borosilikaatklaasist veepudeliga. Kork kuvab iga t\u00e4itmise j\u00e4rel suurema veetilga \u2013 keerates kraed saad mugavalt arvestust pidada, mitu pudelit\u00e4it oled p\u00e4eva jooksul joonud. Pudeliosa on n\u00f5udepesumasinas pestav. Lekkevaba. Registreeritud disain\u00ae.<\/p>\n","protected":false},"excerpt":{"rendered":"<p>J\u00e4lgi oma igap\u00e4evaseid veetarbimise eesm\u00e4rke selle nutikalt disainitud 600 ml Ukiyo borosilikaatklaasist veepudeliga. Kork kuvab iga t\u00e4itmise j\u00e4rel suurema&#8230;<\/p>\n","protected":false},"featured_media":0,"template":"","meta":[],"product_brand":[],"product_cat":[5419],"product_tag":[],"class_list":{"0":"post-1443680","1":"product","2":"type-product","3":"status-publish","5":"product_cat-joogipudelid","6":"pa_gender-uniseks","7":"pa_gender-unisex","11":"first","12":"instock","13":"purchasable","14":"product-type-simple"},"acf":[],"yoast_head":"<!-- This site is optimized with the Yoast SEO plugin v26.0 - https:\/\/yoast.com\/wordpress\/plugins\/seo\/ -->\n<title>Ukiyo klaasist joogipudel koos \u00fcmbrisega ja veetarbimise j\u00e4lgimise funktsiooniga - Kruze.ee<\/title>\n<meta name=\"robots\" content=\"index, follow, max-snippet:-1, max-image-preview:large, max-video-preview:-1\" \/>\n<link rel=\"canonical\" href=\"https:\/\/kruze.ee\/et\/toode\/ukiyo-klaasist-joogipudel-koos-umbrisega-ja-veetarbimise-jalgimise-funktsiooniga\/\" \/>\n<meta property=\"og:locale\" content=\"et_EE\" \/>\n<meta property=\"og:type\" content=\"article\" \/>\n<meta property=\"og:title\" content=\"Ukiyo klaasist joogipudel koos \u00fcmbrisega ja veetarbimise j\u00e4lgimise funktsiooniga - Kruze.ee\" \/>\n<meta property=\"og:description\" content=\"J\u00e4lgi oma igap\u00e4evaseid veetarbimise eesm\u00e4rke selle nutikalt disainitud 600 ml Ukiyo borosilikaatklaasist veepudeliga. Kork kuvab iga t\u00e4itmise j\u00e4rel suurema...\" \/>\n<meta property=\"og:url\" content=\"https:\/\/kruze.ee\/et\/toode\/ukiyo-klaasist-joogipudel-koos-umbrisega-ja-veetarbimise-jalgimise-funktsiooniga\/\" \/>\n<meta property=\"og:site_name\" content=\"Kruze.ee\" \/>\n<meta property=\"article:modified_time\" content=\"2026-03-16T21:53:16+00:00\" \/>\n<meta name=\"twitter:card\" content=\"summary_large_image\" \/>\n<script type=\"application\/ld+json\" class=\"yoast-schema-graph\">{\"@context\":\"https:\/\/schema.org\",\"@graph\":[{\"@type\":\"WebPage\",\"@id\":\"https:\/\/kruze.ee\/et\/toode\/ukiyo-klaasist-joogipudel-koos-umbrisega-ja-veetarbimise-jalgimise-funktsiooniga\/\",\"url\":\"https:\/\/kruze.ee\/et\/toode\/ukiyo-klaasist-joogipudel-koos-umbrisega-ja-veetarbimise-jalgimise-funktsiooniga\/\",\"name\":\"Ukiyo klaasist joogipudel koos \u00fcmbrisega ja veetarbimise j\u00e4lgimise funktsiooniga - Kruze.ee\",\"isPartOf\":{\"@id\":\"https:\/\/kruze.ee\/et\/#website\"},\"datePublished\":\"2026-02-09T14:30:25+00:00\",\"dateModified\":\"2026-03-16T21:53:16+00:00\",\"breadcrumb\":{\"@id\":\"https:\/\/kruze.ee\/et\/toode\/ukiyo-klaasist-joogipudel-koos-umbrisega-ja-veetarbimise-jalgimise-funktsiooniga\/#breadcrumb\"},\"inLanguage\":\"et\",\"potentialAction\":[{\"@type\":\"ReadAction\",\"target\":[\"https:\/\/kruze.ee\/et\/toode\/ukiyo-klaasist-joogipudel-koos-umbrisega-ja-veetarbimise-jalgimise-funktsiooniga\/\"]}]},{\"@type\":\"BreadcrumbList\",\"@id\":\"https:\/\/kruze.ee\/et\/toode\/ukiyo-klaasist-joogipudel-koos-umbrisega-ja-veetarbimise-jalgimise-funktsiooniga\/#breadcrumb\",\"itemListElement\":[{\"@type\":\"ListItem\",\"position\":1,\"name\":\"Home\",\"item\":\"https:\/\/kruze.ee\/et\/\"},{\"@type\":\"ListItem\",\"position\":2,\"name\":\"Tooted\",\"item\":\"https:\/\/kruze.ee\/et\/tooted\/\"},{\"@type\":\"ListItem\",\"position\":3,\"name\":\"Ukiyo klaasist joogipudel koos \u00fcmbrisega ja veetarbimise j\u00e4lgimise funktsiooniga\"}]},{\"@type\":\"WebSite\",\"@id\":\"https:\/\/kruze.ee\/et\/#website\",\"url\":\"https:\/\/kruze.ee\/et\/\",\"name\":\"Kruze.ee\",\"description\":\"Reklaamkingitused, tr&uuml;kiga T-s&auml;rgid, fliisid, dressipluused, tekstiil, joped ja paljud teised logoga meened, &Auml;rikingitused sinu partnerile! Telli juba t&auml;na.\",\"potentialAction\":[{\"@type\":\"SearchAction\",\"target\":{\"@type\":\"EntryPoint\",\"urlTemplate\":\"https:\/\/kruze.ee\/et\/?s={search_term_string}\"},\"query-input\":{\"@type\":\"PropertyValueSpecification\",\"valueRequired\":true,\"valueName\":\"search_term_string\"}}],\"inLanguage\":\"et\"}]}<\/script>\n<!-- \/ Yoast SEO plugin. -->","yoast_head_json":{"title":"Ukiyo klaasist joogipudel koos \u00fcmbrisega ja veetarbimise j\u00e4lgimise funktsiooniga - Kruze.ee","robots":{"index":"index","follow":"follow","max-snippet":"max-snippet:-1","max-image-preview":"max-image-preview:large","max-video-preview":"max-video-preview:-1"},"canonical":"https:\/\/kruze.ee\/et\/toode\/ukiyo-klaasist-joogipudel-koos-umbrisega-ja-veetarbimise-jalgimise-funktsiooniga\/","og_locale":"et_EE","og_type":"article","og_title":"Ukiyo klaasist joogipudel koos \u00fcmbrisega ja veetarbimise j\u00e4lgimise funktsiooniga - Kruze.ee","og_description":"J\u00e4lgi oma igap\u00e4evaseid veetarbimise eesm\u00e4rke selle nutikalt disainitud 600 ml Ukiyo borosilikaatklaasist veepudeliga. Kork kuvab iga t\u00e4itmise j\u00e4rel suurema...","og_url":"https:\/\/kruze.ee\/et\/toode\/ukiyo-klaasist-joogipudel-koos-umbrisega-ja-veetarbimise-jalgimise-funktsiooniga\/","og_site_name":"Kruze.ee","article_modified_time":"2026-03-16T21:53:16+00:00","twitter_card":"summary_large_image","schema":{"@context":"https:\/\/schema.org","@graph":[{"@type":"WebPage","@id":"https:\/\/kruze.ee\/et\/toode\/ukiyo-klaasist-joogipudel-koos-umbrisega-ja-veetarbimise-jalgimise-funktsiooniga\/","url":"https:\/\/kruze.ee\/et\/toode\/ukiyo-klaasist-joogipudel-koos-umbrisega-ja-veetarbimise-jalgimise-funktsiooniga\/","name":"Ukiyo klaasist joogipudel koos \u00fcmbrisega ja veetarbimise j\u00e4lgimise funktsiooniga - Kruze.ee","isPartOf":{"@id":"https:\/\/kruze.ee\/et\/#website"},"datePublished":"2026-02-09T14:30:25+00:00","dateModified":"2026-03-16T21:53:16+00:00","breadcrumb":{"@id":"https:\/\/kruze.ee\/et\/toode\/ukiyo-klaasist-joogipudel-koos-umbrisega-ja-veetarbimise-jalgimise-funktsiooniga\/#breadcrumb"},"inLanguage":"et","potentialAction":[{"@type":"ReadAction","target":["https:\/\/kruze.ee\/et\/toode\/ukiyo-klaasist-joogipudel-koos-umbrisega-ja-veetarbimise-jalgimise-funktsiooniga\/"]}]},{"@type":"BreadcrumbList","@id":"https:\/\/kruze.ee\/et\/toode\/ukiyo-klaasist-joogipudel-koos-umbrisega-ja-veetarbimise-jalgimise-funktsiooniga\/#breadcrumb","itemListElement":[{"@type":"ListItem","position":1,"name":"Home","item":"https:\/\/kruze.ee\/et\/"},{"@type":"ListItem","position":2,"name":"Tooted","item":"https:\/\/kruze.ee\/et\/tooted\/"},{"@type":"ListItem","position":3,"name":"Ukiyo klaasist joogipudel koos \u00fcmbrisega ja veetarbimise j\u00e4lgimise funktsiooniga"}]},{"@type":"WebSite","@id":"https:\/\/kruze.ee\/et\/#website","url":"https:\/\/kruze.ee\/et\/","name":"Kruze.ee","description":"Reklaamkingitused, tr&uuml;kiga T-s&auml;rgid, fliisid, dressipluused, tekstiil, joped ja paljud teised logoga meened, &Auml;rikingitused sinu partnerile! Telli juba t&auml;na.","potentialAction":[{"@type":"SearchAction","target":{"@type":"EntryPoint","urlTemplate":"https:\/\/kruze.ee\/et\/?s={search_term_string}"},"query-input":{"@type":"PropertyValueSpecification","valueRequired":true,"valueName":"search_term_string"}}],"inLanguage":"et"}]}},"_links":{"self":[{"href":"https:\/\/kruze.ee\/et\/wp-json\/wp\/v2\/product\/1443680","targetHints":{"allow":["GET"]}}],"collection":[{"href":"https:\/\/kruze.ee\/et\/wp-json\/wp\/v2\/product"}],"about":[{"href":"https:\/\/kruze.ee\/et\/wp-json\/wp\/v2\/types\/product"}],"wp:attachment":[{"href":"https:\/\/kruze.ee\/et\/wp-json\/wp\/v2\/media?parent=1443680"}],"wp:term":[{"taxonomy":"product_brand","embeddable":true,"href":"https:\/\/kruze.ee\/et\/wp-json\/wp\/v2\/product_brand?post=1443680"},{"taxonomy":"product_cat","embeddable":true,"href":"https:\/\/kruze.ee\/et\/wp-json\/wp\/v2\/product_cat?post=1443680"},{"taxonomy":"product_tag","embeddable":true,"href":"https:\/\/kruze.ee\/et\/wp-json\/wp\/v2\/product_tag?post=1443680"}],"curies":[{"name":"wp","href":"https:\/\/api.w.org\/{rel}","templated":true}]}}