{"id":1443678,"date":"2026-02-08T16:30:09","date_gmt":"2026-02-08T13:30:09","guid":{"rendered":"https:\/\/kruze.ee\/product\/blackblum-mealprep-toidukarpide-komplekt-3-tk-vaike-keskmine-suur\/"},"modified":"2026-03-17T00:54:40","modified_gmt":"2026-03-16T21:54:40","slug":"blackblum-mealprep-toidukarpide-komplekt-3-tk-vaike-keskmine-suur","status":"publish","type":"product","link":"https:\/\/kruze.ee\/et\/toode\/blackblum-mealprep-toidukarpide-komplekt-3-tk-vaike-keskmine-suur\/","title":{"rendered":"Black+Blum Mealprep toidukarpide komplekt, 3 tk (v\u00e4ike, keskmine, suur)"},"content":{"rendered":"<p>See kolmest mikrolaineahjus kasutatavast roostevabast terasest toidukarbist koosnev komplekt on loodud igap\u00e4evaseks kasutamiseks \u2013 kerge, vastupidav ja \u00f5hukindel. Sobib ideaalselt hommiku-, l\u00f5una- v\u00f5i vahepalade hoiustamiseks, kaasa v\u00f5tmiseks v\u00f5i toidu valmistamiseks ahjust otse lauale. Igal karbil on uuenduslik mikrolaineahjus kasutatav teraskonstruktsioon ning vaakumtihendiga lekkekindel kaas, mis hoiab toidu kauem v\u00e4rskena. Pooll\u00e4bipaistev kaas v\u00f5imaldab sisu kiirelt tuvastada, kvaliteetne roostevabast terasest p\u00f5hi on n\u00f5udepesumasina-, s\u00fcgavk\u00fclma- ja ahjukindel (kaas ei sobi ahju). Eemaldatavad tihendid muudavad puhastamise lihtsaks. Unikaalne kaanelukk-ventiil v\u00f5imaldab toitu mikrolaineahjus soojendada ilma kaant eemaldamata, v\u00e4hendades soojenemisaega ja v\u00e4ltides pritsmeid. Karbid on disainitud \u00fcksteise sisse mahtuma kompaktseks hoiustamiseks v\u00f5i sama suurusega kasutamisel virnastatavaks. BPA-vabad ning nutikalt funktsionaalsed igaks toidukorraks.<\/p>\n","protected":false},"excerpt":{"rendered":"<p>See kolmest mikrolaineahjus kasutatavast roostevabast terasest toidukarbist koosnev komplekt on loodud igap\u00e4evaseks kasutamiseks \u2013 kerge, vastupidav ja&#8230;<\/p>\n","protected":false},"featured_media":0,"template":"","meta":[],"product_brand":[],"product_cat":[5444],"product_tag":[],"class_list":{"0":"post-1443678","1":"product","2":"type-product","3":"status-publish","5":"product_cat-muud-meened","6":"pa_gender-uniseks","7":"pa_gender-unisex","11":"first","12":"instock","13":"purchasable","14":"product-type-simple"},"acf":[],"yoast_head":"<!-- This site is optimized with the Yoast SEO plugin v26.0 - https:\/\/yoast.com\/wordpress\/plugins\/seo\/ -->\n<title>Black+Blum Mealprep toidukarpide komplekt, 3 tk (v\u00e4ike, keskmine, suur) - Kruze.ee<\/title>\n<meta name=\"robots\" content=\"index, follow, max-snippet:-1, max-image-preview:large, max-video-preview:-1\" \/>\n<link rel=\"canonical\" href=\"https:\/\/kruze.ee\/et\/toode\/blackblum-mealprep-toidukarpide-komplekt-3-tk-vaike-keskmine-suur\/\" \/>\n<meta property=\"og:locale\" content=\"et_EE\" \/>\n<meta property=\"og:type\" content=\"article\" \/>\n<meta property=\"og:title\" content=\"Black+Blum Mealprep toidukarpide komplekt, 3 tk (v\u00e4ike, keskmine, suur) - Kruze.ee\" \/>\n<meta property=\"og:description\" content=\"See kolmest mikrolaineahjus kasutatavast roostevabast terasest toidukarbist koosnev komplekt on loodud igap\u00e4evaseks kasutamiseks \u2013 kerge, vastupidav ja...\" \/>\n<meta property=\"og:url\" content=\"https:\/\/kruze.ee\/et\/toode\/blackblum-mealprep-toidukarpide-komplekt-3-tk-vaike-keskmine-suur\/\" \/>\n<meta property=\"og:site_name\" content=\"Kruze.ee\" \/>\n<meta property=\"article:modified_time\" content=\"2026-03-16T21:54:40+00:00\" \/>\n<meta name=\"twitter:card\" content=\"summary_large_image\" \/>\n<meta name=\"twitter:label1\" content=\"Est. reading time\" \/>\n\t<meta name=\"twitter:data1\" content=\"1 minut\" \/>\n<script type=\"application\/ld+json\" class=\"yoast-schema-graph\">{\"@context\":\"https:\/\/schema.org\",\"@graph\":[{\"@type\":\"WebPage\",\"@id\":\"https:\/\/kruze.ee\/et\/toode\/blackblum-mealprep-toidukarpide-komplekt-3-tk-vaike-keskmine-suur\/\",\"url\":\"https:\/\/kruze.ee\/et\/toode\/blackblum-mealprep-toidukarpide-komplekt-3-tk-vaike-keskmine-suur\/\",\"name\":\"Black+Blum Mealprep toidukarpide komplekt, 3 tk (v\u00e4ike, keskmine, suur) - Kruze.ee\",\"isPartOf\":{\"@id\":\"https:\/\/kruze.ee\/et\/#website\"},\"datePublished\":\"2026-02-08T13:30:09+00:00\",\"dateModified\":\"2026-03-16T21:54:40+00:00\",\"breadcrumb\":{\"@id\":\"https:\/\/kruze.ee\/et\/toode\/blackblum-mealprep-toidukarpide-komplekt-3-tk-vaike-keskmine-suur\/#breadcrumb\"},\"inLanguage\":\"et\",\"potentialAction\":[{\"@type\":\"ReadAction\",\"target\":[\"https:\/\/kruze.ee\/et\/toode\/blackblum-mealprep-toidukarpide-komplekt-3-tk-vaike-keskmine-suur\/\"]}]},{\"@type\":\"BreadcrumbList\",\"@id\":\"https:\/\/kruze.ee\/et\/toode\/blackblum-mealprep-toidukarpide-komplekt-3-tk-vaike-keskmine-suur\/#breadcrumb\",\"itemListElement\":[{\"@type\":\"ListItem\",\"position\":1,\"name\":\"Home\",\"item\":\"https:\/\/kruze.ee\/et\/\"},{\"@type\":\"ListItem\",\"position\":2,\"name\":\"Tooted\",\"item\":\"https:\/\/kruze.ee\/et\/tooted\/\"},{\"@type\":\"ListItem\",\"position\":3,\"name\":\"Black+Blum Mealprep toidukarpide komplekt, 3 tk (v\u00e4ike, keskmine, suur)\"}]},{\"@type\":\"WebSite\",\"@id\":\"https:\/\/kruze.ee\/et\/#website\",\"url\":\"https:\/\/kruze.ee\/et\/\",\"name\":\"Kruze.ee\",\"description\":\"Reklaamkingitused, tr&uuml;kiga T-s&auml;rgid, fliisid, dressipluused, tekstiil, joped ja paljud teised logoga meened, &Auml;rikingitused sinu partnerile! Telli juba t&auml;na.\",\"potentialAction\":[{\"@type\":\"SearchAction\",\"target\":{\"@type\":\"EntryPoint\",\"urlTemplate\":\"https:\/\/kruze.ee\/et\/?s={search_term_string}\"},\"query-input\":{\"@type\":\"PropertyValueSpecification\",\"valueRequired\":true,\"valueName\":\"search_term_string\"}}],\"inLanguage\":\"et\"}]}<\/script>\n<!-- \/ Yoast SEO plugin. -->","yoast_head_json":{"title":"Black+Blum Mealprep toidukarpide komplekt, 3 tk (v\u00e4ike, keskmine, suur) - Kruze.ee","robots":{"index":"index","follow":"follow","max-snippet":"max-snippet:-1","max-image-preview":"max-image-preview:large","max-video-preview":"max-video-preview:-1"},"canonical":"https:\/\/kruze.ee\/et\/toode\/blackblum-mealprep-toidukarpide-komplekt-3-tk-vaike-keskmine-suur\/","og_locale":"et_EE","og_type":"article","og_title":"Black+Blum Mealprep toidukarpide komplekt, 3 tk (v\u00e4ike, keskmine, suur) - Kruze.ee","og_description":"See kolmest mikrolaineahjus kasutatavast roostevabast terasest toidukarbist koosnev komplekt on loodud igap\u00e4evaseks kasutamiseks \u2013 kerge, vastupidav ja...","og_url":"https:\/\/kruze.ee\/et\/toode\/blackblum-mealprep-toidukarpide-komplekt-3-tk-vaike-keskmine-suur\/","og_site_name":"Kruze.ee","article_modified_time":"2026-03-16T21:54:40+00:00","twitter_card":"summary_large_image","twitter_misc":{"Est. reading time":"1 minut"},"schema":{"@context":"https:\/\/schema.org","@graph":[{"@type":"WebPage","@id":"https:\/\/kruze.ee\/et\/toode\/blackblum-mealprep-toidukarpide-komplekt-3-tk-vaike-keskmine-suur\/","url":"https:\/\/kruze.ee\/et\/toode\/blackblum-mealprep-toidukarpide-komplekt-3-tk-vaike-keskmine-suur\/","name":"Black+Blum Mealprep toidukarpide komplekt, 3 tk (v\u00e4ike, keskmine, suur) - Kruze.ee","isPartOf":{"@id":"https:\/\/kruze.ee\/et\/#website"},"datePublished":"2026-02-08T13:30:09+00:00","dateModified":"2026-03-16T21:54:40+00:00","breadcrumb":{"@id":"https:\/\/kruze.ee\/et\/toode\/blackblum-mealprep-toidukarpide-komplekt-3-tk-vaike-keskmine-suur\/#breadcrumb"},"inLanguage":"et","potentialAction":[{"@type":"ReadAction","target":["https:\/\/kruze.ee\/et\/toode\/blackblum-mealprep-toidukarpide-komplekt-3-tk-vaike-keskmine-suur\/"]}]},{"@type":"BreadcrumbList","@id":"https:\/\/kruze.ee\/et\/toode\/blackblum-mealprep-toidukarpide-komplekt-3-tk-vaike-keskmine-suur\/#breadcrumb","itemListElement":[{"@type":"ListItem","position":1,"name":"Home","item":"https:\/\/kruze.ee\/et\/"},{"@type":"ListItem","position":2,"name":"Tooted","item":"https:\/\/kruze.ee\/et\/tooted\/"},{"@type":"ListItem","position":3,"name":"Black+Blum Mealprep toidukarpide komplekt, 3 tk (v\u00e4ike, keskmine, suur)"}]},{"@type":"WebSite","@id":"https:\/\/kruze.ee\/et\/#website","url":"https:\/\/kruze.ee\/et\/","name":"Kruze.ee","description":"Reklaamkingitused, tr&uuml;kiga T-s&auml;rgid, fliisid, dressipluused, tekstiil, joped ja paljud teised logoga meened, &Auml;rikingitused sinu partnerile! Telli juba t&auml;na.","potentialAction":[{"@type":"SearchAction","target":{"@type":"EntryPoint","urlTemplate":"https:\/\/kruze.ee\/et\/?s={search_term_string}"},"query-input":{"@type":"PropertyValueSpecification","valueRequired":true,"valueName":"search_term_string"}}],"inLanguage":"et"}]}},"_links":{"self":[{"href":"https:\/\/kruze.ee\/et\/wp-json\/wp\/v2\/product\/1443678","targetHints":{"allow":["GET"]}}],"collection":[{"href":"https:\/\/kruze.ee\/et\/wp-json\/wp\/v2\/product"}],"about":[{"href":"https:\/\/kruze.ee\/et\/wp-json\/wp\/v2\/types\/product"}],"wp:attachment":[{"href":"https:\/\/kruze.ee\/et\/wp-json\/wp\/v2\/media?parent=1443678"}],"wp:term":[{"taxonomy":"product_brand","embeddable":true,"href":"https:\/\/kruze.ee\/et\/wp-json\/wp\/v2\/product_brand?post=1443678"},{"taxonomy":"product_cat","embeddable":true,"href":"https:\/\/kruze.ee\/et\/wp-json\/wp\/v2\/product_cat?post=1443678"},{"taxonomy":"product_tag","embeddable":true,"href":"https:\/\/kruze.ee\/et\/wp-json\/wp\/v2\/product_tag?post=1443678"}],"curies":[{"name":"wp","href":"https:\/\/api.w.org\/{rel}","templated":true}]}}