{"id":1443676,"date":"2026-02-08T16:30:02","date_gmt":"2026-02-08T13:30:02","guid":{"rendered":"https:\/\/kruze.ee\/product\/blackblum-explorer-termos-1l\/"},"modified":"2026-03-17T00:54:38","modified_gmt":"2026-03-16T21:54:38","slug":"blackblum-explorer-termos-1l","status":"publish","type":"product","link":"https:\/\/kruze.ee\/et\/toode\/blackblum-explorer-termos-1l\/","title":{"rendered":"Black+Blum Explorer termos 1L"},"content":{"rendered":"<p>1L tugevdatud konstruktsioon ja vastupidav disain hoiavad joogid tulikuumana v\u00f5i j\u00e4\u00e4k\u00fclmana kuni 24 tundi. T\u00e4ielikult lekkekindel termos on varustatud terasest korgiga, millel on mugav valamise mehhanism, ning kahe kahekordse seinaga roostevabast terasest joogitopsiga jagamiseks. Laiap\u00f5hjalised topsid tagavad parema stabiilsuse ka ebatasasel pinnal ning tugev nailonrihm muudab kandmise ja valamise mugavaks. Silikoonist tihend v\u00e4ldib tilkumist, kui topsid on hoiustatud, ning rihma eemaldamisel on termos n\u00f5udepesumasinas pestav.<\/p>\n","protected":false},"excerpt":{"rendered":"<p>1L tugevdatud konstruktsioon ja vastupidav disain hoiavad joogid tulikuumana v\u00f5i j\u00e4\u00e4k\u00fclmana kuni 24 tundi. T\u00e4ielikult lekkekindel termos on varustatud terasest&#8230;<\/p>\n","protected":false},"featured_media":0,"template":"","meta":[],"product_brand":[],"product_cat":[5420],"product_tag":[],"class_list":{"0":"post-1443676","1":"product","2":"type-product","3":"status-publish","5":"product_cat-termosed","6":"pa_gender-uniseks","7":"pa_gender-unisex","11":"first","12":"instock","13":"purchasable","14":"product-type-simple"},"acf":[],"yoast_head":"<!-- This site is optimized with the Yoast SEO plugin v26.0 - https:\/\/yoast.com\/wordpress\/plugins\/seo\/ -->\n<title>Black+Blum Explorer termos 1L - Kruze.ee<\/title>\n<meta name=\"robots\" content=\"index, follow, max-snippet:-1, max-image-preview:large, max-video-preview:-1\" \/>\n<link rel=\"canonical\" href=\"https:\/\/kruze.ee\/et\/toode\/blackblum-explorer-termos-1l\/\" \/>\n<meta property=\"og:locale\" content=\"et_EE\" \/>\n<meta property=\"og:type\" content=\"article\" \/>\n<meta property=\"og:title\" content=\"Black+Blum Explorer termos 1L - Kruze.ee\" \/>\n<meta property=\"og:description\" content=\"1L tugevdatud konstruktsioon ja vastupidav disain hoiavad joogid tulikuumana v\u00f5i j\u00e4\u00e4k\u00fclmana kuni 24 tundi. T\u00e4ielikult lekkekindel termos on varustatud terasest...\" \/>\n<meta property=\"og:url\" content=\"https:\/\/kruze.ee\/et\/toode\/blackblum-explorer-termos-1l\/\" \/>\n<meta property=\"og:site_name\" content=\"Kruze.ee\" \/>\n<meta property=\"article:modified_time\" content=\"2026-03-16T21:54:38+00:00\" \/>\n<meta name=\"twitter:card\" content=\"summary_large_image\" \/>\n<script type=\"application\/ld+json\" class=\"yoast-schema-graph\">{\"@context\":\"https:\/\/schema.org\",\"@graph\":[{\"@type\":\"WebPage\",\"@id\":\"https:\/\/kruze.ee\/et\/toode\/blackblum-explorer-termos-1l\/\",\"url\":\"https:\/\/kruze.ee\/et\/toode\/blackblum-explorer-termos-1l\/\",\"name\":\"Black+Blum Explorer termos 1L - Kruze.ee\",\"isPartOf\":{\"@id\":\"https:\/\/kruze.ee\/et\/#website\"},\"datePublished\":\"2026-02-08T13:30:02+00:00\",\"dateModified\":\"2026-03-16T21:54:38+00:00\",\"breadcrumb\":{\"@id\":\"https:\/\/kruze.ee\/et\/toode\/blackblum-explorer-termos-1l\/#breadcrumb\"},\"inLanguage\":\"et\",\"potentialAction\":[{\"@type\":\"ReadAction\",\"target\":[\"https:\/\/kruze.ee\/et\/toode\/blackblum-explorer-termos-1l\/\"]}]},{\"@type\":\"BreadcrumbList\",\"@id\":\"https:\/\/kruze.ee\/et\/toode\/blackblum-explorer-termos-1l\/#breadcrumb\",\"itemListElement\":[{\"@type\":\"ListItem\",\"position\":1,\"name\":\"Home\",\"item\":\"https:\/\/kruze.ee\/et\/\"},{\"@type\":\"ListItem\",\"position\":2,\"name\":\"Tooted\",\"item\":\"https:\/\/kruze.ee\/et\/tooted\/\"},{\"@type\":\"ListItem\",\"position\":3,\"name\":\"Black+Blum Explorer termos 1L\"}]},{\"@type\":\"WebSite\",\"@id\":\"https:\/\/kruze.ee\/et\/#website\",\"url\":\"https:\/\/kruze.ee\/et\/\",\"name\":\"Kruze.ee\",\"description\":\"Reklaamkingitused, tr&uuml;kiga T-s&auml;rgid, fliisid, dressipluused, tekstiil, joped ja paljud teised logoga meened, &Auml;rikingitused sinu partnerile! Telli juba t&auml;na.\",\"potentialAction\":[{\"@type\":\"SearchAction\",\"target\":{\"@type\":\"EntryPoint\",\"urlTemplate\":\"https:\/\/kruze.ee\/et\/?s={search_term_string}\"},\"query-input\":{\"@type\":\"PropertyValueSpecification\",\"valueRequired\":true,\"valueName\":\"search_term_string\"}}],\"inLanguage\":\"et\"}]}<\/script>\n<!-- \/ Yoast SEO plugin. -->","yoast_head_json":{"title":"Black+Blum Explorer termos 1L - Kruze.ee","robots":{"index":"index","follow":"follow","max-snippet":"max-snippet:-1","max-image-preview":"max-image-preview:large","max-video-preview":"max-video-preview:-1"},"canonical":"https:\/\/kruze.ee\/et\/toode\/blackblum-explorer-termos-1l\/","og_locale":"et_EE","og_type":"article","og_title":"Black+Blum Explorer termos 1L - Kruze.ee","og_description":"1L tugevdatud konstruktsioon ja vastupidav disain hoiavad joogid tulikuumana v\u00f5i j\u00e4\u00e4k\u00fclmana kuni 24 tundi. T\u00e4ielikult lekkekindel termos on varustatud terasest...","og_url":"https:\/\/kruze.ee\/et\/toode\/blackblum-explorer-termos-1l\/","og_site_name":"Kruze.ee","article_modified_time":"2026-03-16T21:54:38+00:00","twitter_card":"summary_large_image","schema":{"@context":"https:\/\/schema.org","@graph":[{"@type":"WebPage","@id":"https:\/\/kruze.ee\/et\/toode\/blackblum-explorer-termos-1l\/","url":"https:\/\/kruze.ee\/et\/toode\/blackblum-explorer-termos-1l\/","name":"Black+Blum Explorer termos 1L - Kruze.ee","isPartOf":{"@id":"https:\/\/kruze.ee\/et\/#website"},"datePublished":"2026-02-08T13:30:02+00:00","dateModified":"2026-03-16T21:54:38+00:00","breadcrumb":{"@id":"https:\/\/kruze.ee\/et\/toode\/blackblum-explorer-termos-1l\/#breadcrumb"},"inLanguage":"et","potentialAction":[{"@type":"ReadAction","target":["https:\/\/kruze.ee\/et\/toode\/blackblum-explorer-termos-1l\/"]}]},{"@type":"BreadcrumbList","@id":"https:\/\/kruze.ee\/et\/toode\/blackblum-explorer-termos-1l\/#breadcrumb","itemListElement":[{"@type":"ListItem","position":1,"name":"Home","item":"https:\/\/kruze.ee\/et\/"},{"@type":"ListItem","position":2,"name":"Tooted","item":"https:\/\/kruze.ee\/et\/tooted\/"},{"@type":"ListItem","position":3,"name":"Black+Blum Explorer termos 1L"}]},{"@type":"WebSite","@id":"https:\/\/kruze.ee\/et\/#website","url":"https:\/\/kruze.ee\/et\/","name":"Kruze.ee","description":"Reklaamkingitused, tr&uuml;kiga T-s&auml;rgid, fliisid, dressipluused, tekstiil, joped ja paljud teised logoga meened, &Auml;rikingitused sinu partnerile! Telli juba t&auml;na.","potentialAction":[{"@type":"SearchAction","target":{"@type":"EntryPoint","urlTemplate":"https:\/\/kruze.ee\/et\/?s={search_term_string}"},"query-input":{"@type":"PropertyValueSpecification","valueRequired":true,"valueName":"search_term_string"}}],"inLanguage":"et"}]}},"_links":{"self":[{"href":"https:\/\/kruze.ee\/et\/wp-json\/wp\/v2\/product\/1443676","targetHints":{"allow":["GET"]}}],"collection":[{"href":"https:\/\/kruze.ee\/et\/wp-json\/wp\/v2\/product"}],"about":[{"href":"https:\/\/kruze.ee\/et\/wp-json\/wp\/v2\/types\/product"}],"wp:attachment":[{"href":"https:\/\/kruze.ee\/et\/wp-json\/wp\/v2\/media?parent=1443676"}],"wp:term":[{"taxonomy":"product_brand","embeddable":true,"href":"https:\/\/kruze.ee\/et\/wp-json\/wp\/v2\/product_brand?post=1443676"},{"taxonomy":"product_cat","embeddable":true,"href":"https:\/\/kruze.ee\/et\/wp-json\/wp\/v2\/product_cat?post=1443676"},{"taxonomy":"product_tag","embeddable":true,"href":"https:\/\/kruze.ee\/et\/wp-json\/wp\/v2\/product_tag?post=1443676"}],"curies":[{"name":"wp","href":"https:\/\/api.w.org\/{rel}","templated":true}]}}