{"id":1443670,"date":"2026-02-08T16:29:59","date_gmt":"2026-02-08T13:29:59","guid":{"rendered":"https:\/\/kruze.ee\/product\/blackblum-glass-termokruus-340ml\/"},"modified":"2026-03-17T00:54:37","modified_gmt":"2026-03-16T21:54:37","slug":"blackblum-glass-termokruus-340ml","status":"publish","type":"product","link":"https:\/\/kruze.ee\/et\/toode\/blackblum-glass-termokruus-340ml\/","title":{"rendered":"Black+Blum Glass termokruus 340ML"},"content":{"rendered":"<p>See 340 ml reisitops on valmistatud k\u00e4sitsi puhutud borosilikaatklaasist, mis teeb selle \u00fchtaegu vastupidavaks ja kergeks. Maitset mitte m\u00f5jutav materjal tagab joogi puhta maitse ning t\u00e4ielikult lekkekindel konstruktsioon annab kindluse liikvel olles. Lukustatav kaas avaneb ja sulgub mugavalt \u00fche k\u00e4ega ning libisemiskindel kaitsev silikoon\u00fcmbris tagab kindla ja mugava haarde. Tops sobib standardsetesse rattapudeli hoidikutesse ja auto topsihoidjatesse, \u00fchendades praktilisuse ja stiili. K\u00f5ik osad on BPA-vabad, n\u00f5udepesumasinas pestavad ning kaas on p\u00f5hjalikuks puhastamiseks h\u00f5lpsasti lahtiv\u00f5etav.<\/p>\n","protected":false},"excerpt":{"rendered":"<p>See 340 ml reisitops on valmistatud k\u00e4sitsi puhutud borosilikaatklaasist, mis teeb selle \u00fchtaegu vastupidavaks ja kergeks. Maitset mitte m\u00f5jutav materjal tagab&#8230;<\/p>\n","protected":false},"featured_media":0,"template":"","meta":[],"product_brand":[],"product_cat":[15071],"product_tag":[],"class_list":{"0":"post-1443670","1":"product","2":"type-product","3":"status-publish","5":"product_cat-termoskruusid","6":"pa_brand-black-blum","7":"pa_color-hall","8":"pa_color-blue-2","9":"pa_gender-uniseks","10":"pa_gender-unisex","13":"pa_material-glasssilicone","15":"first","16":"instock","17":"taxable","18":"shipping-taxable","19":"purchasable","20":"product-type-variable"},"acf":[],"yoast_head":"<!-- This site is optimized with the Yoast SEO plugin v26.0 - https:\/\/yoast.com\/wordpress\/plugins\/seo\/ -->\n<title>Black+Blum Glass termokruus 340ML - Kruze.ee<\/title>\n<meta name=\"robots\" content=\"index, follow, max-snippet:-1, max-image-preview:large, max-video-preview:-1\" \/>\n<link rel=\"canonical\" href=\"https:\/\/kruze.ee\/et\/toode\/blackblum-glass-termokruus-340ml\/\" \/>\n<meta property=\"og:locale\" content=\"et_EE\" \/>\n<meta property=\"og:type\" content=\"article\" \/>\n<meta property=\"og:title\" content=\"Black+Blum Glass termokruus 340ML - Kruze.ee\" \/>\n<meta property=\"og:description\" content=\"See 340 ml reisitops on valmistatud k\u00e4sitsi puhutud borosilikaatklaasist, mis teeb selle \u00fchtaegu vastupidavaks ja kergeks. Maitset mitte m\u00f5jutav materjal tagab...\" \/>\n<meta property=\"og:url\" content=\"https:\/\/kruze.ee\/et\/toode\/blackblum-glass-termokruus-340ml\/\" \/>\n<meta property=\"og:site_name\" content=\"Kruze.ee\" \/>\n<meta property=\"article:modified_time\" content=\"2026-03-16T21:54:37+00:00\" \/>\n<meta name=\"twitter:card\" content=\"summary_large_image\" \/>\n<script type=\"application\/ld+json\" class=\"yoast-schema-graph\">{\"@context\":\"https:\/\/schema.org\",\"@graph\":[{\"@type\":\"WebPage\",\"@id\":\"https:\/\/kruze.ee\/et\/toode\/blackblum-glass-termokruus-340ml\/\",\"url\":\"https:\/\/kruze.ee\/et\/toode\/blackblum-glass-termokruus-340ml\/\",\"name\":\"Black+Blum Glass termokruus 340ML - Kruze.ee\",\"isPartOf\":{\"@id\":\"https:\/\/kruze.ee\/et\/#website\"},\"datePublished\":\"2026-02-08T13:29:59+00:00\",\"dateModified\":\"2026-03-16T21:54:37+00:00\",\"breadcrumb\":{\"@id\":\"https:\/\/kruze.ee\/et\/toode\/blackblum-glass-termokruus-340ml\/#breadcrumb\"},\"inLanguage\":\"et\",\"potentialAction\":[{\"@type\":\"ReadAction\",\"target\":[\"https:\/\/kruze.ee\/et\/toode\/blackblum-glass-termokruus-340ml\/\"]}]},{\"@type\":\"BreadcrumbList\",\"@id\":\"https:\/\/kruze.ee\/et\/toode\/blackblum-glass-termokruus-340ml\/#breadcrumb\",\"itemListElement\":[{\"@type\":\"ListItem\",\"position\":1,\"name\":\"Home\",\"item\":\"https:\/\/kruze.ee\/et\/\"},{\"@type\":\"ListItem\",\"position\":2,\"name\":\"Tooted\",\"item\":\"https:\/\/kruze.ee\/et\/tooted\/\"},{\"@type\":\"ListItem\",\"position\":3,\"name\":\"Black+Blum Glass termokruus 340ML\"}]},{\"@type\":\"WebSite\",\"@id\":\"https:\/\/kruze.ee\/et\/#website\",\"url\":\"https:\/\/kruze.ee\/et\/\",\"name\":\"Kruze.ee\",\"description\":\"Reklaamkingitused, tr&uuml;kiga T-s&auml;rgid, fliisid, dressipluused, tekstiil, joped ja paljud teised logoga meened, &Auml;rikingitused sinu partnerile! Telli juba t&auml;na.\",\"potentialAction\":[{\"@type\":\"SearchAction\",\"target\":{\"@type\":\"EntryPoint\",\"urlTemplate\":\"https:\/\/kruze.ee\/et\/?s={search_term_string}\"},\"query-input\":{\"@type\":\"PropertyValueSpecification\",\"valueRequired\":true,\"valueName\":\"search_term_string\"}}],\"inLanguage\":\"et\"}]}<\/script>\n<!-- \/ Yoast SEO plugin. -->","yoast_head_json":{"title":"Black+Blum Glass termokruus 340ML - Kruze.ee","robots":{"index":"index","follow":"follow","max-snippet":"max-snippet:-1","max-image-preview":"max-image-preview:large","max-video-preview":"max-video-preview:-1"},"canonical":"https:\/\/kruze.ee\/et\/toode\/blackblum-glass-termokruus-340ml\/","og_locale":"et_EE","og_type":"article","og_title":"Black+Blum Glass termokruus 340ML - Kruze.ee","og_description":"See 340 ml reisitops on valmistatud k\u00e4sitsi puhutud borosilikaatklaasist, mis teeb selle \u00fchtaegu vastupidavaks ja kergeks. Maitset mitte m\u00f5jutav materjal tagab...","og_url":"https:\/\/kruze.ee\/et\/toode\/blackblum-glass-termokruus-340ml\/","og_site_name":"Kruze.ee","article_modified_time":"2026-03-16T21:54:37+00:00","twitter_card":"summary_large_image","schema":{"@context":"https:\/\/schema.org","@graph":[{"@type":"WebPage","@id":"https:\/\/kruze.ee\/et\/toode\/blackblum-glass-termokruus-340ml\/","url":"https:\/\/kruze.ee\/et\/toode\/blackblum-glass-termokruus-340ml\/","name":"Black+Blum Glass termokruus 340ML - Kruze.ee","isPartOf":{"@id":"https:\/\/kruze.ee\/et\/#website"},"datePublished":"2026-02-08T13:29:59+00:00","dateModified":"2026-03-16T21:54:37+00:00","breadcrumb":{"@id":"https:\/\/kruze.ee\/et\/toode\/blackblum-glass-termokruus-340ml\/#breadcrumb"},"inLanguage":"et","potentialAction":[{"@type":"ReadAction","target":["https:\/\/kruze.ee\/et\/toode\/blackblum-glass-termokruus-340ml\/"]}]},{"@type":"BreadcrumbList","@id":"https:\/\/kruze.ee\/et\/toode\/blackblum-glass-termokruus-340ml\/#breadcrumb","itemListElement":[{"@type":"ListItem","position":1,"name":"Home","item":"https:\/\/kruze.ee\/et\/"},{"@type":"ListItem","position":2,"name":"Tooted","item":"https:\/\/kruze.ee\/et\/tooted\/"},{"@type":"ListItem","position":3,"name":"Black+Blum Glass termokruus 340ML"}]},{"@type":"WebSite","@id":"https:\/\/kruze.ee\/et\/#website","url":"https:\/\/kruze.ee\/et\/","name":"Kruze.ee","description":"Reklaamkingitused, tr&uuml;kiga T-s&auml;rgid, fliisid, dressipluused, tekstiil, joped ja paljud teised logoga meened, &Auml;rikingitused sinu partnerile! Telli juba t&auml;na.","potentialAction":[{"@type":"SearchAction","target":{"@type":"EntryPoint","urlTemplate":"https:\/\/kruze.ee\/et\/?s={search_term_string}"},"query-input":{"@type":"PropertyValueSpecification","valueRequired":true,"valueName":"search_term_string"}}],"inLanguage":"et"}]}},"_links":{"self":[{"href":"https:\/\/kruze.ee\/et\/wp-json\/wp\/v2\/product\/1443670","targetHints":{"allow":["GET"]}}],"collection":[{"href":"https:\/\/kruze.ee\/et\/wp-json\/wp\/v2\/product"}],"about":[{"href":"https:\/\/kruze.ee\/et\/wp-json\/wp\/v2\/types\/product"}],"wp:attachment":[{"href":"https:\/\/kruze.ee\/et\/wp-json\/wp\/v2\/media?parent=1443670"}],"wp:term":[{"taxonomy":"product_brand","embeddable":true,"href":"https:\/\/kruze.ee\/et\/wp-json\/wp\/v2\/product_brand?post=1443670"},{"taxonomy":"product_cat","embeddable":true,"href":"https:\/\/kruze.ee\/et\/wp-json\/wp\/v2\/product_cat?post=1443670"},{"taxonomy":"product_tag","embeddable":true,"href":"https:\/\/kruze.ee\/et\/wp-json\/wp\/v2\/product_tag?post=1443670"}],"curies":[{"name":"wp","href":"https:\/\/api.w.org\/{rel}","templated":true}]}}