{"id":1443658,"date":"2026-02-08T16:29:26","date_gmt":"2026-02-08T13:29:26","guid":{"rendered":"https:\/\/kruze.ee\/product\/blackblum-klaasist-toidukauss-750ml\/"},"modified":"2026-03-17T00:54:26","modified_gmt":"2026-03-16T21:54:26","slug":"blackblum-klaasist-toidukauss-750ml","status":"publish","type":"product","link":"https:\/\/kruze.ee\/et\/toode\/blackblum-klaasist-toidukauss-750ml\/","title":{"rendered":"Black+Blum klaasist toidukauss 750ml"},"content":{"rendered":"<p>Silikoonist kaas hoiab mikrolaineahjus soojendamisel \u00e4ra pritsmed ning alumine konteiner on valmistatud vastupidavast pol\u00fcprop\u00fcleenist koos j\u00e4tkusuutlikult hangitud puidukiuga, mis kaitseb klaaskaussi ja muudab selle p\u00e4rast soojendamist mugavalt k\u00e4sitsetavaks. Roostevabast terasest kaas keeratakse p\u00f5hjale, tagades lekkekindla sulgemise. N\u00f5udepesumasinas pestav.<\/p>\n","protected":false},"excerpt":{"rendered":"<p>Silikoonist kaas hoiab mikrolaineahjus soojendamisel \u00e4ra pritsmed ning alumine konteiner on valmistatud vastupidavast pol\u00fcprop\u00fcleenist koos j\u00e4tkusuutlikult&#8230;<\/p>\n","protected":false},"featured_media":0,"template":"","meta":[],"product_brand":[],"product_cat":[5420],"product_tag":[],"class_list":{"0":"post-1443658","1":"product","2":"type-product","3":"status-publish","5":"product_cat-termosed","6":"pa_brand-black-blum","7":"pa_color-hobe","8":"pa_color-brown-2","9":"pa_gender-uniseks","10":"pa_gender-unisex","13":"pa_material-glass","15":"first","16":"instock","17":"taxable","18":"shipping-taxable","19":"purchasable","20":"product-type-variable"},"acf":[],"yoast_head":"<!-- This site is optimized with the Yoast SEO plugin v26.0 - https:\/\/yoast.com\/wordpress\/plugins\/seo\/ -->\n<title>Black+Blum klaasist toidukauss 750ml - Kruze.ee<\/title>\n<meta name=\"robots\" content=\"index, follow, max-snippet:-1, max-image-preview:large, max-video-preview:-1\" \/>\n<link rel=\"canonical\" href=\"https:\/\/kruze.ee\/et\/toode\/blackblum-klaasist-toidukauss-750ml\/\" \/>\n<meta property=\"og:locale\" content=\"et_EE\" \/>\n<meta property=\"og:type\" content=\"article\" \/>\n<meta property=\"og:title\" content=\"Black+Blum klaasist toidukauss 750ml - Kruze.ee\" \/>\n<meta property=\"og:description\" content=\"Silikoonist kaas hoiab mikrolaineahjus soojendamisel \u00e4ra pritsmed ning alumine konteiner on valmistatud vastupidavast pol\u00fcprop\u00fcleenist koos j\u00e4tkusuutlikult...\" \/>\n<meta property=\"og:url\" content=\"https:\/\/kruze.ee\/et\/toode\/blackblum-klaasist-toidukauss-750ml\/\" \/>\n<meta property=\"og:site_name\" content=\"Kruze.ee\" \/>\n<meta property=\"article:modified_time\" content=\"2026-03-16T21:54:26+00:00\" \/>\n<meta name=\"twitter:card\" content=\"summary_large_image\" \/>\n<script type=\"application\/ld+json\" class=\"yoast-schema-graph\">{\"@context\":\"https:\/\/schema.org\",\"@graph\":[{\"@type\":\"WebPage\",\"@id\":\"https:\/\/kruze.ee\/et\/toode\/blackblum-klaasist-toidukauss-750ml\/\",\"url\":\"https:\/\/kruze.ee\/et\/toode\/blackblum-klaasist-toidukauss-750ml\/\",\"name\":\"Black+Blum klaasist toidukauss 750ml - Kruze.ee\",\"isPartOf\":{\"@id\":\"https:\/\/kruze.ee\/et\/#website\"},\"datePublished\":\"2026-02-08T13:29:26+00:00\",\"dateModified\":\"2026-03-16T21:54:26+00:00\",\"breadcrumb\":{\"@id\":\"https:\/\/kruze.ee\/et\/toode\/blackblum-klaasist-toidukauss-750ml\/#breadcrumb\"},\"inLanguage\":\"et\",\"potentialAction\":[{\"@type\":\"ReadAction\",\"target\":[\"https:\/\/kruze.ee\/et\/toode\/blackblum-klaasist-toidukauss-750ml\/\"]}]},{\"@type\":\"BreadcrumbList\",\"@id\":\"https:\/\/kruze.ee\/et\/toode\/blackblum-klaasist-toidukauss-750ml\/#breadcrumb\",\"itemListElement\":[{\"@type\":\"ListItem\",\"position\":1,\"name\":\"Home\",\"item\":\"https:\/\/kruze.ee\/et\/\"},{\"@type\":\"ListItem\",\"position\":2,\"name\":\"Tooted\",\"item\":\"https:\/\/kruze.ee\/et\/tooted\/\"},{\"@type\":\"ListItem\",\"position\":3,\"name\":\"Black+Blum klaasist toidukauss 750ml\"}]},{\"@type\":\"WebSite\",\"@id\":\"https:\/\/kruze.ee\/et\/#website\",\"url\":\"https:\/\/kruze.ee\/et\/\",\"name\":\"Kruze.ee\",\"description\":\"Reklaamkingitused, tr&uuml;kiga T-s&auml;rgid, fliisid, dressipluused, tekstiil, joped ja paljud teised logoga meened, &Auml;rikingitused sinu partnerile! Telli juba t&auml;na.\",\"potentialAction\":[{\"@type\":\"SearchAction\",\"target\":{\"@type\":\"EntryPoint\",\"urlTemplate\":\"https:\/\/kruze.ee\/et\/?s={search_term_string}\"},\"query-input\":{\"@type\":\"PropertyValueSpecification\",\"valueRequired\":true,\"valueName\":\"search_term_string\"}}],\"inLanguage\":\"et\"}]}<\/script>\n<!-- \/ Yoast SEO plugin. -->","yoast_head_json":{"title":"Black+Blum klaasist toidukauss 750ml - Kruze.ee","robots":{"index":"index","follow":"follow","max-snippet":"max-snippet:-1","max-image-preview":"max-image-preview:large","max-video-preview":"max-video-preview:-1"},"canonical":"https:\/\/kruze.ee\/et\/toode\/blackblum-klaasist-toidukauss-750ml\/","og_locale":"et_EE","og_type":"article","og_title":"Black+Blum klaasist toidukauss 750ml - Kruze.ee","og_description":"Silikoonist kaas hoiab mikrolaineahjus soojendamisel \u00e4ra pritsmed ning alumine konteiner on valmistatud vastupidavast pol\u00fcprop\u00fcleenist koos j\u00e4tkusuutlikult...","og_url":"https:\/\/kruze.ee\/et\/toode\/blackblum-klaasist-toidukauss-750ml\/","og_site_name":"Kruze.ee","article_modified_time":"2026-03-16T21:54:26+00:00","twitter_card":"summary_large_image","schema":{"@context":"https:\/\/schema.org","@graph":[{"@type":"WebPage","@id":"https:\/\/kruze.ee\/et\/toode\/blackblum-klaasist-toidukauss-750ml\/","url":"https:\/\/kruze.ee\/et\/toode\/blackblum-klaasist-toidukauss-750ml\/","name":"Black+Blum klaasist toidukauss 750ml - Kruze.ee","isPartOf":{"@id":"https:\/\/kruze.ee\/et\/#website"},"datePublished":"2026-02-08T13:29:26+00:00","dateModified":"2026-03-16T21:54:26+00:00","breadcrumb":{"@id":"https:\/\/kruze.ee\/et\/toode\/blackblum-klaasist-toidukauss-750ml\/#breadcrumb"},"inLanguage":"et","potentialAction":[{"@type":"ReadAction","target":["https:\/\/kruze.ee\/et\/toode\/blackblum-klaasist-toidukauss-750ml\/"]}]},{"@type":"BreadcrumbList","@id":"https:\/\/kruze.ee\/et\/toode\/blackblum-klaasist-toidukauss-750ml\/#breadcrumb","itemListElement":[{"@type":"ListItem","position":1,"name":"Home","item":"https:\/\/kruze.ee\/et\/"},{"@type":"ListItem","position":2,"name":"Tooted","item":"https:\/\/kruze.ee\/et\/tooted\/"},{"@type":"ListItem","position":3,"name":"Black+Blum klaasist toidukauss 750ml"}]},{"@type":"WebSite","@id":"https:\/\/kruze.ee\/et\/#website","url":"https:\/\/kruze.ee\/et\/","name":"Kruze.ee","description":"Reklaamkingitused, tr&uuml;kiga T-s&auml;rgid, fliisid, dressipluused, tekstiil, joped ja paljud teised logoga meened, &Auml;rikingitused sinu partnerile! Telli juba t&auml;na.","potentialAction":[{"@type":"SearchAction","target":{"@type":"EntryPoint","urlTemplate":"https:\/\/kruze.ee\/et\/?s={search_term_string}"},"query-input":{"@type":"PropertyValueSpecification","valueRequired":true,"valueName":"search_term_string"}}],"inLanguage":"et"}]}},"_links":{"self":[{"href":"https:\/\/kruze.ee\/et\/wp-json\/wp\/v2\/product\/1443658","targetHints":{"allow":["GET"]}}],"collection":[{"href":"https:\/\/kruze.ee\/et\/wp-json\/wp\/v2\/product"}],"about":[{"href":"https:\/\/kruze.ee\/et\/wp-json\/wp\/v2\/types\/product"}],"wp:attachment":[{"href":"https:\/\/kruze.ee\/et\/wp-json\/wp\/v2\/media?parent=1443658"}],"wp:term":[{"taxonomy":"product_brand","embeddable":true,"href":"https:\/\/kruze.ee\/et\/wp-json\/wp\/v2\/product_brand?post=1443658"},{"taxonomy":"product_cat","embeddable":true,"href":"https:\/\/kruze.ee\/et\/wp-json\/wp\/v2\/product_cat?post=1443658"},{"taxonomy":"product_tag","embeddable":true,"href":"https:\/\/kruze.ee\/et\/wp-json\/wp\/v2\/product_tag?post=1443658"}],"curies":[{"name":"wp","href":"https:\/\/api.w.org\/{rel}","templated":true}]}}