{"id":1443656,"date":"2026-02-08T16:29:23","date_gmt":"2026-02-08T13:29:23","guid":{"rendered":"https:\/\/kruze.ee\/product\/blackblum-toidutermos\/"},"modified":"2026-03-17T00:54:26","modified_gmt":"2026-03-16T21:54:26","slug":"blackblum-toidutermos","status":"publish","type":"product","link":"https:\/\/kruze.ee\/et\/toode\/blackblum-toidutermos\/","title":{"rendered":"Black+Blum toidutermos"},"content":{"rendered":"<p>India tiffin-karpidest inspireeritud Lunch Pot on saledama ja k\u00f5rgema kujuga, mis teeb selle kompaktseks ja lihtsasti kotti mahutatavaks. Lunch Pot Original koosneb kahest veekindlast anumast, mida saab kandmiseks omavahel lukustada. Anumatel on mugav silikoonist kanderihm, mis hoiab paigal ka roostevabast terasest \u201esporki\u201c (lusikas-kahvel). Sobib erinevate toitude eraldi hoidmiseks \u2013 alates jogurtist ja puuviljadest kuni nuudlite ja supini. P\u00e4rast kasutamist mahub v\u00e4iksem anum suurema sisse, et hoiustamine oleks lihtne. Sobib kasutamiseks mikrolaineahjus ja n\u00f5udepesumasinas, v\u00e4lja arvatud tritaanist kaas.<\/p>\n","protected":false},"excerpt":{"rendered":"<p>India tiffin-karpidest inspireeritud Lunch Pot on saledama ja k\u00f5rgema kujuga, mis teeb selle kompaktseks ja lihtsasti kotti mahutatavaks. Lunch Pot Original&#8230;<\/p>\n","protected":false},"featured_media":0,"template":"","meta":[],"product_brand":[],"product_cat":[5420],"product_tag":[],"class_list":{"0":"post-1443656","1":"product","2":"type-product","3":"status-publish","5":"product_cat-termosed","6":"pa_gender-uniseks","7":"pa_gender-unisex","11":"first","12":"instock","13":"purchasable","14":"product-type-simple"},"acf":[],"yoast_head":"<!-- This site is optimized with the Yoast SEO plugin v26.0 - https:\/\/yoast.com\/wordpress\/plugins\/seo\/ -->\n<title>Black+Blum toidutermos - Kruze.ee<\/title>\n<meta name=\"robots\" content=\"index, follow, max-snippet:-1, max-image-preview:large, max-video-preview:-1\" \/>\n<link rel=\"canonical\" href=\"https:\/\/kruze.ee\/et\/toode\/blackblum-toidutermos\/\" \/>\n<meta property=\"og:locale\" content=\"et_EE\" \/>\n<meta property=\"og:type\" content=\"article\" \/>\n<meta property=\"og:title\" content=\"Black+Blum toidutermos - Kruze.ee\" \/>\n<meta property=\"og:description\" content=\"India tiffin-karpidest inspireeritud Lunch Pot on saledama ja k\u00f5rgema kujuga, mis teeb selle kompaktseks ja lihtsasti kotti mahutatavaks. Lunch Pot Original...\" \/>\n<meta property=\"og:url\" content=\"https:\/\/kruze.ee\/et\/toode\/blackblum-toidutermos\/\" \/>\n<meta property=\"og:site_name\" content=\"Kruze.ee\" \/>\n<meta property=\"article:modified_time\" content=\"2026-03-16T21:54:26+00:00\" \/>\n<meta name=\"twitter:card\" content=\"summary_large_image\" \/>\n<script type=\"application\/ld+json\" class=\"yoast-schema-graph\">{\"@context\":\"https:\/\/schema.org\",\"@graph\":[{\"@type\":\"WebPage\",\"@id\":\"https:\/\/kruze.ee\/et\/toode\/blackblum-toidutermos\/\",\"url\":\"https:\/\/kruze.ee\/et\/toode\/blackblum-toidutermos\/\",\"name\":\"Black+Blum toidutermos - Kruze.ee\",\"isPartOf\":{\"@id\":\"https:\/\/kruze.ee\/et\/#website\"},\"datePublished\":\"2026-02-08T13:29:23+00:00\",\"dateModified\":\"2026-03-16T21:54:26+00:00\",\"breadcrumb\":{\"@id\":\"https:\/\/kruze.ee\/et\/toode\/blackblum-toidutermos\/#breadcrumb\"},\"inLanguage\":\"et\",\"potentialAction\":[{\"@type\":\"ReadAction\",\"target\":[\"https:\/\/kruze.ee\/et\/toode\/blackblum-toidutermos\/\"]}]},{\"@type\":\"BreadcrumbList\",\"@id\":\"https:\/\/kruze.ee\/et\/toode\/blackblum-toidutermos\/#breadcrumb\",\"itemListElement\":[{\"@type\":\"ListItem\",\"position\":1,\"name\":\"Home\",\"item\":\"https:\/\/kruze.ee\/et\/\"},{\"@type\":\"ListItem\",\"position\":2,\"name\":\"Tooted\",\"item\":\"https:\/\/kruze.ee\/et\/tooted\/\"},{\"@type\":\"ListItem\",\"position\":3,\"name\":\"Black+Blum toidutermos\"}]},{\"@type\":\"WebSite\",\"@id\":\"https:\/\/kruze.ee\/et\/#website\",\"url\":\"https:\/\/kruze.ee\/et\/\",\"name\":\"Kruze.ee\",\"description\":\"Reklaamkingitused, tr&uuml;kiga T-s&auml;rgid, fliisid, dressipluused, tekstiil, joped ja paljud teised logoga meened, &Auml;rikingitused sinu partnerile! Telli juba t&auml;na.\",\"potentialAction\":[{\"@type\":\"SearchAction\",\"target\":{\"@type\":\"EntryPoint\",\"urlTemplate\":\"https:\/\/kruze.ee\/et\/?s={search_term_string}\"},\"query-input\":{\"@type\":\"PropertyValueSpecification\",\"valueRequired\":true,\"valueName\":\"search_term_string\"}}],\"inLanguage\":\"et\"}]}<\/script>\n<!-- \/ Yoast SEO plugin. -->","yoast_head_json":{"title":"Black+Blum toidutermos - Kruze.ee","robots":{"index":"index","follow":"follow","max-snippet":"max-snippet:-1","max-image-preview":"max-image-preview:large","max-video-preview":"max-video-preview:-1"},"canonical":"https:\/\/kruze.ee\/et\/toode\/blackblum-toidutermos\/","og_locale":"et_EE","og_type":"article","og_title":"Black+Blum toidutermos - Kruze.ee","og_description":"India tiffin-karpidest inspireeritud Lunch Pot on saledama ja k\u00f5rgema kujuga, mis teeb selle kompaktseks ja lihtsasti kotti mahutatavaks. Lunch Pot Original...","og_url":"https:\/\/kruze.ee\/et\/toode\/blackblum-toidutermos\/","og_site_name":"Kruze.ee","article_modified_time":"2026-03-16T21:54:26+00:00","twitter_card":"summary_large_image","schema":{"@context":"https:\/\/schema.org","@graph":[{"@type":"WebPage","@id":"https:\/\/kruze.ee\/et\/toode\/blackblum-toidutermos\/","url":"https:\/\/kruze.ee\/et\/toode\/blackblum-toidutermos\/","name":"Black+Blum toidutermos - Kruze.ee","isPartOf":{"@id":"https:\/\/kruze.ee\/et\/#website"},"datePublished":"2026-02-08T13:29:23+00:00","dateModified":"2026-03-16T21:54:26+00:00","breadcrumb":{"@id":"https:\/\/kruze.ee\/et\/toode\/blackblum-toidutermos\/#breadcrumb"},"inLanguage":"et","potentialAction":[{"@type":"ReadAction","target":["https:\/\/kruze.ee\/et\/toode\/blackblum-toidutermos\/"]}]},{"@type":"BreadcrumbList","@id":"https:\/\/kruze.ee\/et\/toode\/blackblum-toidutermos\/#breadcrumb","itemListElement":[{"@type":"ListItem","position":1,"name":"Home","item":"https:\/\/kruze.ee\/et\/"},{"@type":"ListItem","position":2,"name":"Tooted","item":"https:\/\/kruze.ee\/et\/tooted\/"},{"@type":"ListItem","position":3,"name":"Black+Blum toidutermos"}]},{"@type":"WebSite","@id":"https:\/\/kruze.ee\/et\/#website","url":"https:\/\/kruze.ee\/et\/","name":"Kruze.ee","description":"Reklaamkingitused, tr&uuml;kiga T-s&auml;rgid, fliisid, dressipluused, tekstiil, joped ja paljud teised logoga meened, &Auml;rikingitused sinu partnerile! Telli juba t&auml;na.","potentialAction":[{"@type":"SearchAction","target":{"@type":"EntryPoint","urlTemplate":"https:\/\/kruze.ee\/et\/?s={search_term_string}"},"query-input":{"@type":"PropertyValueSpecification","valueRequired":true,"valueName":"search_term_string"}}],"inLanguage":"et"}]}},"_links":{"self":[{"href":"https:\/\/kruze.ee\/et\/wp-json\/wp\/v2\/product\/1443656","targetHints":{"allow":["GET"]}}],"collection":[{"href":"https:\/\/kruze.ee\/et\/wp-json\/wp\/v2\/product"}],"about":[{"href":"https:\/\/kruze.ee\/et\/wp-json\/wp\/v2\/types\/product"}],"wp:attachment":[{"href":"https:\/\/kruze.ee\/et\/wp-json\/wp\/v2\/media?parent=1443656"}],"wp:term":[{"taxonomy":"product_brand","embeddable":true,"href":"https:\/\/kruze.ee\/et\/wp-json\/wp\/v2\/product_brand?post=1443656"},{"taxonomy":"product_cat","embeddable":true,"href":"https:\/\/kruze.ee\/et\/wp-json\/wp\/v2\/product_cat?post=1443656"},{"taxonomy":"product_tag","embeddable":true,"href":"https:\/\/kruze.ee\/et\/wp-json\/wp\/v2\/product_tag?post=1443656"}],"curies":[{"name":"wp","href":"https:\/\/api.w.org\/{rel}","templated":true}]}}