{"id":1443652,"date":"2026-02-08T16:29:20","date_gmt":"2026-02-08T13:29:20","guid":{"rendered":"https:\/\/kruze.ee\/product\/blackblum-lunch-box-original\/"},"modified":"2026-03-17T00:54:25","modified_gmt":"2026-03-16T21:54:25","slug":"blackblum-lunch-box-original","status":"publish","type":"product","link":"https:\/\/kruze.ee\/et\/toode\/blackblum-lunch-box-original\/","title":{"rendered":"Black+Blum Lunch Box Original"},"content":{"rendered":"<p>Inspireeritud Black+Blumi k\u00f5ige esimesest l\u00f5unakarbi disainist. Keraamilist kaussi meenutava v\u00e4limusega Lunch Box Original sisaldab sisemist anumat, lekkekindlat kastmekarpi koos kaanes oleva lisandite alaga ning roostevabast terasest kahvlit. Sobib kasutamiseks mikrolaineahjus ja n\u00f5udepesumasinas, v\u00e4lja arvatud tritaanist kaas.<\/p>\n","protected":false},"excerpt":{"rendered":"<p>Inspireeritud Black+Blumi k\u00f5ige esimesest l\u00f5unakarbi disainist. Keraamilist kaussi meenutava v\u00e4limusega Lunch Box Original sisaldab sisemist anumat,&#8230;<\/p>\n","protected":false},"featured_media":0,"template":"","meta":[],"product_brand":[],"product_cat":[5436],"product_tag":[],"class_list":{"0":"post-1443652","1":"product","2":"type-product","3":"status-publish","5":"product_cat-koogitarbed","6":"pa_brand-black-blum","7":"pa_color-oliiviroheline","8":"pa_color-blue-2","9":"pa_gender-uniseks","10":"pa_gender-unisex","13":"pa_material-polypropylenetritan","15":"first","16":"instock","17":"taxable","18":"shipping-taxable","19":"purchasable","20":"product-type-variable"},"acf":[],"yoast_head":"<!-- This site is optimized with the Yoast SEO plugin v26.0 - https:\/\/yoast.com\/wordpress\/plugins\/seo\/ -->\n<title>Black+Blum Lunch Box Original - Kruze.ee<\/title>\n<meta name=\"robots\" content=\"index, follow, max-snippet:-1, max-image-preview:large, max-video-preview:-1\" \/>\n<link rel=\"canonical\" href=\"https:\/\/kruze.ee\/et\/toode\/blackblum-lunch-box-original\/\" \/>\n<meta property=\"og:locale\" content=\"et_EE\" \/>\n<meta property=\"og:type\" content=\"article\" \/>\n<meta property=\"og:title\" content=\"Black+Blum Lunch Box Original - Kruze.ee\" \/>\n<meta property=\"og:description\" content=\"Inspireeritud Black+Blumi k\u00f5ige esimesest l\u00f5unakarbi disainist. Keraamilist kaussi meenutava v\u00e4limusega Lunch Box Original sisaldab sisemist anumat,...\" \/>\n<meta property=\"og:url\" content=\"https:\/\/kruze.ee\/et\/toode\/blackblum-lunch-box-original\/\" \/>\n<meta property=\"og:site_name\" content=\"Kruze.ee\" \/>\n<meta property=\"article:modified_time\" content=\"2026-03-16T21:54:25+00:00\" \/>\n<meta name=\"twitter:card\" content=\"summary_large_image\" \/>\n<script type=\"application\/ld+json\" class=\"yoast-schema-graph\">{\"@context\":\"https:\/\/schema.org\",\"@graph\":[{\"@type\":\"WebPage\",\"@id\":\"https:\/\/kruze.ee\/et\/toode\/blackblum-lunch-box-original\/\",\"url\":\"https:\/\/kruze.ee\/et\/toode\/blackblum-lunch-box-original\/\",\"name\":\"Black+Blum Lunch Box Original - Kruze.ee\",\"isPartOf\":{\"@id\":\"https:\/\/kruze.ee\/et\/#website\"},\"datePublished\":\"2026-02-08T13:29:20+00:00\",\"dateModified\":\"2026-03-16T21:54:25+00:00\",\"breadcrumb\":{\"@id\":\"https:\/\/kruze.ee\/et\/toode\/blackblum-lunch-box-original\/#breadcrumb\"},\"inLanguage\":\"et\",\"potentialAction\":[{\"@type\":\"ReadAction\",\"target\":[\"https:\/\/kruze.ee\/et\/toode\/blackblum-lunch-box-original\/\"]}]},{\"@type\":\"BreadcrumbList\",\"@id\":\"https:\/\/kruze.ee\/et\/toode\/blackblum-lunch-box-original\/#breadcrumb\",\"itemListElement\":[{\"@type\":\"ListItem\",\"position\":1,\"name\":\"Home\",\"item\":\"https:\/\/kruze.ee\/et\/\"},{\"@type\":\"ListItem\",\"position\":2,\"name\":\"Tooted\",\"item\":\"https:\/\/kruze.ee\/et\/tooted\/\"},{\"@type\":\"ListItem\",\"position\":3,\"name\":\"Black+Blum Lunch Box Original\"}]},{\"@type\":\"WebSite\",\"@id\":\"https:\/\/kruze.ee\/et\/#website\",\"url\":\"https:\/\/kruze.ee\/et\/\",\"name\":\"Kruze.ee\",\"description\":\"Reklaamkingitused, tr&uuml;kiga T-s&auml;rgid, fliisid, dressipluused, tekstiil, joped ja paljud teised logoga meened, &Auml;rikingitused sinu partnerile! Telli juba t&auml;na.\",\"potentialAction\":[{\"@type\":\"SearchAction\",\"target\":{\"@type\":\"EntryPoint\",\"urlTemplate\":\"https:\/\/kruze.ee\/et\/?s={search_term_string}\"},\"query-input\":{\"@type\":\"PropertyValueSpecification\",\"valueRequired\":true,\"valueName\":\"search_term_string\"}}],\"inLanguage\":\"et\"}]}<\/script>\n<!-- \/ Yoast SEO plugin. -->","yoast_head_json":{"title":"Black+Blum Lunch Box Original - Kruze.ee","robots":{"index":"index","follow":"follow","max-snippet":"max-snippet:-1","max-image-preview":"max-image-preview:large","max-video-preview":"max-video-preview:-1"},"canonical":"https:\/\/kruze.ee\/et\/toode\/blackblum-lunch-box-original\/","og_locale":"et_EE","og_type":"article","og_title":"Black+Blum Lunch Box Original - Kruze.ee","og_description":"Inspireeritud Black+Blumi k\u00f5ige esimesest l\u00f5unakarbi disainist. Keraamilist kaussi meenutava v\u00e4limusega Lunch Box Original sisaldab sisemist anumat,...","og_url":"https:\/\/kruze.ee\/et\/toode\/blackblum-lunch-box-original\/","og_site_name":"Kruze.ee","article_modified_time":"2026-03-16T21:54:25+00:00","twitter_card":"summary_large_image","schema":{"@context":"https:\/\/schema.org","@graph":[{"@type":"WebPage","@id":"https:\/\/kruze.ee\/et\/toode\/blackblum-lunch-box-original\/","url":"https:\/\/kruze.ee\/et\/toode\/blackblum-lunch-box-original\/","name":"Black+Blum Lunch Box Original - Kruze.ee","isPartOf":{"@id":"https:\/\/kruze.ee\/et\/#website"},"datePublished":"2026-02-08T13:29:20+00:00","dateModified":"2026-03-16T21:54:25+00:00","breadcrumb":{"@id":"https:\/\/kruze.ee\/et\/toode\/blackblum-lunch-box-original\/#breadcrumb"},"inLanguage":"et","potentialAction":[{"@type":"ReadAction","target":["https:\/\/kruze.ee\/et\/toode\/blackblum-lunch-box-original\/"]}]},{"@type":"BreadcrumbList","@id":"https:\/\/kruze.ee\/et\/toode\/blackblum-lunch-box-original\/#breadcrumb","itemListElement":[{"@type":"ListItem","position":1,"name":"Home","item":"https:\/\/kruze.ee\/et\/"},{"@type":"ListItem","position":2,"name":"Tooted","item":"https:\/\/kruze.ee\/et\/tooted\/"},{"@type":"ListItem","position":3,"name":"Black+Blum Lunch Box Original"}]},{"@type":"WebSite","@id":"https:\/\/kruze.ee\/et\/#website","url":"https:\/\/kruze.ee\/et\/","name":"Kruze.ee","description":"Reklaamkingitused, tr&uuml;kiga T-s&auml;rgid, fliisid, dressipluused, tekstiil, joped ja paljud teised logoga meened, &Auml;rikingitused sinu partnerile! Telli juba t&auml;na.","potentialAction":[{"@type":"SearchAction","target":{"@type":"EntryPoint","urlTemplate":"https:\/\/kruze.ee\/et\/?s={search_term_string}"},"query-input":{"@type":"PropertyValueSpecification","valueRequired":true,"valueName":"search_term_string"}}],"inLanguage":"et"}]}},"_links":{"self":[{"href":"https:\/\/kruze.ee\/et\/wp-json\/wp\/v2\/product\/1443652","targetHints":{"allow":["GET"]}}],"collection":[{"href":"https:\/\/kruze.ee\/et\/wp-json\/wp\/v2\/product"}],"about":[{"href":"https:\/\/kruze.ee\/et\/wp-json\/wp\/v2\/types\/product"}],"wp:attachment":[{"href":"https:\/\/kruze.ee\/et\/wp-json\/wp\/v2\/media?parent=1443652"}],"wp:term":[{"taxonomy":"product_brand","embeddable":true,"href":"https:\/\/kruze.ee\/et\/wp-json\/wp\/v2\/product_brand?post=1443652"},{"taxonomy":"product_cat","embeddable":true,"href":"https:\/\/kruze.ee\/et\/wp-json\/wp\/v2\/product_cat?post=1443652"},{"taxonomy":"product_tag","embeddable":true,"href":"https:\/\/kruze.ee\/et\/wp-json\/wp\/v2\/product_tag?post=1443652"}],"curies":[{"name":"wp","href":"https:\/\/api.w.org\/{rel}","templated":true}]}}