{"id":1443650,"date":"2026-02-08T16:29:17","date_gmt":"2026-02-08T13:29:17","guid":{"rendered":"https:\/\/kruze.ee\/product\/blackblum-roostevabast-terasest-voileiva-karp\/"},"modified":"2026-03-17T00:54:24","modified_gmt":"2026-03-16T21:54:24","slug":"blackblum-roostevabast-terasest-voileiva-karp","status":"publish","type":"product","link":"https:\/\/kruze.ee\/et\/toode\/blackblum-roostevabast-terasest-voileiva-karp\/","title":{"rendered":"Black+Blum roostevabast terasest v\u00f5ileiva karp"},"content":{"rendered":"<p>Tuginedes meie esimese v\u00f5ileivakarbi edule, oleme loonud s\u00fcgavama versiooni, et saaksid kaasa v\u00f5tta ka suuremaid toiduaineid nagu puuviljad ja jogurtid. See on vastupidav ja 100% plastivaba lahendus v\u00f5ileibade, suupistete, singi-juustuvaliku v\u00f5i muu toidu valmistamiseks ja kaasaskandmiseks. Roostevabast terasest v\u00f5ileivakarp on toode, mis tundub usaldusv\u00e4\u00e4rne juba esimesest kasutuskorrast ning on loodud ajaga kaunilt vananema. Looduslikult antibakteriaalset bambuskaant saab kasutada l\u00f5ikelauana v\u00f5ileibade valmistamisel v\u00f5i serveerimisalusena koostisosade paigutamiseks hilisemaks maitsvaks einestamiseks. Roostevabast terasest karp kaitseb sisu ning silikoonrihm tagab lisaturvalisuse. Sisemine vahesein aitab erinevad toidud eraldi hoida. Sobib kasutamiseks mikrolaineahjus. Ainult k\u00e4sipesu.<\/p>\n","protected":false},"excerpt":{"rendered":"<p>Tuginedes meie esimese v\u00f5ileivakarbi edule, oleme loonud s\u00fcgavama versiooni, et saaksid kaasa v\u00f5tta ka suuremaid toiduaineid nagu puuviljad ja jogurtid. See on&#8230;<\/p>\n","protected":false},"featured_media":0,"template":"","meta":[],"product_brand":[],"product_cat":[5436],"product_tag":[],"class_list":{"0":"post-1443650","1":"product","2":"type-product","3":"status-publish","5":"product_cat-koogitarbed","6":"pa_gender-uniseks","7":"pa_gender-unisex","11":"first","12":"instock","13":"purchasable","14":"product-type-simple"},"acf":[],"yoast_head":"<!-- This site is optimized with the Yoast SEO plugin v26.0 - https:\/\/yoast.com\/wordpress\/plugins\/seo\/ -->\n<title>Black+Blum roostevabast terasest v\u00f5ileiva karp - Kruze.ee<\/title>\n<meta name=\"robots\" content=\"index, follow, max-snippet:-1, max-image-preview:large, max-video-preview:-1\" \/>\n<link rel=\"canonical\" href=\"https:\/\/kruze.ee\/et\/toode\/blackblum-roostevabast-terasest-voileiva-karp\/\" \/>\n<meta property=\"og:locale\" content=\"et_EE\" \/>\n<meta property=\"og:type\" content=\"article\" \/>\n<meta property=\"og:title\" content=\"Black+Blum roostevabast terasest v\u00f5ileiva karp - Kruze.ee\" \/>\n<meta property=\"og:description\" content=\"Tuginedes meie esimese v\u00f5ileivakarbi edule, oleme loonud s\u00fcgavama versiooni, et saaksid kaasa v\u00f5tta ka suuremaid toiduaineid nagu puuviljad ja jogurtid. See on...\" \/>\n<meta property=\"og:url\" content=\"https:\/\/kruze.ee\/et\/toode\/blackblum-roostevabast-terasest-voileiva-karp\/\" \/>\n<meta property=\"og:site_name\" content=\"Kruze.ee\" \/>\n<meta property=\"article:modified_time\" content=\"2026-03-16T21:54:24+00:00\" \/>\n<meta name=\"twitter:card\" content=\"summary_large_image\" \/>\n<script type=\"application\/ld+json\" class=\"yoast-schema-graph\">{\"@context\":\"https:\/\/schema.org\",\"@graph\":[{\"@type\":\"WebPage\",\"@id\":\"https:\/\/kruze.ee\/et\/toode\/blackblum-roostevabast-terasest-voileiva-karp\/\",\"url\":\"https:\/\/kruze.ee\/et\/toode\/blackblum-roostevabast-terasest-voileiva-karp\/\",\"name\":\"Black+Blum roostevabast terasest v\u00f5ileiva karp - Kruze.ee\",\"isPartOf\":{\"@id\":\"https:\/\/kruze.ee\/et\/#website\"},\"datePublished\":\"2026-02-08T13:29:17+00:00\",\"dateModified\":\"2026-03-16T21:54:24+00:00\",\"breadcrumb\":{\"@id\":\"https:\/\/kruze.ee\/et\/toode\/blackblum-roostevabast-terasest-voileiva-karp\/#breadcrumb\"},\"inLanguage\":\"et\",\"potentialAction\":[{\"@type\":\"ReadAction\",\"target\":[\"https:\/\/kruze.ee\/et\/toode\/blackblum-roostevabast-terasest-voileiva-karp\/\"]}]},{\"@type\":\"BreadcrumbList\",\"@id\":\"https:\/\/kruze.ee\/et\/toode\/blackblum-roostevabast-terasest-voileiva-karp\/#breadcrumb\",\"itemListElement\":[{\"@type\":\"ListItem\",\"position\":1,\"name\":\"Home\",\"item\":\"https:\/\/kruze.ee\/et\/\"},{\"@type\":\"ListItem\",\"position\":2,\"name\":\"Tooted\",\"item\":\"https:\/\/kruze.ee\/et\/tooted\/\"},{\"@type\":\"ListItem\",\"position\":3,\"name\":\"Black+Blum roostevabast terasest v\u00f5ileiva karp\"}]},{\"@type\":\"WebSite\",\"@id\":\"https:\/\/kruze.ee\/et\/#website\",\"url\":\"https:\/\/kruze.ee\/et\/\",\"name\":\"Kruze.ee\",\"description\":\"Reklaamkingitused, tr&uuml;kiga T-s&auml;rgid, fliisid, dressipluused, tekstiil, joped ja paljud teised logoga meened, &Auml;rikingitused sinu partnerile! Telli juba t&auml;na.\",\"potentialAction\":[{\"@type\":\"SearchAction\",\"target\":{\"@type\":\"EntryPoint\",\"urlTemplate\":\"https:\/\/kruze.ee\/et\/?s={search_term_string}\"},\"query-input\":{\"@type\":\"PropertyValueSpecification\",\"valueRequired\":true,\"valueName\":\"search_term_string\"}}],\"inLanguage\":\"et\"}]}<\/script>\n<!-- \/ Yoast SEO plugin. -->","yoast_head_json":{"title":"Black+Blum roostevabast terasest v\u00f5ileiva karp - Kruze.ee","robots":{"index":"index","follow":"follow","max-snippet":"max-snippet:-1","max-image-preview":"max-image-preview:large","max-video-preview":"max-video-preview:-1"},"canonical":"https:\/\/kruze.ee\/et\/toode\/blackblum-roostevabast-terasest-voileiva-karp\/","og_locale":"et_EE","og_type":"article","og_title":"Black+Blum roostevabast terasest v\u00f5ileiva karp - Kruze.ee","og_description":"Tuginedes meie esimese v\u00f5ileivakarbi edule, oleme loonud s\u00fcgavama versiooni, et saaksid kaasa v\u00f5tta ka suuremaid toiduaineid nagu puuviljad ja jogurtid. See on...","og_url":"https:\/\/kruze.ee\/et\/toode\/blackblum-roostevabast-terasest-voileiva-karp\/","og_site_name":"Kruze.ee","article_modified_time":"2026-03-16T21:54:24+00:00","twitter_card":"summary_large_image","schema":{"@context":"https:\/\/schema.org","@graph":[{"@type":"WebPage","@id":"https:\/\/kruze.ee\/et\/toode\/blackblum-roostevabast-terasest-voileiva-karp\/","url":"https:\/\/kruze.ee\/et\/toode\/blackblum-roostevabast-terasest-voileiva-karp\/","name":"Black+Blum roostevabast terasest v\u00f5ileiva karp - Kruze.ee","isPartOf":{"@id":"https:\/\/kruze.ee\/et\/#website"},"datePublished":"2026-02-08T13:29:17+00:00","dateModified":"2026-03-16T21:54:24+00:00","breadcrumb":{"@id":"https:\/\/kruze.ee\/et\/toode\/blackblum-roostevabast-terasest-voileiva-karp\/#breadcrumb"},"inLanguage":"et","potentialAction":[{"@type":"ReadAction","target":["https:\/\/kruze.ee\/et\/toode\/blackblum-roostevabast-terasest-voileiva-karp\/"]}]},{"@type":"BreadcrumbList","@id":"https:\/\/kruze.ee\/et\/toode\/blackblum-roostevabast-terasest-voileiva-karp\/#breadcrumb","itemListElement":[{"@type":"ListItem","position":1,"name":"Home","item":"https:\/\/kruze.ee\/et\/"},{"@type":"ListItem","position":2,"name":"Tooted","item":"https:\/\/kruze.ee\/et\/tooted\/"},{"@type":"ListItem","position":3,"name":"Black+Blum roostevabast terasest v\u00f5ileiva karp"}]},{"@type":"WebSite","@id":"https:\/\/kruze.ee\/et\/#website","url":"https:\/\/kruze.ee\/et\/","name":"Kruze.ee","description":"Reklaamkingitused, tr&uuml;kiga T-s&auml;rgid, fliisid, dressipluused, tekstiil, joped ja paljud teised logoga meened, &Auml;rikingitused sinu partnerile! Telli juba t&auml;na.","potentialAction":[{"@type":"SearchAction","target":{"@type":"EntryPoint","urlTemplate":"https:\/\/kruze.ee\/et\/?s={search_term_string}"},"query-input":{"@type":"PropertyValueSpecification","valueRequired":true,"valueName":"search_term_string"}}],"inLanguage":"et"}]}},"_links":{"self":[{"href":"https:\/\/kruze.ee\/et\/wp-json\/wp\/v2\/product\/1443650","targetHints":{"allow":["GET"]}}],"collection":[{"href":"https:\/\/kruze.ee\/et\/wp-json\/wp\/v2\/product"}],"about":[{"href":"https:\/\/kruze.ee\/et\/wp-json\/wp\/v2\/types\/product"}],"wp:attachment":[{"href":"https:\/\/kruze.ee\/et\/wp-json\/wp\/v2\/media?parent=1443650"}],"wp:term":[{"taxonomy":"product_brand","embeddable":true,"href":"https:\/\/kruze.ee\/et\/wp-json\/wp\/v2\/product_brand?post=1443650"},{"taxonomy":"product_cat","embeddable":true,"href":"https:\/\/kruze.ee\/et\/wp-json\/wp\/v2\/product_cat?post=1443650"},{"taxonomy":"product_tag","embeddable":true,"href":"https:\/\/kruze.ee\/et\/wp-json\/wp\/v2\/product_tag?post=1443650"}],"curies":[{"name":"wp","href":"https:\/\/api.w.org\/{rel}","templated":true}]}}