{"id":1443646,"date":"2026-02-08T16:29:14","date_gmt":"2026-02-08T13:29:14","guid":{"rendered":"https:\/\/kruze.ee\/product\/blackblum-sroostevabast-terasest-toidukarp\/"},"modified":"2026-03-17T00:54:23","modified_gmt":"2026-03-16T21:54:23","slug":"blackblum-sroostevabast-terasest-toidukarp","status":"publish","type":"product","link":"https:\/\/kruze.ee\/et\/toode\/blackblum-sroostevabast-terasest-toidukarp\/","title":{"rendered":"Black+Blum Sroostevabast terasest toidukarp"},"content":{"rendered":"<p>Esimene t\u00f5eliselt lekkekindel roostevabast terasest l\u00f5unakar p. Tegemist on 3-\u00fches multifunktsionaalse lahendusega, mis v\u00f5imaldab l\u00f5unas\u00f6\u00f6ki kaasa v\u00f5tta, toite ahjus valmistada ning ka eelnevalt valminud toite s\u00fcgavk\u00fclmas hoiustada. Vastupidavast roostevabast terasest valmistatud disain sobib ideaalselt sinu kulinaarsete loomingute stiilseks kaasaskandmiseks. Inspiratsiooni on saadud vanadest s\u00f5jav\u00e4e- ja matkak\u00e4ntiinidest, kuid vorm on modernne ja minimalistlik ning loodud ajas kaunilt kestma. Silikoonklapp tagab turvalise vaakumtihendusega sulgemise, liugvahesein v\u00f5imaldab sisu h\u00f5lpsalt eraldada ning komplekti kuuluvad kahvel ja hoidik lisavad mugavust. P\u00f5hi ja kahvel on n\u00f5udepesumasinas pestavad. Kaas ja rihm ainult k\u00e4sipesu.<\/p>\n","protected":false},"excerpt":{"rendered":"<p>Esimene t\u00f5eliselt lekkekindel roostevabast terasest l\u00f5unakar p. Tegemist on 3-\u00fches multifunktsionaalse lahendusega, mis v\u00f5imaldab l\u00f5unas\u00f6\u00f6ki kaasa v\u00f5tta, toite&#8230;<\/p>\n","protected":false},"featured_media":0,"template":"","meta":[],"product_brand":[],"product_cat":[5436],"product_tag":[],"class_list":{"0":"post-1443646","1":"product","2":"type-product","3":"status-publish","5":"product_cat-koogitarbed","6":"pa_brand-black-blum","7":"pa_color-oranz","8":"pa_color-blue-2","9":"pa_gender-uniseks","10":"pa_gender-unisex","13":"pa_material-stainless-steelsilicone","15":"first","16":"instock","17":"taxable","18":"shipping-taxable","19":"purchasable","20":"product-type-variable"},"acf":[],"yoast_head":"<!-- This site is optimized with the Yoast SEO plugin v26.0 - https:\/\/yoast.com\/wordpress\/plugins\/seo\/ -->\n<title>Black+Blum Sroostevabast terasest toidukarp - Kruze.ee<\/title>\n<meta name=\"robots\" content=\"index, follow, max-snippet:-1, max-image-preview:large, max-video-preview:-1\" \/>\n<link rel=\"canonical\" href=\"https:\/\/kruze.ee\/et\/toode\/blackblum-sroostevabast-terasest-toidukarp\/\" \/>\n<meta property=\"og:locale\" content=\"et_EE\" \/>\n<meta property=\"og:type\" content=\"article\" \/>\n<meta property=\"og:title\" content=\"Black+Blum Sroostevabast terasest toidukarp - Kruze.ee\" \/>\n<meta property=\"og:description\" content=\"Esimene t\u00f5eliselt lekkekindel roostevabast terasest l\u00f5unakar p. Tegemist on 3-\u00fches multifunktsionaalse lahendusega, mis v\u00f5imaldab l\u00f5unas\u00f6\u00f6ki kaasa v\u00f5tta, toite...\" \/>\n<meta property=\"og:url\" content=\"https:\/\/kruze.ee\/et\/toode\/blackblum-sroostevabast-terasest-toidukarp\/\" \/>\n<meta property=\"og:site_name\" content=\"Kruze.ee\" \/>\n<meta property=\"article:modified_time\" content=\"2026-03-16T21:54:23+00:00\" \/>\n<meta name=\"twitter:card\" content=\"summary_large_image\" \/>\n<meta name=\"twitter:label1\" content=\"Est. reading time\" \/>\n\t<meta name=\"twitter:data1\" content=\"1 minut\" \/>\n<script type=\"application\/ld+json\" class=\"yoast-schema-graph\">{\"@context\":\"https:\/\/schema.org\",\"@graph\":[{\"@type\":\"WebPage\",\"@id\":\"https:\/\/kruze.ee\/et\/toode\/blackblum-sroostevabast-terasest-toidukarp\/\",\"url\":\"https:\/\/kruze.ee\/et\/toode\/blackblum-sroostevabast-terasest-toidukarp\/\",\"name\":\"Black+Blum Sroostevabast terasest toidukarp - Kruze.ee\",\"isPartOf\":{\"@id\":\"https:\/\/kruze.ee\/et\/#website\"},\"datePublished\":\"2026-02-08T13:29:14+00:00\",\"dateModified\":\"2026-03-16T21:54:23+00:00\",\"breadcrumb\":{\"@id\":\"https:\/\/kruze.ee\/et\/toode\/blackblum-sroostevabast-terasest-toidukarp\/#breadcrumb\"},\"inLanguage\":\"et\",\"potentialAction\":[{\"@type\":\"ReadAction\",\"target\":[\"https:\/\/kruze.ee\/et\/toode\/blackblum-sroostevabast-terasest-toidukarp\/\"]}]},{\"@type\":\"BreadcrumbList\",\"@id\":\"https:\/\/kruze.ee\/et\/toode\/blackblum-sroostevabast-terasest-toidukarp\/#breadcrumb\",\"itemListElement\":[{\"@type\":\"ListItem\",\"position\":1,\"name\":\"Home\",\"item\":\"https:\/\/kruze.ee\/et\/\"},{\"@type\":\"ListItem\",\"position\":2,\"name\":\"Tooted\",\"item\":\"https:\/\/kruze.ee\/et\/tooted\/\"},{\"@type\":\"ListItem\",\"position\":3,\"name\":\"Black+Blum Sroostevabast terasest toidukarp\"}]},{\"@type\":\"WebSite\",\"@id\":\"https:\/\/kruze.ee\/et\/#website\",\"url\":\"https:\/\/kruze.ee\/et\/\",\"name\":\"Kruze.ee\",\"description\":\"Reklaamkingitused, tr&uuml;kiga T-s&auml;rgid, fliisid, dressipluused, tekstiil, joped ja paljud teised logoga meened, &Auml;rikingitused sinu partnerile! Telli juba t&auml;na.\",\"potentialAction\":[{\"@type\":\"SearchAction\",\"target\":{\"@type\":\"EntryPoint\",\"urlTemplate\":\"https:\/\/kruze.ee\/et\/?s={search_term_string}\"},\"query-input\":{\"@type\":\"PropertyValueSpecification\",\"valueRequired\":true,\"valueName\":\"search_term_string\"}}],\"inLanguage\":\"et\"}]}<\/script>\n<!-- \/ Yoast SEO plugin. -->","yoast_head_json":{"title":"Black+Blum Sroostevabast terasest toidukarp - Kruze.ee","robots":{"index":"index","follow":"follow","max-snippet":"max-snippet:-1","max-image-preview":"max-image-preview:large","max-video-preview":"max-video-preview:-1"},"canonical":"https:\/\/kruze.ee\/et\/toode\/blackblum-sroostevabast-terasest-toidukarp\/","og_locale":"et_EE","og_type":"article","og_title":"Black+Blum Sroostevabast terasest toidukarp - Kruze.ee","og_description":"Esimene t\u00f5eliselt lekkekindel roostevabast terasest l\u00f5unakar p. Tegemist on 3-\u00fches multifunktsionaalse lahendusega, mis v\u00f5imaldab l\u00f5unas\u00f6\u00f6ki kaasa v\u00f5tta, toite...","og_url":"https:\/\/kruze.ee\/et\/toode\/blackblum-sroostevabast-terasest-toidukarp\/","og_site_name":"Kruze.ee","article_modified_time":"2026-03-16T21:54:23+00:00","twitter_card":"summary_large_image","twitter_misc":{"Est. reading time":"1 minut"},"schema":{"@context":"https:\/\/schema.org","@graph":[{"@type":"WebPage","@id":"https:\/\/kruze.ee\/et\/toode\/blackblum-sroostevabast-terasest-toidukarp\/","url":"https:\/\/kruze.ee\/et\/toode\/blackblum-sroostevabast-terasest-toidukarp\/","name":"Black+Blum Sroostevabast terasest toidukarp - Kruze.ee","isPartOf":{"@id":"https:\/\/kruze.ee\/et\/#website"},"datePublished":"2026-02-08T13:29:14+00:00","dateModified":"2026-03-16T21:54:23+00:00","breadcrumb":{"@id":"https:\/\/kruze.ee\/et\/toode\/blackblum-sroostevabast-terasest-toidukarp\/#breadcrumb"},"inLanguage":"et","potentialAction":[{"@type":"ReadAction","target":["https:\/\/kruze.ee\/et\/toode\/blackblum-sroostevabast-terasest-toidukarp\/"]}]},{"@type":"BreadcrumbList","@id":"https:\/\/kruze.ee\/et\/toode\/blackblum-sroostevabast-terasest-toidukarp\/#breadcrumb","itemListElement":[{"@type":"ListItem","position":1,"name":"Home","item":"https:\/\/kruze.ee\/et\/"},{"@type":"ListItem","position":2,"name":"Tooted","item":"https:\/\/kruze.ee\/et\/tooted\/"},{"@type":"ListItem","position":3,"name":"Black+Blum Sroostevabast terasest toidukarp"}]},{"@type":"WebSite","@id":"https:\/\/kruze.ee\/et\/#website","url":"https:\/\/kruze.ee\/et\/","name":"Kruze.ee","description":"Reklaamkingitused, tr&uuml;kiga T-s&auml;rgid, fliisid, dressipluused, tekstiil, joped ja paljud teised logoga meened, &Auml;rikingitused sinu partnerile! Telli juba t&auml;na.","potentialAction":[{"@type":"SearchAction","target":{"@type":"EntryPoint","urlTemplate":"https:\/\/kruze.ee\/et\/?s={search_term_string}"},"query-input":{"@type":"PropertyValueSpecification","valueRequired":true,"valueName":"search_term_string"}}],"inLanguage":"et"}]}},"_links":{"self":[{"href":"https:\/\/kruze.ee\/et\/wp-json\/wp\/v2\/product\/1443646","targetHints":{"allow":["GET"]}}],"collection":[{"href":"https:\/\/kruze.ee\/et\/wp-json\/wp\/v2\/product"}],"about":[{"href":"https:\/\/kruze.ee\/et\/wp-json\/wp\/v2\/types\/product"}],"wp:attachment":[{"href":"https:\/\/kruze.ee\/et\/wp-json\/wp\/v2\/media?parent=1443646"}],"wp:term":[{"taxonomy":"product_brand","embeddable":true,"href":"https:\/\/kruze.ee\/et\/wp-json\/wp\/v2\/product_brand?post=1443646"},{"taxonomy":"product_cat","embeddable":true,"href":"https:\/\/kruze.ee\/et\/wp-json\/wp\/v2\/product_cat?post=1443646"},{"taxonomy":"product_tag","embeddable":true,"href":"https:\/\/kruze.ee\/et\/wp-json\/wp\/v2\/product_tag?post=1443646"}],"curies":[{"name":"wp","href":"https:\/\/api.w.org\/{rel}","templated":true}]}}