{"id":1443640,"date":"2026-02-08T16:11:38","date_gmt":"2026-02-08T13:11:38","guid":{"rendered":"https:\/\/kruze.ee\/product\/blackblum-explorer-termos-850ml\/"},"modified":"2026-03-17T00:54:33","modified_gmt":"2026-03-16T21:54:33","slug":"blackblum-explorer-termos-850ml","status":"publish","type":"product","link":"https:\/\/kruze.ee\/et\/toode\/blackblum-explorer-termos-850ml\/","title":{"rendered":"Black+Blum Explorer termos 850ml"},"content":{"rendered":"<p>Nimi \u00fctleb k\u00f5ik \u2013 see toode on loodud seiklusteks. Soovisime luua midagi, mis oleks samm edasi meie teistest teraspudelitest ja peaks vastu ka k\u00f5ige karmimates tingimustes. T\u00e4ielikult isoleeritud konstruktsioon hoiab joogid tundide kaupa kuumana v\u00f5i k\u00fclmana ning saadaval on kaks mahukat suurust. Sile serv ja sisekeermega ava muudavad joomise eriti mugavaks ning nagu alati, on kaas 100% lekkekindel. See pudel tunneb end t\u00f5eliselt koduselt looduses ja on loodud kestma terve elu. Ainult k\u00e4sipesu.<\/p>\n","protected":false},"excerpt":{"rendered":"<p>Nimi \u00fctleb k\u00f5ik \u2013 see toode on loodud seiklusteks. Soovisime luua midagi, mis oleks samm edasi meie teistest teraspudelitest ja peaks vastu ka k\u00f5ige karmimates&#8230;<\/p>\n","protected":false},"featured_media":0,"template":"","meta":[],"product_brand":[],"product_cat":[5420],"product_tag":[],"class_list":{"0":"post-1443640","1":"product","2":"type-product","3":"status-publish","5":"product_cat-termosed","6":"pa_brand-black-blum","7":"pa_color-oliiviroheline","8":"pa_color-oranz","9":"pa_color-blue-2","10":"pa_gender-uniseks","11":"pa_gender-unisex","14":"pa_material-stainless-steelnylon","16":"first","17":"instock","18":"taxable","19":"shipping-taxable","20":"purchasable","21":"product-type-variable"},"acf":[],"yoast_head":"<!-- This site is optimized with the Yoast SEO plugin v26.0 - https:\/\/yoast.com\/wordpress\/plugins\/seo\/ -->\n<title>Black+Blum Explorer termos 850ml - Kruze.ee<\/title>\n<meta name=\"robots\" content=\"index, follow, max-snippet:-1, max-image-preview:large, max-video-preview:-1\" \/>\n<link rel=\"canonical\" href=\"https:\/\/kruze.ee\/et\/toode\/blackblum-explorer-termos-850ml\/\" \/>\n<meta property=\"og:locale\" content=\"et_EE\" \/>\n<meta property=\"og:type\" content=\"article\" \/>\n<meta property=\"og:title\" content=\"Black+Blum Explorer termos 850ml - Kruze.ee\" \/>\n<meta property=\"og:description\" content=\"Nimi \u00fctleb k\u00f5ik \u2013 see toode on loodud seiklusteks. Soovisime luua midagi, mis oleks samm edasi meie teistest teraspudelitest ja peaks vastu ka k\u00f5ige karmimates...\" \/>\n<meta property=\"og:url\" content=\"https:\/\/kruze.ee\/et\/toode\/blackblum-explorer-termos-850ml\/\" \/>\n<meta property=\"og:site_name\" content=\"Kruze.ee\" \/>\n<meta property=\"article:modified_time\" content=\"2026-03-16T21:54:33+00:00\" \/>\n<meta name=\"twitter:card\" content=\"summary_large_image\" \/>\n<script type=\"application\/ld+json\" class=\"yoast-schema-graph\">{\"@context\":\"https:\/\/schema.org\",\"@graph\":[{\"@type\":\"WebPage\",\"@id\":\"https:\/\/kruze.ee\/et\/toode\/blackblum-explorer-termos-850ml\/\",\"url\":\"https:\/\/kruze.ee\/et\/toode\/blackblum-explorer-termos-850ml\/\",\"name\":\"Black+Blum Explorer termos 850ml - Kruze.ee\",\"isPartOf\":{\"@id\":\"https:\/\/kruze.ee\/et\/#website\"},\"datePublished\":\"2026-02-08T13:11:38+00:00\",\"dateModified\":\"2026-03-16T21:54:33+00:00\",\"breadcrumb\":{\"@id\":\"https:\/\/kruze.ee\/et\/toode\/blackblum-explorer-termos-850ml\/#breadcrumb\"},\"inLanguage\":\"et\",\"potentialAction\":[{\"@type\":\"ReadAction\",\"target\":[\"https:\/\/kruze.ee\/et\/toode\/blackblum-explorer-termos-850ml\/\"]}]},{\"@type\":\"BreadcrumbList\",\"@id\":\"https:\/\/kruze.ee\/et\/toode\/blackblum-explorer-termos-850ml\/#breadcrumb\",\"itemListElement\":[{\"@type\":\"ListItem\",\"position\":1,\"name\":\"Home\",\"item\":\"https:\/\/kruze.ee\/et\/\"},{\"@type\":\"ListItem\",\"position\":2,\"name\":\"Tooted\",\"item\":\"https:\/\/kruze.ee\/et\/tooted\/\"},{\"@type\":\"ListItem\",\"position\":3,\"name\":\"Black+Blum Explorer termos 850ml\"}]},{\"@type\":\"WebSite\",\"@id\":\"https:\/\/kruze.ee\/et\/#website\",\"url\":\"https:\/\/kruze.ee\/et\/\",\"name\":\"Kruze.ee\",\"description\":\"Reklaamkingitused, tr&uuml;kiga T-s&auml;rgid, fliisid, dressipluused, tekstiil, joped ja paljud teised logoga meened, &Auml;rikingitused sinu partnerile! Telli juba t&auml;na.\",\"potentialAction\":[{\"@type\":\"SearchAction\",\"target\":{\"@type\":\"EntryPoint\",\"urlTemplate\":\"https:\/\/kruze.ee\/et\/?s={search_term_string}\"},\"query-input\":{\"@type\":\"PropertyValueSpecification\",\"valueRequired\":true,\"valueName\":\"search_term_string\"}}],\"inLanguage\":\"et\"}]}<\/script>\n<!-- \/ Yoast SEO plugin. -->","yoast_head_json":{"title":"Black+Blum Explorer termos 850ml - Kruze.ee","robots":{"index":"index","follow":"follow","max-snippet":"max-snippet:-1","max-image-preview":"max-image-preview:large","max-video-preview":"max-video-preview:-1"},"canonical":"https:\/\/kruze.ee\/et\/toode\/blackblum-explorer-termos-850ml\/","og_locale":"et_EE","og_type":"article","og_title":"Black+Blum Explorer termos 850ml - Kruze.ee","og_description":"Nimi \u00fctleb k\u00f5ik \u2013 see toode on loodud seiklusteks. Soovisime luua midagi, mis oleks samm edasi meie teistest teraspudelitest ja peaks vastu ka k\u00f5ige karmimates...","og_url":"https:\/\/kruze.ee\/et\/toode\/blackblum-explorer-termos-850ml\/","og_site_name":"Kruze.ee","article_modified_time":"2026-03-16T21:54:33+00:00","twitter_card":"summary_large_image","schema":{"@context":"https:\/\/schema.org","@graph":[{"@type":"WebPage","@id":"https:\/\/kruze.ee\/et\/toode\/blackblum-explorer-termos-850ml\/","url":"https:\/\/kruze.ee\/et\/toode\/blackblum-explorer-termos-850ml\/","name":"Black+Blum Explorer termos 850ml - Kruze.ee","isPartOf":{"@id":"https:\/\/kruze.ee\/et\/#website"},"datePublished":"2026-02-08T13:11:38+00:00","dateModified":"2026-03-16T21:54:33+00:00","breadcrumb":{"@id":"https:\/\/kruze.ee\/et\/toode\/blackblum-explorer-termos-850ml\/#breadcrumb"},"inLanguage":"et","potentialAction":[{"@type":"ReadAction","target":["https:\/\/kruze.ee\/et\/toode\/blackblum-explorer-termos-850ml\/"]}]},{"@type":"BreadcrumbList","@id":"https:\/\/kruze.ee\/et\/toode\/blackblum-explorer-termos-850ml\/#breadcrumb","itemListElement":[{"@type":"ListItem","position":1,"name":"Home","item":"https:\/\/kruze.ee\/et\/"},{"@type":"ListItem","position":2,"name":"Tooted","item":"https:\/\/kruze.ee\/et\/tooted\/"},{"@type":"ListItem","position":3,"name":"Black+Blum Explorer termos 850ml"}]},{"@type":"WebSite","@id":"https:\/\/kruze.ee\/et\/#website","url":"https:\/\/kruze.ee\/et\/","name":"Kruze.ee","description":"Reklaamkingitused, tr&uuml;kiga T-s&auml;rgid, fliisid, dressipluused, tekstiil, joped ja paljud teised logoga meened, &Auml;rikingitused sinu partnerile! Telli juba t&auml;na.","potentialAction":[{"@type":"SearchAction","target":{"@type":"EntryPoint","urlTemplate":"https:\/\/kruze.ee\/et\/?s={search_term_string}"},"query-input":{"@type":"PropertyValueSpecification","valueRequired":true,"valueName":"search_term_string"}}],"inLanguage":"et"}]}},"_links":{"self":[{"href":"https:\/\/kruze.ee\/et\/wp-json\/wp\/v2\/product\/1443640","targetHints":{"allow":["GET"]}}],"collection":[{"href":"https:\/\/kruze.ee\/et\/wp-json\/wp\/v2\/product"}],"about":[{"href":"https:\/\/kruze.ee\/et\/wp-json\/wp\/v2\/types\/product"}],"wp:attachment":[{"href":"https:\/\/kruze.ee\/et\/wp-json\/wp\/v2\/media?parent=1443640"}],"wp:term":[{"taxonomy":"product_brand","embeddable":true,"href":"https:\/\/kruze.ee\/et\/wp-json\/wp\/v2\/product_brand?post=1443640"},{"taxonomy":"product_cat","embeddable":true,"href":"https:\/\/kruze.ee\/et\/wp-json\/wp\/v2\/product_cat?post=1443640"},{"taxonomy":"product_tag","embeddable":true,"href":"https:\/\/kruze.ee\/et\/wp-json\/wp\/v2\/product_tag?post=1443640"}],"curies":[{"name":"wp","href":"https:\/\/api.w.org\/{rel}","templated":true}]}}