{"id":1443610,"date":"2026-02-08T16:05:38","date_gmt":"2026-02-08T13:05:38","guid":{"rendered":"https:\/\/kruze.ee\/product\/sonny-aware-rpet-termokott\/"},"modified":"2026-03-17T00:52:15","modified_gmt":"2026-03-16T21:52:15","slug":"sonny-aware-rpet-termokott","status":"publish","type":"product","link":"https:\/\/kruze.ee\/et\/toode\/sonny-aware-rpet-termokott\/","title":{"rendered":"Sonny Aware\u2122 RPET termokott"},"content":{"rendered":"<p>Kotil on vastupidav pealmine kandesang ja reguleeritav 110 cm \u00f5larihm mugavaks kandmiseks. Vasakul k\u00fcljel on aaspaelad v\u00e4ikeste tarvikute kinnitamiseks, paremal k\u00fcljel praktiline v\u00f5rktasku joogipudeli jaoks. Eesmine lukuga tasku ning mahukas h\u00f5behalli PEVA-voodriga p\u00f5hisahtel aitavad hoida vajalikud esemed korrastatult ja jahedana. Lukud, taskud ja t\u00f5mmitsad on viimistletud sobivates toonides detailidega, lisades kotile stiilset ilmet.<\/p>\n","protected":false},"excerpt":{"rendered":"<p>Kotil on vastupidav pealmine kandesang ja reguleeritav 110 cm \u00f5larihm mugavaks kandmiseks. Vasakul k\u00fcljel on aaspaelad v\u00e4ikeste tarvikute kinnitamiseks,&#8230;<\/p>\n","protected":false},"featured_media":0,"template":"","meta":[],"product_brand":[],"product_cat":[5401],"product_tag":[],"class_list":{"0":"post-1443610","1":"product","2":"type-product","3":"status-publish","5":"product_cat-termoskotid-kotid","6":"pa_gender-uniseks","7":"pa_gender-unisex","11":"first","12":"instock","13":"purchasable","14":"product-type-simple"},"acf":[],"yoast_head":"<!-- This site is optimized with the Yoast SEO plugin v26.0 - https:\/\/yoast.com\/wordpress\/plugins\/seo\/ -->\n<title>Sonny Aware\u2122 RPET termokott - Kruze.ee<\/title>\n<meta name=\"robots\" content=\"index, follow, max-snippet:-1, max-image-preview:large, max-video-preview:-1\" \/>\n<link rel=\"canonical\" href=\"https:\/\/kruze.ee\/et\/toode\/sonny-aware-rpet-termokott\/\" \/>\n<meta property=\"og:locale\" content=\"et_EE\" \/>\n<meta property=\"og:type\" content=\"article\" \/>\n<meta property=\"og:title\" content=\"Sonny Aware\u2122 RPET termokott - Kruze.ee\" \/>\n<meta property=\"og:description\" content=\"Kotil on vastupidav pealmine kandesang ja reguleeritav 110 cm \u00f5larihm mugavaks kandmiseks. Vasakul k\u00fcljel on aaspaelad v\u00e4ikeste tarvikute kinnitamiseks,...\" \/>\n<meta property=\"og:url\" content=\"https:\/\/kruze.ee\/et\/toode\/sonny-aware-rpet-termokott\/\" \/>\n<meta property=\"og:site_name\" content=\"Kruze.ee\" \/>\n<meta property=\"article:modified_time\" content=\"2026-03-16T21:52:15+00:00\" \/>\n<meta name=\"twitter:card\" content=\"summary_large_image\" \/>\n<script type=\"application\/ld+json\" class=\"yoast-schema-graph\">{\"@context\":\"https:\/\/schema.org\",\"@graph\":[{\"@type\":\"WebPage\",\"@id\":\"https:\/\/kruze.ee\/et\/toode\/sonny-aware-rpet-termokott\/\",\"url\":\"https:\/\/kruze.ee\/et\/toode\/sonny-aware-rpet-termokott\/\",\"name\":\"Sonny Aware\u2122 RPET termokott - Kruze.ee\",\"isPartOf\":{\"@id\":\"https:\/\/kruze.ee\/et\/#website\"},\"datePublished\":\"2026-02-08T13:05:38+00:00\",\"dateModified\":\"2026-03-16T21:52:15+00:00\",\"breadcrumb\":{\"@id\":\"https:\/\/kruze.ee\/et\/toode\/sonny-aware-rpet-termokott\/#breadcrumb\"},\"inLanguage\":\"et\",\"potentialAction\":[{\"@type\":\"ReadAction\",\"target\":[\"https:\/\/kruze.ee\/et\/toode\/sonny-aware-rpet-termokott\/\"]}]},{\"@type\":\"BreadcrumbList\",\"@id\":\"https:\/\/kruze.ee\/et\/toode\/sonny-aware-rpet-termokott\/#breadcrumb\",\"itemListElement\":[{\"@type\":\"ListItem\",\"position\":1,\"name\":\"Home\",\"item\":\"https:\/\/kruze.ee\/et\/\"},{\"@type\":\"ListItem\",\"position\":2,\"name\":\"Tooted\",\"item\":\"https:\/\/kruze.ee\/et\/tooted\/\"},{\"@type\":\"ListItem\",\"position\":3,\"name\":\"Sonny Aware\u2122 RPET termokott\"}]},{\"@type\":\"WebSite\",\"@id\":\"https:\/\/kruze.ee\/et\/#website\",\"url\":\"https:\/\/kruze.ee\/et\/\",\"name\":\"Kruze.ee\",\"description\":\"Reklaamkingitused, tr&uuml;kiga T-s&auml;rgid, fliisid, dressipluused, tekstiil, joped ja paljud teised logoga meened, &Auml;rikingitused sinu partnerile! Telli juba t&auml;na.\",\"potentialAction\":[{\"@type\":\"SearchAction\",\"target\":{\"@type\":\"EntryPoint\",\"urlTemplate\":\"https:\/\/kruze.ee\/et\/?s={search_term_string}\"},\"query-input\":{\"@type\":\"PropertyValueSpecification\",\"valueRequired\":true,\"valueName\":\"search_term_string\"}}],\"inLanguage\":\"et\"}]}<\/script>\n<!-- \/ Yoast SEO plugin. -->","yoast_head_json":{"title":"Sonny Aware\u2122 RPET termokott - Kruze.ee","robots":{"index":"index","follow":"follow","max-snippet":"max-snippet:-1","max-image-preview":"max-image-preview:large","max-video-preview":"max-video-preview:-1"},"canonical":"https:\/\/kruze.ee\/et\/toode\/sonny-aware-rpet-termokott\/","og_locale":"et_EE","og_type":"article","og_title":"Sonny Aware\u2122 RPET termokott - Kruze.ee","og_description":"Kotil on vastupidav pealmine kandesang ja reguleeritav 110 cm \u00f5larihm mugavaks kandmiseks. Vasakul k\u00fcljel on aaspaelad v\u00e4ikeste tarvikute kinnitamiseks,...","og_url":"https:\/\/kruze.ee\/et\/toode\/sonny-aware-rpet-termokott\/","og_site_name":"Kruze.ee","article_modified_time":"2026-03-16T21:52:15+00:00","twitter_card":"summary_large_image","schema":{"@context":"https:\/\/schema.org","@graph":[{"@type":"WebPage","@id":"https:\/\/kruze.ee\/et\/toode\/sonny-aware-rpet-termokott\/","url":"https:\/\/kruze.ee\/et\/toode\/sonny-aware-rpet-termokott\/","name":"Sonny Aware\u2122 RPET termokott - Kruze.ee","isPartOf":{"@id":"https:\/\/kruze.ee\/et\/#website"},"datePublished":"2026-02-08T13:05:38+00:00","dateModified":"2026-03-16T21:52:15+00:00","breadcrumb":{"@id":"https:\/\/kruze.ee\/et\/toode\/sonny-aware-rpet-termokott\/#breadcrumb"},"inLanguage":"et","potentialAction":[{"@type":"ReadAction","target":["https:\/\/kruze.ee\/et\/toode\/sonny-aware-rpet-termokott\/"]}]},{"@type":"BreadcrumbList","@id":"https:\/\/kruze.ee\/et\/toode\/sonny-aware-rpet-termokott\/#breadcrumb","itemListElement":[{"@type":"ListItem","position":1,"name":"Home","item":"https:\/\/kruze.ee\/et\/"},{"@type":"ListItem","position":2,"name":"Tooted","item":"https:\/\/kruze.ee\/et\/tooted\/"},{"@type":"ListItem","position":3,"name":"Sonny Aware\u2122 RPET termokott"}]},{"@type":"WebSite","@id":"https:\/\/kruze.ee\/et\/#website","url":"https:\/\/kruze.ee\/et\/","name":"Kruze.ee","description":"Reklaamkingitused, tr&uuml;kiga T-s&auml;rgid, fliisid, dressipluused, tekstiil, joped ja paljud teised logoga meened, &Auml;rikingitused sinu partnerile! Telli juba t&auml;na.","potentialAction":[{"@type":"SearchAction","target":{"@type":"EntryPoint","urlTemplate":"https:\/\/kruze.ee\/et\/?s={search_term_string}"},"query-input":{"@type":"PropertyValueSpecification","valueRequired":true,"valueName":"search_term_string"}}],"inLanguage":"et"}]}},"_links":{"self":[{"href":"https:\/\/kruze.ee\/et\/wp-json\/wp\/v2\/product\/1443610","targetHints":{"allow":["GET"]}}],"collection":[{"href":"https:\/\/kruze.ee\/et\/wp-json\/wp\/v2\/product"}],"about":[{"href":"https:\/\/kruze.ee\/et\/wp-json\/wp\/v2\/types\/product"}],"wp:attachment":[{"href":"https:\/\/kruze.ee\/et\/wp-json\/wp\/v2\/media?parent=1443610"}],"wp:term":[{"taxonomy":"product_brand","embeddable":true,"href":"https:\/\/kruze.ee\/et\/wp-json\/wp\/v2\/product_brand?post=1443610"},{"taxonomy":"product_cat","embeddable":true,"href":"https:\/\/kruze.ee\/et\/wp-json\/wp\/v2\/product_cat?post=1443610"},{"taxonomy":"product_tag","embeddable":true,"href":"https:\/\/kruze.ee\/et\/wp-json\/wp\/v2\/product_tag?post=1443610"}],"curies":[{"name":"wp","href":"https:\/\/api.w.org\/{rel}","templated":true}]}}