{"id":1443568,"date":"2026-02-08T16:05:15","date_gmt":"2026-02-08T13:05:15","guid":{"rendered":"https:\/\/kruze.ee\/product\/explorer-medium-termokott\/"},"modified":"2026-03-17T00:52:05","modified_gmt":"2026-03-16T21:52:05","slug":"explorer-medium-termokott","status":"publish","type":"product","link":"https:\/\/kruze.ee\/et\/toode\/explorer-medium-termokott\/","title":{"rendered":"Explorer medium termokott"},"content":{"rendered":"<p>Keskmise suurusega termokott on ideaalne kaaslane, et hoida toit ja joogid m\u00f5nusalt k\u00fclmana k\u00f5ikjal liikudes. Lai avaus v\u00f5imaldab mugavalt toitu ja jooke sisse panna ning neile h\u00f5lpsasti ligi p\u00e4\u00e4seda. Kompaktne kuubikukujuline disain tagab hea kaasaskantavuse. Tugevad sangad mugavaks kandmiseks ning eesmine v\u00e4listasku vajalike esemete hoidmiseks. Mahutab kuni 20 purki. V\u00e4lismaterjal ripstop-kangas ja presendilaadne materjal, sisemus 100% PEVA.<\/p>\n","protected":false},"excerpt":{"rendered":"<p>Keskmise suurusega termokott on ideaalne kaaslane, et hoida toit ja joogid m\u00f5nusalt k\u00fclmana k\u00f5ikjal liikudes. Lai avaus v\u00f5imaldab mugavalt toitu ja jooke sisse&#8230;<\/p>\n","protected":false},"featured_media":0,"template":"","meta":[],"product_brand":[],"product_cat":[5401],"product_tag":[],"class_list":{"0":"post-1443568","1":"product","2":"type-product","3":"status-publish","5":"product_cat-termoskotid-kotid","6":"pa_gender-uniseks","7":"pa_gender-unisex","11":"first","12":"instock","13":"purchasable","14":"product-type-simple"},"acf":[],"yoast_head":"<!-- This site is optimized with the Yoast SEO plugin v26.0 - https:\/\/yoast.com\/wordpress\/plugins\/seo\/ -->\n<title>Explorer medium termokott - Kruze.ee<\/title>\n<meta name=\"robots\" content=\"index, follow, max-snippet:-1, max-image-preview:large, max-video-preview:-1\" \/>\n<link rel=\"canonical\" href=\"https:\/\/kruze.ee\/et\/toode\/explorer-medium-termokott\/\" \/>\n<meta property=\"og:locale\" content=\"et_EE\" \/>\n<meta property=\"og:type\" content=\"article\" \/>\n<meta property=\"og:title\" content=\"Explorer medium termokott - Kruze.ee\" \/>\n<meta property=\"og:description\" content=\"Keskmise suurusega termokott on ideaalne kaaslane, et hoida toit ja joogid m\u00f5nusalt k\u00fclmana k\u00f5ikjal liikudes. Lai avaus v\u00f5imaldab mugavalt toitu ja jooke sisse...\" \/>\n<meta property=\"og:url\" content=\"https:\/\/kruze.ee\/et\/toode\/explorer-medium-termokott\/\" \/>\n<meta property=\"og:site_name\" content=\"Kruze.ee\" \/>\n<meta property=\"article:modified_time\" content=\"2026-03-16T21:52:05+00:00\" \/>\n<meta name=\"twitter:card\" content=\"summary_large_image\" \/>\n<script type=\"application\/ld+json\" class=\"yoast-schema-graph\">{\"@context\":\"https:\/\/schema.org\",\"@graph\":[{\"@type\":\"WebPage\",\"@id\":\"https:\/\/kruze.ee\/et\/toode\/explorer-medium-termokott\/\",\"url\":\"https:\/\/kruze.ee\/et\/toode\/explorer-medium-termokott\/\",\"name\":\"Explorer medium termokott - Kruze.ee\",\"isPartOf\":{\"@id\":\"https:\/\/kruze.ee\/et\/#website\"},\"datePublished\":\"2026-02-08T13:05:15+00:00\",\"dateModified\":\"2026-03-16T21:52:05+00:00\",\"breadcrumb\":{\"@id\":\"https:\/\/kruze.ee\/et\/toode\/explorer-medium-termokott\/#breadcrumb\"},\"inLanguage\":\"et\",\"potentialAction\":[{\"@type\":\"ReadAction\",\"target\":[\"https:\/\/kruze.ee\/et\/toode\/explorer-medium-termokott\/\"]}]},{\"@type\":\"BreadcrumbList\",\"@id\":\"https:\/\/kruze.ee\/et\/toode\/explorer-medium-termokott\/#breadcrumb\",\"itemListElement\":[{\"@type\":\"ListItem\",\"position\":1,\"name\":\"Home\",\"item\":\"https:\/\/kruze.ee\/et\/\"},{\"@type\":\"ListItem\",\"position\":2,\"name\":\"Tooted\",\"item\":\"https:\/\/kruze.ee\/et\/tooted\/\"},{\"@type\":\"ListItem\",\"position\":3,\"name\":\"Explorer medium termokott\"}]},{\"@type\":\"WebSite\",\"@id\":\"https:\/\/kruze.ee\/et\/#website\",\"url\":\"https:\/\/kruze.ee\/et\/\",\"name\":\"Kruze.ee\",\"description\":\"Reklaamkingitused, tr&uuml;kiga T-s&auml;rgid, fliisid, dressipluused, tekstiil, joped ja paljud teised logoga meened, &Auml;rikingitused sinu partnerile! Telli juba t&auml;na.\",\"potentialAction\":[{\"@type\":\"SearchAction\",\"target\":{\"@type\":\"EntryPoint\",\"urlTemplate\":\"https:\/\/kruze.ee\/et\/?s={search_term_string}\"},\"query-input\":{\"@type\":\"PropertyValueSpecification\",\"valueRequired\":true,\"valueName\":\"search_term_string\"}}],\"inLanguage\":\"et\"}]}<\/script>\n<!-- \/ Yoast SEO plugin. -->","yoast_head_json":{"title":"Explorer medium termokott - Kruze.ee","robots":{"index":"index","follow":"follow","max-snippet":"max-snippet:-1","max-image-preview":"max-image-preview:large","max-video-preview":"max-video-preview:-1"},"canonical":"https:\/\/kruze.ee\/et\/toode\/explorer-medium-termokott\/","og_locale":"et_EE","og_type":"article","og_title":"Explorer medium termokott - Kruze.ee","og_description":"Keskmise suurusega termokott on ideaalne kaaslane, et hoida toit ja joogid m\u00f5nusalt k\u00fclmana k\u00f5ikjal liikudes. Lai avaus v\u00f5imaldab mugavalt toitu ja jooke sisse...","og_url":"https:\/\/kruze.ee\/et\/toode\/explorer-medium-termokott\/","og_site_name":"Kruze.ee","article_modified_time":"2026-03-16T21:52:05+00:00","twitter_card":"summary_large_image","schema":{"@context":"https:\/\/schema.org","@graph":[{"@type":"WebPage","@id":"https:\/\/kruze.ee\/et\/toode\/explorer-medium-termokott\/","url":"https:\/\/kruze.ee\/et\/toode\/explorer-medium-termokott\/","name":"Explorer medium termokott - Kruze.ee","isPartOf":{"@id":"https:\/\/kruze.ee\/et\/#website"},"datePublished":"2026-02-08T13:05:15+00:00","dateModified":"2026-03-16T21:52:05+00:00","breadcrumb":{"@id":"https:\/\/kruze.ee\/et\/toode\/explorer-medium-termokott\/#breadcrumb"},"inLanguage":"et","potentialAction":[{"@type":"ReadAction","target":["https:\/\/kruze.ee\/et\/toode\/explorer-medium-termokott\/"]}]},{"@type":"BreadcrumbList","@id":"https:\/\/kruze.ee\/et\/toode\/explorer-medium-termokott\/#breadcrumb","itemListElement":[{"@type":"ListItem","position":1,"name":"Home","item":"https:\/\/kruze.ee\/et\/"},{"@type":"ListItem","position":2,"name":"Tooted","item":"https:\/\/kruze.ee\/et\/tooted\/"},{"@type":"ListItem","position":3,"name":"Explorer medium termokott"}]},{"@type":"WebSite","@id":"https:\/\/kruze.ee\/et\/#website","url":"https:\/\/kruze.ee\/et\/","name":"Kruze.ee","description":"Reklaamkingitused, tr&uuml;kiga T-s&auml;rgid, fliisid, dressipluused, tekstiil, joped ja paljud teised logoga meened, &Auml;rikingitused sinu partnerile! Telli juba t&auml;na.","potentialAction":[{"@type":"SearchAction","target":{"@type":"EntryPoint","urlTemplate":"https:\/\/kruze.ee\/et\/?s={search_term_string}"},"query-input":{"@type":"PropertyValueSpecification","valueRequired":true,"valueName":"search_term_string"}}],"inLanguage":"et"}]}},"_links":{"self":[{"href":"https:\/\/kruze.ee\/et\/wp-json\/wp\/v2\/product\/1443568","targetHints":{"allow":["GET"]}}],"collection":[{"href":"https:\/\/kruze.ee\/et\/wp-json\/wp\/v2\/product"}],"about":[{"href":"https:\/\/kruze.ee\/et\/wp-json\/wp\/v2\/types\/product"}],"wp:attachment":[{"href":"https:\/\/kruze.ee\/et\/wp-json\/wp\/v2\/media?parent=1443568"}],"wp:term":[{"taxonomy":"product_brand","embeddable":true,"href":"https:\/\/kruze.ee\/et\/wp-json\/wp\/v2\/product_brand?post=1443568"},{"taxonomy":"product_cat","embeddable":true,"href":"https:\/\/kruze.ee\/et\/wp-json\/wp\/v2\/product_cat?post=1443568"},{"taxonomy":"product_tag","embeddable":true,"href":"https:\/\/kruze.ee\/et\/wp-json\/wp\/v2\/product_tag?post=1443568"}],"curies":[{"name":"wp","href":"https:\/\/api.w.org\/{rel}","templated":true}]}}