{"id":1443562,"date":"2026-02-08T16:05:11","date_gmt":"2026-02-08T13:05:11","guid":{"rendered":"https:\/\/kruze.ee\/product\/impact-aware-xl-rpet-kahetooniline-termokott-korgidetailiga\/"},"modified":"2026-03-17T00:52:04","modified_gmt":"2026-03-16T21:52:04","slug":"impact-aware-xl-rpet-kahetooniline-termokott-korgidetailiga","status":"publish","type":"product","link":"https:\/\/kruze.ee\/et\/toode\/impact-aware-xl-rpet-kahetooniline-termokott-korgidetailiga\/","title":{"rendered":"Impact AWARE\u2122 XL RPET kahetooniline termokott korgidetailiga\u201c"},"content":{"rendered":"<p>Kahetooniline korgidetailiga termokott mahutab h\u00f5lpsasti sinu lemmikud kaasav\u00f5etavad toidud. Pehme, kuid vastupidava isolatsiooni ja laia avaga kotti on lihtne pakkida nii joogid, sn\u00e4kid kui ka suurem l\u00f5unas\u00f6\u00f6k. Mahutab kuni 12 purki.<\/p>\n<p>V\u00e4lismaterjal on valmistatud kahetoonilisest 50% taaskasutatud pol\u00fcestrist, vooder on PEVA ning serva \u00e4\u00e4ristab stiilne korgidetail.<\/p>\n","protected":false},"excerpt":{"rendered":"<p>Kahetooniline korgidetailiga termokott mahutab h\u00f5lpsasti sinu lemmikud kaasav\u00f5etavad toidud. Pehme, kuid vastupidava isolatsiooni ja laia avaga kotti on lihtne&#8230;<\/p>\n","protected":false},"featured_media":0,"template":"","meta":[],"product_brand":[],"product_cat":[5401],"product_tag":[],"class_list":{"0":"post-1443562","1":"product","2":"type-product","3":"status-publish","5":"product_cat-termoskotid-kotid","6":"pa_brand-xd-collection","7":"pa_color-black-2","8":"pa_color-roheline","9":"pa_color-blue-2","10":"pa_gender-uniseks","11":"pa_gender-unisex","14":"pa_material-rpetcork","16":"first","17":"instock","18":"taxable","19":"shipping-taxable","20":"purchasable","21":"product-type-variable"},"acf":[],"yoast_head":"<!-- This site is optimized with the Yoast SEO plugin v26.0 - https:\/\/yoast.com\/wordpress\/plugins\/seo\/ -->\n<title>Impact AWARE\u2122 XL RPET kahetooniline termokott korgidetailiga\u201c - Kruze.ee<\/title>\n<meta name=\"robots\" content=\"index, follow, max-snippet:-1, max-image-preview:large, max-video-preview:-1\" \/>\n<link rel=\"canonical\" href=\"https:\/\/kruze.ee\/et\/toode\/impact-aware-xl-rpet-kahetooniline-termokott-korgidetailiga\/\" \/>\n<meta property=\"og:locale\" content=\"et_EE\" \/>\n<meta property=\"og:type\" content=\"article\" \/>\n<meta property=\"og:title\" content=\"Impact AWARE\u2122 XL RPET kahetooniline termokott korgidetailiga\u201c - Kruze.ee\" \/>\n<meta property=\"og:description\" content=\"Kahetooniline korgidetailiga termokott mahutab h\u00f5lpsasti sinu lemmikud kaasav\u00f5etavad toidud. Pehme, kuid vastupidava isolatsiooni ja laia avaga kotti on lihtne...\" \/>\n<meta property=\"og:url\" content=\"https:\/\/kruze.ee\/et\/toode\/impact-aware-xl-rpet-kahetooniline-termokott-korgidetailiga\/\" \/>\n<meta property=\"og:site_name\" content=\"Kruze.ee\" \/>\n<meta property=\"article:modified_time\" content=\"2026-03-16T21:52:04+00:00\" \/>\n<meta name=\"twitter:card\" content=\"summary_large_image\" \/>\n<script type=\"application\/ld+json\" class=\"yoast-schema-graph\">{\"@context\":\"https:\/\/schema.org\",\"@graph\":[{\"@type\":\"WebPage\",\"@id\":\"https:\/\/kruze.ee\/et\/toode\/impact-aware-xl-rpet-kahetooniline-termokott-korgidetailiga\/\",\"url\":\"https:\/\/kruze.ee\/et\/toode\/impact-aware-xl-rpet-kahetooniline-termokott-korgidetailiga\/\",\"name\":\"Impact AWARE\u2122 XL RPET kahetooniline termokott korgidetailiga\u201c - Kruze.ee\",\"isPartOf\":{\"@id\":\"https:\/\/kruze.ee\/et\/#website\"},\"datePublished\":\"2026-02-08T13:05:11+00:00\",\"dateModified\":\"2026-03-16T21:52:04+00:00\",\"breadcrumb\":{\"@id\":\"https:\/\/kruze.ee\/et\/toode\/impact-aware-xl-rpet-kahetooniline-termokott-korgidetailiga\/#breadcrumb\"},\"inLanguage\":\"et\",\"potentialAction\":[{\"@type\":\"ReadAction\",\"target\":[\"https:\/\/kruze.ee\/et\/toode\/impact-aware-xl-rpet-kahetooniline-termokott-korgidetailiga\/\"]}]},{\"@type\":\"BreadcrumbList\",\"@id\":\"https:\/\/kruze.ee\/et\/toode\/impact-aware-xl-rpet-kahetooniline-termokott-korgidetailiga\/#breadcrumb\",\"itemListElement\":[{\"@type\":\"ListItem\",\"position\":1,\"name\":\"Home\",\"item\":\"https:\/\/kruze.ee\/et\/\"},{\"@type\":\"ListItem\",\"position\":2,\"name\":\"Tooted\",\"item\":\"https:\/\/kruze.ee\/et\/tooted\/\"},{\"@type\":\"ListItem\",\"position\":3,\"name\":\"Impact AWARE\u2122 XL RPET kahetooniline termokott korgidetailiga\u201c\"}]},{\"@type\":\"WebSite\",\"@id\":\"https:\/\/kruze.ee\/et\/#website\",\"url\":\"https:\/\/kruze.ee\/et\/\",\"name\":\"Kruze.ee\",\"description\":\"Reklaamkingitused, tr&uuml;kiga T-s&auml;rgid, fliisid, dressipluused, tekstiil, joped ja paljud teised logoga meened, &Auml;rikingitused sinu partnerile! Telli juba t&auml;na.\",\"potentialAction\":[{\"@type\":\"SearchAction\",\"target\":{\"@type\":\"EntryPoint\",\"urlTemplate\":\"https:\/\/kruze.ee\/et\/?s={search_term_string}\"},\"query-input\":{\"@type\":\"PropertyValueSpecification\",\"valueRequired\":true,\"valueName\":\"search_term_string\"}}],\"inLanguage\":\"et\"}]}<\/script>\n<!-- \/ Yoast SEO plugin. -->","yoast_head_json":{"title":"Impact AWARE\u2122 XL RPET kahetooniline termokott korgidetailiga\u201c - Kruze.ee","robots":{"index":"index","follow":"follow","max-snippet":"max-snippet:-1","max-image-preview":"max-image-preview:large","max-video-preview":"max-video-preview:-1"},"canonical":"https:\/\/kruze.ee\/et\/toode\/impact-aware-xl-rpet-kahetooniline-termokott-korgidetailiga\/","og_locale":"et_EE","og_type":"article","og_title":"Impact AWARE\u2122 XL RPET kahetooniline termokott korgidetailiga\u201c - Kruze.ee","og_description":"Kahetooniline korgidetailiga termokott mahutab h\u00f5lpsasti sinu lemmikud kaasav\u00f5etavad toidud. Pehme, kuid vastupidava isolatsiooni ja laia avaga kotti on lihtne...","og_url":"https:\/\/kruze.ee\/et\/toode\/impact-aware-xl-rpet-kahetooniline-termokott-korgidetailiga\/","og_site_name":"Kruze.ee","article_modified_time":"2026-03-16T21:52:04+00:00","twitter_card":"summary_large_image","schema":{"@context":"https:\/\/schema.org","@graph":[{"@type":"WebPage","@id":"https:\/\/kruze.ee\/et\/toode\/impact-aware-xl-rpet-kahetooniline-termokott-korgidetailiga\/","url":"https:\/\/kruze.ee\/et\/toode\/impact-aware-xl-rpet-kahetooniline-termokott-korgidetailiga\/","name":"Impact AWARE\u2122 XL RPET kahetooniline termokott korgidetailiga\u201c - Kruze.ee","isPartOf":{"@id":"https:\/\/kruze.ee\/et\/#website"},"datePublished":"2026-02-08T13:05:11+00:00","dateModified":"2026-03-16T21:52:04+00:00","breadcrumb":{"@id":"https:\/\/kruze.ee\/et\/toode\/impact-aware-xl-rpet-kahetooniline-termokott-korgidetailiga\/#breadcrumb"},"inLanguage":"et","potentialAction":[{"@type":"ReadAction","target":["https:\/\/kruze.ee\/et\/toode\/impact-aware-xl-rpet-kahetooniline-termokott-korgidetailiga\/"]}]},{"@type":"BreadcrumbList","@id":"https:\/\/kruze.ee\/et\/toode\/impact-aware-xl-rpet-kahetooniline-termokott-korgidetailiga\/#breadcrumb","itemListElement":[{"@type":"ListItem","position":1,"name":"Home","item":"https:\/\/kruze.ee\/et\/"},{"@type":"ListItem","position":2,"name":"Tooted","item":"https:\/\/kruze.ee\/et\/tooted\/"},{"@type":"ListItem","position":3,"name":"Impact AWARE\u2122 XL RPET kahetooniline termokott korgidetailiga\u201c"}]},{"@type":"WebSite","@id":"https:\/\/kruze.ee\/et\/#website","url":"https:\/\/kruze.ee\/et\/","name":"Kruze.ee","description":"Reklaamkingitused, tr&uuml;kiga T-s&auml;rgid, fliisid, dressipluused, tekstiil, joped ja paljud teised logoga meened, &Auml;rikingitused sinu partnerile! Telli juba t&auml;na.","potentialAction":[{"@type":"SearchAction","target":{"@type":"EntryPoint","urlTemplate":"https:\/\/kruze.ee\/et\/?s={search_term_string}"},"query-input":{"@type":"PropertyValueSpecification","valueRequired":true,"valueName":"search_term_string"}}],"inLanguage":"et"}]}},"_links":{"self":[{"href":"https:\/\/kruze.ee\/et\/wp-json\/wp\/v2\/product\/1443562","targetHints":{"allow":["GET"]}}],"collection":[{"href":"https:\/\/kruze.ee\/et\/wp-json\/wp\/v2\/product"}],"about":[{"href":"https:\/\/kruze.ee\/et\/wp-json\/wp\/v2\/types\/product"}],"wp:attachment":[{"href":"https:\/\/kruze.ee\/et\/wp-json\/wp\/v2\/media?parent=1443562"}],"wp:term":[{"taxonomy":"product_brand","embeddable":true,"href":"https:\/\/kruze.ee\/et\/wp-json\/wp\/v2\/product_brand?post=1443562"},{"taxonomy":"product_cat","embeddable":true,"href":"https:\/\/kruze.ee\/et\/wp-json\/wp\/v2\/product_cat?post=1443562"},{"taxonomy":"product_tag","embeddable":true,"href":"https:\/\/kruze.ee\/et\/wp-json\/wp\/v2\/product_tag?post=1443562"}],"curies":[{"name":"wp","href":"https:\/\/api.w.org\/{rel}","templated":true}]}}