{"id":1443560,"date":"2026-02-08T16:05:09","date_gmt":"2026-02-08T13:05:09","guid":{"rendered":"https:\/\/kruze.ee\/product\/explorer-kaasaskantav-valistingimustes-kasutatav-termokott\/"},"modified":"2026-03-17T00:52:03","modified_gmt":"2026-03-16T21:52:03","slug":"explorer-kaasaskantav-valistingimustes-kasutatav-termokott","status":"publish","type":"product","link":"https:\/\/kruze.ee\/et\/toode\/explorer-kaasaskantav-valistingimustes-kasutatav-termokott\/","title":{"rendered":"Explorer kaasaskantav v\u00e4listingimustes kasutatav termokott"},"content":{"rendered":"<p>Vastupidav termokott on ideaalne toidu ja jookide v\u00e4rskena hoidmiseks. Kompaktset kotti saab kanda \u00fcle \u00f5la ning see mahub h\u00f5lpsasti ka seljakotti. Mahutab kuni 6 purki v\u00f5i 2 pudelit. V\u00e4lisk\u00fcljel on eesmine ja pealmine lukuga tasku v\u00f5tmete ja muude vajalike esemete jaoks. V\u00e4lismaterjaliks on ripstop-kangas ja presendilaadne materjal, sisemus 100% PEVA.<\/p>\n","protected":false},"excerpt":{"rendered":"<p>Vastupidav termokott on ideaalne toidu ja jookide v\u00e4rskena hoidmiseks. Kompaktset kotti saab kanda \u00fcle \u00f5la ning see mahub h\u00f5lpsasti ka seljakotti. Mahutab kuni&#8230;<\/p>\n","protected":false},"featured_media":0,"template":"","meta":[],"product_brand":[],"product_cat":[5401],"product_tag":[],"class_list":{"0":"post-1443560","1":"product","2":"type-product","3":"status-publish","5":"product_cat-termoskotid-kotid","6":"pa_gender-uniseks","7":"pa_gender-unisex","11":"first","12":"instock","13":"purchasable","14":"product-type-simple"},"acf":[],"yoast_head":"<!-- This site is optimized with the Yoast SEO plugin v26.0 - https:\/\/yoast.com\/wordpress\/plugins\/seo\/ -->\n<title>Explorer kaasaskantav v\u00e4listingimustes kasutatav termokott - Kruze.ee<\/title>\n<meta name=\"robots\" content=\"index, follow, max-snippet:-1, max-image-preview:large, max-video-preview:-1\" \/>\n<link rel=\"canonical\" href=\"https:\/\/kruze.ee\/et\/toode\/explorer-kaasaskantav-valistingimustes-kasutatav-termokott\/\" \/>\n<meta property=\"og:locale\" content=\"et_EE\" \/>\n<meta property=\"og:type\" content=\"article\" \/>\n<meta property=\"og:title\" content=\"Explorer kaasaskantav v\u00e4listingimustes kasutatav termokott - Kruze.ee\" \/>\n<meta property=\"og:description\" content=\"Vastupidav termokott on ideaalne toidu ja jookide v\u00e4rskena hoidmiseks. Kompaktset kotti saab kanda \u00fcle \u00f5la ning see mahub h\u00f5lpsasti ka seljakotti. Mahutab kuni...\" \/>\n<meta property=\"og:url\" content=\"https:\/\/kruze.ee\/et\/toode\/explorer-kaasaskantav-valistingimustes-kasutatav-termokott\/\" \/>\n<meta property=\"og:site_name\" content=\"Kruze.ee\" \/>\n<meta property=\"article:modified_time\" content=\"2026-03-16T21:52:03+00:00\" \/>\n<meta name=\"twitter:card\" content=\"summary_large_image\" \/>\n<script type=\"application\/ld+json\" class=\"yoast-schema-graph\">{\"@context\":\"https:\/\/schema.org\",\"@graph\":[{\"@type\":\"WebPage\",\"@id\":\"https:\/\/kruze.ee\/et\/toode\/explorer-kaasaskantav-valistingimustes-kasutatav-termokott\/\",\"url\":\"https:\/\/kruze.ee\/et\/toode\/explorer-kaasaskantav-valistingimustes-kasutatav-termokott\/\",\"name\":\"Explorer kaasaskantav v\u00e4listingimustes kasutatav termokott - Kruze.ee\",\"isPartOf\":{\"@id\":\"https:\/\/kruze.ee\/et\/#website\"},\"datePublished\":\"2026-02-08T13:05:09+00:00\",\"dateModified\":\"2026-03-16T21:52:03+00:00\",\"breadcrumb\":{\"@id\":\"https:\/\/kruze.ee\/et\/toode\/explorer-kaasaskantav-valistingimustes-kasutatav-termokott\/#breadcrumb\"},\"inLanguage\":\"et\",\"potentialAction\":[{\"@type\":\"ReadAction\",\"target\":[\"https:\/\/kruze.ee\/et\/toode\/explorer-kaasaskantav-valistingimustes-kasutatav-termokott\/\"]}]},{\"@type\":\"BreadcrumbList\",\"@id\":\"https:\/\/kruze.ee\/et\/toode\/explorer-kaasaskantav-valistingimustes-kasutatav-termokott\/#breadcrumb\",\"itemListElement\":[{\"@type\":\"ListItem\",\"position\":1,\"name\":\"Home\",\"item\":\"https:\/\/kruze.ee\/et\/\"},{\"@type\":\"ListItem\",\"position\":2,\"name\":\"Tooted\",\"item\":\"https:\/\/kruze.ee\/et\/tooted\/\"},{\"@type\":\"ListItem\",\"position\":3,\"name\":\"Explorer kaasaskantav v\u00e4listingimustes kasutatav termokott\"}]},{\"@type\":\"WebSite\",\"@id\":\"https:\/\/kruze.ee\/et\/#website\",\"url\":\"https:\/\/kruze.ee\/et\/\",\"name\":\"Kruze.ee\",\"description\":\"Reklaamkingitused, tr&uuml;kiga T-s&auml;rgid, fliisid, dressipluused, tekstiil, joped ja paljud teised logoga meened, &Auml;rikingitused sinu partnerile! Telli juba t&auml;na.\",\"potentialAction\":[{\"@type\":\"SearchAction\",\"target\":{\"@type\":\"EntryPoint\",\"urlTemplate\":\"https:\/\/kruze.ee\/et\/?s={search_term_string}\"},\"query-input\":{\"@type\":\"PropertyValueSpecification\",\"valueRequired\":true,\"valueName\":\"search_term_string\"}}],\"inLanguage\":\"et\"}]}<\/script>\n<!-- \/ Yoast SEO plugin. -->","yoast_head_json":{"title":"Explorer kaasaskantav v\u00e4listingimustes kasutatav termokott - Kruze.ee","robots":{"index":"index","follow":"follow","max-snippet":"max-snippet:-1","max-image-preview":"max-image-preview:large","max-video-preview":"max-video-preview:-1"},"canonical":"https:\/\/kruze.ee\/et\/toode\/explorer-kaasaskantav-valistingimustes-kasutatav-termokott\/","og_locale":"et_EE","og_type":"article","og_title":"Explorer kaasaskantav v\u00e4listingimustes kasutatav termokott - Kruze.ee","og_description":"Vastupidav termokott on ideaalne toidu ja jookide v\u00e4rskena hoidmiseks. Kompaktset kotti saab kanda \u00fcle \u00f5la ning see mahub h\u00f5lpsasti ka seljakotti. Mahutab kuni...","og_url":"https:\/\/kruze.ee\/et\/toode\/explorer-kaasaskantav-valistingimustes-kasutatav-termokott\/","og_site_name":"Kruze.ee","article_modified_time":"2026-03-16T21:52:03+00:00","twitter_card":"summary_large_image","schema":{"@context":"https:\/\/schema.org","@graph":[{"@type":"WebPage","@id":"https:\/\/kruze.ee\/et\/toode\/explorer-kaasaskantav-valistingimustes-kasutatav-termokott\/","url":"https:\/\/kruze.ee\/et\/toode\/explorer-kaasaskantav-valistingimustes-kasutatav-termokott\/","name":"Explorer kaasaskantav v\u00e4listingimustes kasutatav termokott - Kruze.ee","isPartOf":{"@id":"https:\/\/kruze.ee\/et\/#website"},"datePublished":"2026-02-08T13:05:09+00:00","dateModified":"2026-03-16T21:52:03+00:00","breadcrumb":{"@id":"https:\/\/kruze.ee\/et\/toode\/explorer-kaasaskantav-valistingimustes-kasutatav-termokott\/#breadcrumb"},"inLanguage":"et","potentialAction":[{"@type":"ReadAction","target":["https:\/\/kruze.ee\/et\/toode\/explorer-kaasaskantav-valistingimustes-kasutatav-termokott\/"]}]},{"@type":"BreadcrumbList","@id":"https:\/\/kruze.ee\/et\/toode\/explorer-kaasaskantav-valistingimustes-kasutatav-termokott\/#breadcrumb","itemListElement":[{"@type":"ListItem","position":1,"name":"Home","item":"https:\/\/kruze.ee\/et\/"},{"@type":"ListItem","position":2,"name":"Tooted","item":"https:\/\/kruze.ee\/et\/tooted\/"},{"@type":"ListItem","position":3,"name":"Explorer kaasaskantav v\u00e4listingimustes kasutatav termokott"}]},{"@type":"WebSite","@id":"https:\/\/kruze.ee\/et\/#website","url":"https:\/\/kruze.ee\/et\/","name":"Kruze.ee","description":"Reklaamkingitused, tr&uuml;kiga T-s&auml;rgid, fliisid, dressipluused, tekstiil, joped ja paljud teised logoga meened, &Auml;rikingitused sinu partnerile! Telli juba t&auml;na.","potentialAction":[{"@type":"SearchAction","target":{"@type":"EntryPoint","urlTemplate":"https:\/\/kruze.ee\/et\/?s={search_term_string}"},"query-input":{"@type":"PropertyValueSpecification","valueRequired":true,"valueName":"search_term_string"}}],"inLanguage":"et"}]}},"_links":{"self":[{"href":"https:\/\/kruze.ee\/et\/wp-json\/wp\/v2\/product\/1443560","targetHints":{"allow":["GET"]}}],"collection":[{"href":"https:\/\/kruze.ee\/et\/wp-json\/wp\/v2\/product"}],"about":[{"href":"https:\/\/kruze.ee\/et\/wp-json\/wp\/v2\/types\/product"}],"wp:attachment":[{"href":"https:\/\/kruze.ee\/et\/wp-json\/wp\/v2\/media?parent=1443560"}],"wp:term":[{"taxonomy":"product_brand","embeddable":true,"href":"https:\/\/kruze.ee\/et\/wp-json\/wp\/v2\/product_brand?post=1443560"},{"taxonomy":"product_cat","embeddable":true,"href":"https:\/\/kruze.ee\/et\/wp-json\/wp\/v2\/product_cat?post=1443560"},{"taxonomy":"product_tag","embeddable":true,"href":"https:\/\/kruze.ee\/et\/wp-json\/wp\/v2\/product_tag?post=1443560"}],"curies":[{"name":"wp","href":"https:\/\/api.w.org\/{rel}","templated":true}]}}