{"id":1443472,"date":"2026-02-07T12:11:26","date_gmt":"2026-02-07T09:11:26","guid":{"rendered":"https:\/\/kruze.ee\/product\/xd-collection-impact-aware-klassikaline-polylana-muts\/"},"modified":"2026-03-17T00:54:46","modified_gmt":"2026-03-16T21:54:46","slug":"xd-collection-impact-aware-klassikaline-polylana-muts","status":"publish","type":"product","link":"https:\/\/kruze.ee\/et\/toode\/xd-collection-impact-aware-klassikaline-polylana-muts\/","title":{"rendered":"XD Collection Impact AWARE\u2122 klassikaline Polylana\u00ae m\u00fcts"},"content":{"rendered":"<p>See Impact AWARE\u2122 klassikaline m\u00fcts on ideaalne kerge mudel aastaringseks igap\u00e4evaseks kandmiseks. Valmistatud uuenduslikust taaskasutatud Polylana l\u00f5ngast. Polylana on innovatiivne segu taaskasutatud ja neitsikiust, mille tootmisel kulub v\u00e4hem energiat ja vett kui tavap\u00e4rase l\u00f5nga puhul, s\u00e4ilitades samas akr\u00fc\u00fcli ja pol\u00fcestri segule omased omadused.<\/p>\n","protected":false},"excerpt":{"rendered":"<p>See Impact AWARE\u2122 klassikaline m\u00fcts on ideaalne kerge mudel aastaringseks igap\u00e4evaseks kandmiseks. Valmistatud uuenduslikust taaskasutatud Polylana l\u00f5ngast&#8230;.<\/p>\n","protected":false},"featured_media":0,"template":"","meta":[],"product_brand":[],"product_cat":[5472],"product_tag":[],"class_list":{"0":"post-1443472","1":"product","2":"type-product","3":"status-publish","5":"product_cat-talvemutsid-sallid-kindad","6":"pa_brand-xd-collection","7":"pa_color-hall","8":"pa_color-black-2","9":"pa_color-tumesinine","10":"pa_gender-uniseks","11":"pa_gender-unisex","14":"pa_material-acrylic","16":"first","17":"instock","18":"taxable","19":"shipping-taxable","20":"purchasable","21":"product-type-variable"},"acf":[],"yoast_head":"<!-- This site is optimized with the Yoast SEO plugin v26.0 - https:\/\/yoast.com\/wordpress\/plugins\/seo\/ -->\n<title>XD Collection Impact AWARE\u2122 klassikaline Polylana\u00ae m\u00fcts - Kruze.ee<\/title>\n<meta name=\"robots\" content=\"index, follow, max-snippet:-1, max-image-preview:large, max-video-preview:-1\" \/>\n<link rel=\"canonical\" href=\"https:\/\/kruze.ee\/et\/toode\/xd-collection-impact-aware-klassikaline-polylana-muts\/\" \/>\n<meta property=\"og:locale\" content=\"et_EE\" \/>\n<meta property=\"og:type\" content=\"article\" \/>\n<meta property=\"og:title\" content=\"XD Collection Impact AWARE\u2122 klassikaline Polylana\u00ae m\u00fcts - Kruze.ee\" \/>\n<meta property=\"og:description\" content=\"See Impact AWARE\u2122 klassikaline m\u00fcts on ideaalne kerge mudel aastaringseks igap\u00e4evaseks kandmiseks. Valmistatud uuenduslikust taaskasutatud Polylana l\u00f5ngast....\" \/>\n<meta property=\"og:url\" content=\"https:\/\/kruze.ee\/et\/toode\/xd-collection-impact-aware-klassikaline-polylana-muts\/\" \/>\n<meta property=\"og:site_name\" content=\"Kruze.ee\" \/>\n<meta property=\"article:modified_time\" content=\"2026-03-16T21:54:46+00:00\" \/>\n<meta name=\"twitter:card\" content=\"summary_large_image\" \/>\n<script type=\"application\/ld+json\" class=\"yoast-schema-graph\">{\"@context\":\"https:\/\/schema.org\",\"@graph\":[{\"@type\":\"WebPage\",\"@id\":\"https:\/\/kruze.ee\/et\/toode\/xd-collection-impact-aware-klassikaline-polylana-muts\/\",\"url\":\"https:\/\/kruze.ee\/et\/toode\/xd-collection-impact-aware-klassikaline-polylana-muts\/\",\"name\":\"XD Collection Impact AWARE\u2122 klassikaline Polylana\u00ae m\u00fcts - Kruze.ee\",\"isPartOf\":{\"@id\":\"https:\/\/kruze.ee\/et\/#website\"},\"datePublished\":\"2026-02-07T09:11:26+00:00\",\"dateModified\":\"2026-03-16T21:54:46+00:00\",\"breadcrumb\":{\"@id\":\"https:\/\/kruze.ee\/et\/toode\/xd-collection-impact-aware-klassikaline-polylana-muts\/#breadcrumb\"},\"inLanguage\":\"et\",\"potentialAction\":[{\"@type\":\"ReadAction\",\"target\":[\"https:\/\/kruze.ee\/et\/toode\/xd-collection-impact-aware-klassikaline-polylana-muts\/\"]}]},{\"@type\":\"BreadcrumbList\",\"@id\":\"https:\/\/kruze.ee\/et\/toode\/xd-collection-impact-aware-klassikaline-polylana-muts\/#breadcrumb\",\"itemListElement\":[{\"@type\":\"ListItem\",\"position\":1,\"name\":\"Home\",\"item\":\"https:\/\/kruze.ee\/et\/\"},{\"@type\":\"ListItem\",\"position\":2,\"name\":\"Tooted\",\"item\":\"https:\/\/kruze.ee\/et\/tooted\/\"},{\"@type\":\"ListItem\",\"position\":3,\"name\":\"XD Collection Impact AWARE\u2122 klassikaline Polylana\u00ae m\u00fcts\"}]},{\"@type\":\"WebSite\",\"@id\":\"https:\/\/kruze.ee\/et\/#website\",\"url\":\"https:\/\/kruze.ee\/et\/\",\"name\":\"Kruze.ee\",\"description\":\"Reklaamkingitused, tr&uuml;kiga T-s&auml;rgid, fliisid, dressipluused, tekstiil, joped ja paljud teised logoga meened, &Auml;rikingitused sinu partnerile! Telli juba t&auml;na.\",\"potentialAction\":[{\"@type\":\"SearchAction\",\"target\":{\"@type\":\"EntryPoint\",\"urlTemplate\":\"https:\/\/kruze.ee\/et\/?s={search_term_string}\"},\"query-input\":{\"@type\":\"PropertyValueSpecification\",\"valueRequired\":true,\"valueName\":\"search_term_string\"}}],\"inLanguage\":\"et\"}]}<\/script>\n<!-- \/ Yoast SEO plugin. -->","yoast_head_json":{"title":"XD Collection Impact AWARE\u2122 klassikaline Polylana\u00ae m\u00fcts - Kruze.ee","robots":{"index":"index","follow":"follow","max-snippet":"max-snippet:-1","max-image-preview":"max-image-preview:large","max-video-preview":"max-video-preview:-1"},"canonical":"https:\/\/kruze.ee\/et\/toode\/xd-collection-impact-aware-klassikaline-polylana-muts\/","og_locale":"et_EE","og_type":"article","og_title":"XD Collection Impact AWARE\u2122 klassikaline Polylana\u00ae m\u00fcts - Kruze.ee","og_description":"See Impact AWARE\u2122 klassikaline m\u00fcts on ideaalne kerge mudel aastaringseks igap\u00e4evaseks kandmiseks. Valmistatud uuenduslikust taaskasutatud Polylana l\u00f5ngast....","og_url":"https:\/\/kruze.ee\/et\/toode\/xd-collection-impact-aware-klassikaline-polylana-muts\/","og_site_name":"Kruze.ee","article_modified_time":"2026-03-16T21:54:46+00:00","twitter_card":"summary_large_image","schema":{"@context":"https:\/\/schema.org","@graph":[{"@type":"WebPage","@id":"https:\/\/kruze.ee\/et\/toode\/xd-collection-impact-aware-klassikaline-polylana-muts\/","url":"https:\/\/kruze.ee\/et\/toode\/xd-collection-impact-aware-klassikaline-polylana-muts\/","name":"XD Collection Impact AWARE\u2122 klassikaline Polylana\u00ae m\u00fcts - Kruze.ee","isPartOf":{"@id":"https:\/\/kruze.ee\/et\/#website"},"datePublished":"2026-02-07T09:11:26+00:00","dateModified":"2026-03-16T21:54:46+00:00","breadcrumb":{"@id":"https:\/\/kruze.ee\/et\/toode\/xd-collection-impact-aware-klassikaline-polylana-muts\/#breadcrumb"},"inLanguage":"et","potentialAction":[{"@type":"ReadAction","target":["https:\/\/kruze.ee\/et\/toode\/xd-collection-impact-aware-klassikaline-polylana-muts\/"]}]},{"@type":"BreadcrumbList","@id":"https:\/\/kruze.ee\/et\/toode\/xd-collection-impact-aware-klassikaline-polylana-muts\/#breadcrumb","itemListElement":[{"@type":"ListItem","position":1,"name":"Home","item":"https:\/\/kruze.ee\/et\/"},{"@type":"ListItem","position":2,"name":"Tooted","item":"https:\/\/kruze.ee\/et\/tooted\/"},{"@type":"ListItem","position":3,"name":"XD Collection Impact AWARE\u2122 klassikaline Polylana\u00ae m\u00fcts"}]},{"@type":"WebSite","@id":"https:\/\/kruze.ee\/et\/#website","url":"https:\/\/kruze.ee\/et\/","name":"Kruze.ee","description":"Reklaamkingitused, tr&uuml;kiga T-s&auml;rgid, fliisid, dressipluused, tekstiil, joped ja paljud teised logoga meened, &Auml;rikingitused sinu partnerile! Telli juba t&auml;na.","potentialAction":[{"@type":"SearchAction","target":{"@type":"EntryPoint","urlTemplate":"https:\/\/kruze.ee\/et\/?s={search_term_string}"},"query-input":{"@type":"PropertyValueSpecification","valueRequired":true,"valueName":"search_term_string"}}],"inLanguage":"et"}]}},"_links":{"self":[{"href":"https:\/\/kruze.ee\/et\/wp-json\/wp\/v2\/product\/1443472","targetHints":{"allow":["GET"]}}],"collection":[{"href":"https:\/\/kruze.ee\/et\/wp-json\/wp\/v2\/product"}],"about":[{"href":"https:\/\/kruze.ee\/et\/wp-json\/wp\/v2\/types\/product"}],"wp:attachment":[{"href":"https:\/\/kruze.ee\/et\/wp-json\/wp\/v2\/media?parent=1443472"}],"wp:term":[{"taxonomy":"product_brand","embeddable":true,"href":"https:\/\/kruze.ee\/et\/wp-json\/wp\/v2\/product_brand?post=1443472"},{"taxonomy":"product_cat","embeddable":true,"href":"https:\/\/kruze.ee\/et\/wp-json\/wp\/v2\/product_cat?post=1443472"},{"taxonomy":"product_tag","embeddable":true,"href":"https:\/\/kruze.ee\/et\/wp-json\/wp\/v2\/product_tag?post=1443472"}],"curies":[{"name":"wp","href":"https:\/\/api.w.org\/{rel}","templated":true}]}}