{"id":1443470,"date":"2026-02-07T12:04:40","date_gmt":"2026-02-07T09:04:40","guid":{"rendered":"https:\/\/kruze.ee\/product\/900d-spordikott\/"},"modified":"2026-03-17T00:56:51","modified_gmt":"2026-03-16T21:56:51","slug":"900d-spordikott","status":"publish","type":"product","link":"https:\/\/kruze.ee\/et\/toode\/900d-spordikott\/","title":{"rendered":"900D spordikott"},"content":{"rendered":"<p>See 900D materjalist mugava suurusega spordikott on ideaalne igaks aktiivseks seikluseks ja j\u00f5usaalitreeninguks. Valmistatud vastupidavast pol\u00fcesterkangast ning varustatud vett h\u00fclgava kattega, mis kaitseb kotti m\u00e4\u00e4rdunud spordisaali p\u00f5randate v\u00f5i m\u00e4rgade v\u00e4ljakute eest. Detailidena tugevdatud sangad ja polsterdatud \u00f5larihm, mis pakub mitmek\u00fclgseid kandmisv\u00f5imalusi. Kotil on mahukas p\u00f5hisahtel ning sisemine lukuga tasku sularaha ja v\u00e4\u00e4rtesemete hoidmiseks, lisaks hingav tasku jalan\u00f5ude jaoks. Eesmine lukuga tasku v\u00f5imaldab mugavalt hoiustada telefoni, v\u00f5tmeid ja muid v\u00e4iksemaid esemeid.<\/p>\n","protected":false},"excerpt":{"rendered":"<p>See 900D materjalist mugava suurusega spordikott on ideaalne igaks aktiivseks seikluseks ja j\u00f5usaalitreeninguks. Valmistatud vastupidavast pol\u00fcesterkangast&#8230;<\/p>\n","protected":false},"featured_media":0,"template":"","meta":[],"product_brand":[],"product_cat":[5393],"product_tag":[],"class_list":{"0":"post-1443470","1":"product","2":"type-product","3":"status-publish","5":"product_cat-spordi-ja-reisikotid","6":"pa_gender-uniseks","7":"pa_gender-unisex","11":"first","12":"instock","13":"purchasable","14":"product-type-simple"},"acf":[],"yoast_head":"<!-- This site is optimized with the Yoast SEO plugin v26.0 - https:\/\/yoast.com\/wordpress\/plugins\/seo\/ -->\n<title>900D spordikott - Kruze.ee<\/title>\n<meta name=\"robots\" content=\"index, follow, max-snippet:-1, max-image-preview:large, max-video-preview:-1\" \/>\n<link rel=\"canonical\" href=\"https:\/\/kruze.ee\/et\/toode\/900d-spordikott\/\" \/>\n<meta property=\"og:locale\" content=\"et_EE\" \/>\n<meta property=\"og:type\" content=\"article\" \/>\n<meta property=\"og:title\" content=\"900D spordikott - Kruze.ee\" \/>\n<meta property=\"og:description\" content=\"See 900D materjalist mugava suurusega spordikott on ideaalne igaks aktiivseks seikluseks ja j\u00f5usaalitreeninguks. Valmistatud vastupidavast pol\u00fcesterkangast...\" \/>\n<meta property=\"og:url\" content=\"https:\/\/kruze.ee\/et\/toode\/900d-spordikott\/\" \/>\n<meta property=\"og:site_name\" content=\"Kruze.ee\" \/>\n<meta property=\"article:modified_time\" content=\"2026-03-16T21:56:51+00:00\" \/>\n<meta name=\"twitter:card\" content=\"summary_large_image\" \/>\n<script type=\"application\/ld+json\" class=\"yoast-schema-graph\">{\"@context\":\"https:\/\/schema.org\",\"@graph\":[{\"@type\":\"WebPage\",\"@id\":\"https:\/\/kruze.ee\/et\/toode\/900d-spordikott\/\",\"url\":\"https:\/\/kruze.ee\/et\/toode\/900d-spordikott\/\",\"name\":\"900D spordikott - Kruze.ee\",\"isPartOf\":{\"@id\":\"https:\/\/kruze.ee\/et\/#website\"},\"datePublished\":\"2026-02-07T09:04:40+00:00\",\"dateModified\":\"2026-03-16T21:56:51+00:00\",\"breadcrumb\":{\"@id\":\"https:\/\/kruze.ee\/et\/toode\/900d-spordikott\/#breadcrumb\"},\"inLanguage\":\"et\",\"potentialAction\":[{\"@type\":\"ReadAction\",\"target\":[\"https:\/\/kruze.ee\/et\/toode\/900d-spordikott\/\"]}]},{\"@type\":\"BreadcrumbList\",\"@id\":\"https:\/\/kruze.ee\/et\/toode\/900d-spordikott\/#breadcrumb\",\"itemListElement\":[{\"@type\":\"ListItem\",\"position\":1,\"name\":\"Home\",\"item\":\"https:\/\/kruze.ee\/et\/\"},{\"@type\":\"ListItem\",\"position\":2,\"name\":\"Tooted\",\"item\":\"https:\/\/kruze.ee\/et\/tooted\/\"},{\"@type\":\"ListItem\",\"position\":3,\"name\":\"900D spordikott\"}]},{\"@type\":\"WebSite\",\"@id\":\"https:\/\/kruze.ee\/et\/#website\",\"url\":\"https:\/\/kruze.ee\/et\/\",\"name\":\"Kruze.ee\",\"description\":\"Reklaamkingitused, tr&uuml;kiga T-s&auml;rgid, fliisid, dressipluused, tekstiil, joped ja paljud teised logoga meened, &Auml;rikingitused sinu partnerile! Telli juba t&auml;na.\",\"potentialAction\":[{\"@type\":\"SearchAction\",\"target\":{\"@type\":\"EntryPoint\",\"urlTemplate\":\"https:\/\/kruze.ee\/et\/?s={search_term_string}\"},\"query-input\":{\"@type\":\"PropertyValueSpecification\",\"valueRequired\":true,\"valueName\":\"search_term_string\"}}],\"inLanguage\":\"et\"}]}<\/script>\n<!-- \/ Yoast SEO plugin. -->","yoast_head_json":{"title":"900D spordikott - Kruze.ee","robots":{"index":"index","follow":"follow","max-snippet":"max-snippet:-1","max-image-preview":"max-image-preview:large","max-video-preview":"max-video-preview:-1"},"canonical":"https:\/\/kruze.ee\/et\/toode\/900d-spordikott\/","og_locale":"et_EE","og_type":"article","og_title":"900D spordikott - Kruze.ee","og_description":"See 900D materjalist mugava suurusega spordikott on ideaalne igaks aktiivseks seikluseks ja j\u00f5usaalitreeninguks. Valmistatud vastupidavast pol\u00fcesterkangast...","og_url":"https:\/\/kruze.ee\/et\/toode\/900d-spordikott\/","og_site_name":"Kruze.ee","article_modified_time":"2026-03-16T21:56:51+00:00","twitter_card":"summary_large_image","schema":{"@context":"https:\/\/schema.org","@graph":[{"@type":"WebPage","@id":"https:\/\/kruze.ee\/et\/toode\/900d-spordikott\/","url":"https:\/\/kruze.ee\/et\/toode\/900d-spordikott\/","name":"900D spordikott - Kruze.ee","isPartOf":{"@id":"https:\/\/kruze.ee\/et\/#website"},"datePublished":"2026-02-07T09:04:40+00:00","dateModified":"2026-03-16T21:56:51+00:00","breadcrumb":{"@id":"https:\/\/kruze.ee\/et\/toode\/900d-spordikott\/#breadcrumb"},"inLanguage":"et","potentialAction":[{"@type":"ReadAction","target":["https:\/\/kruze.ee\/et\/toode\/900d-spordikott\/"]}]},{"@type":"BreadcrumbList","@id":"https:\/\/kruze.ee\/et\/toode\/900d-spordikott\/#breadcrumb","itemListElement":[{"@type":"ListItem","position":1,"name":"Home","item":"https:\/\/kruze.ee\/et\/"},{"@type":"ListItem","position":2,"name":"Tooted","item":"https:\/\/kruze.ee\/et\/tooted\/"},{"@type":"ListItem","position":3,"name":"900D spordikott"}]},{"@type":"WebSite","@id":"https:\/\/kruze.ee\/et\/#website","url":"https:\/\/kruze.ee\/et\/","name":"Kruze.ee","description":"Reklaamkingitused, tr&uuml;kiga T-s&auml;rgid, fliisid, dressipluused, tekstiil, joped ja paljud teised logoga meened, &Auml;rikingitused sinu partnerile! Telli juba t&auml;na.","potentialAction":[{"@type":"SearchAction","target":{"@type":"EntryPoint","urlTemplate":"https:\/\/kruze.ee\/et\/?s={search_term_string}"},"query-input":{"@type":"PropertyValueSpecification","valueRequired":true,"valueName":"search_term_string"}}],"inLanguage":"et"}]}},"_links":{"self":[{"href":"https:\/\/kruze.ee\/et\/wp-json\/wp\/v2\/product\/1443470","targetHints":{"allow":["GET"]}}],"collection":[{"href":"https:\/\/kruze.ee\/et\/wp-json\/wp\/v2\/product"}],"about":[{"href":"https:\/\/kruze.ee\/et\/wp-json\/wp\/v2\/types\/product"}],"wp:attachment":[{"href":"https:\/\/kruze.ee\/et\/wp-json\/wp\/v2\/media?parent=1443470"}],"wp:term":[{"taxonomy":"product_brand","embeddable":true,"href":"https:\/\/kruze.ee\/et\/wp-json\/wp\/v2\/product_brand?post=1443470"},{"taxonomy":"product_cat","embeddable":true,"href":"https:\/\/kruze.ee\/et\/wp-json\/wp\/v2\/product_cat?post=1443470"},{"taxonomy":"product_tag","embeddable":true,"href":"https:\/\/kruze.ee\/et\/wp-json\/wp\/v2\/product_tag?post=1443470"}],"curies":[{"name":"wp","href":"https:\/\/api.w.org\/{rel}","templated":true}]}}