{"id":1443400,"date":"2026-02-06T17:09:32","date_gmt":"2026-02-06T14:09:32","guid":{"rendered":"https:\/\/kruze.ee\/product\/ukiyo-keiko-aware-uhtlase-tooniga-hammam-ratik-100-x-180-cm\/"},"modified":"2026-03-17T00:55:01","modified_gmt":"2026-03-16T21:55:01","slug":"ukiyo-keiko-aware-uhtlase-tooniga-hammam-ratik-100-x-180-cm","status":"publish","type":"product","link":"https:\/\/kruze.ee\/et\/toode\/ukiyo-keiko-aware-uhtlase-tooniga-hammam-ratik-100-x-180-cm\/","title":{"rendered":"Ukiyo Keiko AWARE\u2122 \u00fchtlase tooniga hammam-r\u00e4tik 100 \u00d7 180 cm"},"content":{"rendered":"<p>See \u00fclikerge hammam-r\u00e4tik, mis sobib h\u00e4sti randa kaasa v\u00f5tta. Selle kiire imavus ja pehmus tagavad maksimaalse mugavuse, v\u00e4hendades samal ajal keskkonnam\u00f5ju. Valmistatud 50% taaskasutatud puuvillast. Varustatud AWARE\u2122 m\u00e4rgisega, mis kinnitab taaskasutatud puuvilla tegelikku kasutamist. 2% iga m\u00fc\u00fcdud Impact-toote tulust annetatakse organisatsioonile Water.org. Masinpestav. Valmistatud Portugalis. Suurus 180 \u00d7 100 cm.<\/p>\n","protected":false},"excerpt":{"rendered":"<p>See \u00fclikerge hammam-r\u00e4tik, mis sobib h\u00e4sti randa kaasa v\u00f5tta. Selle kiire imavus ja pehmus tagavad maksimaalse mugavuse, v\u00e4hendades samal ajal keskkonnam\u00f5ju&#8230;.<\/p>\n","protected":false},"featured_media":0,"template":"","meta":[],"product_brand":[],"product_cat":[5444],"product_tag":[],"class_list":{"0":"post-1443400","1":"product","2":"type-product","3":"status-publish","5":"product_cat-muud-meened","6":"pa_brand-ukiyo-2","7":"pa_color-hall","8":"pa_color-brown-2","9":"pa_color-blue-2","10":"pa_gender-uniseks","11":"pa_gender-unisex","14":"pa_material-recycled-cottoncotton","16":"first","17":"instock","18":"taxable","19":"shipping-taxable","20":"purchasable","21":"product-type-variable"},"acf":[],"yoast_head":"<!-- This site is optimized with the Yoast SEO plugin v26.0 - https:\/\/yoast.com\/wordpress\/plugins\/seo\/ -->\n<title>Ukiyo Keiko AWARE\u2122 \u00fchtlase tooniga hammam-r\u00e4tik 100 \u00d7 180 cm - Kruze.ee<\/title>\n<meta name=\"robots\" content=\"index, follow, max-snippet:-1, max-image-preview:large, max-video-preview:-1\" \/>\n<link rel=\"canonical\" href=\"https:\/\/kruze.ee\/et\/toode\/ukiyo-keiko-aware-uhtlase-tooniga-hammam-ratik-100-x-180-cm\/\" \/>\n<meta property=\"og:locale\" content=\"et_EE\" \/>\n<meta property=\"og:type\" content=\"article\" \/>\n<meta property=\"og:title\" content=\"Ukiyo Keiko AWARE\u2122 \u00fchtlase tooniga hammam-r\u00e4tik 100 \u00d7 180 cm - Kruze.ee\" \/>\n<meta property=\"og:description\" content=\"See \u00fclikerge hammam-r\u00e4tik, mis sobib h\u00e4sti randa kaasa v\u00f5tta. Selle kiire imavus ja pehmus tagavad maksimaalse mugavuse, v\u00e4hendades samal ajal keskkonnam\u00f5ju....\" \/>\n<meta property=\"og:url\" content=\"https:\/\/kruze.ee\/et\/toode\/ukiyo-keiko-aware-uhtlase-tooniga-hammam-ratik-100-x-180-cm\/\" \/>\n<meta property=\"og:site_name\" content=\"Kruze.ee\" \/>\n<meta property=\"article:modified_time\" content=\"2026-03-16T21:55:01+00:00\" \/>\n<meta name=\"twitter:card\" content=\"summary_large_image\" \/>\n<script type=\"application\/ld+json\" class=\"yoast-schema-graph\">{\"@context\":\"https:\/\/schema.org\",\"@graph\":[{\"@type\":\"WebPage\",\"@id\":\"https:\/\/kruze.ee\/et\/toode\/ukiyo-keiko-aware-uhtlase-tooniga-hammam-ratik-100-x-180-cm\/\",\"url\":\"https:\/\/kruze.ee\/et\/toode\/ukiyo-keiko-aware-uhtlase-tooniga-hammam-ratik-100-x-180-cm\/\",\"name\":\"Ukiyo Keiko AWARE\u2122 \u00fchtlase tooniga hammam-r\u00e4tik 100 \u00d7 180 cm - Kruze.ee\",\"isPartOf\":{\"@id\":\"https:\/\/kruze.ee\/et\/#website\"},\"datePublished\":\"2026-02-06T14:09:32+00:00\",\"dateModified\":\"2026-03-16T21:55:01+00:00\",\"breadcrumb\":{\"@id\":\"https:\/\/kruze.ee\/et\/toode\/ukiyo-keiko-aware-uhtlase-tooniga-hammam-ratik-100-x-180-cm\/#breadcrumb\"},\"inLanguage\":\"et\",\"potentialAction\":[{\"@type\":\"ReadAction\",\"target\":[\"https:\/\/kruze.ee\/et\/toode\/ukiyo-keiko-aware-uhtlase-tooniga-hammam-ratik-100-x-180-cm\/\"]}]},{\"@type\":\"BreadcrumbList\",\"@id\":\"https:\/\/kruze.ee\/et\/toode\/ukiyo-keiko-aware-uhtlase-tooniga-hammam-ratik-100-x-180-cm\/#breadcrumb\",\"itemListElement\":[{\"@type\":\"ListItem\",\"position\":1,\"name\":\"Home\",\"item\":\"https:\/\/kruze.ee\/et\/\"},{\"@type\":\"ListItem\",\"position\":2,\"name\":\"Tooted\",\"item\":\"https:\/\/kruze.ee\/et\/tooted\/\"},{\"@type\":\"ListItem\",\"position\":3,\"name\":\"Ukiyo Keiko AWARE\u2122 \u00fchtlase tooniga hammam-r\u00e4tik 100 \u00d7 180 cm\"}]},{\"@type\":\"WebSite\",\"@id\":\"https:\/\/kruze.ee\/et\/#website\",\"url\":\"https:\/\/kruze.ee\/et\/\",\"name\":\"Kruze.ee\",\"description\":\"Reklaamkingitused, tr&uuml;kiga T-s&auml;rgid, fliisid, dressipluused, tekstiil, joped ja paljud teised logoga meened, &Auml;rikingitused sinu partnerile! Telli juba t&auml;na.\",\"potentialAction\":[{\"@type\":\"SearchAction\",\"target\":{\"@type\":\"EntryPoint\",\"urlTemplate\":\"https:\/\/kruze.ee\/et\/?s={search_term_string}\"},\"query-input\":{\"@type\":\"PropertyValueSpecification\",\"valueRequired\":true,\"valueName\":\"search_term_string\"}}],\"inLanguage\":\"et\"}]}<\/script>\n<!-- \/ Yoast SEO plugin. -->","yoast_head_json":{"title":"Ukiyo Keiko AWARE\u2122 \u00fchtlase tooniga hammam-r\u00e4tik 100 \u00d7 180 cm - Kruze.ee","robots":{"index":"index","follow":"follow","max-snippet":"max-snippet:-1","max-image-preview":"max-image-preview:large","max-video-preview":"max-video-preview:-1"},"canonical":"https:\/\/kruze.ee\/et\/toode\/ukiyo-keiko-aware-uhtlase-tooniga-hammam-ratik-100-x-180-cm\/","og_locale":"et_EE","og_type":"article","og_title":"Ukiyo Keiko AWARE\u2122 \u00fchtlase tooniga hammam-r\u00e4tik 100 \u00d7 180 cm - Kruze.ee","og_description":"See \u00fclikerge hammam-r\u00e4tik, mis sobib h\u00e4sti randa kaasa v\u00f5tta. Selle kiire imavus ja pehmus tagavad maksimaalse mugavuse, v\u00e4hendades samal ajal keskkonnam\u00f5ju....","og_url":"https:\/\/kruze.ee\/et\/toode\/ukiyo-keiko-aware-uhtlase-tooniga-hammam-ratik-100-x-180-cm\/","og_site_name":"Kruze.ee","article_modified_time":"2026-03-16T21:55:01+00:00","twitter_card":"summary_large_image","schema":{"@context":"https:\/\/schema.org","@graph":[{"@type":"WebPage","@id":"https:\/\/kruze.ee\/et\/toode\/ukiyo-keiko-aware-uhtlase-tooniga-hammam-ratik-100-x-180-cm\/","url":"https:\/\/kruze.ee\/et\/toode\/ukiyo-keiko-aware-uhtlase-tooniga-hammam-ratik-100-x-180-cm\/","name":"Ukiyo Keiko AWARE\u2122 \u00fchtlase tooniga hammam-r\u00e4tik 100 \u00d7 180 cm - Kruze.ee","isPartOf":{"@id":"https:\/\/kruze.ee\/et\/#website"},"datePublished":"2026-02-06T14:09:32+00:00","dateModified":"2026-03-16T21:55:01+00:00","breadcrumb":{"@id":"https:\/\/kruze.ee\/et\/toode\/ukiyo-keiko-aware-uhtlase-tooniga-hammam-ratik-100-x-180-cm\/#breadcrumb"},"inLanguage":"et","potentialAction":[{"@type":"ReadAction","target":["https:\/\/kruze.ee\/et\/toode\/ukiyo-keiko-aware-uhtlase-tooniga-hammam-ratik-100-x-180-cm\/"]}]},{"@type":"BreadcrumbList","@id":"https:\/\/kruze.ee\/et\/toode\/ukiyo-keiko-aware-uhtlase-tooniga-hammam-ratik-100-x-180-cm\/#breadcrumb","itemListElement":[{"@type":"ListItem","position":1,"name":"Home","item":"https:\/\/kruze.ee\/et\/"},{"@type":"ListItem","position":2,"name":"Tooted","item":"https:\/\/kruze.ee\/et\/tooted\/"},{"@type":"ListItem","position":3,"name":"Ukiyo Keiko AWARE\u2122 \u00fchtlase tooniga hammam-r\u00e4tik 100 \u00d7 180 cm"}]},{"@type":"WebSite","@id":"https:\/\/kruze.ee\/et\/#website","url":"https:\/\/kruze.ee\/et\/","name":"Kruze.ee","description":"Reklaamkingitused, tr&uuml;kiga T-s&auml;rgid, fliisid, dressipluused, tekstiil, joped ja paljud teised logoga meened, &Auml;rikingitused sinu partnerile! Telli juba t&auml;na.","potentialAction":[{"@type":"SearchAction","target":{"@type":"EntryPoint","urlTemplate":"https:\/\/kruze.ee\/et\/?s={search_term_string}"},"query-input":{"@type":"PropertyValueSpecification","valueRequired":true,"valueName":"search_term_string"}}],"inLanguage":"et"}]}},"_links":{"self":[{"href":"https:\/\/kruze.ee\/et\/wp-json\/wp\/v2\/product\/1443400","targetHints":{"allow":["GET"]}}],"collection":[{"href":"https:\/\/kruze.ee\/et\/wp-json\/wp\/v2\/product"}],"about":[{"href":"https:\/\/kruze.ee\/et\/wp-json\/wp\/v2\/types\/product"}],"wp:attachment":[{"href":"https:\/\/kruze.ee\/et\/wp-json\/wp\/v2\/media?parent=1443400"}],"wp:term":[{"taxonomy":"product_brand","embeddable":true,"href":"https:\/\/kruze.ee\/et\/wp-json\/wp\/v2\/product_brand?post=1443400"},{"taxonomy":"product_cat","embeddable":true,"href":"https:\/\/kruze.ee\/et\/wp-json\/wp\/v2\/product_cat?post=1443400"},{"taxonomy":"product_tag","embeddable":true,"href":"https:\/\/kruze.ee\/et\/wp-json\/wp\/v2\/product_tag?post=1443400"}],"curies":[{"name":"wp","href":"https:\/\/api.w.org\/{rel}","templated":true}]}}