{"id":1443374,"date":"2026-02-06T17:09:15","date_gmt":"2026-02-06T14:09:15","guid":{"rendered":"https:\/\/kruze.ee\/product\/ukiyo-hisako-aware-4-seasons-ratik-pleed-100-x-180-cm\/"},"modified":"2026-03-17T00:54:56","modified_gmt":"2026-03-16T21:54:56","slug":"ukiyo-hisako-aware-4-seasons-ratik-pleed-100-x-180-cm","status":"publish","type":"product","link":"https:\/\/kruze.ee\/et\/toode\/ukiyo-hisako-aware-4-seasons-ratik-pleed-100-x-180-cm\/","title":{"rendered":"Ukiyo Hisako AWARE\u2122 4 Seasons r\u00e4tik\/pleed 100 \u00d7 180 cm"},"content":{"rendered":"<p>Meie k\u00f5ige luksuslikum ja mitmek\u00fclgsem r\u00e4tik \u2013 ideaalne reisikaaslane igas olukorras. R\u00e4tik sisaldab 22% taaskasutatud puuvilla ning on puudutades \u00fclipehme ja siidine. Varustatud AWARE\u2122 m\u00e4rgisega, mis kinnitab taaskasutatud puuvilla tegelikku kasutamist. Seda saab kasutada peaaegu k\u00f5ikjal: rannas, reisil, saunas, basseinis, matkamisel ja sportimisel \u2013 rannar\u00e4tikuna, vannir\u00e4tikuna, sallina, pareona, joogamatir\u00e4tikuna, pleedina v\u00f5i lapse \u00fcmber m\u00e4hkimiseks. Hisako pleedid sobivad suurep\u00e4raselt ka diivanile v\u00f5i voodikatteks, p\u00e4evitamiseks v\u00f5i masinpestava piknikutekina kasutamiseks. Need nelja aastaaja hammam-r\u00e4tikud on kiiresti kuivavad ja hallituskindlad.<\/p>\n","protected":false},"excerpt":{"rendered":"<p>Meie k\u00f5ige luksuslikum ja mitmek\u00fclgsem r\u00e4tik \u2013 ideaalne reisikaaslane igas olukorras. R\u00e4tik sisaldab 22% taaskasutatud puuvilla ning on puudutades \u00fclipehme ja&#8230;<\/p>\n","protected":false},"featured_media":0,"template":"","meta":[],"product_brand":[],"product_cat":[5435],"product_tag":[],"class_list":{"0":"post-1443374","1":"product","2":"type-product","3":"status-publish","5":"product_cat-ratikud-ja-hommikumantlid","6":"pa_brand-ukiyo-2","7":"pa_color-hall","8":"pa_color-black-2","9":"pa_color-roheline","10":"pa_color-roosa","11":"pa_color-blue-2","12":"pa_gender-uniseks","13":"pa_gender-unisex","16":"pa_material-cottonrecycled-cotton","18":"first","19":"instock","20":"taxable","21":"shipping-taxable","22":"purchasable","23":"product-type-variable"},"acf":[],"yoast_head":"<!-- This site is optimized with the Yoast SEO plugin v26.0 - https:\/\/yoast.com\/wordpress\/plugins\/seo\/ -->\n<title>Ukiyo Hisako AWARE\u2122 4 Seasons r\u00e4tik\/pleed 100 \u00d7 180 cm - Kruze.ee<\/title>\n<meta name=\"robots\" content=\"index, follow, max-snippet:-1, max-image-preview:large, max-video-preview:-1\" \/>\n<link rel=\"canonical\" href=\"https:\/\/kruze.ee\/et\/toode\/ukiyo-hisako-aware-4-seasons-ratik-pleed-100-x-180-cm\/\" \/>\n<meta property=\"og:locale\" content=\"et_EE\" \/>\n<meta property=\"og:type\" content=\"article\" \/>\n<meta property=\"og:title\" content=\"Ukiyo Hisako AWARE\u2122 4 Seasons r\u00e4tik\/pleed 100 \u00d7 180 cm - Kruze.ee\" \/>\n<meta property=\"og:description\" content=\"Meie k\u00f5ige luksuslikum ja mitmek\u00fclgsem r\u00e4tik \u2013 ideaalne reisikaaslane igas olukorras. R\u00e4tik sisaldab 22% taaskasutatud puuvilla ning on puudutades \u00fclipehme ja...\" \/>\n<meta property=\"og:url\" content=\"https:\/\/kruze.ee\/et\/toode\/ukiyo-hisako-aware-4-seasons-ratik-pleed-100-x-180-cm\/\" \/>\n<meta property=\"og:site_name\" content=\"Kruze.ee\" \/>\n<meta property=\"article:modified_time\" content=\"2026-03-16T21:54:56+00:00\" \/>\n<meta name=\"twitter:card\" content=\"summary_large_image\" \/>\n<script type=\"application\/ld+json\" class=\"yoast-schema-graph\">{\"@context\":\"https:\/\/schema.org\",\"@graph\":[{\"@type\":\"WebPage\",\"@id\":\"https:\/\/kruze.ee\/et\/toode\/ukiyo-hisako-aware-4-seasons-ratik-pleed-100-x-180-cm\/\",\"url\":\"https:\/\/kruze.ee\/et\/toode\/ukiyo-hisako-aware-4-seasons-ratik-pleed-100-x-180-cm\/\",\"name\":\"Ukiyo Hisako AWARE\u2122 4 Seasons r\u00e4tik\/pleed 100 \u00d7 180 cm - Kruze.ee\",\"isPartOf\":{\"@id\":\"https:\/\/kruze.ee\/et\/#website\"},\"datePublished\":\"2026-02-06T14:09:15+00:00\",\"dateModified\":\"2026-03-16T21:54:56+00:00\",\"breadcrumb\":{\"@id\":\"https:\/\/kruze.ee\/et\/toode\/ukiyo-hisako-aware-4-seasons-ratik-pleed-100-x-180-cm\/#breadcrumb\"},\"inLanguage\":\"et\",\"potentialAction\":[{\"@type\":\"ReadAction\",\"target\":[\"https:\/\/kruze.ee\/et\/toode\/ukiyo-hisako-aware-4-seasons-ratik-pleed-100-x-180-cm\/\"]}]},{\"@type\":\"BreadcrumbList\",\"@id\":\"https:\/\/kruze.ee\/et\/toode\/ukiyo-hisako-aware-4-seasons-ratik-pleed-100-x-180-cm\/#breadcrumb\",\"itemListElement\":[{\"@type\":\"ListItem\",\"position\":1,\"name\":\"Home\",\"item\":\"https:\/\/kruze.ee\/et\/\"},{\"@type\":\"ListItem\",\"position\":2,\"name\":\"Tooted\",\"item\":\"https:\/\/kruze.ee\/et\/tooted\/\"},{\"@type\":\"ListItem\",\"position\":3,\"name\":\"Ukiyo Hisako AWARE\u2122 4 Seasons r\u00e4tik\/pleed 100 \u00d7 180 cm\"}]},{\"@type\":\"WebSite\",\"@id\":\"https:\/\/kruze.ee\/et\/#website\",\"url\":\"https:\/\/kruze.ee\/et\/\",\"name\":\"Kruze.ee\",\"description\":\"Reklaamkingitused, tr&uuml;kiga T-s&auml;rgid, fliisid, dressipluused, tekstiil, joped ja paljud teised logoga meened, &Auml;rikingitused sinu partnerile! Telli juba t&auml;na.\",\"potentialAction\":[{\"@type\":\"SearchAction\",\"target\":{\"@type\":\"EntryPoint\",\"urlTemplate\":\"https:\/\/kruze.ee\/et\/?s={search_term_string}\"},\"query-input\":{\"@type\":\"PropertyValueSpecification\",\"valueRequired\":true,\"valueName\":\"search_term_string\"}}],\"inLanguage\":\"et\"}]}<\/script>\n<!-- \/ Yoast SEO plugin. -->","yoast_head_json":{"title":"Ukiyo Hisako AWARE\u2122 4 Seasons r\u00e4tik\/pleed 100 \u00d7 180 cm - Kruze.ee","robots":{"index":"index","follow":"follow","max-snippet":"max-snippet:-1","max-image-preview":"max-image-preview:large","max-video-preview":"max-video-preview:-1"},"canonical":"https:\/\/kruze.ee\/et\/toode\/ukiyo-hisako-aware-4-seasons-ratik-pleed-100-x-180-cm\/","og_locale":"et_EE","og_type":"article","og_title":"Ukiyo Hisako AWARE\u2122 4 Seasons r\u00e4tik\/pleed 100 \u00d7 180 cm - Kruze.ee","og_description":"Meie k\u00f5ige luksuslikum ja mitmek\u00fclgsem r\u00e4tik \u2013 ideaalne reisikaaslane igas olukorras. R\u00e4tik sisaldab 22% taaskasutatud puuvilla ning on puudutades \u00fclipehme ja...","og_url":"https:\/\/kruze.ee\/et\/toode\/ukiyo-hisako-aware-4-seasons-ratik-pleed-100-x-180-cm\/","og_site_name":"Kruze.ee","article_modified_time":"2026-03-16T21:54:56+00:00","twitter_card":"summary_large_image","schema":{"@context":"https:\/\/schema.org","@graph":[{"@type":"WebPage","@id":"https:\/\/kruze.ee\/et\/toode\/ukiyo-hisako-aware-4-seasons-ratik-pleed-100-x-180-cm\/","url":"https:\/\/kruze.ee\/et\/toode\/ukiyo-hisako-aware-4-seasons-ratik-pleed-100-x-180-cm\/","name":"Ukiyo Hisako AWARE\u2122 4 Seasons r\u00e4tik\/pleed 100 \u00d7 180 cm - Kruze.ee","isPartOf":{"@id":"https:\/\/kruze.ee\/et\/#website"},"datePublished":"2026-02-06T14:09:15+00:00","dateModified":"2026-03-16T21:54:56+00:00","breadcrumb":{"@id":"https:\/\/kruze.ee\/et\/toode\/ukiyo-hisako-aware-4-seasons-ratik-pleed-100-x-180-cm\/#breadcrumb"},"inLanguage":"et","potentialAction":[{"@type":"ReadAction","target":["https:\/\/kruze.ee\/et\/toode\/ukiyo-hisako-aware-4-seasons-ratik-pleed-100-x-180-cm\/"]}]},{"@type":"BreadcrumbList","@id":"https:\/\/kruze.ee\/et\/toode\/ukiyo-hisako-aware-4-seasons-ratik-pleed-100-x-180-cm\/#breadcrumb","itemListElement":[{"@type":"ListItem","position":1,"name":"Home","item":"https:\/\/kruze.ee\/et\/"},{"@type":"ListItem","position":2,"name":"Tooted","item":"https:\/\/kruze.ee\/et\/tooted\/"},{"@type":"ListItem","position":3,"name":"Ukiyo Hisako AWARE\u2122 4 Seasons r\u00e4tik\/pleed 100 \u00d7 180 cm"}]},{"@type":"WebSite","@id":"https:\/\/kruze.ee\/et\/#website","url":"https:\/\/kruze.ee\/et\/","name":"Kruze.ee","description":"Reklaamkingitused, tr&uuml;kiga T-s&auml;rgid, fliisid, dressipluused, tekstiil, joped ja paljud teised logoga meened, &Auml;rikingitused sinu partnerile! Telli juba t&auml;na.","potentialAction":[{"@type":"SearchAction","target":{"@type":"EntryPoint","urlTemplate":"https:\/\/kruze.ee\/et\/?s={search_term_string}"},"query-input":{"@type":"PropertyValueSpecification","valueRequired":true,"valueName":"search_term_string"}}],"inLanguage":"et"}]}},"_links":{"self":[{"href":"https:\/\/kruze.ee\/et\/wp-json\/wp\/v2\/product\/1443374","targetHints":{"allow":["GET"]}}],"collection":[{"href":"https:\/\/kruze.ee\/et\/wp-json\/wp\/v2\/product"}],"about":[{"href":"https:\/\/kruze.ee\/et\/wp-json\/wp\/v2\/types\/product"}],"wp:attachment":[{"href":"https:\/\/kruze.ee\/et\/wp-json\/wp\/v2\/media?parent=1443374"}],"wp:term":[{"taxonomy":"product_brand","embeddable":true,"href":"https:\/\/kruze.ee\/et\/wp-json\/wp\/v2\/product_brand?post=1443374"},{"taxonomy":"product_cat","embeddable":true,"href":"https:\/\/kruze.ee\/et\/wp-json\/wp\/v2\/product_cat?post=1443374"},{"taxonomy":"product_tag","embeddable":true,"href":"https:\/\/kruze.ee\/et\/wp-json\/wp\/v2\/product_tag?post=1443374"}],"curies":[{"name":"wp","href":"https:\/\/api.w.org\/{rel}","templated":true}]}}