{"id":1443360,"date":"2026-02-06T17:09:05","date_gmt":"2026-02-06T14:09:05","guid":{"rendered":"https:\/\/kruze.ee\/product\/jahutav-ratik\/"},"modified":"2026-03-17T00:54:52","modified_gmt":"2026-03-16T21:54:52","slug":"jahutav-ratik","status":"publish","type":"product","link":"https:\/\/kruze.ee\/et\/toode\/jahutav-ratik\/","title":{"rendered":"Jahutav r\u00e4tik"},"content":{"rendered":"<p>Mikrokiust jahutav r\u00e4tik, 100% kemikaalivaba. Pakub 98% p\u00e4ikesekiirguse blokeerimist kuni UV 50+ kaitsetasemeni. R\u00e4tikut on lihtne kasutada \u2013 lisa pudelisse k\u00fclma vett ning saad kiireks v\u00e4rskenduseks jahutava r\u00e4tiku. Pudel on valmistatud PP-materjalist, ABS-korgi ja karabiiniga, et seda oleks mugav v\u00e4litegevustele kaasa v\u00f5tta. M\u00f5\u00f5dud 77 \u00d7 30 cm.<\/p>\n","protected":false},"excerpt":{"rendered":"<p>Mikrokiust jahutav r\u00e4tik, 100% kemikaalivaba. Pakub 98% p\u00e4ikesekiirguse blokeerimist kuni UV 50+ kaitsetasemeni. R\u00e4tikut on lihtne kasutada \u2013 lisa pudelisse&#8230;<\/p>\n","protected":false},"featured_media":0,"template":"","meta":[],"product_brand":[],"product_cat":[5435],"product_tag":[],"class_list":{"0":"post-1443360","1":"product","2":"type-product","3":"status-publish","5":"product_cat-ratikud-ja-hommikumantlid","6":"pa_brand-xd-collection","7":"pa_color-black-2","8":"pa_color-blue-2","9":"pa_gender-uniseks","10":"pa_gender-unisex","13":"pa_material-polypropyleneabs","15":"first","16":"instock","17":"taxable","18":"shipping-taxable","19":"purchasable","20":"product-type-variable"},"acf":[],"yoast_head":"<!-- This site is optimized with the Yoast SEO plugin v26.0 - https:\/\/yoast.com\/wordpress\/plugins\/seo\/ -->\n<title>Jahutav r\u00e4tik - Kruze.ee<\/title>\n<meta name=\"robots\" content=\"index, follow, max-snippet:-1, max-image-preview:large, max-video-preview:-1\" \/>\n<link rel=\"canonical\" href=\"https:\/\/kruze.ee\/et\/toode\/jahutav-ratik\/\" \/>\n<meta property=\"og:locale\" content=\"et_EE\" \/>\n<meta property=\"og:type\" content=\"article\" \/>\n<meta property=\"og:title\" content=\"Jahutav r\u00e4tik - Kruze.ee\" \/>\n<meta property=\"og:description\" content=\"Mikrokiust jahutav r\u00e4tik, 100% kemikaalivaba. Pakub 98% p\u00e4ikesekiirguse blokeerimist kuni UV 50+ kaitsetasemeni. R\u00e4tikut on lihtne kasutada \u2013 lisa pudelisse...\" \/>\n<meta property=\"og:url\" content=\"https:\/\/kruze.ee\/et\/toode\/jahutav-ratik\/\" \/>\n<meta property=\"og:site_name\" content=\"Kruze.ee\" \/>\n<meta property=\"article:modified_time\" content=\"2026-03-16T21:54:52+00:00\" \/>\n<meta name=\"twitter:card\" content=\"summary_large_image\" \/>\n<script type=\"application\/ld+json\" class=\"yoast-schema-graph\">{\"@context\":\"https:\/\/schema.org\",\"@graph\":[{\"@type\":\"WebPage\",\"@id\":\"https:\/\/kruze.ee\/et\/toode\/jahutav-ratik\/\",\"url\":\"https:\/\/kruze.ee\/et\/toode\/jahutav-ratik\/\",\"name\":\"Jahutav r\u00e4tik - Kruze.ee\",\"isPartOf\":{\"@id\":\"https:\/\/kruze.ee\/et\/#website\"},\"datePublished\":\"2026-02-06T14:09:05+00:00\",\"dateModified\":\"2026-03-16T21:54:52+00:00\",\"breadcrumb\":{\"@id\":\"https:\/\/kruze.ee\/et\/toode\/jahutav-ratik\/#breadcrumb\"},\"inLanguage\":\"et\",\"potentialAction\":[{\"@type\":\"ReadAction\",\"target\":[\"https:\/\/kruze.ee\/et\/toode\/jahutav-ratik\/\"]}]},{\"@type\":\"BreadcrumbList\",\"@id\":\"https:\/\/kruze.ee\/et\/toode\/jahutav-ratik\/#breadcrumb\",\"itemListElement\":[{\"@type\":\"ListItem\",\"position\":1,\"name\":\"Home\",\"item\":\"https:\/\/kruze.ee\/et\/\"},{\"@type\":\"ListItem\",\"position\":2,\"name\":\"Tooted\",\"item\":\"https:\/\/kruze.ee\/et\/tooted\/\"},{\"@type\":\"ListItem\",\"position\":3,\"name\":\"Jahutav r\u00e4tik\"}]},{\"@type\":\"WebSite\",\"@id\":\"https:\/\/kruze.ee\/et\/#website\",\"url\":\"https:\/\/kruze.ee\/et\/\",\"name\":\"Kruze.ee\",\"description\":\"Reklaamkingitused, tr&uuml;kiga T-s&auml;rgid, fliisid, dressipluused, tekstiil, joped ja paljud teised logoga meened, &Auml;rikingitused sinu partnerile! Telli juba t&auml;na.\",\"potentialAction\":[{\"@type\":\"SearchAction\",\"target\":{\"@type\":\"EntryPoint\",\"urlTemplate\":\"https:\/\/kruze.ee\/et\/?s={search_term_string}\"},\"query-input\":{\"@type\":\"PropertyValueSpecification\",\"valueRequired\":true,\"valueName\":\"search_term_string\"}}],\"inLanguage\":\"et\"}]}<\/script>\n<!-- \/ Yoast SEO plugin. -->","yoast_head_json":{"title":"Jahutav r\u00e4tik - Kruze.ee","robots":{"index":"index","follow":"follow","max-snippet":"max-snippet:-1","max-image-preview":"max-image-preview:large","max-video-preview":"max-video-preview:-1"},"canonical":"https:\/\/kruze.ee\/et\/toode\/jahutav-ratik\/","og_locale":"et_EE","og_type":"article","og_title":"Jahutav r\u00e4tik - Kruze.ee","og_description":"Mikrokiust jahutav r\u00e4tik, 100% kemikaalivaba. Pakub 98% p\u00e4ikesekiirguse blokeerimist kuni UV 50+ kaitsetasemeni. R\u00e4tikut on lihtne kasutada \u2013 lisa pudelisse...","og_url":"https:\/\/kruze.ee\/et\/toode\/jahutav-ratik\/","og_site_name":"Kruze.ee","article_modified_time":"2026-03-16T21:54:52+00:00","twitter_card":"summary_large_image","schema":{"@context":"https:\/\/schema.org","@graph":[{"@type":"WebPage","@id":"https:\/\/kruze.ee\/et\/toode\/jahutav-ratik\/","url":"https:\/\/kruze.ee\/et\/toode\/jahutav-ratik\/","name":"Jahutav r\u00e4tik - Kruze.ee","isPartOf":{"@id":"https:\/\/kruze.ee\/et\/#website"},"datePublished":"2026-02-06T14:09:05+00:00","dateModified":"2026-03-16T21:54:52+00:00","breadcrumb":{"@id":"https:\/\/kruze.ee\/et\/toode\/jahutav-ratik\/#breadcrumb"},"inLanguage":"et","potentialAction":[{"@type":"ReadAction","target":["https:\/\/kruze.ee\/et\/toode\/jahutav-ratik\/"]}]},{"@type":"BreadcrumbList","@id":"https:\/\/kruze.ee\/et\/toode\/jahutav-ratik\/#breadcrumb","itemListElement":[{"@type":"ListItem","position":1,"name":"Home","item":"https:\/\/kruze.ee\/et\/"},{"@type":"ListItem","position":2,"name":"Tooted","item":"https:\/\/kruze.ee\/et\/tooted\/"},{"@type":"ListItem","position":3,"name":"Jahutav r\u00e4tik"}]},{"@type":"WebSite","@id":"https:\/\/kruze.ee\/et\/#website","url":"https:\/\/kruze.ee\/et\/","name":"Kruze.ee","description":"Reklaamkingitused, tr&uuml;kiga T-s&auml;rgid, fliisid, dressipluused, tekstiil, joped ja paljud teised logoga meened, &Auml;rikingitused sinu partnerile! Telli juba t&auml;na.","potentialAction":[{"@type":"SearchAction","target":{"@type":"EntryPoint","urlTemplate":"https:\/\/kruze.ee\/et\/?s={search_term_string}"},"query-input":{"@type":"PropertyValueSpecification","valueRequired":true,"valueName":"search_term_string"}}],"inLanguage":"et"}]}},"_links":{"self":[{"href":"https:\/\/kruze.ee\/et\/wp-json\/wp\/v2\/product\/1443360","targetHints":{"allow":["GET"]}}],"collection":[{"href":"https:\/\/kruze.ee\/et\/wp-json\/wp\/v2\/product"}],"about":[{"href":"https:\/\/kruze.ee\/et\/wp-json\/wp\/v2\/types\/product"}],"wp:attachment":[{"href":"https:\/\/kruze.ee\/et\/wp-json\/wp\/v2\/media?parent=1443360"}],"wp:term":[{"taxonomy":"product_brand","embeddable":true,"href":"https:\/\/kruze.ee\/et\/wp-json\/wp\/v2\/product_brand?post=1443360"},{"taxonomy":"product_cat","embeddable":true,"href":"https:\/\/kruze.ee\/et\/wp-json\/wp\/v2\/product_cat?post=1443360"},{"taxonomy":"product_tag","embeddable":true,"href":"https:\/\/kruze.ee\/et\/wp-json\/wp\/v2\/product_tag?post=1443360"}],"curies":[{"name":"wp","href":"https:\/\/api.w.org\/{rel}","templated":true}]}}