{"id":1443356,"date":"2026-02-06T16:48:43","date_gmt":"2026-02-06T13:48:43","guid":{"rendered":"https:\/\/kruze.ee\/product\/valgustatud-logoga-juhtmevaba-hiir\/"},"modified":"2026-03-17T00:50:05","modified_gmt":"2026-03-16T21:50:05","slug":"valgustatud-logoga-juhtmevaba-hiir","status":"publish","type":"product","link":"https:\/\/kruze.ee\/et\/toode\/valgustatud-logoga-juhtmevaba-hiir\/","title":{"rendered":"Valgustatud logoga juhtmevaba hiir"},"content":{"rendered":"<p>Mugava disainiga taaslaetav juhtmevaba hiir, millele saab graveerida teie logo \u2013 logo s\u00fcttib valgustusega, andes br\u00e4ndile lisat\u00e4helepanu. Hiirel on taaslaetav 300 mAh liitiumpol\u00fcmeeraku, mis laeb t\u00e4is umbes kolme tunniga. \u00dchenduskiirus 125 Hz komplektis oleva ja lihtsalt paigaldatava USB-dongli kaudu. Varustatud vasaku ja parema klahvi ning keskmise rulliku\/kl\u00f5psunupuga. Hiire tundlikkust saab h\u00f5lpsasti vastavalt isiklikule eelistusele reguleerida. \u00dchildub k\u00f5igi uuemate Windowsi ja Maci operatsioonis\u00fcsteemidega.<\/p>\n","protected":false},"excerpt":{"rendered":"<p>Mugava disainiga taaslaetav juhtmevaba hiir, millele saab graveerida teie logo \u2013 logo s\u00fcttib valgustusega, andes br\u00e4ndile lisat\u00e4helepanu. Hiirel on taaslaetav&#8230;<\/p>\n","protected":false},"featured_media":0,"template":"","meta":[],"product_brand":[],"product_cat":[5416],"product_tag":[],"class_list":{"0":"post-1443356","1":"product","2":"type-product","3":"status-publish","5":"product_cat-arvutitooted","6":"pa_gender-uniseks","7":"pa_gender-unisex","11":"first","12":"instock","13":"purchasable","14":"product-type-simple"},"acf":[],"yoast_head":"<!-- This site is optimized with the Yoast SEO plugin v26.0 - https:\/\/yoast.com\/wordpress\/plugins\/seo\/ -->\n<title>Valgustatud logoga juhtmevaba hiir - Kruze.ee<\/title>\n<meta name=\"robots\" content=\"index, follow, max-snippet:-1, max-image-preview:large, max-video-preview:-1\" \/>\n<link rel=\"canonical\" href=\"https:\/\/kruze.ee\/et\/toode\/valgustatud-logoga-juhtmevaba-hiir\/\" \/>\n<meta property=\"og:locale\" content=\"et_EE\" \/>\n<meta property=\"og:type\" content=\"article\" \/>\n<meta property=\"og:title\" content=\"Valgustatud logoga juhtmevaba hiir - Kruze.ee\" \/>\n<meta property=\"og:description\" content=\"Mugava disainiga taaslaetav juhtmevaba hiir, millele saab graveerida teie logo \u2013 logo s\u00fcttib valgustusega, andes br\u00e4ndile lisat\u00e4helepanu. Hiirel on taaslaetav...\" \/>\n<meta property=\"og:url\" content=\"https:\/\/kruze.ee\/et\/toode\/valgustatud-logoga-juhtmevaba-hiir\/\" \/>\n<meta property=\"og:site_name\" content=\"Kruze.ee\" \/>\n<meta property=\"article:modified_time\" content=\"2026-03-16T21:50:05+00:00\" \/>\n<meta name=\"twitter:card\" content=\"summary_large_image\" \/>\n<script type=\"application\/ld+json\" class=\"yoast-schema-graph\">{\"@context\":\"https:\/\/schema.org\",\"@graph\":[{\"@type\":\"WebPage\",\"@id\":\"https:\/\/kruze.ee\/et\/toode\/valgustatud-logoga-juhtmevaba-hiir\/\",\"url\":\"https:\/\/kruze.ee\/et\/toode\/valgustatud-logoga-juhtmevaba-hiir\/\",\"name\":\"Valgustatud logoga juhtmevaba hiir - Kruze.ee\",\"isPartOf\":{\"@id\":\"https:\/\/kruze.ee\/et\/#website\"},\"datePublished\":\"2026-02-06T13:48:43+00:00\",\"dateModified\":\"2026-03-16T21:50:05+00:00\",\"breadcrumb\":{\"@id\":\"https:\/\/kruze.ee\/et\/toode\/valgustatud-logoga-juhtmevaba-hiir\/#breadcrumb\"},\"inLanguage\":\"et\",\"potentialAction\":[{\"@type\":\"ReadAction\",\"target\":[\"https:\/\/kruze.ee\/et\/toode\/valgustatud-logoga-juhtmevaba-hiir\/\"]}]},{\"@type\":\"BreadcrumbList\",\"@id\":\"https:\/\/kruze.ee\/et\/toode\/valgustatud-logoga-juhtmevaba-hiir\/#breadcrumb\",\"itemListElement\":[{\"@type\":\"ListItem\",\"position\":1,\"name\":\"Home\",\"item\":\"https:\/\/kruze.ee\/et\/\"},{\"@type\":\"ListItem\",\"position\":2,\"name\":\"Tooted\",\"item\":\"https:\/\/kruze.ee\/et\/tooted\/\"},{\"@type\":\"ListItem\",\"position\":3,\"name\":\"Valgustatud logoga juhtmevaba hiir\"}]},{\"@type\":\"WebSite\",\"@id\":\"https:\/\/kruze.ee\/et\/#website\",\"url\":\"https:\/\/kruze.ee\/et\/\",\"name\":\"Kruze.ee\",\"description\":\"Reklaamkingitused, tr&uuml;kiga T-s&auml;rgid, fliisid, dressipluused, tekstiil, joped ja paljud teised logoga meened, &Auml;rikingitused sinu partnerile! Telli juba t&auml;na.\",\"potentialAction\":[{\"@type\":\"SearchAction\",\"target\":{\"@type\":\"EntryPoint\",\"urlTemplate\":\"https:\/\/kruze.ee\/et\/?s={search_term_string}\"},\"query-input\":{\"@type\":\"PropertyValueSpecification\",\"valueRequired\":true,\"valueName\":\"search_term_string\"}}],\"inLanguage\":\"et\"}]}<\/script>\n<!-- \/ Yoast SEO plugin. -->","yoast_head_json":{"title":"Valgustatud logoga juhtmevaba hiir - Kruze.ee","robots":{"index":"index","follow":"follow","max-snippet":"max-snippet:-1","max-image-preview":"max-image-preview:large","max-video-preview":"max-video-preview:-1"},"canonical":"https:\/\/kruze.ee\/et\/toode\/valgustatud-logoga-juhtmevaba-hiir\/","og_locale":"et_EE","og_type":"article","og_title":"Valgustatud logoga juhtmevaba hiir - Kruze.ee","og_description":"Mugava disainiga taaslaetav juhtmevaba hiir, millele saab graveerida teie logo \u2013 logo s\u00fcttib valgustusega, andes br\u00e4ndile lisat\u00e4helepanu. Hiirel on taaslaetav...","og_url":"https:\/\/kruze.ee\/et\/toode\/valgustatud-logoga-juhtmevaba-hiir\/","og_site_name":"Kruze.ee","article_modified_time":"2026-03-16T21:50:05+00:00","twitter_card":"summary_large_image","schema":{"@context":"https:\/\/schema.org","@graph":[{"@type":"WebPage","@id":"https:\/\/kruze.ee\/et\/toode\/valgustatud-logoga-juhtmevaba-hiir\/","url":"https:\/\/kruze.ee\/et\/toode\/valgustatud-logoga-juhtmevaba-hiir\/","name":"Valgustatud logoga juhtmevaba hiir - Kruze.ee","isPartOf":{"@id":"https:\/\/kruze.ee\/et\/#website"},"datePublished":"2026-02-06T13:48:43+00:00","dateModified":"2026-03-16T21:50:05+00:00","breadcrumb":{"@id":"https:\/\/kruze.ee\/et\/toode\/valgustatud-logoga-juhtmevaba-hiir\/#breadcrumb"},"inLanguage":"et","potentialAction":[{"@type":"ReadAction","target":["https:\/\/kruze.ee\/et\/toode\/valgustatud-logoga-juhtmevaba-hiir\/"]}]},{"@type":"BreadcrumbList","@id":"https:\/\/kruze.ee\/et\/toode\/valgustatud-logoga-juhtmevaba-hiir\/#breadcrumb","itemListElement":[{"@type":"ListItem","position":1,"name":"Home","item":"https:\/\/kruze.ee\/et\/"},{"@type":"ListItem","position":2,"name":"Tooted","item":"https:\/\/kruze.ee\/et\/tooted\/"},{"@type":"ListItem","position":3,"name":"Valgustatud logoga juhtmevaba hiir"}]},{"@type":"WebSite","@id":"https:\/\/kruze.ee\/et\/#website","url":"https:\/\/kruze.ee\/et\/","name":"Kruze.ee","description":"Reklaamkingitused, tr&uuml;kiga T-s&auml;rgid, fliisid, dressipluused, tekstiil, joped ja paljud teised logoga meened, &Auml;rikingitused sinu partnerile! Telli juba t&auml;na.","potentialAction":[{"@type":"SearchAction","target":{"@type":"EntryPoint","urlTemplate":"https:\/\/kruze.ee\/et\/?s={search_term_string}"},"query-input":{"@type":"PropertyValueSpecification","valueRequired":true,"valueName":"search_term_string"}}],"inLanguage":"et"}]}},"_links":{"self":[{"href":"https:\/\/kruze.ee\/et\/wp-json\/wp\/v2\/product\/1443356","targetHints":{"allow":["GET"]}}],"collection":[{"href":"https:\/\/kruze.ee\/et\/wp-json\/wp\/v2\/product"}],"about":[{"href":"https:\/\/kruze.ee\/et\/wp-json\/wp\/v2\/types\/product"}],"wp:attachment":[{"href":"https:\/\/kruze.ee\/et\/wp-json\/wp\/v2\/media?parent=1443356"}],"wp:term":[{"taxonomy":"product_brand","embeddable":true,"href":"https:\/\/kruze.ee\/et\/wp-json\/wp\/v2\/product_brand?post=1443356"},{"taxonomy":"product_cat","embeddable":true,"href":"https:\/\/kruze.ee\/et\/wp-json\/wp\/v2\/product_cat?post=1443356"},{"taxonomy":"product_tag","embeddable":true,"href":"https:\/\/kruze.ee\/et\/wp-json\/wp\/v2\/product_tag?post=1443356"}],"curies":[{"name":"wp","href":"https:\/\/api.w.org\/{rel}","templated":true}]}}