{"id":1443354,"date":"2026-02-06T16:48:41","date_gmt":"2026-02-06T13:48:41","guid":{"rendered":"https:\/\/kruze.ee\/product\/swiss-peak-rcs-taaskasutatud-pu-st-kokkupandav-magnetiline-hoiualus\/"},"modified":"2026-03-17T00:50:04","modified_gmt":"2026-03-16T21:50:04","slug":"swiss-peak-rcs-taaskasutatud-pu-st-kokkupandav-magnetiline-hoiualus","status":"publish","type":"product","link":"https:\/\/kruze.ee\/et\/toode\/swiss-peak-rcs-taaskasutatud-pu-st-kokkupandav-magnetiline-hoiualus\/","title":{"rendered":"Swiss Peak RCS taaskasutatud PU-st kokkupandav magnetiline hoiualus"},"content":{"rendered":"<p>Kokkupandav ja magnetiline hoiukarp, mis on valmistatud RCS-sertifikaadiga taaskasutatud PU-materjalist. Taaskasutatud materjali osakaal on 21% toote kogukaalust. RCS-sertifikaat tagab t\u00e4ielikult sertifitseeritud tarneahela taaskasutatud materjalide osas. Hoiukarp tarnitakse pakendis lamedana ning seda saab t\u00e4nu integreeritud magnetitele h\u00f5lpsasti karbiks kokku panna. Sobib ideaalselt t\u00f6\u00f6lauale v\u00f5i \u00f6\u00f6kapile. Pakendatud FSC\u00ae Mix sertifikaadiga pakendisse.<\/p>\n","protected":false},"excerpt":{"rendered":"<p>Kokkupandav ja magnetiline hoiukarp, mis on valmistatud RCS-sertifikaadiga taaskasutatud PU-materjalist. Taaskasutatud materjali osakaal on 21% toote&#8230;<\/p>\n","protected":false},"featured_media":0,"template":"","meta":[],"product_brand":[],"product_cat":[5416],"product_tag":[],"class_list":{"0":"post-1443354","1":"product","2":"type-product","3":"status-publish","5":"product_cat-arvutitooted","6":"pa_gender-uniseks","7":"pa_gender-unisex","11":"first","12":"instock","13":"purchasable","14":"product-type-simple"},"acf":[],"yoast_head":"<!-- This site is optimized with the Yoast SEO plugin v26.0 - https:\/\/yoast.com\/wordpress\/plugins\/seo\/ -->\n<title>Swiss Peak RCS taaskasutatud PU-st kokkupandav magnetiline hoiualus - Kruze.ee<\/title>\n<meta name=\"robots\" content=\"index, follow, max-snippet:-1, max-image-preview:large, max-video-preview:-1\" \/>\n<link rel=\"canonical\" href=\"https:\/\/kruze.ee\/et\/toode\/swiss-peak-rcs-taaskasutatud-pu-st-kokkupandav-magnetiline-hoiualus\/\" \/>\n<meta property=\"og:locale\" content=\"et_EE\" \/>\n<meta property=\"og:type\" content=\"article\" \/>\n<meta property=\"og:title\" content=\"Swiss Peak RCS taaskasutatud PU-st kokkupandav magnetiline hoiualus - Kruze.ee\" \/>\n<meta property=\"og:description\" content=\"Kokkupandav ja magnetiline hoiukarp, mis on valmistatud RCS-sertifikaadiga taaskasutatud PU-materjalist. Taaskasutatud materjali osakaal on 21% toote...\" \/>\n<meta property=\"og:url\" content=\"https:\/\/kruze.ee\/et\/toode\/swiss-peak-rcs-taaskasutatud-pu-st-kokkupandav-magnetiline-hoiualus\/\" \/>\n<meta property=\"og:site_name\" content=\"Kruze.ee\" \/>\n<meta property=\"article:modified_time\" content=\"2026-03-16T21:50:04+00:00\" \/>\n<meta name=\"twitter:card\" content=\"summary_large_image\" \/>\n<script type=\"application\/ld+json\" class=\"yoast-schema-graph\">{\"@context\":\"https:\/\/schema.org\",\"@graph\":[{\"@type\":\"WebPage\",\"@id\":\"https:\/\/kruze.ee\/et\/toode\/swiss-peak-rcs-taaskasutatud-pu-st-kokkupandav-magnetiline-hoiualus\/\",\"url\":\"https:\/\/kruze.ee\/et\/toode\/swiss-peak-rcs-taaskasutatud-pu-st-kokkupandav-magnetiline-hoiualus\/\",\"name\":\"Swiss Peak RCS taaskasutatud PU-st kokkupandav magnetiline hoiualus - Kruze.ee\",\"isPartOf\":{\"@id\":\"https:\/\/kruze.ee\/et\/#website\"},\"datePublished\":\"2026-02-06T13:48:41+00:00\",\"dateModified\":\"2026-03-16T21:50:04+00:00\",\"breadcrumb\":{\"@id\":\"https:\/\/kruze.ee\/et\/toode\/swiss-peak-rcs-taaskasutatud-pu-st-kokkupandav-magnetiline-hoiualus\/#breadcrumb\"},\"inLanguage\":\"et\",\"potentialAction\":[{\"@type\":\"ReadAction\",\"target\":[\"https:\/\/kruze.ee\/et\/toode\/swiss-peak-rcs-taaskasutatud-pu-st-kokkupandav-magnetiline-hoiualus\/\"]}]},{\"@type\":\"BreadcrumbList\",\"@id\":\"https:\/\/kruze.ee\/et\/toode\/swiss-peak-rcs-taaskasutatud-pu-st-kokkupandav-magnetiline-hoiualus\/#breadcrumb\",\"itemListElement\":[{\"@type\":\"ListItem\",\"position\":1,\"name\":\"Home\",\"item\":\"https:\/\/kruze.ee\/et\/\"},{\"@type\":\"ListItem\",\"position\":2,\"name\":\"Tooted\",\"item\":\"https:\/\/kruze.ee\/et\/tooted\/\"},{\"@type\":\"ListItem\",\"position\":3,\"name\":\"Swiss Peak RCS taaskasutatud PU-st kokkupandav magnetiline hoiualus\"}]},{\"@type\":\"WebSite\",\"@id\":\"https:\/\/kruze.ee\/et\/#website\",\"url\":\"https:\/\/kruze.ee\/et\/\",\"name\":\"Kruze.ee\",\"description\":\"Reklaamkingitused, tr&uuml;kiga T-s&auml;rgid, fliisid, dressipluused, tekstiil, joped ja paljud teised logoga meened, &Auml;rikingitused sinu partnerile! Telli juba t&auml;na.\",\"potentialAction\":[{\"@type\":\"SearchAction\",\"target\":{\"@type\":\"EntryPoint\",\"urlTemplate\":\"https:\/\/kruze.ee\/et\/?s={search_term_string}\"},\"query-input\":{\"@type\":\"PropertyValueSpecification\",\"valueRequired\":true,\"valueName\":\"search_term_string\"}}],\"inLanguage\":\"et\"}]}<\/script>\n<!-- \/ Yoast SEO plugin. -->","yoast_head_json":{"title":"Swiss Peak RCS taaskasutatud PU-st kokkupandav magnetiline hoiualus - Kruze.ee","robots":{"index":"index","follow":"follow","max-snippet":"max-snippet:-1","max-image-preview":"max-image-preview:large","max-video-preview":"max-video-preview:-1"},"canonical":"https:\/\/kruze.ee\/et\/toode\/swiss-peak-rcs-taaskasutatud-pu-st-kokkupandav-magnetiline-hoiualus\/","og_locale":"et_EE","og_type":"article","og_title":"Swiss Peak RCS taaskasutatud PU-st kokkupandav magnetiline hoiualus - Kruze.ee","og_description":"Kokkupandav ja magnetiline hoiukarp, mis on valmistatud RCS-sertifikaadiga taaskasutatud PU-materjalist. Taaskasutatud materjali osakaal on 21% toote...","og_url":"https:\/\/kruze.ee\/et\/toode\/swiss-peak-rcs-taaskasutatud-pu-st-kokkupandav-magnetiline-hoiualus\/","og_site_name":"Kruze.ee","article_modified_time":"2026-03-16T21:50:04+00:00","twitter_card":"summary_large_image","schema":{"@context":"https:\/\/schema.org","@graph":[{"@type":"WebPage","@id":"https:\/\/kruze.ee\/et\/toode\/swiss-peak-rcs-taaskasutatud-pu-st-kokkupandav-magnetiline-hoiualus\/","url":"https:\/\/kruze.ee\/et\/toode\/swiss-peak-rcs-taaskasutatud-pu-st-kokkupandav-magnetiline-hoiualus\/","name":"Swiss Peak RCS taaskasutatud PU-st kokkupandav magnetiline hoiualus - Kruze.ee","isPartOf":{"@id":"https:\/\/kruze.ee\/et\/#website"},"datePublished":"2026-02-06T13:48:41+00:00","dateModified":"2026-03-16T21:50:04+00:00","breadcrumb":{"@id":"https:\/\/kruze.ee\/et\/toode\/swiss-peak-rcs-taaskasutatud-pu-st-kokkupandav-magnetiline-hoiualus\/#breadcrumb"},"inLanguage":"et","potentialAction":[{"@type":"ReadAction","target":["https:\/\/kruze.ee\/et\/toode\/swiss-peak-rcs-taaskasutatud-pu-st-kokkupandav-magnetiline-hoiualus\/"]}]},{"@type":"BreadcrumbList","@id":"https:\/\/kruze.ee\/et\/toode\/swiss-peak-rcs-taaskasutatud-pu-st-kokkupandav-magnetiline-hoiualus\/#breadcrumb","itemListElement":[{"@type":"ListItem","position":1,"name":"Home","item":"https:\/\/kruze.ee\/et\/"},{"@type":"ListItem","position":2,"name":"Tooted","item":"https:\/\/kruze.ee\/et\/tooted\/"},{"@type":"ListItem","position":3,"name":"Swiss Peak RCS taaskasutatud PU-st kokkupandav magnetiline hoiualus"}]},{"@type":"WebSite","@id":"https:\/\/kruze.ee\/et\/#website","url":"https:\/\/kruze.ee\/et\/","name":"Kruze.ee","description":"Reklaamkingitused, tr&uuml;kiga T-s&auml;rgid, fliisid, dressipluused, tekstiil, joped ja paljud teised logoga meened, &Auml;rikingitused sinu partnerile! Telli juba t&auml;na.","potentialAction":[{"@type":"SearchAction","target":{"@type":"EntryPoint","urlTemplate":"https:\/\/kruze.ee\/et\/?s={search_term_string}"},"query-input":{"@type":"PropertyValueSpecification","valueRequired":true,"valueName":"search_term_string"}}],"inLanguage":"et"}]}},"_links":{"self":[{"href":"https:\/\/kruze.ee\/et\/wp-json\/wp\/v2\/product\/1443354","targetHints":{"allow":["GET"]}}],"collection":[{"href":"https:\/\/kruze.ee\/et\/wp-json\/wp\/v2\/product"}],"about":[{"href":"https:\/\/kruze.ee\/et\/wp-json\/wp\/v2\/types\/product"}],"wp:attachment":[{"href":"https:\/\/kruze.ee\/et\/wp-json\/wp\/v2\/media?parent=1443354"}],"wp:term":[{"taxonomy":"product_brand","embeddable":true,"href":"https:\/\/kruze.ee\/et\/wp-json\/wp\/v2\/product_brand?post=1443354"},{"taxonomy":"product_cat","embeddable":true,"href":"https:\/\/kruze.ee\/et\/wp-json\/wp\/v2\/product_cat?post=1443354"},{"taxonomy":"product_tag","embeddable":true,"href":"https:\/\/kruze.ee\/et\/wp-json\/wp\/v2\/product_tag?post=1443354"}],"curies":[{"name":"wp","href":"https:\/\/api.w.org\/{rel}","templated":true}]}}