{"id":1443350,"date":"2026-02-06T16:48:38","date_gmt":"2026-02-06T13:48:38","guid":{"rendered":"https:\/\/kruze.ee\/product\/rgb-mangurihiir\/"},"modified":"2026-03-17T00:50:03","modified_gmt":"2026-03-16T21:50:03","slug":"rgb-mangurihiir","status":"publish","type":"product","link":"https:\/\/kruze.ee\/et\/toode\/rgb-mangurihiir\/","title":{"rendered":"RGB m\u00e4ngurihiir"},"content":{"rendered":"<p>T\u00f5use m\u00e4ngukangelaseks selle ergonoomilise disainiga RGB m\u00e4ngurihiirega. K\u00f5rge t\u00e4psusega hiire optiline resolutsioon ulatub kuni 7200 DPI-ni. Varustatud 6 nupu ja kerimisrattaga. Integreeritud RGB-valgustus v\u00f5imaldab valida 13 erineva valgusre\u017eiimi vahel. Vastupidav 160 cm kulumiskindel punutud kaabel tagab pika kasutusea. Hiir on plug-and-play \u2013 draiveri paigaldamine ei ole vajalik. Valmistatud ABS-materjalist. \u00dchildub Windows 2000\/XP\/Vista\/Windows 7, 8 ja 10, Linuxi ning Maci operatsioonis\u00fcsteemidega. Toode ja kaabel on PVC-vabad.<\/p>\n","protected":false},"excerpt":{"rendered":"<p>T\u00f5use m\u00e4ngukangelaseks selle ergonoomilise disainiga RGB m\u00e4ngurihiirega. K\u00f5rge t\u00e4psusega hiire optiline resolutsioon ulatub kuni 7200 DPI-ni. Varustatud 6 nupu&#8230;<\/p>\n","protected":false},"featured_media":0,"template":"","meta":[],"product_brand":[],"product_cat":[5416],"product_tag":[],"class_list":{"0":"post-1443350","1":"product","2":"type-product","3":"status-publish","5":"product_cat-arvutitooted","6":"pa_gender-uniseks","7":"pa_gender-unisex","11":"first","12":"instock","13":"purchasable","14":"product-type-simple"},"acf":[],"yoast_head":"<!-- This site is optimized with the Yoast SEO plugin v26.0 - https:\/\/yoast.com\/wordpress\/plugins\/seo\/ -->\n<title>RGB m\u00e4ngurihiir - Kruze.ee<\/title>\n<meta name=\"robots\" content=\"index, follow, max-snippet:-1, max-image-preview:large, max-video-preview:-1\" \/>\n<link rel=\"canonical\" href=\"https:\/\/kruze.ee\/et\/toode\/rgb-mangurihiir\/\" \/>\n<meta property=\"og:locale\" content=\"et_EE\" \/>\n<meta property=\"og:type\" content=\"article\" \/>\n<meta property=\"og:title\" content=\"RGB m\u00e4ngurihiir - Kruze.ee\" \/>\n<meta property=\"og:description\" content=\"T\u00f5use m\u00e4ngukangelaseks selle ergonoomilise disainiga RGB m\u00e4ngurihiirega. K\u00f5rge t\u00e4psusega hiire optiline resolutsioon ulatub kuni 7200 DPI-ni. Varustatud 6 nupu...\" \/>\n<meta property=\"og:url\" content=\"https:\/\/kruze.ee\/et\/toode\/rgb-mangurihiir\/\" \/>\n<meta property=\"og:site_name\" content=\"Kruze.ee\" \/>\n<meta property=\"article:modified_time\" content=\"2026-03-16T21:50:03+00:00\" \/>\n<meta name=\"twitter:card\" content=\"summary_large_image\" \/>\n<script type=\"application\/ld+json\" class=\"yoast-schema-graph\">{\"@context\":\"https:\/\/schema.org\",\"@graph\":[{\"@type\":\"WebPage\",\"@id\":\"https:\/\/kruze.ee\/et\/toode\/rgb-mangurihiir\/\",\"url\":\"https:\/\/kruze.ee\/et\/toode\/rgb-mangurihiir\/\",\"name\":\"RGB m\u00e4ngurihiir - Kruze.ee\",\"isPartOf\":{\"@id\":\"https:\/\/kruze.ee\/et\/#website\"},\"datePublished\":\"2026-02-06T13:48:38+00:00\",\"dateModified\":\"2026-03-16T21:50:03+00:00\",\"breadcrumb\":{\"@id\":\"https:\/\/kruze.ee\/et\/toode\/rgb-mangurihiir\/#breadcrumb\"},\"inLanguage\":\"et\",\"potentialAction\":[{\"@type\":\"ReadAction\",\"target\":[\"https:\/\/kruze.ee\/et\/toode\/rgb-mangurihiir\/\"]}]},{\"@type\":\"BreadcrumbList\",\"@id\":\"https:\/\/kruze.ee\/et\/toode\/rgb-mangurihiir\/#breadcrumb\",\"itemListElement\":[{\"@type\":\"ListItem\",\"position\":1,\"name\":\"Home\",\"item\":\"https:\/\/kruze.ee\/et\/\"},{\"@type\":\"ListItem\",\"position\":2,\"name\":\"Tooted\",\"item\":\"https:\/\/kruze.ee\/et\/tooted\/\"},{\"@type\":\"ListItem\",\"position\":3,\"name\":\"RGB m\u00e4ngurihiir\"}]},{\"@type\":\"WebSite\",\"@id\":\"https:\/\/kruze.ee\/et\/#website\",\"url\":\"https:\/\/kruze.ee\/et\/\",\"name\":\"Kruze.ee\",\"description\":\"Reklaamkingitused, tr&uuml;kiga T-s&auml;rgid, fliisid, dressipluused, tekstiil, joped ja paljud teised logoga meened, &Auml;rikingitused sinu partnerile! Telli juba t&auml;na.\",\"potentialAction\":[{\"@type\":\"SearchAction\",\"target\":{\"@type\":\"EntryPoint\",\"urlTemplate\":\"https:\/\/kruze.ee\/et\/?s={search_term_string}\"},\"query-input\":{\"@type\":\"PropertyValueSpecification\",\"valueRequired\":true,\"valueName\":\"search_term_string\"}}],\"inLanguage\":\"et\"}]}<\/script>\n<!-- \/ Yoast SEO plugin. -->","yoast_head_json":{"title":"RGB m\u00e4ngurihiir - Kruze.ee","robots":{"index":"index","follow":"follow","max-snippet":"max-snippet:-1","max-image-preview":"max-image-preview:large","max-video-preview":"max-video-preview:-1"},"canonical":"https:\/\/kruze.ee\/et\/toode\/rgb-mangurihiir\/","og_locale":"et_EE","og_type":"article","og_title":"RGB m\u00e4ngurihiir - Kruze.ee","og_description":"T\u00f5use m\u00e4ngukangelaseks selle ergonoomilise disainiga RGB m\u00e4ngurihiirega. K\u00f5rge t\u00e4psusega hiire optiline resolutsioon ulatub kuni 7200 DPI-ni. Varustatud 6 nupu...","og_url":"https:\/\/kruze.ee\/et\/toode\/rgb-mangurihiir\/","og_site_name":"Kruze.ee","article_modified_time":"2026-03-16T21:50:03+00:00","twitter_card":"summary_large_image","schema":{"@context":"https:\/\/schema.org","@graph":[{"@type":"WebPage","@id":"https:\/\/kruze.ee\/et\/toode\/rgb-mangurihiir\/","url":"https:\/\/kruze.ee\/et\/toode\/rgb-mangurihiir\/","name":"RGB m\u00e4ngurihiir - Kruze.ee","isPartOf":{"@id":"https:\/\/kruze.ee\/et\/#website"},"datePublished":"2026-02-06T13:48:38+00:00","dateModified":"2026-03-16T21:50:03+00:00","breadcrumb":{"@id":"https:\/\/kruze.ee\/et\/toode\/rgb-mangurihiir\/#breadcrumb"},"inLanguage":"et","potentialAction":[{"@type":"ReadAction","target":["https:\/\/kruze.ee\/et\/toode\/rgb-mangurihiir\/"]}]},{"@type":"BreadcrumbList","@id":"https:\/\/kruze.ee\/et\/toode\/rgb-mangurihiir\/#breadcrumb","itemListElement":[{"@type":"ListItem","position":1,"name":"Home","item":"https:\/\/kruze.ee\/et\/"},{"@type":"ListItem","position":2,"name":"Tooted","item":"https:\/\/kruze.ee\/et\/tooted\/"},{"@type":"ListItem","position":3,"name":"RGB m\u00e4ngurihiir"}]},{"@type":"WebSite","@id":"https:\/\/kruze.ee\/et\/#website","url":"https:\/\/kruze.ee\/et\/","name":"Kruze.ee","description":"Reklaamkingitused, tr&uuml;kiga T-s&auml;rgid, fliisid, dressipluused, tekstiil, joped ja paljud teised logoga meened, &Auml;rikingitused sinu partnerile! Telli juba t&auml;na.","potentialAction":[{"@type":"SearchAction","target":{"@type":"EntryPoint","urlTemplate":"https:\/\/kruze.ee\/et\/?s={search_term_string}"},"query-input":{"@type":"PropertyValueSpecification","valueRequired":true,"valueName":"search_term_string"}}],"inLanguage":"et"}]}},"_links":{"self":[{"href":"https:\/\/kruze.ee\/et\/wp-json\/wp\/v2\/product\/1443350","targetHints":{"allow":["GET"]}}],"collection":[{"href":"https:\/\/kruze.ee\/et\/wp-json\/wp\/v2\/product"}],"about":[{"href":"https:\/\/kruze.ee\/et\/wp-json\/wp\/v2\/types\/product"}],"wp:attachment":[{"href":"https:\/\/kruze.ee\/et\/wp-json\/wp\/v2\/media?parent=1443350"}],"wp:term":[{"taxonomy":"product_brand","embeddable":true,"href":"https:\/\/kruze.ee\/et\/wp-json\/wp\/v2\/product_brand?post=1443350"},{"taxonomy":"product_cat","embeddable":true,"href":"https:\/\/kruze.ee\/et\/wp-json\/wp\/v2\/product_cat?post=1443350"},{"taxonomy":"product_tag","embeddable":true,"href":"https:\/\/kruze.ee\/et\/wp-json\/wp\/v2\/product_tag?post=1443350"}],"curies":[{"name":"wp","href":"https:\/\/api.w.org\/{rel}","templated":true}]}}