{"id":1443344,"date":"2026-02-06T16:48:32","date_gmt":"2026-02-06T13:48:32","guid":{"rendered":"https:\/\/kruze.ee\/product\/tierra-2-osaline-joogikorre-ja-soogiriistade-komplekt-kotikeses\/"},"modified":"2026-03-17T00:49:55","modified_gmt":"2026-03-16T21:49:55","slug":"tierra-2-osaline-joogikorre-ja-soogiriistade-komplekt-kotikeses","status":"publish","type":"product","link":"https:\/\/kruze.ee\/et\/toode\/tierra-2-osaline-joogikorre-ja-soogiriistade-komplekt-kotikeses\/","title":{"rendered":"Tierra 2-osaline joogik\u00f5rre ja s\u00f6\u00f6giriistade komplekt kotikeses"},"content":{"rendered":"<p>Tierra 2-osaline joogik\u00f5rte ja s\u00f6\u00f6giriistade komplekt on ideaalne valik kaasa v\u00f5tmiseks, kui soovite v\u00e4hendada \u00fchekordse plasti kasutamist. Komplekti kuuluvad 2 roostevabast terasest joogik\u00f5rt, puhastushari, spork ning 2 painutatud silikoonist k\u00f5rreotsa, mis kinnitatakse sirgele terask\u00f5rrele mugavamaks joomiseks. Kaks erinevat v\u00e4rvi aitavad k\u00f5rsi lihtsasti eristada. Pakendatud mugavasse takjakinnitusega kotikesse. N\u00f5udepesumasinas pestav. V\u00e4lismaterjal 100% 600D pol\u00fcester.<\/p>\n","protected":false},"excerpt":{"rendered":"<p>Tierra 2-osaline joogik\u00f5rte ja s\u00f6\u00f6giriistade komplekt on ideaalne valik kaasa v\u00f5tmiseks, kui soovite v\u00e4hendada \u00fchekordse plasti kasutamist. Komplekti kuuluvad&#8230;<\/p>\n","protected":false},"featured_media":0,"template":"","meta":[],"product_brand":[],"product_cat":[5430],"product_tag":[],"class_list":{"0":"post-1443344","1":"product","2":"type-product","3":"status-publish","5":"product_cat-piknik","6":"pa_brand-xd-collection","7":"pa_color-black-2","8":"pa_color-roheline","9":"pa_color-blue-2","10":"pa_gender-uniseks","11":"pa_gender-unisex","14":"pa_material-polyesterstainless-steel","16":"first","17":"instock","18":"taxable","19":"shipping-taxable","20":"purchasable","21":"product-type-variable"},"acf":[],"yoast_head":"<!-- This site is optimized with the Yoast SEO plugin v26.0 - https:\/\/yoast.com\/wordpress\/plugins\/seo\/ -->\n<title>Tierra 2-osaline joogik\u00f5rre ja s\u00f6\u00f6giriistade komplekt kotikeses - Kruze.ee<\/title>\n<meta name=\"robots\" content=\"index, follow, max-snippet:-1, max-image-preview:large, max-video-preview:-1\" \/>\n<link rel=\"canonical\" href=\"https:\/\/kruze.ee\/et\/toode\/tierra-2-osaline-joogikorre-ja-soogiriistade-komplekt-kotikeses\/\" \/>\n<meta property=\"og:locale\" content=\"et_EE\" \/>\n<meta property=\"og:type\" content=\"article\" \/>\n<meta property=\"og:title\" content=\"Tierra 2-osaline joogik\u00f5rre ja s\u00f6\u00f6giriistade komplekt kotikeses - Kruze.ee\" \/>\n<meta property=\"og:description\" content=\"Tierra 2-osaline joogik\u00f5rte ja s\u00f6\u00f6giriistade komplekt on ideaalne valik kaasa v\u00f5tmiseks, kui soovite v\u00e4hendada \u00fchekordse plasti kasutamist. Komplekti kuuluvad...\" \/>\n<meta property=\"og:url\" content=\"https:\/\/kruze.ee\/et\/toode\/tierra-2-osaline-joogikorre-ja-soogiriistade-komplekt-kotikeses\/\" \/>\n<meta property=\"og:site_name\" content=\"Kruze.ee\" \/>\n<meta property=\"article:modified_time\" content=\"2026-03-16T21:49:55+00:00\" \/>\n<meta name=\"twitter:card\" content=\"summary_large_image\" \/>\n<script type=\"application\/ld+json\" class=\"yoast-schema-graph\">{\"@context\":\"https:\/\/schema.org\",\"@graph\":[{\"@type\":\"WebPage\",\"@id\":\"https:\/\/kruze.ee\/et\/toode\/tierra-2-osaline-joogikorre-ja-soogiriistade-komplekt-kotikeses\/\",\"url\":\"https:\/\/kruze.ee\/et\/toode\/tierra-2-osaline-joogikorre-ja-soogiriistade-komplekt-kotikeses\/\",\"name\":\"Tierra 2-osaline joogik\u00f5rre ja s\u00f6\u00f6giriistade komplekt kotikeses - Kruze.ee\",\"isPartOf\":{\"@id\":\"https:\/\/kruze.ee\/et\/#website\"},\"datePublished\":\"2026-02-06T13:48:32+00:00\",\"dateModified\":\"2026-03-16T21:49:55+00:00\",\"breadcrumb\":{\"@id\":\"https:\/\/kruze.ee\/et\/toode\/tierra-2-osaline-joogikorre-ja-soogiriistade-komplekt-kotikeses\/#breadcrumb\"},\"inLanguage\":\"et\",\"potentialAction\":[{\"@type\":\"ReadAction\",\"target\":[\"https:\/\/kruze.ee\/et\/toode\/tierra-2-osaline-joogikorre-ja-soogiriistade-komplekt-kotikeses\/\"]}]},{\"@type\":\"BreadcrumbList\",\"@id\":\"https:\/\/kruze.ee\/et\/toode\/tierra-2-osaline-joogikorre-ja-soogiriistade-komplekt-kotikeses\/#breadcrumb\",\"itemListElement\":[{\"@type\":\"ListItem\",\"position\":1,\"name\":\"Home\",\"item\":\"https:\/\/kruze.ee\/et\/\"},{\"@type\":\"ListItem\",\"position\":2,\"name\":\"Tooted\",\"item\":\"https:\/\/kruze.ee\/et\/tooted\/\"},{\"@type\":\"ListItem\",\"position\":3,\"name\":\"Tierra 2-osaline joogik\u00f5rre ja s\u00f6\u00f6giriistade komplekt kotikeses\"}]},{\"@type\":\"WebSite\",\"@id\":\"https:\/\/kruze.ee\/et\/#website\",\"url\":\"https:\/\/kruze.ee\/et\/\",\"name\":\"Kruze.ee\",\"description\":\"Reklaamkingitused, tr&uuml;kiga T-s&auml;rgid, fliisid, dressipluused, tekstiil, joped ja paljud teised logoga meened, &Auml;rikingitused sinu partnerile! Telli juba t&auml;na.\",\"potentialAction\":[{\"@type\":\"SearchAction\",\"target\":{\"@type\":\"EntryPoint\",\"urlTemplate\":\"https:\/\/kruze.ee\/et\/?s={search_term_string}\"},\"query-input\":{\"@type\":\"PropertyValueSpecification\",\"valueRequired\":true,\"valueName\":\"search_term_string\"}}],\"inLanguage\":\"et\"}]}<\/script>\n<!-- \/ Yoast SEO plugin. -->","yoast_head_json":{"title":"Tierra 2-osaline joogik\u00f5rre ja s\u00f6\u00f6giriistade komplekt kotikeses - Kruze.ee","robots":{"index":"index","follow":"follow","max-snippet":"max-snippet:-1","max-image-preview":"max-image-preview:large","max-video-preview":"max-video-preview:-1"},"canonical":"https:\/\/kruze.ee\/et\/toode\/tierra-2-osaline-joogikorre-ja-soogiriistade-komplekt-kotikeses\/","og_locale":"et_EE","og_type":"article","og_title":"Tierra 2-osaline joogik\u00f5rre ja s\u00f6\u00f6giriistade komplekt kotikeses - Kruze.ee","og_description":"Tierra 2-osaline joogik\u00f5rte ja s\u00f6\u00f6giriistade komplekt on ideaalne valik kaasa v\u00f5tmiseks, kui soovite v\u00e4hendada \u00fchekordse plasti kasutamist. Komplekti kuuluvad...","og_url":"https:\/\/kruze.ee\/et\/toode\/tierra-2-osaline-joogikorre-ja-soogiriistade-komplekt-kotikeses\/","og_site_name":"Kruze.ee","article_modified_time":"2026-03-16T21:49:55+00:00","twitter_card":"summary_large_image","schema":{"@context":"https:\/\/schema.org","@graph":[{"@type":"WebPage","@id":"https:\/\/kruze.ee\/et\/toode\/tierra-2-osaline-joogikorre-ja-soogiriistade-komplekt-kotikeses\/","url":"https:\/\/kruze.ee\/et\/toode\/tierra-2-osaline-joogikorre-ja-soogiriistade-komplekt-kotikeses\/","name":"Tierra 2-osaline joogik\u00f5rre ja s\u00f6\u00f6giriistade komplekt kotikeses - Kruze.ee","isPartOf":{"@id":"https:\/\/kruze.ee\/et\/#website"},"datePublished":"2026-02-06T13:48:32+00:00","dateModified":"2026-03-16T21:49:55+00:00","breadcrumb":{"@id":"https:\/\/kruze.ee\/et\/toode\/tierra-2-osaline-joogikorre-ja-soogiriistade-komplekt-kotikeses\/#breadcrumb"},"inLanguage":"et","potentialAction":[{"@type":"ReadAction","target":["https:\/\/kruze.ee\/et\/toode\/tierra-2-osaline-joogikorre-ja-soogiriistade-komplekt-kotikeses\/"]}]},{"@type":"BreadcrumbList","@id":"https:\/\/kruze.ee\/et\/toode\/tierra-2-osaline-joogikorre-ja-soogiriistade-komplekt-kotikeses\/#breadcrumb","itemListElement":[{"@type":"ListItem","position":1,"name":"Home","item":"https:\/\/kruze.ee\/et\/"},{"@type":"ListItem","position":2,"name":"Tooted","item":"https:\/\/kruze.ee\/et\/tooted\/"},{"@type":"ListItem","position":3,"name":"Tierra 2-osaline joogik\u00f5rre ja s\u00f6\u00f6giriistade komplekt kotikeses"}]},{"@type":"WebSite","@id":"https:\/\/kruze.ee\/et\/#website","url":"https:\/\/kruze.ee\/et\/","name":"Kruze.ee","description":"Reklaamkingitused, tr&uuml;kiga T-s&auml;rgid, fliisid, dressipluused, tekstiil, joped ja paljud teised logoga meened, &Auml;rikingitused sinu partnerile! Telli juba t&auml;na.","potentialAction":[{"@type":"SearchAction","target":{"@type":"EntryPoint","urlTemplate":"https:\/\/kruze.ee\/et\/?s={search_term_string}"},"query-input":{"@type":"PropertyValueSpecification","valueRequired":true,"valueName":"search_term_string"}}],"inLanguage":"et"}]}},"_links":{"self":[{"href":"https:\/\/kruze.ee\/et\/wp-json\/wp\/v2\/product\/1443344","targetHints":{"allow":["GET"]}}],"collection":[{"href":"https:\/\/kruze.ee\/et\/wp-json\/wp\/v2\/product"}],"about":[{"href":"https:\/\/kruze.ee\/et\/wp-json\/wp\/v2\/types\/product"}],"wp:attachment":[{"href":"https:\/\/kruze.ee\/et\/wp-json\/wp\/v2\/media?parent=1443344"}],"wp:term":[{"taxonomy":"product_brand","embeddable":true,"href":"https:\/\/kruze.ee\/et\/wp-json\/wp\/v2\/product_brand?post=1443344"},{"taxonomy":"product_cat","embeddable":true,"href":"https:\/\/kruze.ee\/et\/wp-json\/wp\/v2\/product_cat?post=1443344"},{"taxonomy":"product_tag","embeddable":true,"href":"https:\/\/kruze.ee\/et\/wp-json\/wp\/v2\/product_tag?post=1443344"}],"curies":[{"name":"wp","href":"https:\/\/api.w.org\/{rel}","templated":true}]}}