{"id":1443336,"date":"2026-02-06T16:48:02","date_gmt":"2026-02-06T13:48:02","guid":{"rendered":"https:\/\/kruze.ee\/product\/utah-rcs-taaskasutatud-plastikust-ja-bambusest-ilmajaam\/"},"modified":"2026-03-17T00:50:01","modified_gmt":"2026-03-16T21:50:01","slug":"utah-rcs-taaskasutatud-plastikust-ja-bambusest-ilmajaam","status":"publish","type":"product","link":"https:\/\/kruze.ee\/et\/toode\/utah-rcs-taaskasutatud-plastikust-ja-bambusest-ilmajaam\/","title":{"rendered":"Utah RCS taaskasutatud plastikust ja bambusest ilmajaam"},"content":{"rendered":"<p>Ilmajaam, mis on valmistatud RCS (Recycled Claim Standard) sertifikaadiga taaskasutatud ABS-plastikust ja FSC\u00ae 100% bambusest. Taaskasutatud materjali osakaal on 42% toote kogukaalust. RCS-sertifikaat tagab t\u00e4ielikult sertifitseeritud tarneahela taaskasutatud materjalide osas. Varustatud LCD-ekraaniga. Funktsioonid: temperatuur, \u00f5huniiskus, kellaaeg, n\u00e4dalap\u00e4ev ja kuup\u00e4ev. Komplektis AAA-patareid koheseks kasutamiseks. Pakendatud FSC\u00ae Mix sertifikaadiga kraft-karpi.<\/p>\n","protected":false},"excerpt":{"rendered":"<p>Ilmajaam, mis on valmistatud RCS (Recycled Claim Standard) sertifikaadiga taaskasutatud ABS-plastikust ja FSC\u00ae 100% bambusest. Taaskasutatud materjali osakaal&#8230;<\/p>\n","protected":false},"featured_media":0,"template":"","meta":[],"product_brand":[],"product_cat":[5411],"product_tag":[],"class_list":{"0":"post-1443336","1":"product","2":"type-product","3":"status-publish","5":"product_cat-kellad","6":"pa_gender-uniseks","7":"pa_gender-unisex","11":"first","12":"instock","13":"purchasable","14":"product-type-simple"},"acf":[],"yoast_head":"<!-- This site is optimized with the Yoast SEO plugin v26.0 - https:\/\/yoast.com\/wordpress\/plugins\/seo\/ -->\n<title>Utah RCS taaskasutatud plastikust ja bambusest ilmajaam - Kruze.ee<\/title>\n<meta name=\"robots\" content=\"index, follow, max-snippet:-1, max-image-preview:large, max-video-preview:-1\" \/>\n<link rel=\"canonical\" href=\"https:\/\/kruze.ee\/et\/toode\/utah-rcs-taaskasutatud-plastikust-ja-bambusest-ilmajaam\/\" \/>\n<meta property=\"og:locale\" content=\"et_EE\" \/>\n<meta property=\"og:type\" content=\"article\" \/>\n<meta property=\"og:title\" content=\"Utah RCS taaskasutatud plastikust ja bambusest ilmajaam - Kruze.ee\" \/>\n<meta property=\"og:description\" content=\"Ilmajaam, mis on valmistatud RCS (Recycled Claim Standard) sertifikaadiga taaskasutatud ABS-plastikust ja FSC\u00ae 100% bambusest. Taaskasutatud materjali osakaal...\" \/>\n<meta property=\"og:url\" content=\"https:\/\/kruze.ee\/et\/toode\/utah-rcs-taaskasutatud-plastikust-ja-bambusest-ilmajaam\/\" \/>\n<meta property=\"og:site_name\" content=\"Kruze.ee\" \/>\n<meta property=\"article:modified_time\" content=\"2026-03-16T21:50:01+00:00\" \/>\n<meta name=\"twitter:card\" content=\"summary_large_image\" \/>\n<script type=\"application\/ld+json\" class=\"yoast-schema-graph\">{\"@context\":\"https:\/\/schema.org\",\"@graph\":[{\"@type\":\"WebPage\",\"@id\":\"https:\/\/kruze.ee\/et\/toode\/utah-rcs-taaskasutatud-plastikust-ja-bambusest-ilmajaam\/\",\"url\":\"https:\/\/kruze.ee\/et\/toode\/utah-rcs-taaskasutatud-plastikust-ja-bambusest-ilmajaam\/\",\"name\":\"Utah RCS taaskasutatud plastikust ja bambusest ilmajaam - Kruze.ee\",\"isPartOf\":{\"@id\":\"https:\/\/kruze.ee\/et\/#website\"},\"datePublished\":\"2026-02-06T13:48:02+00:00\",\"dateModified\":\"2026-03-16T21:50:01+00:00\",\"breadcrumb\":{\"@id\":\"https:\/\/kruze.ee\/et\/toode\/utah-rcs-taaskasutatud-plastikust-ja-bambusest-ilmajaam\/#breadcrumb\"},\"inLanguage\":\"et\",\"potentialAction\":[{\"@type\":\"ReadAction\",\"target\":[\"https:\/\/kruze.ee\/et\/toode\/utah-rcs-taaskasutatud-plastikust-ja-bambusest-ilmajaam\/\"]}]},{\"@type\":\"BreadcrumbList\",\"@id\":\"https:\/\/kruze.ee\/et\/toode\/utah-rcs-taaskasutatud-plastikust-ja-bambusest-ilmajaam\/#breadcrumb\",\"itemListElement\":[{\"@type\":\"ListItem\",\"position\":1,\"name\":\"Home\",\"item\":\"https:\/\/kruze.ee\/et\/\"},{\"@type\":\"ListItem\",\"position\":2,\"name\":\"Tooted\",\"item\":\"https:\/\/kruze.ee\/et\/tooted\/\"},{\"@type\":\"ListItem\",\"position\":3,\"name\":\"Utah RCS taaskasutatud plastikust ja bambusest ilmajaam\"}]},{\"@type\":\"WebSite\",\"@id\":\"https:\/\/kruze.ee\/et\/#website\",\"url\":\"https:\/\/kruze.ee\/et\/\",\"name\":\"Kruze.ee\",\"description\":\"Reklaamkingitused, tr&uuml;kiga T-s&auml;rgid, fliisid, dressipluused, tekstiil, joped ja paljud teised logoga meened, &Auml;rikingitused sinu partnerile! Telli juba t&auml;na.\",\"potentialAction\":[{\"@type\":\"SearchAction\",\"target\":{\"@type\":\"EntryPoint\",\"urlTemplate\":\"https:\/\/kruze.ee\/et\/?s={search_term_string}\"},\"query-input\":{\"@type\":\"PropertyValueSpecification\",\"valueRequired\":true,\"valueName\":\"search_term_string\"}}],\"inLanguage\":\"et\"}]}<\/script>\n<!-- \/ Yoast SEO plugin. -->","yoast_head_json":{"title":"Utah RCS taaskasutatud plastikust ja bambusest ilmajaam - Kruze.ee","robots":{"index":"index","follow":"follow","max-snippet":"max-snippet:-1","max-image-preview":"max-image-preview:large","max-video-preview":"max-video-preview:-1"},"canonical":"https:\/\/kruze.ee\/et\/toode\/utah-rcs-taaskasutatud-plastikust-ja-bambusest-ilmajaam\/","og_locale":"et_EE","og_type":"article","og_title":"Utah RCS taaskasutatud plastikust ja bambusest ilmajaam - Kruze.ee","og_description":"Ilmajaam, mis on valmistatud RCS (Recycled Claim Standard) sertifikaadiga taaskasutatud ABS-plastikust ja FSC\u00ae 100% bambusest. Taaskasutatud materjali osakaal...","og_url":"https:\/\/kruze.ee\/et\/toode\/utah-rcs-taaskasutatud-plastikust-ja-bambusest-ilmajaam\/","og_site_name":"Kruze.ee","article_modified_time":"2026-03-16T21:50:01+00:00","twitter_card":"summary_large_image","schema":{"@context":"https:\/\/schema.org","@graph":[{"@type":"WebPage","@id":"https:\/\/kruze.ee\/et\/toode\/utah-rcs-taaskasutatud-plastikust-ja-bambusest-ilmajaam\/","url":"https:\/\/kruze.ee\/et\/toode\/utah-rcs-taaskasutatud-plastikust-ja-bambusest-ilmajaam\/","name":"Utah RCS taaskasutatud plastikust ja bambusest ilmajaam - Kruze.ee","isPartOf":{"@id":"https:\/\/kruze.ee\/et\/#website"},"datePublished":"2026-02-06T13:48:02+00:00","dateModified":"2026-03-16T21:50:01+00:00","breadcrumb":{"@id":"https:\/\/kruze.ee\/et\/toode\/utah-rcs-taaskasutatud-plastikust-ja-bambusest-ilmajaam\/#breadcrumb"},"inLanguage":"et","potentialAction":[{"@type":"ReadAction","target":["https:\/\/kruze.ee\/et\/toode\/utah-rcs-taaskasutatud-plastikust-ja-bambusest-ilmajaam\/"]}]},{"@type":"BreadcrumbList","@id":"https:\/\/kruze.ee\/et\/toode\/utah-rcs-taaskasutatud-plastikust-ja-bambusest-ilmajaam\/#breadcrumb","itemListElement":[{"@type":"ListItem","position":1,"name":"Home","item":"https:\/\/kruze.ee\/et\/"},{"@type":"ListItem","position":2,"name":"Tooted","item":"https:\/\/kruze.ee\/et\/tooted\/"},{"@type":"ListItem","position":3,"name":"Utah RCS taaskasutatud plastikust ja bambusest ilmajaam"}]},{"@type":"WebSite","@id":"https:\/\/kruze.ee\/et\/#website","url":"https:\/\/kruze.ee\/et\/","name":"Kruze.ee","description":"Reklaamkingitused, tr&uuml;kiga T-s&auml;rgid, fliisid, dressipluused, tekstiil, joped ja paljud teised logoga meened, &Auml;rikingitused sinu partnerile! Telli juba t&auml;na.","potentialAction":[{"@type":"SearchAction","target":{"@type":"EntryPoint","urlTemplate":"https:\/\/kruze.ee\/et\/?s={search_term_string}"},"query-input":{"@type":"PropertyValueSpecification","valueRequired":true,"valueName":"search_term_string"}}],"inLanguage":"et"}]}},"_links":{"self":[{"href":"https:\/\/kruze.ee\/et\/wp-json\/wp\/v2\/product\/1443336","targetHints":{"allow":["GET"]}}],"collection":[{"href":"https:\/\/kruze.ee\/et\/wp-json\/wp\/v2\/product"}],"about":[{"href":"https:\/\/kruze.ee\/et\/wp-json\/wp\/v2\/types\/product"}],"wp:attachment":[{"href":"https:\/\/kruze.ee\/et\/wp-json\/wp\/v2\/media?parent=1443336"}],"wp:term":[{"taxonomy":"product_brand","embeddable":true,"href":"https:\/\/kruze.ee\/et\/wp-json\/wp\/v2\/product_brand?post=1443336"},{"taxonomy":"product_cat","embeddable":true,"href":"https:\/\/kruze.ee\/et\/wp-json\/wp\/v2\/product_cat?post=1443336"},{"taxonomy":"product_tag","embeddable":true,"href":"https:\/\/kruze.ee\/et\/wp-json\/wp\/v2\/product_tag?post=1443336"}],"curies":[{"name":"wp","href":"https:\/\/api.w.org\/{rel}","templated":true}]}}