{"id":1443330,"date":"2026-02-06T16:47:57","date_gmt":"2026-02-06T13:47:57","guid":{"rendered":"https:\/\/kruze.ee\/product\/4-osaline-roostevabast-terasest-korduvkasutatav-soogiriistade-komplekt\/"},"modified":"2026-03-17T00:49:59","modified_gmt":"2026-03-16T21:49:59","slug":"4-osaline-roostevabast-terasest-korduvkasutatav-soogiriistade-komplekt","status":"publish","type":"product","link":"https:\/\/kruze.ee\/et\/toode\/4-osaline-roostevabast-terasest-korduvkasutatav-soogiriistade-komplekt\/","title":{"rendered":"4-osaline roostevabast terasest korduvkasutatav s\u00f6\u00f6giriistade komplekt"},"content":{"rendered":"<p>Korduvkasutatav roostevabast terasest s\u00f6\u00f6giriistade komplekt, mida on mugav k\u00f5ikjale kaasa v\u00f5tta ja mis sobib ideaalselt t\u00f6\u00f6le l\u00f5una kaasa v\u00f5tmiseks. Komplekti kuuluvad kahvel, nuga, lusikas, joogik\u00f5rs ja harjake k\u00f5rre puhastamiseks. K\u00f5ik esemed mahuvad lukuga ja pingutusn\u00f6\u00f6riga neopreenist kotikesse. N\u00f5udepesumasinas pestav.<\/p>\n","protected":false},"excerpt":{"rendered":"<p>Korduvkasutatav roostevabast terasest s\u00f6\u00f6giriistade komplekt, mida on mugav k\u00f5ikjale kaasa v\u00f5tta ja mis sobib ideaalselt t\u00f6\u00f6le l\u00f5una kaasa v\u00f5tmiseks. Komplekti&#8230;<\/p>\n","protected":false},"featured_media":0,"template":"","meta":[],"product_brand":[],"product_cat":[5430],"product_tag":[],"class_list":{"0":"post-1443330","1":"product","2":"type-product","3":"status-publish","5":"product_cat-piknik","6":"pa_gender-uniseks","7":"pa_gender-unisex","11":"first","12":"instock","13":"purchasable","14":"product-type-simple"},"acf":[],"yoast_head":"<!-- This site is optimized with the Yoast SEO plugin v26.0 - https:\/\/yoast.com\/wordpress\/plugins\/seo\/ -->\n<title>4-osaline roostevabast terasest korduvkasutatav s\u00f6\u00f6giriistade komplekt - Kruze.ee<\/title>\n<meta name=\"robots\" content=\"index, follow, max-snippet:-1, max-image-preview:large, max-video-preview:-1\" \/>\n<link rel=\"canonical\" href=\"https:\/\/kruze.ee\/et\/toode\/4-osaline-roostevabast-terasest-korduvkasutatav-soogiriistade-komplekt\/\" \/>\n<meta property=\"og:locale\" content=\"et_EE\" \/>\n<meta property=\"og:type\" content=\"article\" \/>\n<meta property=\"og:title\" content=\"4-osaline roostevabast terasest korduvkasutatav s\u00f6\u00f6giriistade komplekt - Kruze.ee\" \/>\n<meta property=\"og:description\" content=\"Korduvkasutatav roostevabast terasest s\u00f6\u00f6giriistade komplekt, mida on mugav k\u00f5ikjale kaasa v\u00f5tta ja mis sobib ideaalselt t\u00f6\u00f6le l\u00f5una kaasa v\u00f5tmiseks. Komplekti...\" \/>\n<meta property=\"og:url\" content=\"https:\/\/kruze.ee\/et\/toode\/4-osaline-roostevabast-terasest-korduvkasutatav-soogiriistade-komplekt\/\" \/>\n<meta property=\"og:site_name\" content=\"Kruze.ee\" \/>\n<meta property=\"article:modified_time\" content=\"2026-03-16T21:49:59+00:00\" \/>\n<meta name=\"twitter:card\" content=\"summary_large_image\" \/>\n<script type=\"application\/ld+json\" class=\"yoast-schema-graph\">{\"@context\":\"https:\/\/schema.org\",\"@graph\":[{\"@type\":\"WebPage\",\"@id\":\"https:\/\/kruze.ee\/et\/toode\/4-osaline-roostevabast-terasest-korduvkasutatav-soogiriistade-komplekt\/\",\"url\":\"https:\/\/kruze.ee\/et\/toode\/4-osaline-roostevabast-terasest-korduvkasutatav-soogiriistade-komplekt\/\",\"name\":\"4-osaline roostevabast terasest korduvkasutatav s\u00f6\u00f6giriistade komplekt - Kruze.ee\",\"isPartOf\":{\"@id\":\"https:\/\/kruze.ee\/et\/#website\"},\"datePublished\":\"2026-02-06T13:47:57+00:00\",\"dateModified\":\"2026-03-16T21:49:59+00:00\",\"breadcrumb\":{\"@id\":\"https:\/\/kruze.ee\/et\/toode\/4-osaline-roostevabast-terasest-korduvkasutatav-soogiriistade-komplekt\/#breadcrumb\"},\"inLanguage\":\"et\",\"potentialAction\":[{\"@type\":\"ReadAction\",\"target\":[\"https:\/\/kruze.ee\/et\/toode\/4-osaline-roostevabast-terasest-korduvkasutatav-soogiriistade-komplekt\/\"]}]},{\"@type\":\"BreadcrumbList\",\"@id\":\"https:\/\/kruze.ee\/et\/toode\/4-osaline-roostevabast-terasest-korduvkasutatav-soogiriistade-komplekt\/#breadcrumb\",\"itemListElement\":[{\"@type\":\"ListItem\",\"position\":1,\"name\":\"Home\",\"item\":\"https:\/\/kruze.ee\/et\/\"},{\"@type\":\"ListItem\",\"position\":2,\"name\":\"Tooted\",\"item\":\"https:\/\/kruze.ee\/et\/tooted\/\"},{\"@type\":\"ListItem\",\"position\":3,\"name\":\"4-osaline roostevabast terasest korduvkasutatav s\u00f6\u00f6giriistade komplekt\"}]},{\"@type\":\"WebSite\",\"@id\":\"https:\/\/kruze.ee\/et\/#website\",\"url\":\"https:\/\/kruze.ee\/et\/\",\"name\":\"Kruze.ee\",\"description\":\"Reklaamkingitused, tr&uuml;kiga T-s&auml;rgid, fliisid, dressipluused, tekstiil, joped ja paljud teised logoga meened, &Auml;rikingitused sinu partnerile! Telli juba t&auml;na.\",\"potentialAction\":[{\"@type\":\"SearchAction\",\"target\":{\"@type\":\"EntryPoint\",\"urlTemplate\":\"https:\/\/kruze.ee\/et\/?s={search_term_string}\"},\"query-input\":{\"@type\":\"PropertyValueSpecification\",\"valueRequired\":true,\"valueName\":\"search_term_string\"}}],\"inLanguage\":\"et\"}]}<\/script>\n<!-- \/ Yoast SEO plugin. -->","yoast_head_json":{"title":"4-osaline roostevabast terasest korduvkasutatav s\u00f6\u00f6giriistade komplekt - Kruze.ee","robots":{"index":"index","follow":"follow","max-snippet":"max-snippet:-1","max-image-preview":"max-image-preview:large","max-video-preview":"max-video-preview:-1"},"canonical":"https:\/\/kruze.ee\/et\/toode\/4-osaline-roostevabast-terasest-korduvkasutatav-soogiriistade-komplekt\/","og_locale":"et_EE","og_type":"article","og_title":"4-osaline roostevabast terasest korduvkasutatav s\u00f6\u00f6giriistade komplekt - Kruze.ee","og_description":"Korduvkasutatav roostevabast terasest s\u00f6\u00f6giriistade komplekt, mida on mugav k\u00f5ikjale kaasa v\u00f5tta ja mis sobib ideaalselt t\u00f6\u00f6le l\u00f5una kaasa v\u00f5tmiseks. Komplekti...","og_url":"https:\/\/kruze.ee\/et\/toode\/4-osaline-roostevabast-terasest-korduvkasutatav-soogiriistade-komplekt\/","og_site_name":"Kruze.ee","article_modified_time":"2026-03-16T21:49:59+00:00","twitter_card":"summary_large_image","schema":{"@context":"https:\/\/schema.org","@graph":[{"@type":"WebPage","@id":"https:\/\/kruze.ee\/et\/toode\/4-osaline-roostevabast-terasest-korduvkasutatav-soogiriistade-komplekt\/","url":"https:\/\/kruze.ee\/et\/toode\/4-osaline-roostevabast-terasest-korduvkasutatav-soogiriistade-komplekt\/","name":"4-osaline roostevabast terasest korduvkasutatav s\u00f6\u00f6giriistade komplekt - Kruze.ee","isPartOf":{"@id":"https:\/\/kruze.ee\/et\/#website"},"datePublished":"2026-02-06T13:47:57+00:00","dateModified":"2026-03-16T21:49:59+00:00","breadcrumb":{"@id":"https:\/\/kruze.ee\/et\/toode\/4-osaline-roostevabast-terasest-korduvkasutatav-soogiriistade-komplekt\/#breadcrumb"},"inLanguage":"et","potentialAction":[{"@type":"ReadAction","target":["https:\/\/kruze.ee\/et\/toode\/4-osaline-roostevabast-terasest-korduvkasutatav-soogiriistade-komplekt\/"]}]},{"@type":"BreadcrumbList","@id":"https:\/\/kruze.ee\/et\/toode\/4-osaline-roostevabast-terasest-korduvkasutatav-soogiriistade-komplekt\/#breadcrumb","itemListElement":[{"@type":"ListItem","position":1,"name":"Home","item":"https:\/\/kruze.ee\/et\/"},{"@type":"ListItem","position":2,"name":"Tooted","item":"https:\/\/kruze.ee\/et\/tooted\/"},{"@type":"ListItem","position":3,"name":"4-osaline roostevabast terasest korduvkasutatav s\u00f6\u00f6giriistade komplekt"}]},{"@type":"WebSite","@id":"https:\/\/kruze.ee\/et\/#website","url":"https:\/\/kruze.ee\/et\/","name":"Kruze.ee","description":"Reklaamkingitused, tr&uuml;kiga T-s&auml;rgid, fliisid, dressipluused, tekstiil, joped ja paljud teised logoga meened, &Auml;rikingitused sinu partnerile! Telli juba t&auml;na.","potentialAction":[{"@type":"SearchAction","target":{"@type":"EntryPoint","urlTemplate":"https:\/\/kruze.ee\/et\/?s={search_term_string}"},"query-input":{"@type":"PropertyValueSpecification","valueRequired":true,"valueName":"search_term_string"}}],"inLanguage":"et"}]}},"_links":{"self":[{"href":"https:\/\/kruze.ee\/et\/wp-json\/wp\/v2\/product\/1443330","targetHints":{"allow":["GET"]}}],"collection":[{"href":"https:\/\/kruze.ee\/et\/wp-json\/wp\/v2\/product"}],"about":[{"href":"https:\/\/kruze.ee\/et\/wp-json\/wp\/v2\/types\/product"}],"wp:attachment":[{"href":"https:\/\/kruze.ee\/et\/wp-json\/wp\/v2\/media?parent=1443330"}],"wp:term":[{"taxonomy":"product_brand","embeddable":true,"href":"https:\/\/kruze.ee\/et\/wp-json\/wp\/v2\/product_brand?post=1443330"},{"taxonomy":"product_cat","embeddable":true,"href":"https:\/\/kruze.ee\/et\/wp-json\/wp\/v2\/product_cat?post=1443330"},{"taxonomy":"product_tag","embeddable":true,"href":"https:\/\/kruze.ee\/et\/wp-json\/wp\/v2\/product_tag?post=1443330"}],"curies":[{"name":"wp","href":"https:\/\/api.w.org\/{rel}","templated":true}]}}