{"id":1443310,"date":"2026-02-06T15:15:27","date_gmt":"2026-02-06T12:15:27","guid":{"rendered":"https:\/\/kruze.ee\/product\/vinga-bosler-rcs-rfid-kaitsega-passikaaned\/"},"modified":"2026-03-17T01:00:46","modified_gmt":"2026-03-16T22:00:46","slug":"vinga-bosler-rcs-rfid-kaitsega-passikaaned","status":"publish","type":"product","link":"https:\/\/kruze.ee\/et\/toode\/vinga-bosler-rcs-rfid-kaitsega-passikaaned\/","title":{"rendered":"VINGA Bosler RCS RFID-kaitsega passikaaned"},"content":{"rendered":"<p>Hoia oma dokumendid korras ja reisi turvaliselt meie elegantse passihoidjaga, mis on varustatud sisseehitatud RFID-kaitsega, et v\u00e4ltida loata andmete skaneerimist. Ideaalne nii \u00e4rireisideks kui ka puhkusereisideks. Passihoidjal on praktilised taskud passi, pardakaartide ja krediitkaartide jaoks, v\u00f5imaldades hoida k\u00f5ik olulise mugavalt \u00fches kohas. Toode on RCS-sertifikaadiga (Recycled Claim Standard), mis tagab, et kogu ringlussev\u00f5etud materjalide tarneahel on sertifitseeritud. Ringlussev\u00f5etud materjali kogus on arvestatud kogu toote kaalu p\u00f5hjal.<\/p>\n","protected":false},"excerpt":{"rendered":"<p>Hoia oma dokumendid korras ja reisi turvaliselt meie elegantse passihoidjaga, mis on varustatud sisseehitatud RFID-kaitsega, et v\u00e4ltida loata andmete&#8230;<\/p>\n","protected":false},"featured_media":0,"template":"","meta":[],"product_brand":[],"product_cat":[5403],"product_tag":[],"class_list":{"0":"post-1443310","1":"product","2":"type-product","3":"status-publish","5":"product_cat-muud-reisitarbed-kotid","6":"pa_gender-uniseks","9":"first","10":"instock","11":"purchasable","12":"product-type-simple"},"acf":[],"yoast_head":"<!-- This site is optimized with the Yoast SEO plugin v26.0 - https:\/\/yoast.com\/wordpress\/plugins\/seo\/ -->\n<title>VINGA Bosler RCS RFID-kaitsega passikaaned - Kruze.ee<\/title>\n<meta name=\"robots\" content=\"index, follow, max-snippet:-1, max-image-preview:large, max-video-preview:-1\" \/>\n<link rel=\"canonical\" href=\"https:\/\/kruze.ee\/et\/toode\/vinga-bosler-rcs-rfid-kaitsega-passikaaned\/\" \/>\n<meta property=\"og:locale\" content=\"et_EE\" \/>\n<meta property=\"og:type\" content=\"article\" \/>\n<meta property=\"og:title\" content=\"VINGA Bosler RCS RFID-kaitsega passikaaned - Kruze.ee\" \/>\n<meta property=\"og:description\" content=\"Hoia oma dokumendid korras ja reisi turvaliselt meie elegantse passihoidjaga, mis on varustatud sisseehitatud RFID-kaitsega, et v\u00e4ltida loata andmete...\" \/>\n<meta property=\"og:url\" content=\"https:\/\/kruze.ee\/et\/toode\/vinga-bosler-rcs-rfid-kaitsega-passikaaned\/\" \/>\n<meta property=\"og:site_name\" content=\"Kruze.ee\" \/>\n<meta property=\"article:modified_time\" content=\"2026-03-16T22:00:46+00:00\" \/>\n<meta name=\"twitter:card\" content=\"summary_large_image\" \/>\n<script type=\"application\/ld+json\" class=\"yoast-schema-graph\">{\"@context\":\"https:\/\/schema.org\",\"@graph\":[{\"@type\":\"WebPage\",\"@id\":\"https:\/\/kruze.ee\/et\/toode\/vinga-bosler-rcs-rfid-kaitsega-passikaaned\/\",\"url\":\"https:\/\/kruze.ee\/et\/toode\/vinga-bosler-rcs-rfid-kaitsega-passikaaned\/\",\"name\":\"VINGA Bosler RCS RFID-kaitsega passikaaned - Kruze.ee\",\"isPartOf\":{\"@id\":\"https:\/\/kruze.ee\/et\/#website\"},\"datePublished\":\"2026-02-06T12:15:27+00:00\",\"dateModified\":\"2026-03-16T22:00:46+00:00\",\"breadcrumb\":{\"@id\":\"https:\/\/kruze.ee\/et\/toode\/vinga-bosler-rcs-rfid-kaitsega-passikaaned\/#breadcrumb\"},\"inLanguage\":\"et\",\"potentialAction\":[{\"@type\":\"ReadAction\",\"target\":[\"https:\/\/kruze.ee\/et\/toode\/vinga-bosler-rcs-rfid-kaitsega-passikaaned\/\"]}]},{\"@type\":\"BreadcrumbList\",\"@id\":\"https:\/\/kruze.ee\/et\/toode\/vinga-bosler-rcs-rfid-kaitsega-passikaaned\/#breadcrumb\",\"itemListElement\":[{\"@type\":\"ListItem\",\"position\":1,\"name\":\"Home\",\"item\":\"https:\/\/kruze.ee\/et\/\"},{\"@type\":\"ListItem\",\"position\":2,\"name\":\"Tooted\",\"item\":\"https:\/\/kruze.ee\/et\/tooted\/\"},{\"@type\":\"ListItem\",\"position\":3,\"name\":\"VINGA Bosler RCS RFID-kaitsega passikaaned\"}]},{\"@type\":\"WebSite\",\"@id\":\"https:\/\/kruze.ee\/et\/#website\",\"url\":\"https:\/\/kruze.ee\/et\/\",\"name\":\"Kruze.ee\",\"description\":\"Reklaamkingitused, tr&uuml;kiga T-s&auml;rgid, fliisid, dressipluused, tekstiil, joped ja paljud teised logoga meened, &Auml;rikingitused sinu partnerile! Telli juba t&auml;na.\",\"potentialAction\":[{\"@type\":\"SearchAction\",\"target\":{\"@type\":\"EntryPoint\",\"urlTemplate\":\"https:\/\/kruze.ee\/et\/?s={search_term_string}\"},\"query-input\":{\"@type\":\"PropertyValueSpecification\",\"valueRequired\":true,\"valueName\":\"search_term_string\"}}],\"inLanguage\":\"et\"}]}<\/script>\n<!-- \/ Yoast SEO plugin. -->","yoast_head_json":{"title":"VINGA Bosler RCS RFID-kaitsega passikaaned - Kruze.ee","robots":{"index":"index","follow":"follow","max-snippet":"max-snippet:-1","max-image-preview":"max-image-preview:large","max-video-preview":"max-video-preview:-1"},"canonical":"https:\/\/kruze.ee\/et\/toode\/vinga-bosler-rcs-rfid-kaitsega-passikaaned\/","og_locale":"et_EE","og_type":"article","og_title":"VINGA Bosler RCS RFID-kaitsega passikaaned - Kruze.ee","og_description":"Hoia oma dokumendid korras ja reisi turvaliselt meie elegantse passihoidjaga, mis on varustatud sisseehitatud RFID-kaitsega, et v\u00e4ltida loata andmete...","og_url":"https:\/\/kruze.ee\/et\/toode\/vinga-bosler-rcs-rfid-kaitsega-passikaaned\/","og_site_name":"Kruze.ee","article_modified_time":"2026-03-16T22:00:46+00:00","twitter_card":"summary_large_image","schema":{"@context":"https:\/\/schema.org","@graph":[{"@type":"WebPage","@id":"https:\/\/kruze.ee\/et\/toode\/vinga-bosler-rcs-rfid-kaitsega-passikaaned\/","url":"https:\/\/kruze.ee\/et\/toode\/vinga-bosler-rcs-rfid-kaitsega-passikaaned\/","name":"VINGA Bosler RCS RFID-kaitsega passikaaned - Kruze.ee","isPartOf":{"@id":"https:\/\/kruze.ee\/et\/#website"},"datePublished":"2026-02-06T12:15:27+00:00","dateModified":"2026-03-16T22:00:46+00:00","breadcrumb":{"@id":"https:\/\/kruze.ee\/et\/toode\/vinga-bosler-rcs-rfid-kaitsega-passikaaned\/#breadcrumb"},"inLanguage":"et","potentialAction":[{"@type":"ReadAction","target":["https:\/\/kruze.ee\/et\/toode\/vinga-bosler-rcs-rfid-kaitsega-passikaaned\/"]}]},{"@type":"BreadcrumbList","@id":"https:\/\/kruze.ee\/et\/toode\/vinga-bosler-rcs-rfid-kaitsega-passikaaned\/#breadcrumb","itemListElement":[{"@type":"ListItem","position":1,"name":"Home","item":"https:\/\/kruze.ee\/et\/"},{"@type":"ListItem","position":2,"name":"Tooted","item":"https:\/\/kruze.ee\/et\/tooted\/"},{"@type":"ListItem","position":3,"name":"VINGA Bosler RCS RFID-kaitsega passikaaned"}]},{"@type":"WebSite","@id":"https:\/\/kruze.ee\/et\/#website","url":"https:\/\/kruze.ee\/et\/","name":"Kruze.ee","description":"Reklaamkingitused, tr&uuml;kiga T-s&auml;rgid, fliisid, dressipluused, tekstiil, joped ja paljud teised logoga meened, &Auml;rikingitused sinu partnerile! Telli juba t&auml;na.","potentialAction":[{"@type":"SearchAction","target":{"@type":"EntryPoint","urlTemplate":"https:\/\/kruze.ee\/et\/?s={search_term_string}"},"query-input":{"@type":"PropertyValueSpecification","valueRequired":true,"valueName":"search_term_string"}}],"inLanguage":"et"}]}},"_links":{"self":[{"href":"https:\/\/kruze.ee\/et\/wp-json\/wp\/v2\/product\/1443310","targetHints":{"allow":["GET"]}}],"collection":[{"href":"https:\/\/kruze.ee\/et\/wp-json\/wp\/v2\/product"}],"about":[{"href":"https:\/\/kruze.ee\/et\/wp-json\/wp\/v2\/types\/product"}],"wp:attachment":[{"href":"https:\/\/kruze.ee\/et\/wp-json\/wp\/v2\/media?parent=1443310"}],"wp:term":[{"taxonomy":"product_brand","embeddable":true,"href":"https:\/\/kruze.ee\/et\/wp-json\/wp\/v2\/product_brand?post=1443310"},{"taxonomy":"product_cat","embeddable":true,"href":"https:\/\/kruze.ee\/et\/wp-json\/wp\/v2\/product_cat?post=1443310"},{"taxonomy":"product_tag","embeddable":true,"href":"https:\/\/kruze.ee\/et\/wp-json\/wp\/v2\/product_tag?post=1443310"}],"curies":[{"name":"wp","href":"https:\/\/api.w.org\/{rel}","templated":true}]}}