{"id":1443304,"date":"2026-02-06T15:15:00","date_gmt":"2026-02-06T12:15:00","guid":{"rendered":"https:\/\/kruze.ee\/product\/vinga-kaiser-fileerimiskomplekt\/"},"modified":"2026-03-17T00:48:31","modified_gmt":"2026-03-16T21:48:31","slug":"vinga-kaiser-fileerimiskomplekt","status":"publish","type":"product","link":"https:\/\/kruze.ee\/et\/toode\/vinga-kaiser-fileerimiskomplekt\/","title":{"rendered":"VINGA Kaiser fileerimiskomplekt"},"content":{"rendered":"<p>Kalafileerimiskomplekt, mis koosneb fileerimisnoast, terasv\u00f5rgust kindast ja metallseebist. Kinnas tagab kalaga t\u00f6\u00f6tamisel parema haarde ning kaitseb k\u00e4si v\u00f5imalike vigastuste eest. Metallseep eemaldab t\u00f5husalt l\u00f5hnad, nagu kala ja sibul, mida tavalised seebid sageli ei suuda neutraliseerida. Nuga on valmistatud Saksamaa X50CrMoV15 terasest ning varustatud Pakkawood-k\u00e4epidemega. Hea haardega k\u00e4epide ja suurep\u00e4rane tera tasakaal muudavad noa mugavaks ja lihtsaks kasutada. Tera pikkus: 21 cm.<\/p>\n","protected":false},"excerpt":{"rendered":"<p>Kalafileerimiskomplekt, mis koosneb fileerimisnoast, terasv\u00f5rgust kindast ja metallseebist. Kinnas tagab kalaga t\u00f6\u00f6tamisel parema haarde ning kaitseb k\u00e4si&#8230;<\/p>\n","protected":false},"featured_media":0,"template":"","meta":[],"product_brand":[],"product_cat":[5385],"product_tag":[],"class_list":{"0":"post-1443304","1":"product","2":"type-product","3":"status-publish","5":"product_cat-polled-logoga","6":"pa_gender-uniseks","9":"first","10":"instock","11":"purchasable","12":"product-type-simple"},"acf":[],"yoast_head":"<!-- This site is optimized with the Yoast SEO plugin v26.0 - https:\/\/yoast.com\/wordpress\/plugins\/seo\/ -->\n<title>VINGA Kaiser fileerimiskomplekt - Kruze.ee<\/title>\n<meta name=\"robots\" content=\"index, follow, max-snippet:-1, max-image-preview:large, max-video-preview:-1\" \/>\n<link rel=\"canonical\" href=\"https:\/\/kruze.ee\/et\/toode\/vinga-kaiser-fileerimiskomplekt\/\" \/>\n<meta property=\"og:locale\" content=\"et_EE\" \/>\n<meta property=\"og:type\" content=\"article\" \/>\n<meta property=\"og:title\" content=\"VINGA Kaiser fileerimiskomplekt - Kruze.ee\" \/>\n<meta property=\"og:description\" content=\"Kalafileerimiskomplekt, mis koosneb fileerimisnoast, terasv\u00f5rgust kindast ja metallseebist. Kinnas tagab kalaga t\u00f6\u00f6tamisel parema haarde ning kaitseb k\u00e4si...\" \/>\n<meta property=\"og:url\" content=\"https:\/\/kruze.ee\/et\/toode\/vinga-kaiser-fileerimiskomplekt\/\" \/>\n<meta property=\"og:site_name\" content=\"Kruze.ee\" \/>\n<meta property=\"article:modified_time\" content=\"2026-03-16T21:48:31+00:00\" \/>\n<meta name=\"twitter:card\" content=\"summary_large_image\" \/>\n<script type=\"application\/ld+json\" class=\"yoast-schema-graph\">{\"@context\":\"https:\/\/schema.org\",\"@graph\":[{\"@type\":\"WebPage\",\"@id\":\"https:\/\/kruze.ee\/et\/toode\/vinga-kaiser-fileerimiskomplekt\/\",\"url\":\"https:\/\/kruze.ee\/et\/toode\/vinga-kaiser-fileerimiskomplekt\/\",\"name\":\"VINGA Kaiser fileerimiskomplekt - Kruze.ee\",\"isPartOf\":{\"@id\":\"https:\/\/kruze.ee\/et\/#website\"},\"datePublished\":\"2026-02-06T12:15:00+00:00\",\"dateModified\":\"2026-03-16T21:48:31+00:00\",\"breadcrumb\":{\"@id\":\"https:\/\/kruze.ee\/et\/toode\/vinga-kaiser-fileerimiskomplekt\/#breadcrumb\"},\"inLanguage\":\"et\",\"potentialAction\":[{\"@type\":\"ReadAction\",\"target\":[\"https:\/\/kruze.ee\/et\/toode\/vinga-kaiser-fileerimiskomplekt\/\"]}]},{\"@type\":\"BreadcrumbList\",\"@id\":\"https:\/\/kruze.ee\/et\/toode\/vinga-kaiser-fileerimiskomplekt\/#breadcrumb\",\"itemListElement\":[{\"@type\":\"ListItem\",\"position\":1,\"name\":\"Home\",\"item\":\"https:\/\/kruze.ee\/et\/\"},{\"@type\":\"ListItem\",\"position\":2,\"name\":\"Tooted\",\"item\":\"https:\/\/kruze.ee\/et\/tooted\/\"},{\"@type\":\"ListItem\",\"position\":3,\"name\":\"VINGA Kaiser fileerimiskomplekt\"}]},{\"@type\":\"WebSite\",\"@id\":\"https:\/\/kruze.ee\/et\/#website\",\"url\":\"https:\/\/kruze.ee\/et\/\",\"name\":\"Kruze.ee\",\"description\":\"Reklaamkingitused, tr&uuml;kiga T-s&auml;rgid, fliisid, dressipluused, tekstiil, joped ja paljud teised logoga meened, &Auml;rikingitused sinu partnerile! Telli juba t&auml;na.\",\"potentialAction\":[{\"@type\":\"SearchAction\",\"target\":{\"@type\":\"EntryPoint\",\"urlTemplate\":\"https:\/\/kruze.ee\/et\/?s={search_term_string}\"},\"query-input\":{\"@type\":\"PropertyValueSpecification\",\"valueRequired\":true,\"valueName\":\"search_term_string\"}}],\"inLanguage\":\"et\"}]}<\/script>\n<!-- \/ Yoast SEO plugin. -->","yoast_head_json":{"title":"VINGA Kaiser fileerimiskomplekt - Kruze.ee","robots":{"index":"index","follow":"follow","max-snippet":"max-snippet:-1","max-image-preview":"max-image-preview:large","max-video-preview":"max-video-preview:-1"},"canonical":"https:\/\/kruze.ee\/et\/toode\/vinga-kaiser-fileerimiskomplekt\/","og_locale":"et_EE","og_type":"article","og_title":"VINGA Kaiser fileerimiskomplekt - Kruze.ee","og_description":"Kalafileerimiskomplekt, mis koosneb fileerimisnoast, terasv\u00f5rgust kindast ja metallseebist. Kinnas tagab kalaga t\u00f6\u00f6tamisel parema haarde ning kaitseb k\u00e4si...","og_url":"https:\/\/kruze.ee\/et\/toode\/vinga-kaiser-fileerimiskomplekt\/","og_site_name":"Kruze.ee","article_modified_time":"2026-03-16T21:48:31+00:00","twitter_card":"summary_large_image","schema":{"@context":"https:\/\/schema.org","@graph":[{"@type":"WebPage","@id":"https:\/\/kruze.ee\/et\/toode\/vinga-kaiser-fileerimiskomplekt\/","url":"https:\/\/kruze.ee\/et\/toode\/vinga-kaiser-fileerimiskomplekt\/","name":"VINGA Kaiser fileerimiskomplekt - Kruze.ee","isPartOf":{"@id":"https:\/\/kruze.ee\/et\/#website"},"datePublished":"2026-02-06T12:15:00+00:00","dateModified":"2026-03-16T21:48:31+00:00","breadcrumb":{"@id":"https:\/\/kruze.ee\/et\/toode\/vinga-kaiser-fileerimiskomplekt\/#breadcrumb"},"inLanguage":"et","potentialAction":[{"@type":"ReadAction","target":["https:\/\/kruze.ee\/et\/toode\/vinga-kaiser-fileerimiskomplekt\/"]}]},{"@type":"BreadcrumbList","@id":"https:\/\/kruze.ee\/et\/toode\/vinga-kaiser-fileerimiskomplekt\/#breadcrumb","itemListElement":[{"@type":"ListItem","position":1,"name":"Home","item":"https:\/\/kruze.ee\/et\/"},{"@type":"ListItem","position":2,"name":"Tooted","item":"https:\/\/kruze.ee\/et\/tooted\/"},{"@type":"ListItem","position":3,"name":"VINGA Kaiser fileerimiskomplekt"}]},{"@type":"WebSite","@id":"https:\/\/kruze.ee\/et\/#website","url":"https:\/\/kruze.ee\/et\/","name":"Kruze.ee","description":"Reklaamkingitused, tr&uuml;kiga T-s&auml;rgid, fliisid, dressipluused, tekstiil, joped ja paljud teised logoga meened, &Auml;rikingitused sinu partnerile! Telli juba t&auml;na.","potentialAction":[{"@type":"SearchAction","target":{"@type":"EntryPoint","urlTemplate":"https:\/\/kruze.ee\/et\/?s={search_term_string}"},"query-input":{"@type":"PropertyValueSpecification","valueRequired":true,"valueName":"search_term_string"}}],"inLanguage":"et"}]}},"_links":{"self":[{"href":"https:\/\/kruze.ee\/et\/wp-json\/wp\/v2\/product\/1443304","targetHints":{"allow":["GET"]}}],"collection":[{"href":"https:\/\/kruze.ee\/et\/wp-json\/wp\/v2\/product"}],"about":[{"href":"https:\/\/kruze.ee\/et\/wp-json\/wp\/v2\/types\/product"}],"wp:attachment":[{"href":"https:\/\/kruze.ee\/et\/wp-json\/wp\/v2\/media?parent=1443304"}],"wp:term":[{"taxonomy":"product_brand","embeddable":true,"href":"https:\/\/kruze.ee\/et\/wp-json\/wp\/v2\/product_brand?post=1443304"},{"taxonomy":"product_cat","embeddable":true,"href":"https:\/\/kruze.ee\/et\/wp-json\/wp\/v2\/product_cat?post=1443304"},{"taxonomy":"product_tag","embeddable":true,"href":"https:\/\/kruze.ee\/et\/wp-json\/wp\/v2\/product_tag?post=1443304"}],"curies":[{"name":"wp","href":"https:\/\/api.w.org\/{rel}","templated":true}]}}