{"id":1443286,"date":"2026-02-06T15:14:25","date_gmt":"2026-02-06T12:14:25","guid":{"rendered":"https:\/\/kruze.ee\/product\/xd-collection-magnetiline-telefoni-kaardihoidja\/"},"modified":"2026-03-17T01:07:38","modified_gmt":"2026-03-16T22:07:38","slug":"xd-collection-magnetiline-telefoni-kaardihoidja","status":"publish","type":"product","link":"https:\/\/kruze.ee\/et\/toode\/xd-collection-magnetiline-telefoni-kaardihoidja\/","title":{"rendered":"XD Collection magnetiline telefoni kaardihoidja"},"content":{"rendered":"<p>Kinnita see stiilne magnetiline rahakott oma iPhone\u2019i tagak\u00fcljele (iPhone 12 ja uuemad). Ideaalne viis hoida ID- v\u00f5i krediitkaart alati k\u00e4ep\u00e4rast, ilma et peaksid kogu rahakotti kaasas kandma. Valmistatud kvaliteetsest PU-materjalist, mahutab kuni 2 kaarti. Integreeritud 12 kvaliteetset N52H kuumakindlat magnetit tagavad kindla kinnituse ja t\u00e4pse joondumise. PVC-vaba.<\/p>\n","protected":false},"excerpt":{"rendered":"<p>Kinnita see stiilne magnetiline rahakott oma iPhone\u2019i tagak\u00fcljele (iPhone 12 ja uuemad). Ideaalne viis hoida ID- v\u00f5i krediitkaart alati k\u00e4ep\u00e4rast, ilma et&#8230;<\/p>\n","protected":false},"featured_media":0,"template":"","meta":[],"product_brand":[],"product_cat":[5418],"product_tag":[],"class_list":{"0":"post-1443286","1":"product","2":"type-product","3":"status-publish","5":"product_cat-nutiseadmete-lisatarvikud","6":"pa_gender-uniseks","7":"pa_gender-unisex","11":"first","12":"instock","13":"purchasable","14":"product-type-simple"},"acf":[],"yoast_head":"<!-- This site is optimized with the Yoast SEO plugin v26.0 - https:\/\/yoast.com\/wordpress\/plugins\/seo\/ -->\n<title>XD Collection magnetiline telefoni kaardihoidja - Kruze.ee<\/title>\n<meta name=\"robots\" content=\"index, follow, max-snippet:-1, max-image-preview:large, max-video-preview:-1\" \/>\n<link rel=\"canonical\" href=\"https:\/\/kruze.ee\/et\/toode\/xd-collection-magnetiline-telefoni-kaardihoidja\/\" \/>\n<meta property=\"og:locale\" content=\"et_EE\" \/>\n<meta property=\"og:type\" content=\"article\" \/>\n<meta property=\"og:title\" content=\"XD Collection magnetiline telefoni kaardihoidja - Kruze.ee\" \/>\n<meta property=\"og:description\" content=\"Kinnita see stiilne magnetiline rahakott oma iPhone\u2019i tagak\u00fcljele (iPhone 12 ja uuemad). Ideaalne viis hoida ID- v\u00f5i krediitkaart alati k\u00e4ep\u00e4rast, ilma et...\" \/>\n<meta property=\"og:url\" content=\"https:\/\/kruze.ee\/et\/toode\/xd-collection-magnetiline-telefoni-kaardihoidja\/\" \/>\n<meta property=\"og:site_name\" content=\"Kruze.ee\" \/>\n<meta property=\"article:modified_time\" content=\"2026-03-16T22:07:38+00:00\" \/>\n<meta name=\"twitter:card\" content=\"summary_large_image\" \/>\n<script type=\"application\/ld+json\" class=\"yoast-schema-graph\">{\"@context\":\"https:\/\/schema.org\",\"@graph\":[{\"@type\":\"WebPage\",\"@id\":\"https:\/\/kruze.ee\/et\/toode\/xd-collection-magnetiline-telefoni-kaardihoidja\/\",\"url\":\"https:\/\/kruze.ee\/et\/toode\/xd-collection-magnetiline-telefoni-kaardihoidja\/\",\"name\":\"XD Collection magnetiline telefoni kaardihoidja - Kruze.ee\",\"isPartOf\":{\"@id\":\"https:\/\/kruze.ee\/et\/#website\"},\"datePublished\":\"2026-02-06T12:14:25+00:00\",\"dateModified\":\"2026-03-16T22:07:38+00:00\",\"breadcrumb\":{\"@id\":\"https:\/\/kruze.ee\/et\/toode\/xd-collection-magnetiline-telefoni-kaardihoidja\/#breadcrumb\"},\"inLanguage\":\"et\",\"potentialAction\":[{\"@type\":\"ReadAction\",\"target\":[\"https:\/\/kruze.ee\/et\/toode\/xd-collection-magnetiline-telefoni-kaardihoidja\/\"]}]},{\"@type\":\"BreadcrumbList\",\"@id\":\"https:\/\/kruze.ee\/et\/toode\/xd-collection-magnetiline-telefoni-kaardihoidja\/#breadcrumb\",\"itemListElement\":[{\"@type\":\"ListItem\",\"position\":1,\"name\":\"Home\",\"item\":\"https:\/\/kruze.ee\/et\/\"},{\"@type\":\"ListItem\",\"position\":2,\"name\":\"Tooted\",\"item\":\"https:\/\/kruze.ee\/et\/tooted\/\"},{\"@type\":\"ListItem\",\"position\":3,\"name\":\"XD Collection magnetiline telefoni kaardihoidja\"}]},{\"@type\":\"WebSite\",\"@id\":\"https:\/\/kruze.ee\/et\/#website\",\"url\":\"https:\/\/kruze.ee\/et\/\",\"name\":\"Kruze.ee\",\"description\":\"Reklaamkingitused, tr&uuml;kiga T-s&auml;rgid, fliisid, dressipluused, tekstiil, joped ja paljud teised logoga meened, &Auml;rikingitused sinu partnerile! Telli juba t&auml;na.\",\"potentialAction\":[{\"@type\":\"SearchAction\",\"target\":{\"@type\":\"EntryPoint\",\"urlTemplate\":\"https:\/\/kruze.ee\/et\/?s={search_term_string}\"},\"query-input\":{\"@type\":\"PropertyValueSpecification\",\"valueRequired\":true,\"valueName\":\"search_term_string\"}}],\"inLanguage\":\"et\"}]}<\/script>\n<!-- \/ Yoast SEO plugin. -->","yoast_head_json":{"title":"XD Collection magnetiline telefoni kaardihoidja - Kruze.ee","robots":{"index":"index","follow":"follow","max-snippet":"max-snippet:-1","max-image-preview":"max-image-preview:large","max-video-preview":"max-video-preview:-1"},"canonical":"https:\/\/kruze.ee\/et\/toode\/xd-collection-magnetiline-telefoni-kaardihoidja\/","og_locale":"et_EE","og_type":"article","og_title":"XD Collection magnetiline telefoni kaardihoidja - Kruze.ee","og_description":"Kinnita see stiilne magnetiline rahakott oma iPhone\u2019i tagak\u00fcljele (iPhone 12 ja uuemad). Ideaalne viis hoida ID- v\u00f5i krediitkaart alati k\u00e4ep\u00e4rast, ilma et...","og_url":"https:\/\/kruze.ee\/et\/toode\/xd-collection-magnetiline-telefoni-kaardihoidja\/","og_site_name":"Kruze.ee","article_modified_time":"2026-03-16T22:07:38+00:00","twitter_card":"summary_large_image","schema":{"@context":"https:\/\/schema.org","@graph":[{"@type":"WebPage","@id":"https:\/\/kruze.ee\/et\/toode\/xd-collection-magnetiline-telefoni-kaardihoidja\/","url":"https:\/\/kruze.ee\/et\/toode\/xd-collection-magnetiline-telefoni-kaardihoidja\/","name":"XD Collection magnetiline telefoni kaardihoidja - Kruze.ee","isPartOf":{"@id":"https:\/\/kruze.ee\/et\/#website"},"datePublished":"2026-02-06T12:14:25+00:00","dateModified":"2026-03-16T22:07:38+00:00","breadcrumb":{"@id":"https:\/\/kruze.ee\/et\/toode\/xd-collection-magnetiline-telefoni-kaardihoidja\/#breadcrumb"},"inLanguage":"et","potentialAction":[{"@type":"ReadAction","target":["https:\/\/kruze.ee\/et\/toode\/xd-collection-magnetiline-telefoni-kaardihoidja\/"]}]},{"@type":"BreadcrumbList","@id":"https:\/\/kruze.ee\/et\/toode\/xd-collection-magnetiline-telefoni-kaardihoidja\/#breadcrumb","itemListElement":[{"@type":"ListItem","position":1,"name":"Home","item":"https:\/\/kruze.ee\/et\/"},{"@type":"ListItem","position":2,"name":"Tooted","item":"https:\/\/kruze.ee\/et\/tooted\/"},{"@type":"ListItem","position":3,"name":"XD Collection magnetiline telefoni kaardihoidja"}]},{"@type":"WebSite","@id":"https:\/\/kruze.ee\/et\/#website","url":"https:\/\/kruze.ee\/et\/","name":"Kruze.ee","description":"Reklaamkingitused, tr&uuml;kiga T-s&auml;rgid, fliisid, dressipluused, tekstiil, joped ja paljud teised logoga meened, &Auml;rikingitused sinu partnerile! Telli juba t&auml;na.","potentialAction":[{"@type":"SearchAction","target":{"@type":"EntryPoint","urlTemplate":"https:\/\/kruze.ee\/et\/?s={search_term_string}"},"query-input":{"@type":"PropertyValueSpecification","valueRequired":true,"valueName":"search_term_string"}}],"inLanguage":"et"}]}},"_links":{"self":[{"href":"https:\/\/kruze.ee\/et\/wp-json\/wp\/v2\/product\/1443286","targetHints":{"allow":["GET"]}}],"collection":[{"href":"https:\/\/kruze.ee\/et\/wp-json\/wp\/v2\/product"}],"about":[{"href":"https:\/\/kruze.ee\/et\/wp-json\/wp\/v2\/types\/product"}],"wp:attachment":[{"href":"https:\/\/kruze.ee\/et\/wp-json\/wp\/v2\/media?parent=1443286"}],"wp:term":[{"taxonomy":"product_brand","embeddable":true,"href":"https:\/\/kruze.ee\/et\/wp-json\/wp\/v2\/product_brand?post=1443286"},{"taxonomy":"product_cat","embeddable":true,"href":"https:\/\/kruze.ee\/et\/wp-json\/wp\/v2\/product_cat?post=1443286"},{"taxonomy":"product_tag","embeddable":true,"href":"https:\/\/kruze.ee\/et\/wp-json\/wp\/v2\/product_tag?post=1443286"}],"curies":[{"name":"wp","href":"https:\/\/api.w.org\/{rel}","templated":true}]}}